{"id":2535,"date":"2022-09-15T08:17:25","date_gmt":"2022-09-15T08:17:25","guid":{"rendered":"https:\/\/www.gravalos-sa.com\/qualitaet\/"},"modified":"2025-02-14T11:35:23","modified_gmt":"2025-02-14T11:35:23","slug":"qualitaet","status":"publish","type":"page","link":"https:\/\/www.gravalos-sa.com\/de\/qualitaet\/","title":{"rendered":"Qualit\u00e4t"},"content":{"rendered":"\n<div class=\"wp-block-cover alignfull is-style-header-cover\"><span aria-hidden=\"true\" class=\"wp-block-cover__background has-primary-100-background-color has-background-dim-80 has-background-dim\"><\/span><video class=\"wp-block-cover__video-background intrinsic-ignore\" autoplay muted loop playsinline src=\"https:\/\/www.gravalos-sa.com\/wp-content\/uploads\/recurso-tecnologia3.mp4\" data-object-fit=\"cover\"><\/video><div class=\"wp-block-cover__inner-container is-layout-flow wp-block-cover-is-layout-flow\">\n<p class=\"is-style-supertitulo mb-2\" style=\"text-transform:uppercase\">Gr\u00e1valos<\/p>\n\n\n<h1 class=\"display-1 wp-block-post-title\">Qualit\u00e4t<\/h1><\/div><\/div>\n<div class=\"breadcrumb\" typeof=\"BreadcrumbList\" vocab=\"https:\/\/schema.org\/\"><div class=\"breadcrumb-inner\"><div class=\"gravalos-breadcrumb\"><span property=\"itemListElement\" typeof=\"ListItem\"><a property=\"item\" typeof=\"WebPage\" title=\"Gehe zu Gr\u00e1valos.\" href=\"https:\/\/www.gravalos-sa.com\/de\/\" class=\"home\" ><span property=\"name\">Gr\u00e1valos<\/span><\/a><meta property=\"position\" content=\"1\"><\/span><span class=\"breadcrumb-sep\"> | <\/span><span property=\"itemListElement\" typeof=\"ListItem\"><a property=\"item\" typeof=\"WebPage\" title=\"Gehe zu Blog.\" href=\"https:\/\/www.gravalos-sa.com\/de\/blog\/\" class=\"post-root post post-post\" aria-current=\"page\"><span property=\"name\">Blog<\/span><\/a><meta property=\"position\" content=\"2\"><\/span><\/div><\/div><\/div>\n<div class=\"wp-block-media-text alignwide is-stacked-on-mobile\"><figure class=\"wp-block-media-text__media\"><img loading=\"lazy\" decoding=\"async\" width=\"1024\" height=\"683\" src=\"https:\/\/www.gravalos-sa.com\/wp-content\/uploads\/calidad-metrologia-gravalos-5-1024x683.jpg\" alt=\"\" class=\"wp-image-544 size-large\" title=\"\" srcset=\"https:\/\/www.gravalos-sa.com\/wp-content\/uploads\/calidad-metrologia-gravalos-5-1024x683.jpg 1024w, https:\/\/www.gravalos-sa.com\/wp-content\/uploads\/calidad-metrologia-gravalos-5-300x200.jpg 300w, https:\/\/www.gravalos-sa.com\/wp-content\/uploads\/calidad-metrologia-gravalos-5-768x512.jpg 768w, https:\/\/www.gravalos-sa.com\/wp-content\/uploads\/calidad-metrologia-gravalos-5-1536x1024.jpg 1536w, https:\/\/www.gravalos-sa.com\/wp-content\/uploads\/calidad-metrologia-gravalos-5.jpg 1920w\" sizes=\"auto, (max-width: 1024px) 100vw, 1024px\" \/><\/figure><div class=\"wp-block-media-text__content\">\n<h2 class=\"wp-block-heading has-medium-font-size\">H\u00f6chste Anspr\u00fcche, hervorragende Ergebnisse<\/h2>\n\n\n\n<p>Wir verf\u00fcgen \u00fcber die h\u00f6chsten Qualit\u00e4tsstandards und die entsprechenden Zertifizierungen im Automobilbereich sowie bei Haushaltsger\u00e4ten. In beiden F\u00e4llen ist die Nachfrage am h\u00f6chsten, ebenso wie die unserer Kunden.<\/p>\n\n\n\n<p>Dieses konstante Engagement f\u00fcr Spitzenleistungen ist dank der Arbeit eines Teams von Fachleuten m\u00f6glich, die f\u00fcr jedes Projekt die entsprechenden Qualit\u00e4tskontrollprozesse entwickeln, um eines unserer herausragendsten Markenzeichen zu erreichen: Null Fehler.<\/p>\n\n\n\n<p>Unser Qualit\u00e4tssystem, das nach IATF:16949 und ISO 9001 zertifiziert ist, ist auf allen Ebenen unserer Organisation in allen Unternehmen der Gruppe fest verankert.<\/p>\n<\/div><\/div>\n\n<div class=\"wp-block-cover alignfull\"><span aria-hidden=\"true\" class=\"wp-block-cover__background has-primary-80-background-color has-background-dim-100 has-background-dim\"><\/span><div class=\"wp-block-cover__inner-container is-layout-flow wp-block-cover-is-layout-flow\">\n<h2 class=\"wp-block-heading has-text-align-center has-large-font-size\">Bescheinigungen<\/h2>\n\n\n\n<div style=\"height:32px\" aria-hidden=\"true\" class=\"wp-block-spacer\"><\/div>\n\n\n\n<div class=\"wp-block-columns is-layout-flex wp-container-core-columns-is-layout-9d6595d7 wp-block-columns-is-layout-flex\">\n<div class=\"wp-block-column is-layout-flow wp-block-column-is-layout-flow\">\n<div class=\"wp-block-cover is-style-card\" style=\"min-height:280px;aspect-ratio:unset;\"><span aria-hidden=\"true\" class=\"wp-block-cover__background has-black-background-color has-background-dim-60 has-background-dim\"><\/span><img loading=\"lazy\" decoding=\"async\" width=\"1024\" height=\"1449\" class=\"wp-block-cover__image-background wp-image-7723\" alt=\"iso-9001-gravalos\" title=\"iso-9001-gravalos\"  src=\"https:\/\/www.gravalos-sa.com\/wp-content\/uploads\/iso-9001-gravalos.jpg\" data-object-fit=\"cover\" srcset=\"https:\/\/www.gravalos-sa.com\/wp-content\/uploads\/iso-9001-gravalos.jpg 1024w, https:\/\/www.gravalos-sa.com\/wp-content\/uploads\/iso-9001-gravalos-212x300.jpg 212w, https:\/\/www.gravalos-sa.com\/wp-content\/uploads\/iso-9001-gravalos-724x1024.jpg 724w, https:\/\/www.gravalos-sa.com\/wp-content\/uploads\/iso-9001-gravalos-768x1087.jpg 768w, https:\/\/www.gravalos-sa.com\/wp-content\/uploads\/iso-9001-gravalos-500x708.jpg 500w, https:\/\/www.gravalos-sa.com\/wp-content\/uploads\/iso-9001-gravalos-800x1132.jpg 800w\" sizes=\"auto, (max-width: 1024px) 100vw, 1024px\" \/><div class=\"wp-block-cover__inner-container is-layout-flow wp-block-cover-is-layout-flow\">\n<p class=\"has-medium-font-size\"><strong><a href=\"https:\/\/www.gravalos-sa.com\/wp-content\/uploads\/iso-9001-gravalos.jpg\" target=\"_blank\" data-type=\"attachment\" data-id=\"7723\" rel=\"noreferrer noopener\" data-rel=\"lightbox-image-0\" data-rl_title=\"iso-9001-gravalos\" data-rl_caption=\"\" title=\"iso-9001-gravalos\">ISO 9001:2015<\/a><\/strong><\/p>\n<\/div><\/div>\n<\/div>\n\n\n\n<div class=\"wp-block-column is-layout-flow wp-block-column-is-layout-flow\">\n<div class=\"wp-block-cover is-style-card\" style=\"min-height:280px;aspect-ratio:unset;\"><span aria-hidden=\"true\" class=\"wp-block-cover__background has-black-background-color has-background-dim-60 has-background-dim\"><\/span><img loading=\"lazy\" decoding=\"async\" width=\"1024\" height=\"1449\" class=\"wp-block-cover__image-background wp-image-7728\" alt=\"iatf-16949-gravalos\" title=\"iatf-16949-gravalos\"  src=\"https:\/\/www.gravalos-sa.com\/wp-content\/uploads\/iatf-16949-gravalos.jpg\" data-object-fit=\"cover\" srcset=\"https:\/\/www.gravalos-sa.com\/wp-content\/uploads\/iatf-16949-gravalos.jpg 1024w, https:\/\/www.gravalos-sa.com\/wp-content\/uploads\/iatf-16949-gravalos-212x300.jpg 212w, https:\/\/www.gravalos-sa.com\/wp-content\/uploads\/iatf-16949-gravalos-724x1024.jpg 724w, https:\/\/www.gravalos-sa.com\/wp-content\/uploads\/iatf-16949-gravalos-768x1087.jpg 768w, https:\/\/www.gravalos-sa.com\/wp-content\/uploads\/iatf-16949-gravalos-500x708.jpg 500w, https:\/\/www.gravalos-sa.com\/wp-content\/uploads\/iatf-16949-gravalos-800x1132.jpg 800w\" sizes=\"auto, (max-width: 1024px) 100vw, 1024px\" \/><div class=\"wp-block-cover__inner-container is-layout-flow wp-block-cover-is-layout-flow\">\n<p class=\"has-medium-font-size\"><strong><a href=\"https:\/\/www.gravalos-sa.com\/wp-content\/uploads\/iatf-16949-gravalos.jpg\" target=\"_blank\" data-type=\"attachment\" data-id=\"7728\" rel=\"noreferrer noopener\" data-rel=\"lightbox-image-1\" data-rl_title=\"iatf-16949-gravalos\" data-rl_caption=\"\" title=\"iatf-16949-gravalos\">IATF 16949<\/a><\/strong><\/p>\n<\/div><\/div>\n<\/div>\n\n\n\n<div class=\"wp-block-column is-layout-flow wp-block-column-is-layout-flow\">\n<div class=\"wp-block-cover is-style-card\" style=\"min-height:280px;aspect-ratio:unset;\"><span aria-hidden=\"true\" class=\"wp-block-cover__background has-primary-100-background-color has-background-dim-70 has-background-dim\"><\/span><img loading=\"lazy\" decoding=\"async\" width=\"640\" height=\"640\" class=\"wp-block-cover__image-background wp-image-772\" alt=\"ecovadis-con-fondo\" title=\"ecovadis-con-fondo\"  src=\"https:\/\/www.gravalos-sa.com\/wp-content\/uploads\/ecovadis-con-fondo.jpg\" style=\"object-position:49% 47%\" data-object-fit=\"cover\" data-object-position=\"49% 47%\" srcset=\"https:\/\/www.gravalos-sa.com\/wp-content\/uploads\/ecovadis-con-fondo.jpg 640w, https:\/\/www.gravalos-sa.com\/wp-content\/uploads\/ecovadis-con-fondo-300x300.jpg 300w, https:\/\/www.gravalos-sa.com\/wp-content\/uploads\/ecovadis-con-fondo-150x150.jpg 150w\" sizes=\"auto, (max-width: 640px) 100vw, 640px\" \/><div class=\"wp-block-cover__inner-container is-layout-flow wp-block-cover-is-layout-flow\">\n<p class=\"has-white-color has-text-color has-medium-font-size\"><br\/>E<strong>covadis:<\/strong> Silbermedaille<\/p>\n<\/div><\/div>\n<\/div>\n<\/div>\n\n\n\n<div style=\"height:32px\" aria-hidden=\"true\" class=\"wp-block-spacer\"><\/div>\n<\/div><\/div>\n\n<div style=\"height:149px\" aria-hidden=\"true\" class=\"wp-block-spacer\"><\/div>\n\n<div class=\"wp-block-media-text alignwide has-media-on-the-right is-stacked-on-mobile\"><div class=\"wp-block-media-text__content\">\n<h2 class=\"wp-block-heading has-medium-font-size\">Umwelt<\/h2>\n\n\n\n<p>Unsere nach der ISO-Norm 14001 zertifizierte Umweltpolitik beruht auf der festen Verpflichtung, in den Gebieten, in denen wir t\u00e4tig sind, ein Ma\u00df an nachhaltiger Entwicklung aufrechtzuerhalten, das den Bed\u00fcrfnissen der heutigen Generation entspricht, ohne die Bed\u00fcrfnisse k\u00fcnftiger Generationen zu beeintr\u00e4chtigen.<\/p>\n\n\n\n<p>Wir unterst\u00fctzen alle Initiativen, die auf den Schutz der Umwelt abzielen, und verpflichten uns, nicht nur die geltenden gesetzlichen Bestimmungen einzuhalten, sondern durch eigene Initiativen noch weiter zu gehen.<\/p>\n<\/div><figure class=\"wp-block-media-text__media\"><img decoding=\"async\" src=\"https:\/\/www.gravalos-sa.com\/wp-content\/uploads\/icono-gravalos-1.svg\" alt=\"Gravalos-Ikone\" class=\"wp-image-5311 size-large\" title=\"\"><\/figure><\/div>\n","protected":false},"excerpt":{"rendered":"<p>H\u00f6chste Anspr\u00fcche, hervorragende Ergebnisse Wir verf\u00fcgen \u00fcber die h\u00f6chsten Qualit\u00e4tsstandards und die entsprechenden Zertifizierungen im Automobilbereich sowie bei Haushaltsger\u00e4ten. In beiden F\u00e4llen ist die Nachfrage &#8230;<\/p>\n<div class=\"wp-block-buttons\">\n<div class=\"wp-block-button is-style-arrow-link\"><span class=\"wp-block-button__link\">Mehr wissen<\/span><\/div>\n<\/div>\n","protected":false},"author":1,"featured_media":2438,"parent":0,"menu_order":10,"comment_status":"closed","ping_status":"closed","template":"","meta":{"_acf_changed":false,"inline_featured_image":false,"footnotes":""},"class_list":["post-2535","page","type-page","status-publish","has-post-thumbnail","hentry"],"acf":[],"_links":{"self":[{"href":"https:\/\/www.gravalos-sa.com\/de\/wp-json\/wp\/v2\/pages\/2535","targetHints":{"allow":["GET"]}}],"collection":[{"href":"https:\/\/www.gravalos-sa.com\/de\/wp-json\/wp\/v2\/pages"}],"about":[{"href":"https:\/\/www.gravalos-sa.com\/de\/wp-json\/wp\/v2\/types\/page"}],"author":[{"embeddable":true,"href":"https:\/\/www.gravalos-sa.com\/de\/wp-json\/wp\/v2\/users\/1"}],"replies":[{"embeddable":true,"href":"https:\/\/www.gravalos-sa.com\/de\/wp-json\/wp\/v2\/comments?post=2535"}],"version-history":[{"count":10,"href":"https:\/\/www.gravalos-sa.com\/de\/wp-json\/wp\/v2\/pages\/2535\/revisions"}],"predecessor-version":[{"id":7746,"href":"https:\/\/www.gravalos-sa.com\/de\/wp-json\/wp\/v2\/pages\/2535\/revisions\/7746"}],"wp:featuredmedia":[{"embeddable":true,"href":"https:\/\/www.gravalos-sa.com\/de\/wp-json\/wp\/v2\/media\/2438"}],"wp:attachment":[{"href":"https:\/\/www.gravalos-sa.com\/de\/wp-json\/wp\/v2\/media?parent=2535"}],"curies":[{"name":"wp","href":"https:\/\/api.w.org\/{rel}","templated":true}]}}