{"id":2536,"date":"2022-09-15T08:17:40","date_gmt":"2022-09-15T08:17:40","guid":{"rendered":"https:\/\/www.gravalos-sa.com\/fe\/"},"modified":"2023-07-13T21:11:30","modified_gmt":"2023-07-13T21:11:30","slug":"fe","status":"publish","type":"page","link":"https:\/\/www.gravalos-sa.com\/de\/fe\/","title":{"rendered":"F&amp;E"},"content":{"rendered":"\n<div class=\"wp-block-cover alignfull is-style-header-cover\"><span aria-hidden=\"true\" class=\"wp-block-cover__background has-primary-100-background-color has-background-dim-80 has-background-dim\"><\/span><video class=\"wp-block-cover__video-background intrinsic-ignore\" autoplay muted loop playsinline src=\"https:\/\/www.gravalos-sa.com\/wp-content\/uploads\/recurso-tecnologia2.mp4\" data-object-fit=\"cover\"><\/video><div class=\"wp-block-cover__inner-container is-layout-flow wp-block-cover-is-layout-flow\">\n<p class=\"is-style-supertitulo mb-2\" style=\"text-transform:uppercase\">Industrielle Innovation<\/p>\n\n\n<h1 class=\"display-1 wp-block-post-title\">F&amp;E<\/h1><\/div><\/div>\n<div class=\"breadcrumb\" typeof=\"BreadcrumbList\" vocab=\"https:\/\/schema.org\/\"><div class=\"breadcrumb-inner\"><div class=\"gravalos-breadcrumb\"><span property=\"itemListElement\" typeof=\"ListItem\"><a property=\"item\" typeof=\"WebPage\" title=\"Gehe zu Gr\u00e1valos.\" href=\"https:\/\/www.gravalos-sa.com\/de\/\" class=\"home\" ><span property=\"name\">Gr\u00e1valos<\/span><\/a><meta property=\"position\" content=\"1\"><\/span><span class=\"breadcrumb-sep\"> | <\/span><span property=\"itemListElement\" typeof=\"ListItem\"><a property=\"item\" typeof=\"WebPage\" title=\"Gehe zu Blog.\" href=\"https:\/\/www.gravalos-sa.com\/de\/blog\/\" class=\"post-root post post-post\" aria-current=\"page\"><span property=\"name\">Blog<\/span><\/a><meta property=\"position\" content=\"2\"><\/span><\/div><\/div><\/div>\n<div class=\"wp-block-media-text alignwide is-stacked-on-mobile\"><figure class=\"wp-block-media-text__media\"><img loading=\"lazy\" decoding=\"async\" width=\"1024\" height=\"683\" src=\"https:\/\/www.gravalos-sa.com\/wp-content\/uploads\/diseno-ingenieria-gravalos-10-1024x683.jpg\" alt=\"\" class=\"wp-image-537 size-large\" title=\"\" srcset=\"https:\/\/www.gravalos-sa.com\/wp-content\/uploads\/diseno-ingenieria-gravalos-10-1024x683.jpg 1024w, https:\/\/www.gravalos-sa.com\/wp-content\/uploads\/diseno-ingenieria-gravalos-10-300x200.jpg 300w, https:\/\/www.gravalos-sa.com\/wp-content\/uploads\/diseno-ingenieria-gravalos-10-768x512.jpg 768w, https:\/\/www.gravalos-sa.com\/wp-content\/uploads\/diseno-ingenieria-gravalos-10-1536x1024.jpg 1536w, https:\/\/www.gravalos-sa.com\/wp-content\/uploads\/diseno-ingenieria-gravalos-10.jpg 1920w\" sizes=\"auto, (max-width: 1024px) 100vw, 1024px\" \/><\/figure><div class=\"wp-block-media-text__content\">\n<h2 class=\"wp-block-heading has-medium-font-size\">Einen Schritt voraus: bereit f\u00fcr Ihre n\u00e4chste Herausforderung<\/h2>\n\n\n\n<p>Innovation ist ein grundlegender Bestandteil der Gr\u00e1valos Gruppe, der es uns erm\u00f6glicht, Ihnen die fortschrittlichsten Entwicklungen anzubieten und die technische Qualit\u00e4t aufrechtzuerhalten, um perfekte Teile und Null-Fehler zu erhalten.<\/p>\n\n\n\n<p>Dies erreichen wir dank eines Teams von hochspezialisierten Ingenieuren, die f\u00fcr die Entwicklung s\u00e4mtlicher Prozesse verantwortlich sind und st\u00e4ndig an deren kontinuierlicher Verbesserung arbeiten.<\/p>\n<\/div><\/div>\n\n<div style=\"height:3rem\" aria-hidden=\"true\" class=\"wp-block-spacer\"><\/div>\n\n<div class=\"wp-block-cover alignfull\"><span aria-hidden=\"true\" class=\"wp-block-cover__background has-primary-80-background-color has-background-dim-100 has-background-dim\"><\/span><div class=\"wp-block-cover__inner-container is-layout-flow wp-block-cover-is-layout-flow\">\n<p class=\"has-text-align-center mw-800 mx-auto has-large-font-size\"><strong>Wir begleiten unsere Kunden und decken das gesamte Projekt von Anfang bis Ende ab<\/strong>: von der ersten Analyse \u00fcber die Industrialisierung und Homologation bis hin zur Endfertigung und zum Transport.<\/p>\n<\/div><\/div>\n\n<div style=\"height:3rem\" aria-hidden=\"true\" class=\"wp-block-spacer\"><\/div>\n\n<div class=\"wp-block-media-text alignwide has-media-on-the-right is-stacked-on-mobile\"><div class=\"wp-block-media-text__content\">\n<p>Die Gr\u00e1valos Gruppe pflegt einen engen Kontakt zu ihren Kunden, was es uns erm\u00f6glicht, uns an ihre gegenw\u00e4rtigen und zuk\u00fcnftigen Bed\u00fcrfnisse anzupassen und unsere eigenen innovativen Technologien und Prozesse zu entwickeln.<\/p>\n\n\n\n<p>Als Familienunternehmen wissen wir, wie wichtig eine enge, professionelle, agile und entschlossene Behandlung ist, wenn es darum geht, die absolute Sicherheit zu vermitteln, dass das Produkt unter Einhaltung der anspruchsvollsten Anforderungen entwickelt wird und ein H\u00f6chstma\u00df an Pr\u00e4zision und Qualit\u00e4t erreicht.<\/p>\n\n\n\n<p>Aus diesem Grund ist die Humanisierung einer unserer Hauptpfeiler, der uns dazu veranlasst, den Kunden in allen Phasen des Prozesses durch unsere fachkundigen Gespr\u00e4chspartner zu begleiten.  <\/p>\n<\/div><figure class=\"wp-block-media-text__media\"><img loading=\"lazy\" decoding=\"async\" width=\"1024\" height=\"749\" src=\"https:\/\/www.gravalos-sa.com\/wp-content\/uploads\/inyeccion-maquina-33-gravalos-32-1024x749.jpg\" alt=\"\" class=\"wp-image-690 size-large\" title=\"\" srcset=\"https:\/\/www.gravalos-sa.com\/wp-content\/uploads\/inyeccion-maquina-33-gravalos-32-1024x749.jpg 1024w, https:\/\/www.gravalos-sa.com\/wp-content\/uploads\/inyeccion-maquina-33-gravalos-32-300x220.jpg 300w, https:\/\/www.gravalos-sa.com\/wp-content\/uploads\/inyeccion-maquina-33-gravalos-32-768x562.jpg 768w, https:\/\/www.gravalos-sa.com\/wp-content\/uploads\/inyeccion-maquina-33-gravalos-32-1536x1124.jpg 1536w, https:\/\/www.gravalos-sa.com\/wp-content\/uploads\/inyeccion-maquina-33-gravalos-32.jpg 1920w\" sizes=\"auto, (max-width: 1024px) 100vw, 1024px\" \/><\/figure><\/div>\n","protected":false},"excerpt":{"rendered":"<p>Einen Schritt voraus: bereit f\u00fcr Ihre n\u00e4chste Herausforderung Innovation ist ein grundlegender Bestandteil der Gr\u00e1valos Gruppe, der es uns erm\u00f6glicht, Ihnen die fortschrittlichsten Entwicklungen anzubieten &#8230;<\/p>\n<div class=\"wp-block-buttons\">\n<div class=\"wp-block-button is-style-arrow-link\"><span class=\"wp-block-button__link\">Mehr wissen<\/span><\/div>\n<\/div>\n","protected":false},"author":1,"featured_media":2428,"parent":0,"menu_order":10,"comment_status":"closed","ping_status":"closed","template":"","meta":{"_acf_changed":false,"inline_featured_image":false,"footnotes":""},"class_list":["post-2536","page","type-page","status-publish","has-post-thumbnail","hentry"],"acf":[],"_links":{"self":[{"href":"https:\/\/www.gravalos-sa.com\/de\/wp-json\/wp\/v2\/pages\/2536","targetHints":{"allow":["GET"]}}],"collection":[{"href":"https:\/\/www.gravalos-sa.com\/de\/wp-json\/wp\/v2\/pages"}],"about":[{"href":"https:\/\/www.gravalos-sa.com\/de\/wp-json\/wp\/v2\/types\/page"}],"author":[{"embeddable":true,"href":"https:\/\/www.gravalos-sa.com\/de\/wp-json\/wp\/v2\/users\/1"}],"replies":[{"embeddable":true,"href":"https:\/\/www.gravalos-sa.com\/de\/wp-json\/wp\/v2\/comments?post=2536"}],"version-history":[{"count":2,"href":"https:\/\/www.gravalos-sa.com\/de\/wp-json\/wp\/v2\/pages\/2536\/revisions"}],"predecessor-version":[{"id":2838,"href":"https:\/\/www.gravalos-sa.com\/de\/wp-json\/wp\/v2\/pages\/2536\/revisions\/2838"}],"wp:featuredmedia":[{"embeddable":true,"href":"https:\/\/www.gravalos-sa.com\/de\/wp-json\/wp\/v2\/media\/2428"}],"wp:attachment":[{"href":"https:\/\/www.gravalos-sa.com\/de\/wp-json\/wp\/v2\/media?parent=2536"}],"curies":[{"name":"wp","href":"https:\/\/api.w.org\/{rel}","templated":true}]}}