{"id":2546,"date":"2022-09-15T08:17:15","date_gmt":"2022-09-15T08:17:15","guid":{"rendered":"https:\/\/www.gravalos-sa.com\/geschichte\/"},"modified":"2024-08-06T15:03:34","modified_gmt":"2024-08-06T15:03:34","slug":"geschichte","status":"publish","type":"page","link":"https:\/\/www.gravalos-sa.com\/de\/geschichte\/","title":{"rendered":"Geschichte"},"content":{"rendered":"\n<div class=\"wp-block-cover alignfull is-style-header-cover\"><span aria-hidden=\"true\" class=\"wp-block-cover__background has-primary-100-background-color has-background-dim-90 has-background-dim\"><\/span><img loading=\"lazy\" decoding=\"async\" width=\"1707\" height=\"2560\" src=\"https:\/\/www.gravalos-sa.com\/wp-content\/uploads\/historia-gravalos-63-scaled.jpg\" class=\"wp-block-cover__image-background wp-post-image\" alt=\"historia-gravalos-63\" data-object-fit=\"cover\" srcset=\"https:\/\/www.gravalos-sa.com\/wp-content\/uploads\/historia-gravalos-63-scaled.jpg 1707w, https:\/\/www.gravalos-sa.com\/wp-content\/uploads\/historia-gravalos-63-200x300.jpg 200w, https:\/\/www.gravalos-sa.com\/wp-content\/uploads\/historia-gravalos-63-683x1024.jpg 683w, https:\/\/www.gravalos-sa.com\/wp-content\/uploads\/historia-gravalos-63-768x1152.jpg 768w, https:\/\/www.gravalos-sa.com\/wp-content\/uploads\/historia-gravalos-63-1024x1536.jpg 1024w, https:\/\/www.gravalos-sa.com\/wp-content\/uploads\/historia-gravalos-63-1365x2048.jpg 1365w\" sizes=\"auto, (max-width: 1707px) 100vw, 1707px\" title=\"historia-gravalos-63\" \/><div class=\"wp-block-cover__inner-container is-layout-flow wp-block-cover-is-layout-flow\">\n<p class=\"is-style-supertitulo mb-2\" style=\"text-transform:uppercase\">Gr\u00e1valos<\/p>\n\n\n<h1 class=\"display-1 wp-block-post-title\">Geschichte<\/h1><\/div><\/div>\n<div class=\"breadcrumb\" typeof=\"BreadcrumbList\" vocab=\"https:\/\/schema.org\/\"><div class=\"breadcrumb-inner\"><div class=\"gravalos-breadcrumb\"><span property=\"itemListElement\" typeof=\"ListItem\"><a property=\"item\" typeof=\"WebPage\" title=\"Gehe zu Gr\u00e1valos.\" href=\"https:\/\/www.gravalos-sa.com\/de\/\" class=\"home\" ><span property=\"name\">Gr\u00e1valos<\/span><\/a><meta property=\"position\" content=\"1\"><\/span><span class=\"breadcrumb-sep\"> | <\/span><span property=\"itemListElement\" typeof=\"ListItem\"><a property=\"item\" typeof=\"WebPage\" title=\"Gehe zu Blog.\" href=\"https:\/\/www.gravalos-sa.com\/de\/blog\/\" class=\"post-root post post-post\" aria-current=\"page\"><span property=\"name\">Blog<\/span><\/a><meta property=\"position\" content=\"2\"><\/span><\/div><\/div><\/div>\n<p>Die Geschichte von Gr\u00e1valos ist, wie die vieler Unternehmen, gepr\u00e4gt vom Unternehmergeist einer Person, die den Anfang macht, und von anderen, sp\u00e4teren Generationen, die weitermachen und ihren Horizont erweitern. Das Familienunternehmen wurde 1946 gegr\u00fcndet und wird heute in der dritten Generation gef\u00fchrt.<\/p>\n\n<div style=\"height:2rem\" aria-hidden=\"true\" class=\"wp-block-spacer\"><\/div>\n\n<div class=\"wp-block-columns is-layout-flex wp-container-core-columns-is-layout-9d6595d7 wp-block-columns-is-layout-flex\">\n<div class=\"wp-block-column is-layout-flow wp-block-column-is-layout-flow\" style=\"flex-basis:50%\">\n<hr class=\"wp-block-separator has-text-color has-secondary-60-color has-alpha-channel-opacity has-secondary-60-background-color has-background\"\/>\n\n\n\n<p class=\"is-style-default has-medium-font-size\">Grav\u00e1los widmet sich der Herstellung von technischen Teilen f\u00fcr Haushaltsger\u00e4te, Automobile und Unterhaltungselektronik.  <\/p>\n<\/div>\n\n\n\n<div class=\"wp-block-column is-layout-flow wp-block-column-is-layout-flow\" style=\"flex-basis:50%\">\n<p>Es verf\u00fcgt \u00fcber Abteilungen f\u00fcr Kunststoffspritzguss, Metallstanzen und automatische Montage. Das Unternehmen entwirft und fertigt seine eigenen Werkzeuge und Montagelinien, f\u00fcr die es ein technisches B\u00fcro und eine Bearbeitungsabteilung unterh\u00e4lt, von der aus es auch die verschiedenen Wartungsarbeiten plant und durchf\u00fchrt.<\/p>\n\n\n\n<p>Seit 2002 befindet sich das Unternehmen in El Burgo de Ebro, im Pol\u00edgono Industrial La Noria, wohin es von seinem vorherigen Standort im Barrio de Las Fuentes in Zaragoza umgezogen ist.<\/p>\n<\/div>\n<\/div>\n\n<div class=\"wp-block-columns is-layout-flex wp-container-core-columns-is-layout-9d6595d7 wp-block-columns-is-layout-flex\">\n<div class=\"wp-block-column is-layout-flow wp-block-column-is-layout-flow\" style=\"flex-basis:50%\">\n<hr class=\"wp-block-separator has-text-color has-secondary-60-color has-alpha-channel-opacity has-secondary-60-background-color has-background\"\/>\n\n\n\n<p class=\"is-style-default has-medium-font-size\">Seit 2005 verf\u00fcgt Gr\u00e1valos \u00fcber eine Niederlassung in Polen, in der Stadt \u0141od\u017a, und seit 2021 \u00fcber eine weitere in Marokko, die sich in Tanger befindet.  <\/p>\n<\/div>\n\n\n\n<div class=\"wp-block-column is-layout-flow wp-block-column-is-layout-flow\" style=\"flex-basis:50%\">\n<p>Die Unternehmensgruppe besch\u00e4ftigt rund 300 Mitarbeiter, von denen etwa 70 % Frauen sind.<\/p>\n\n\n\n<p>Der Kundenservice und die Fertigungsqualit\u00e4t sind f\u00fcr alle Aktivit\u00e4ten der Gruppe ma\u00dfgebend, was durch die Zertifizierungen nach ISO 9001 und IATF 16949 in den Werken der Gruppe belegt wird. Das Engagement der Gruppe f\u00fcr die Umwelt und die Nachhaltigkeit ist von grundlegender Bedeutung. Aus diesem Grund sind unsere Werke nach ISO 14001 zertifiziert.<\/p>\n<\/div>\n<\/div>\n\n<div style=\"height:2rem\" aria-hidden=\"true\" class=\"wp-block-spacer\"><\/div>\n\n<p><\/p>\n\n<div class=\"wp-block-media-text alignwide is-stacked-on-mobile\"><figure class=\"wp-block-media-text__media\"><img loading=\"lazy\" decoding=\"async\" width=\"612\" height=\"1024\" src=\"https:\/\/www.gravalos-sa.com\/wp-content\/uploads\/historia-gravalos-62-612x1024.jpg\" alt=\"\" class=\"wp-image-487 size-large\" title=\"\" srcset=\"https:\/\/www.gravalos-sa.com\/wp-content\/uploads\/historia-gravalos-62-612x1024.jpg 612w, https:\/\/www.gravalos-sa.com\/wp-content\/uploads\/historia-gravalos-62-179x300.jpg 179w, https:\/\/www.gravalos-sa.com\/wp-content\/uploads\/historia-gravalos-62-768x1285.jpg 768w, https:\/\/www.gravalos-sa.com\/wp-content\/uploads\/historia-gravalos-62-918x1536.jpg 918w, https:\/\/www.gravalos-sa.com\/wp-content\/uploads\/historia-gravalos-62-1224x2048.jpg 1224w, https:\/\/www.gravalos-sa.com\/wp-content\/uploads\/historia-gravalos-62-scaled.jpg 1530w\" sizes=\"auto, (max-width: 612px) 100vw, 612px\" \/><\/figure><div class=\"wp-block-media-text__content\">\n<h2 class=\"wp-block-heading has-medium-font-size\">Albores (1946-1954)<\/h2>\n\n\n\n<p>Das Unternehmen wurde 1946 in kleinen R\u00e4umen in Zaragoza gegr\u00fcndet und widmete sich der Herstellung von kleinen Metallteilen.<\/p>\n\n\n\n<p>Eines der Grundprinzipien des Unternehmens war von Anfang an die Betreuung seiner Mitarbeiter und die Verwaltung und Kontrolle der beruflichen Risiken, was durch die Eintragung bei der Unfallversicherungsanstalt von Zaragoza nur wenige Tage nach der Gr\u00fcndung bewiesen wird.<\/p>\n<\/div><\/div>\n\n<div class=\"wp-block-media-text alignwide has-media-on-the-right is-stacked-on-mobile\"><div class=\"wp-block-media-text__content\">\n<h2 class=\"wp-block-heading has-medium-font-size\">Wachstum (1955-1962)<\/h2>\n\n\n\n<p>Das Unternehmen zog in ein gr\u00f6\u00dferes und besser ausgestattetes Geb\u00e4ude um, f\u00fcgte weitere Stanzpressen hinzu und steigerte so seine Fertigungskapazit\u00e4t. Au\u00dferdem baute es eine Handelsstruktur auf, erweiterte sein Kundenportfolio und begann mit der Herstellung von Metallteilen und Baugruppen f\u00fcr den in jenen Jahren aufkommenden Markt der Unterhaltungselektronik.<\/p>\n\n\n\n<p>Die Baugruppen wurden auf duroplastisch gespritzte Tr\u00e4ger montiert, eine Technologie, die in jenen Jahren eingef\u00fchrt wurde. Au\u00dferdem sind die Rohstoffe leichter verf\u00fcgbar, so dass die Produktion reibungsloser ablaufen kann.<\/p>\n\n\n\n<p>Die zweite Generation der Familie Gr\u00e1valos tritt in das Unternehmen ein.<\/p>\n<\/div><figure class=\"wp-block-media-text__media\"><img loading=\"lazy\" decoding=\"async\" width=\"683\" height=\"1024\" src=\"https:\/\/www.gravalos-sa.com\/wp-content\/uploads\/historia-gravalos-65-683x1024.jpg\" alt=\"\" class=\"wp-image-486 size-large\" title=\"\" srcset=\"https:\/\/www.gravalos-sa.com\/wp-content\/uploads\/historia-gravalos-65-683x1024.jpg 683w, https:\/\/www.gravalos-sa.com\/wp-content\/uploads\/historia-gravalos-65-200x300.jpg 200w, https:\/\/www.gravalos-sa.com\/wp-content\/uploads\/historia-gravalos-65-768x1152.jpg 768w, https:\/\/www.gravalos-sa.com\/wp-content\/uploads\/historia-gravalos-65-1024x1536.jpg 1024w, https:\/\/www.gravalos-sa.com\/wp-content\/uploads\/historia-gravalos-65-1365x2048.jpg 1365w, https:\/\/www.gravalos-sa.com\/wp-content\/uploads\/historia-gravalos-65-scaled.jpg 1707w\" sizes=\"auto, (max-width: 683px) 100vw, 683px\" \/><\/figure><\/div>\n\n<div class=\"wp-block-media-text alignwide is-stacked-on-mobile\"><figure class=\"wp-block-media-text__media\"><img loading=\"lazy\" decoding=\"async\" width=\"683\" height=\"1024\" src=\"https:\/\/www.gravalos-sa.com\/wp-content\/uploads\/historia-gravalos-63-683x1024.jpg\" alt=\"\" class=\"wp-image-488 size-large\" title=\"\" srcset=\"https:\/\/www.gravalos-sa.com\/wp-content\/uploads\/historia-gravalos-63-683x1024.jpg 683w, https:\/\/www.gravalos-sa.com\/wp-content\/uploads\/historia-gravalos-63-200x300.jpg 200w, https:\/\/www.gravalos-sa.com\/wp-content\/uploads\/historia-gravalos-63-768x1152.jpg 768w, https:\/\/www.gravalos-sa.com\/wp-content\/uploads\/historia-gravalos-63-1024x1536.jpg 1024w, https:\/\/www.gravalos-sa.com\/wp-content\/uploads\/historia-gravalos-63-1365x2048.jpg 1365w, https:\/\/www.gravalos-sa.com\/wp-content\/uploads\/historia-gravalos-63-scaled.jpg 1707w\" sizes=\"auto, (max-width: 683px) 100vw, 683px\" \/><\/figure><div class=\"wp-block-media-text__content\">\n<h2 class=\"wp-block-heading has-medium-font-size\">Konsolidierung (1963-2002)<\/h2>\n\n\n\n<p>In diesen Jahren erfolgte ein erneuter Umzug in eine Lagerhalle, die das Unternehmen im Stadtteil Las Fuentes in Zaragoza errichtete. In dieser Zeit wurden die Thermoplasteinspritzung, die Automatisierung der Montageabteilung, die Verst\u00e4rkung der Instandhaltung und die Einf\u00fchrung neuer Technologien vorangetrieben.<\/p>\n\n\n\n<p>Das Unternehmen wird zum ersten Mal nach ISO 9001 zertifiziert und beginnt mit dem Export seiner Produkte nach Europa, in die Vereinigten Staaten und nach Asien.<\/p>\n\n\n\n<p>Die zweite Generation der Familie \u00fcbernimmt die Leitung des Unternehmens, und die dritte Generation tritt in die Familie ein.<\/p>\n<\/div><\/div>\n\n<div class=\"wp-block-media-text alignwide has-media-on-the-right is-stacked-on-mobile\"><div class=\"wp-block-media-text__content\">\n<h2 class=\"wp-block-heading has-medium-font-size\">Erweiterung (seit 2002)<\/h2>\n\n\n\n<p>Das Wachstum des Unternehmens erm\u00f6glicht einen erneuten Umzug, in diesem Fall nach El Burgo de Ebro, in ein 10.000 m2 gro\u00dfes Lager.<\/p>\n\n\n\n<p>Die Investitionen in die Technologie gehen weiter, das Management wird modernisiert und professionalisiert, die dritte Generation der Familie \u00fcbernimmt die Leitung, das Unternehmen wird international, mit Tochtergesellschaften in Polen und Marokko, und bildet eine Unternehmensgruppe.<\/p>\n\n\n\n<p>Heute verf\u00fcgt die Gruppe \u00fcber 85 Spritzgie\u00dfmaschinen und 22 Montagelinien und besch\u00e4ftigt rund 300 Mitarbeiter.<\/p>\n\n\n\n<p>Die Familie, die Gesch\u00e4ftsleitung und alle Mitarbeiter der Unternehmensgruppe arbeiten mit demselben Enthusiasmus weiter wie bisher, wobei die Maxime des Kundendienstes stets im Vordergrund steht und das Jahr 2046, in dem das Unternehmen sein hundertj\u00e4hriges Bestehen feiern wird, im Auge behalten wird.<\/p>\n<\/div><figure class=\"wp-block-media-text__media\"><img loading=\"lazy\" decoding=\"async\" width=\"981\" height=\"1024\" src=\"https:\/\/www.gravalos-sa.com\/wp-content\/uploads\/gravalos-consolidacion-inyeccion-1-981x1024.jpg\" alt=\"\" class=\"wp-image-1685 size-large\" title=\"\" srcset=\"https:\/\/www.gravalos-sa.com\/wp-content\/uploads\/gravalos-consolidacion-inyeccion-1-981x1024.jpg 981w, https:\/\/www.gravalos-sa.com\/wp-content\/uploads\/gravalos-consolidacion-inyeccion-1-287x300.jpg 287w, https:\/\/www.gravalos-sa.com\/wp-content\/uploads\/gravalos-consolidacion-inyeccion-1-768x802.jpg 768w, https:\/\/www.gravalos-sa.com\/wp-content\/uploads\/gravalos-consolidacion-inyeccion-1-500x522.jpg 500w, https:\/\/www.gravalos-sa.com\/wp-content\/uploads\/gravalos-consolidacion-inyeccion-1-800x835.jpg 800w, https:\/\/www.gravalos-sa.com\/wp-content\/uploads\/gravalos-consolidacion-inyeccion-1-1280x1336.jpg 1280w, https:\/\/www.gravalos-sa.com\/wp-content\/uploads\/gravalos-consolidacion-inyeccion-1.jpg 1300w\" sizes=\"auto, (max-width: 981px) 100vw, 981px\" \/><\/figure><\/div>\n\n<div class=\"wp-block-media-text alignwide is-stacked-on-mobile\"><figure class=\"wp-block-media-text__media\"><a href=\"https:\/\/www.gravalos-sa.com\/blog\/recibimos-el-prestigioso-premio-bosch-global-supplier-award\/\"><img loading=\"lazy\" decoding=\"async\" width=\"1024\" height=\"682\" src=\"https:\/\/www.gravalos-sa.com\/wp-content\/uploads\/blog-gravalos-bosch-global-supplier-award-1024x682.jpg\" alt=\"\" class=\"wp-image-2905 size-large\" title=\"\" srcset=\"https:\/\/www.gravalos-sa.com\/wp-content\/uploads\/blog-gravalos-bosch-global-supplier-award-1024x682.jpg 1024w, https:\/\/www.gravalos-sa.com\/wp-content\/uploads\/blog-gravalos-bosch-global-supplier-award-300x200.jpg 300w, https:\/\/www.gravalos-sa.com\/wp-content\/uploads\/blog-gravalos-bosch-global-supplier-award-768x511.jpg 768w, https:\/\/www.gravalos-sa.com\/wp-content\/uploads\/blog-gravalos-bosch-global-supplier-award-500x333.jpg 500w, https:\/\/www.gravalos-sa.com\/wp-content\/uploads\/blog-gravalos-bosch-global-supplier-award-800x533.jpg 800w, https:\/\/www.gravalos-sa.com\/wp-content\/uploads\/blog-gravalos-bosch-global-supplier-award.jpg 1200w\" sizes=\"auto, (max-width: 1024px) 100vw, 1024px\" \/><\/a><\/figure><div class=\"wp-block-media-text__content\">\n<h2 class=\"wp-block-heading has-medium-font-size\">Bosch Global Supplier Award (2023)<\/h2>\n\n\n\n<p>Am 14. Juli 2023 <a href=\"https:\/\/www.gravalos-sa.com\/de\/blog\/wir-erhielten-den-renommierten-bosch-global-supplier-award\/\">erh\u00e4lt die Gr\u00e1valos-Gruppe den renommierten Bosch Global Supplier Award<\/a> der Bosch-Gruppe. Dieser Preis zeichnet die Gruppe als einen der weltweit besten Lieferanten des deutschen multinationalen Konzerns aus und markiert einen historischen Tag in der Geschichte des Unternehmens.<\/p>\n\n\n\n<p>Die Bosch-Gruppe hat weltweit rund 35.000 Lieferanten, von denen nur 46 f\u00fcr diese Auszeichnung ausgew\u00e4hlt wurden.<\/p>\n<\/div><\/div>\n","protected":false},"excerpt":{"rendered":"<p>Die Geschichte von Gr\u00e1valos ist, wie die vieler Unternehmen, gepr\u00e4gt vom Unternehmergeist einer Person, die den Anfang macht, und von anderen, sp\u00e4teren Generationen, die weitermachen &#8230;<\/p>\n<div class=\"wp-block-buttons\">\n<div class=\"wp-block-button is-style-arrow-link\"><span class=\"wp-block-button__link\">Mehr wissen<\/span><\/div>\n<\/div>\n","protected":false},"author":1,"featured_media":2398,"parent":0,"menu_order":10,"comment_status":"closed","ping_status":"closed","template":"","meta":{"_acf_changed":false,"inline_featured_image":false,"footnotes":""},"class_list":["post-2546","page","type-page","status-publish","has-post-thumbnail","hentry"],"acf":[],"_links":{"self":[{"href":"https:\/\/www.gravalos-sa.com\/de\/wp-json\/wp\/v2\/pages\/2546","targetHints":{"allow":["GET"]}}],"collection":[{"href":"https:\/\/www.gravalos-sa.com\/de\/wp-json\/wp\/v2\/pages"}],"about":[{"href":"https:\/\/www.gravalos-sa.com\/de\/wp-json\/wp\/v2\/types\/page"}],"author":[{"embeddable":true,"href":"https:\/\/www.gravalos-sa.com\/de\/wp-json\/wp\/v2\/users\/1"}],"replies":[{"embeddable":true,"href":"https:\/\/www.gravalos-sa.com\/de\/wp-json\/wp\/v2\/comments?post=2546"}],"version-history":[{"count":5,"href":"https:\/\/www.gravalos-sa.com\/de\/wp-json\/wp\/v2\/pages\/2546\/revisions"}],"predecessor-version":[{"id":5307,"href":"https:\/\/www.gravalos-sa.com\/de\/wp-json\/wp\/v2\/pages\/2546\/revisions\/5307"}],"wp:featuredmedia":[{"embeddable":true,"href":"https:\/\/www.gravalos-sa.com\/de\/wp-json\/wp\/v2\/media\/2398"}],"wp:attachment":[{"href":"https:\/\/www.gravalos-sa.com\/de\/wp-json\/wp\/v2\/media?parent=2546"}],"curies":[{"name":"wp","href":"https:\/\/api.w.org\/{rel}","templated":true}]}}