{"id":2549,"date":"2022-09-22T07:43:56","date_gmt":"2022-09-22T07:43:56","guid":{"rendered":"https:\/\/www.gravalos-sa.com\/pbt-polybutylenterephthalat\/"},"modified":"2023-07-10T23:19:19","modified_gmt":"2023-07-10T23:19:19","slug":"pbt-polybutylenterephthalat","status":"publish","type":"page","link":"https:\/\/www.gravalos-sa.com\/de\/materialien\/pbt-polybutylenterephthalat\/","title":{"rendered":"PBT (Polybutylenterephthalat)"},"content":{"rendered":"\n<div class=\"wp-block-cover alignfull is-style-header-cover\"><span aria-hidden=\"true\" class=\"wp-block-cover__background has-primary-100-background-color has-background-dim-90 has-background-dim\"><\/span><img loading=\"lazy\" decoding=\"async\" width=\"1920\" height=\"1021\" src=\"https:\/\/www.gravalos-sa.com\/wp-content\/uploads\/material-pbt.jpg\" class=\"wp-block-cover__image-background wp-post-image\" alt=\"material-PBT\" data-object-fit=\"cover\" data-object-position=\"50% 50%\" style=\"object-position:50% 50%;\" srcset=\"https:\/\/www.gravalos-sa.com\/wp-content\/uploads\/material-pbt.jpg 1920w, https:\/\/www.gravalos-sa.com\/wp-content\/uploads\/material-pbt-300x160.jpg 300w, https:\/\/www.gravalos-sa.com\/wp-content\/uploads\/material-pbt-1024x545.jpg 1024w, https:\/\/www.gravalos-sa.com\/wp-content\/uploads\/material-pbt-768x408.jpg 768w, https:\/\/www.gravalos-sa.com\/wp-content\/uploads\/material-pbt-1536x817.jpg 1536w, https:\/\/www.gravalos-sa.com\/wp-content\/uploads\/material-pbt-500x266.jpg 500w, https:\/\/www.gravalos-sa.com\/wp-content\/uploads\/material-pbt-800x425.jpg 800w, https:\/\/www.gravalos-sa.com\/wp-content\/uploads\/material-pbt-1280x681.jpg 1280w\" sizes=\"auto, (max-width: 1920px) 100vw, 1920px\" title=\"material-PBT\" \/><div class=\"wp-block-cover__inner-container is-layout-flow wp-block-cover-is-layout-flow\">\n<p class=\"is-style-supertitulo mb-2\" style=\"text-transform:uppercase\">Materialien<\/p>\n\n\n<h1 class=\"display-1 wp-block-post-title\">PBT (Polybutylenterephthalat)<\/h1><\/div><\/div>\n<div class=\"breadcrumb\" typeof=\"BreadcrumbList\" vocab=\"https:\/\/schema.org\/\"><div class=\"breadcrumb-inner\"><div class=\"gravalos-breadcrumb\"><span property=\"itemListElement\" typeof=\"ListItem\"><a property=\"item\" typeof=\"WebPage\" title=\"Gehe zu Gr\u00e1valos.\" href=\"https:\/\/www.gravalos-sa.com\/de\/\" class=\"home\" ><span property=\"name\">Gr\u00e1valos<\/span><\/a><meta property=\"position\" content=\"1\"><\/span><span class=\"breadcrumb-sep\"> | <\/span><span property=\"itemListElement\" typeof=\"ListItem\"><a property=\"item\" typeof=\"WebPage\" title=\"Gehe zu Blog.\" href=\"https:\/\/www.gravalos-sa.com\/de\/blog\/\" class=\"post-root post post-post\" aria-current=\"page\"><span property=\"name\">Blog<\/span><\/a><meta property=\"position\" content=\"2\"><\/span><\/div><\/div><\/div>\n<p>Polybutylenterephthalat (PBT) ist ein Kunststoff, der zur Familie der Polyester geh\u00f6rt und eine hohe elektrische Isolationsleistung aufweist. Deshalb haben wir dieses Material f\u00fcr die Herstellung von Teilen gew\u00e4hlt, bei denen diese Eigenschaft eine Priorit\u00e4t ist.<\/p>\n\n<p>Dank seiner Vielseitigkeit bietet PBT auch andere hervorragende Eigenschaften wie mechanische, chemische, thermische und dimensionale Stabilit\u00e4t sowie geringe Wasseraufnahme und UV-Best\u00e4ndigkeit. Die Verwendungszwecke von PBT decken somit praktisch alle relevanten M\u00e4rkte ab, darunter die Automobilindustrie (insbesondere Elektrofahrzeuge), Haushaltsger\u00e4te oder medizinische Ger\u00e4te sowie alle Arten von industriellen Anwendungen.<\/p>\n","protected":false},"excerpt":{"rendered":"<p>Polybutylenterephthalat (PBT) ist ein Kunststoff, der zur Familie der Polyester geh\u00f6rt und eine hohe elektrische Isolationsleistung aufweist. Deshalb haben wir dieses Material f\u00fcr die Herstellung &#8230;<\/p>\n<div class=\"wp-block-buttons\">\n<div class=\"wp-block-button is-style-arrow-link\"><span class=\"wp-block-button__link\">Mehr wissen<\/span><\/div>\n<\/div>\n","protected":false},"author":1,"featured_media":2509,"parent":2616,"menu_order":0,"comment_status":"closed","ping_status":"closed","template":"","meta":{"_acf_changed":false,"inline_featured_image":false,"footnotes":""},"class_list":["post-2549","page","type-page","status-publish","has-post-thumbnail","hentry"],"acf":[],"_links":{"self":[{"href":"https:\/\/www.gravalos-sa.com\/de\/wp-json\/wp\/v2\/pages\/2549","targetHints":{"allow":["GET"]}}],"collection":[{"href":"https:\/\/www.gravalos-sa.com\/de\/wp-json\/wp\/v2\/pages"}],"about":[{"href":"https:\/\/www.gravalos-sa.com\/de\/wp-json\/wp\/v2\/types\/page"}],"author":[{"embeddable":true,"href":"https:\/\/www.gravalos-sa.com\/de\/wp-json\/wp\/v2\/users\/1"}],"replies":[{"embeddable":true,"href":"https:\/\/www.gravalos-sa.com\/de\/wp-json\/wp\/v2\/comments?post=2549"}],"version-history":[{"count":1,"href":"https:\/\/www.gravalos-sa.com\/de\/wp-json\/wp\/v2\/pages\/2549\/revisions"}],"predecessor-version":[{"id":2553,"href":"https:\/\/www.gravalos-sa.com\/de\/wp-json\/wp\/v2\/pages\/2549\/revisions\/2553"}],"up":[{"embeddable":true,"href":"https:\/\/www.gravalos-sa.com\/de\/wp-json\/wp\/v2\/pages\/2616"}],"wp:featuredmedia":[{"embeddable":true,"href":"https:\/\/www.gravalos-sa.com\/de\/wp-json\/wp\/v2\/media\/2509"}],"wp:attachment":[{"href":"https:\/\/www.gravalos-sa.com\/de\/wp-json\/wp\/v2\/media?parent=2549"}],"curies":[{"name":"wp","href":"https:\/\/api.w.org\/{rel}","templated":true}]}}