{"id":2550,"date":"2023-06-14T09:45:53","date_gmt":"2023-06-14T09:45:53","guid":{"rendered":"https:\/\/www.gravalos-sa.com\/pc-polycarbonat\/"},"modified":"2023-07-10T23:18:47","modified_gmt":"2023-07-10T23:18:47","slug":"pc-polycarbonat","status":"publish","type":"page","link":"https:\/\/www.gravalos-sa.com\/de\/materialien\/pc-polycarbonat\/","title":{"rendered":"PC (Polycarbonat)"},"content":{"rendered":"\n<div class=\"wp-block-cover alignfull is-style-header-cover\"><span aria-hidden=\"true\" class=\"wp-block-cover__background has-primary-100-background-color has-background-dim-90 has-background-dim\"><\/span><img loading=\"lazy\" decoding=\"async\" width=\"1920\" height=\"1051\" src=\"https:\/\/www.gravalos-sa.com\/wp-content\/uploads\/material-pc.jpg\" class=\"wp-block-cover__image-background wp-post-image\" alt=\"material-PC\" data-object-fit=\"cover\" data-object-position=\"50% 50%\" style=\"object-position:50% 50%;\" srcset=\"https:\/\/www.gravalos-sa.com\/wp-content\/uploads\/material-pc.jpg 1920w, https:\/\/www.gravalos-sa.com\/wp-content\/uploads\/material-pc-300x164.jpg 300w, https:\/\/www.gravalos-sa.com\/wp-content\/uploads\/material-pc-1024x561.jpg 1024w, https:\/\/www.gravalos-sa.com\/wp-content\/uploads\/material-pc-768x420.jpg 768w, https:\/\/www.gravalos-sa.com\/wp-content\/uploads\/material-pc-1536x841.jpg 1536w, https:\/\/www.gravalos-sa.com\/wp-content\/uploads\/material-pc-500x274.jpg 500w, https:\/\/www.gravalos-sa.com\/wp-content\/uploads\/material-pc-800x438.jpg 800w, https:\/\/www.gravalos-sa.com\/wp-content\/uploads\/material-pc-1280x701.jpg 1280w\" sizes=\"auto, (max-width: 1920px) 100vw, 1920px\" title=\"material-PC\" \/><div class=\"wp-block-cover__inner-container is-layout-flow wp-block-cover-is-layout-flow\">\n<p class=\"is-style-supertitulo mb-2\" style=\"text-transform:uppercase\">Materialien<\/p>\n\n\n<h1 class=\"display-1 wp-block-post-title\">PC (Polycarbonat)<\/h1><\/div><\/div>\n<div class=\"breadcrumb\" typeof=\"BreadcrumbList\" vocab=\"https:\/\/schema.org\/\"><div class=\"breadcrumb-inner\"><div class=\"gravalos-breadcrumb\"><span property=\"itemListElement\" typeof=\"ListItem\"><a property=\"item\" typeof=\"WebPage\" title=\"Gehe zu Gr\u00e1valos.\" href=\"https:\/\/www.gravalos-sa.com\/de\/\" class=\"home\" ><span property=\"name\">Gr\u00e1valos<\/span><\/a><meta property=\"position\" content=\"1\"><\/span><span class=\"breadcrumb-sep\"> | <\/span><span property=\"itemListElement\" typeof=\"ListItem\"><a property=\"item\" typeof=\"WebPage\" title=\"Gehe zu Blog.\" href=\"https:\/\/www.gravalos-sa.com\/de\/blog\/\" class=\"post-root post post-post\" aria-current=\"page\"><span property=\"name\">Blog<\/span><\/a><meta property=\"position\" content=\"2\"><\/span><\/div><\/div><\/div>\n<p>Polycarbonat ist ein weiterer thermoplastischer Kunststoff, mit dem wir in der Gr\u00e1valos-Gruppe regelm\u00e4\u00dfig arbeiten. Wir verwenden es vor allem f\u00fcr die Herstellung von Geh\u00e4usen und mechanischen Schutzelementen, da es eine hohe mechanische Festigkeit in Bezug auf H\u00e4rte und Steifigkeit aufweist:<\/p>\n\n<ul class=\"wp-block-list\">\n<li>Hohe Schlagfestigkeit<\/li>\n\n\n\n<li>Eigenschaften, die sich f\u00fcr das Gie\u00dfen und Formen eignen<\/li>\n\n\n\n<li>Material Farblos und lichtdurchl\u00e4ssig<\/li>\n\n\n\n<li>Elektrische Isolierung<\/li>\n\n\n\n<li>Hohe Ma\u00dfhaltigkeit, die den Anforderungen an die Pr\u00e4zision von technischen Bauteilen gerecht wird.<\/li>\n\n\n\n<li>Leichtigkeit<\/li>\n\n\n\n<li>Best\u00e4ndigkeit gegen Witterungseinfl\u00fcsse und UV-Strahlen, so dass die Eigenschaften auch unter ung\u00fcnstigen Bedingungen erhalten bleiben.<\/li>\n<\/ul>\n\n<p>Aufgrund der soeben beschriebenen Eigenschaften ist Polycarbonat ein ideales Material f\u00fcr die Formgebung von Teilen, die andere Elemente vor m\u00f6glichen St\u00f6\u00dfen oder mechanischen Belastungen sch\u00fctzen m\u00fcssen, wie dies bei Produkten f\u00fcr die Automobilindustrie h\u00e4ufig der Fall ist.<\/p>\n","protected":false},"excerpt":{"rendered":"<p>Polycarbonat ist ein weiterer thermoplastischer Kunststoff, mit dem wir in der Gr\u00e1valos-Gruppe regelm\u00e4\u00dfig arbeiten. Wir verwenden es vor allem f\u00fcr die Herstellung von Geh\u00e4usen und &#8230;<\/p>\n<div class=\"wp-block-buttons\">\n<div class=\"wp-block-button is-style-arrow-link\"><span class=\"wp-block-button__link\">Mehr wissen<\/span><\/div>\n<\/div>\n","protected":false},"author":2,"featured_media":2510,"parent":2616,"menu_order":0,"comment_status":"closed","ping_status":"closed","template":"","meta":{"_acf_changed":false,"inline_featured_image":false,"footnotes":""},"class_list":["post-2550","page","type-page","status-publish","has-post-thumbnail","hentry"],"acf":[],"_links":{"self":[{"href":"https:\/\/www.gravalos-sa.com\/de\/wp-json\/wp\/v2\/pages\/2550","targetHints":{"allow":["GET"]}}],"collection":[{"href":"https:\/\/www.gravalos-sa.com\/de\/wp-json\/wp\/v2\/pages"}],"about":[{"href":"https:\/\/www.gravalos-sa.com\/de\/wp-json\/wp\/v2\/types\/page"}],"author":[{"embeddable":true,"href":"https:\/\/www.gravalos-sa.com\/de\/wp-json\/wp\/v2\/users\/2"}],"replies":[{"embeddable":true,"href":"https:\/\/www.gravalos-sa.com\/de\/wp-json\/wp\/v2\/comments?post=2550"}],"version-history":[{"count":1,"href":"https:\/\/www.gravalos-sa.com\/de\/wp-json\/wp\/v2\/pages\/2550\/revisions"}],"predecessor-version":[{"id":2555,"href":"https:\/\/www.gravalos-sa.com\/de\/wp-json\/wp\/v2\/pages\/2550\/revisions\/2555"}],"up":[{"embeddable":true,"href":"https:\/\/www.gravalos-sa.com\/de\/wp-json\/wp\/v2\/pages\/2616"}],"wp:featuredmedia":[{"embeddable":true,"href":"https:\/\/www.gravalos-sa.com\/de\/wp-json\/wp\/v2\/media\/2510"}],"wp:attachment":[{"href":"https:\/\/www.gravalos-sa.com\/de\/wp-json\/wp\/v2\/media?parent=2550"}],"curies":[{"name":"wp","href":"https:\/\/api.w.org\/{rel}","templated":true}]}}