{"id":2552,"date":"2022-09-15T07:54:29","date_gmt":"2022-09-15T07:54:29","guid":{"rendered":"https:\/\/www.gravalos-sa.com\/datenschutzbestimmungen\/"},"modified":"2023-11-29T09:14:07","modified_gmt":"2023-11-29T09:14:07","slug":"datenschutzbestimmungen","status":"publish","type":"page","link":"https:\/\/www.gravalos-sa.com\/de\/datenschutzbestimmungen\/","title":{"rendered":"Datenschutzbestimmungen"},"content":{"rendered":"\n<div class=\"wp-block-cover alignfull is-style-header-cover\" style=\"min-height:400px;aspect-ratio:unset;\"><span aria-hidden=\"true\" class=\"wp-block-cover__background has-primary-80-background-color has-background-dim-100 has-background-dim\"><\/span><div class=\"wp-block-cover__inner-container is-layout-flow wp-block-cover-is-layout-flow\"><h1 class=\"display-1 wp-block-post-title\">Datenschutzbestimmungen<\/h1><\/div><\/div>\n<div class=\"breadcrumb\" typeof=\"BreadcrumbList\" vocab=\"https:\/\/schema.org\/\"><div class=\"breadcrumb-inner\"><div class=\"gravalos-breadcrumb\"><span property=\"itemListElement\" typeof=\"ListItem\"><a property=\"item\" typeof=\"WebPage\" title=\"Gehe zu Gr\u00e1valos.\" href=\"https:\/\/www.gravalos-sa.com\/de\/\" class=\"home\" ><span property=\"name\">Gr\u00e1valos<\/span><\/a><meta property=\"position\" content=\"1\"><\/span><span class=\"breadcrumb-sep\"> | <\/span><span property=\"itemListElement\" typeof=\"ListItem\"><a property=\"item\" typeof=\"WebPage\" title=\"Gehe zu Blog.\" href=\"https:\/\/www.gravalos-sa.com\/de\/blog\/\" class=\"post-root post post-post\" aria-current=\"page\"><span property=\"name\">Blog<\/span><\/a><meta property=\"position\" content=\"2\"><\/span><\/div><\/div><\/div>\n<p>CONSTRUCCIONES GR\u00c1VALOS S.A. (im Folgenden &#8222;CONSTRUCCIONES GR\u00c1VALOS&#8220; oder &#8222;das Unternehmen&#8220;) erkl\u00e4rt, dass es die geltenden spanischen und europ\u00e4ischen Rechtsvorschriften zum Schutz personenbezogener Daten einh\u00e4lt, insbesondere die Verordnung (EU) 2016\/679 des Europ\u00e4ischen Parlaments und des Rates vom 27. April 2016 und das Organgesetz 3\/2018 vom 5. Dezember \u00fcber den Schutz personenbezogener Daten und die Gew\u00e4hrleistung der digitalen Rechte.<\/p>\n\n<p>Ihre Privatsph\u00e4re und Ihr Vertrauen sind uns wichtig. Daher finden Sie in dieser Datenschutzerkl\u00e4rung wichtige Informationen dar\u00fcber, wie wir mit Ihren pers\u00f6nlichen Daten umgehen. Wir empfehlen Ihnen, die folgenden Informationen sorgf\u00e4ltig zu lesen, und wenn Sie danach noch Fragen haben, k\u00f6nnen Sie sich mit uns \u00fcber die von uns zur Verf\u00fcgung gestellten Mittel beraten.<\/p>\n\n<p><strong>Verantwortlicher f\u00fcr die Datenverarbeitung<\/strong><\/p>\n\n<p>Der Verantwortliche f\u00fcr die Verarbeitung Ihrer pers\u00f6nlichen Daten und Inhaber dieser Website ist das Unternehmen CONSTRUCCIONES GR\u00c1VALOS S.A., eingetragen im Handelsregister von Zaragoza, Folio 79, Band 352, Sektion. 3\u00aa, Blatt 6902, mit der Steueridentifikationsnummer A-50109909 und Sitz in Carretera de Castell\u00f3n Km 15,500, Pol\u00edgono Industrial &#8222;La Noria&#8220;, Sector Industrial I-7, parcela 2.5; 50730 El Burgo de Ebro.<\/p>\n\n<p>Wenn Sie mit uns in Kontakt treten m\u00f6chten, k\u00f6nnen Sie dies zus\u00e4tzlich zu der oben genannten Adresse auch \u00fcber unsere Website tun:<\/p>\n\n<ul class=\"wp-block-list\">\n<li>Telefon: 976 104 808<\/li>\n\n\n\n<li>E-Mail: <a href=\"lopd@gravalos-sa.com\">lopd@gravalos-sa.com<\/a><\/li>\n\n\n\n<li>Kontaktinformationen unseres Datenschutzbeauftragten: <a href=\"mailto:lopd@gravalos-sa.com\">lopd@gravalos-sa.com<\/a><\/li>\n<\/ul>\n\n<p><strong>Typologie, Zweck und rechtm\u00e4\u00dfige Grundlage f\u00fcr die Verarbeitung personenbezogener Daten<\/strong><\/p>\n\n<p>Wir sammeln personenbezogene Daten von:<\/p>\n\n<ul class=\"wp-block-list\">\n<li>Daten der Arbeitnehmer: Diese Daten dienen der Verwaltung des Arbeitsverh\u00e4ltnisses, der Erstellung der Lohnabrechnungen, der Kontrolle des Arbeitstages und anderer sich daraus ergebender Verpflichtungen. Bei den erhobenen Daten handelt es sich um Identifizierungsdaten, biometrische Daten (Fingerabdruck), besondere Kategorien (Gesundheit\/Behinderung), Daten \u00fcber pers\u00f6nliche Merkmale, akademische Daten und Berufe, Besch\u00e4ftigungsdaten und Finanzdaten. Die Legitimationsgrundlage f\u00fcr die Datenverarbeitung ist die Beziehung zwischen den Parteien selbst, die gesetzliche Verpflichtung zur Erhebung dieser Art von Daten und die Zustimmung der betroffenen Personen. Die Aufbewahrungsfrist betr\u00e4gt f\u00fcnf Jahre nach Beendigung des Besch\u00e4ftigungsverh\u00e4ltnisses, mit Ausnahme der Gehaltsabrechnungen, TC1 und TC2, die zehn Jahre lang aufbewahrt werden m\u00fcssen.  <\/li>\n\n\n\n<li>Daten \u00fcber Arbeitssuchende: Diese Daten dienen der Verwaltung von Auswahlverfahren. Bei den erhobenen Daten handelt es sich um Identifikationsdaten, Daten zu pers\u00f6nlichen Merkmalen, akademische Daten und Daten zu Beruf und Besch\u00e4ftigung. Die Legitimationsgrundlage f\u00fcr die Datenverarbeitung ist das vorvertragliche Verh\u00e4ltnis zwischen den Parteien und die Einwilligung der betroffenen Personen. Die Aufbewahrungsfrist f\u00fcr die Daten betr\u00e4gt zw\u00f6lf Monate ab Abschluss des Auswahlverfahrens.  <\/li>\n\n\n\n<li>Daten potenzieller Kunden: Der Zweck der Datenverarbeitung ist die kommerzielle Verwaltung potenzieller Kunden, die Erstellung von Budgets. Bei den erhobenen Daten handelt es sich um Identifikationsdaten und Gesundheitsdaten. Die Legitimationsgrundlage ist die Erf\u00fcllung eines Vorvertrags und das berechtigte Interesse des f\u00fcr die Verarbeitung Verantwortlichen. Die Daten werden f\u00fcr einen Zeitraum von f\u00fcnf Jahren nach Beendigung des Kontakts mit dem potenziellen Kunden aufbewahrt.<\/li>\n<\/ul>\n\n<ul class=\"wp-block-list\">\n<li>Kundendaten: Der Zweck der Datenverarbeitung ist die Erf\u00fcllung eines Handelsvertrags oder Vorvertrags und die Lieferung der angeforderten Produkte. Zu diesem Zweck werden Identifikationsdaten, berufliche Daten und wirtschaftliche Daten abgefragt. Die berechtigte Grundlage f\u00fcr die Datenverarbeitung ist das berechtigte Interesse des f\u00fcr die Verarbeitung Verantwortlichen und die Erf\u00fcllung eines Vertrags. Die Daten werden innerhalb von f\u00fcnf Jahren nach Beendigung der Gesch\u00e4ftsbeziehung gel\u00f6scht.<\/li>\n<\/ul>\n\n<ul class=\"wp-block-list\">\n<li>Lieferantendaten: Der Zweck dieser Daten ist die Verwaltung von Handelsvertr\u00e4gen, f\u00fcr die Identifikationsdaten und wirtschaftliche Daten gesammelt werden. Erst die Erf\u00fcllung des Vertrages selbst legitimiert uns zur Verarbeitung Ihrer Daten, die innerhalb von f\u00fcnf Jahren nach Beendigung der Gesch\u00e4ftsbeziehung gel\u00f6scht werden.<\/li>\n<\/ul>\n\n<ul class=\"wp-block-list\">\n<li>Partnerdaten: Der Zweck der Partner ist die interne Verwaltung des Unternehmens. Die Verarbeitung Ihrer Daten ist durch die Gesch\u00e4ftsbeziehung zwischen den Parteien legitimiert und die Daten werden auf unbestimmte Zeit gespeichert.<\/li>\n\n\n\n<li>Video\u00fcberwachungsdaten: Der Zweck dieser Daten ist es, die Sicherheit in unseren R\u00e4umlichkeiten zu gew\u00e4hrleisten. Bei den erhobenen Daten handelt es sich um Identifizierungsdaten (Bild). Die Verarbeitung dieser Daten ist durch das verfolgte \u00f6ffentliche Interesse legitimiert und die Aufbewahrungsfrist ist auf 30 Tage festgelegt.<\/li>\n<\/ul>\n\n<ul class=\"wp-block-list\">\n<li>Daten im Zusammenhang mit der Aus\u00fcbung von Rechten: Der Zweck der Verarbeitung besteht darin, die Aus\u00fcbung von Datenschutzrechten zu unterst\u00fctzen. Grundlage f\u00fcr die Legitimation ist die Einhaltung der geltenden Datenschutzbestimmungen. Diese Daten werden auf ein Minimum beschr\u00e4nkt und jederzeit unter Einhaltung der geltenden Datenschutzbestimmungen aufbewahrt.<\/li>\n<\/ul>\n\n<ul class=\"wp-block-list\">\n<li>Die Verwendung von Cookies: CONSTRUCCIONES GR\u00c1VALOS wird in der Lage sein, die pers\u00f6nlichen Daten, die durch die Cookies gesammelt werden, zu behandeln, die in der <a href=\"https:\/\/www.gravalos-sa.com\/de\/cookies-politik\/\">Cookie-Politik<\/a> informiert werden. Diese Daten werden zu den Zwecken verarbeitet, die auch in unserer Cookie-Richtlinie aufgef\u00fchrt sind, zusammen mit der Aufbewahrungsfrist f\u00fcr jeden dieser Zwecke. Die rechtm\u00e4\u00dfige Grundlage ist in diesem Fall Ihre Einwilligung.<\/li>\n\n\n\n<li>\u00dcber den Informationskanal erhaltene Daten: Zweck der Verarbeitung ist die Bearbeitung der \u00fcber den Informationskanal eingegangenen Beschwerden, die sensible Daten oder Daten im Zusammenhang mit strafrechtlichen oder verwaltungsrechtlichen Sanktionen, Identifizierungsdaten oder Besch\u00e4ftigungsdaten umfassen k\u00f6nnen. Die Legitimationsgrundlage f\u00fcr die Verarbeitung dieser Daten ist die Einhaltung einer gesetzlichen Verpflichtung gem\u00e4\u00df dem Gesetz 2\/2023 vom 20. Februar, das den Schutz von Personen, die Verst\u00f6\u00dfe gegen Rechtsvorschriften melden, und die Bek\u00e4mpfung von Korruption regelt. Diese Daten werden innerhalb von 3 Monaten gel\u00f6scht, es sei denn, es ist notwendig, sie aufzubewahren, um das ordnungsgem\u00e4\u00dfe Funktionieren des Kanals nachzuweisen; in diesem Fall werden sie anonymisiert.<\/li>\n<\/ul>\n\n<p><strong>Aufbewahrungsfristen<\/strong><strong><\/strong><\/p>\n\n<p>Die \u00fcbermittelten personenbezogenen Daten werden so lange aufbewahrt, wie die Beziehung zwischen uns besteht, w\u00e4hrend der gesetzlichen Aufbewahrungsfristen oder bis der Betroffene ihre L\u00f6schung oder ihren Widerspruch beantragt. In der Regel wird eine Aufbewahrungsfrist von f\u00fcnf Jahren nach Beendigung der Beziehung zwischen den Parteien festgelegt. Nach Ablauf dieser Frist werden sie gel\u00f6scht oder vertraulich vernichtet.<\/p>\n\n<p><strong>Wie geben wir Informationen an Dritte weiter?<\/strong><\/p>\n\n<p>Wir geben personenbezogene Daten an Dritte weiter, um Dienstleistungen zu den in dieser Datenschutzrichtlinie beschriebenen Bedingungen zu erbringen, oder wenn wir der Meinung sind, dass wir gesetzlich dazu berechtigt oder verpflichtet sind, dies zu tun. Wenn wir personenbezogene Daten weitergeben, tun wir dies in \u00dcbereinstimmung mit den Anforderungen an den Datenschutz und die Datensicherheit.<\/p>\n\n<p>CONSTRUCCIONES GR\u00c1VALOS informiert die betroffene Person dar\u00fcber, dass einige unserer Zulieferer ihre personenbezogenen Daten als Datenverarbeiter verarbeiten k\u00f6nnen, z. B. im Falle von:<\/p>\n\n<ul class=\"wp-block-list\">\n<li>Drittdienstleister, sofern dies f\u00fcr die Erbringung von Dienstleistungen, die Koordinierung von T\u00e4tigkeiten, die interne Verwaltung, die Zertifizierung von Lieferanten, die Unterst\u00fctzung von Software, Systemen und Plattformen, Cloud-Hosting-Dienste und elektronische Kommunikation erforderlich ist. In diesen F\u00e4llen erfolgt der Zugriff auf Ihre Daten durch Dritte nur dann, wenn CONSTRUCCIONES GR\u00c1VALOS eine vertragliche Beziehung mit dem Datenverarbeiter unterh\u00e4lt, die die Vertraulichkeit, die Nichtverwendung der pers\u00f6nlichen Daten der Nutzer, die wir ihnen zur Verf\u00fcgung stellen, f\u00fcr andere als die oben genannten Zwecke sowie die Einhaltung unserer internen Datenschutz- und Informationssicherheitsvorschriften garantiert.<\/li>\n\n\n\n<li>Wenn eine solche Daten\u00fcbermittlung durch eine gesetzliche Verpflichtung abgedeckt ist oder von den zust\u00e4ndigen Beh\u00f6rden verlangt wird, um auf gesetzliche Anforderungen, strafrechtliche Ermittlungen wegen m\u00f6glicher illegaler Aktivit\u00e4ten oder Behauptungen, dass Inhalte die Rechte Dritter verletzen, zu reagieren oder um die Rechte, das Eigentum oder die Sicherheit Dritter zu sch\u00fctzen, im Falle einer Fusion, eines Verkaufs, einer Umstrukturierung, eines Erwerbs, eines Joint Ventures, einer Abtretung, einer \u00dcbertragung oder einer sonstigen Ver\u00e4u\u00dferung, ganz oder teilweise, unseres Gesch\u00e4fts, unserer Verm\u00f6genswerte oder unserer Anteile (z. B. \u00dcbertragungen an die AEAT, TGSS&#8230;).<\/li>\n<\/ul>\n\n<p><strong>Internationale \u00dcberweisungen<\/strong><\/p>\n\n<p>In einigen F\u00e4llen verwendet CONSTRUCCIONES GR\u00c1VALOS Tools und Dienste von Dritten f\u00fcr die Verwaltung der Dienste. Einige dieser Dienste k\u00f6nnen im Besitz von Dritten sein, die au\u00dferhalb des Europ\u00e4ischen Wirtschaftsraums ans\u00e4ssig sind.<\/p>\n\n<p>CONSTRUCCIONES GR\u00c1VALOS bem\u00fcht sich, sichere Tools zu verwenden, deren Server sich vorzugsweise in Spanien oder andernfalls in einem Mitgliedstaat der Europ\u00e4ischen Union befinden oder die den europ\u00e4ischen Rechtsvorschriften gem\u00e4\u00df den Richtlinien und Empfehlungen der spanischen Datenschutzbeh\u00f6rde, der Europ\u00e4ischen Kommission und den gemeinschaftlichen Referenzabkommen \u00fcber den internationalen Datentransfer entsprechen.<\/p>\n\n<p>F\u00fcr den Fall, dass die internationale \u00dcbermittlung von Daten erforderlich ist, bedeutet die Annahme dieser Datenschutzrichtlinie, dass Sie als Nutzer einer solchen \u00dcbermittlung ausdr\u00fccklich zustimmen.<\/p>\n\n<p><strong>Aus\u00fcbung von Rechten und Beschwerden bei der spanischen Datenschutzbeh\u00f6rde<\/strong><\/p>\n\n<p>Der Nutzer kann jederzeit seine Zustimmung widerrufen und\/oder seine Rechte auf Zugang, Berichtigung, L\u00f6schung, Einschr\u00e4nkung, Widerspruch und \u00dcbertragbarkeit, die in den europ\u00e4ischen Vorschriften zum Schutz personenbezogener Daten vorgesehen sind, aus\u00fcben, indem er eine E-Mail an lopd@gravalos-sa.com oder per Post an CONSTRUCCIONES GR\u00c1VALOS S.A., Carretera de Castell\u00f3n Km 15,500, Pol. Industrial &#8222;La Noria&#8220;, Sector Industrial I-7, parcela 2.5; 50730 El Burgo de Ebro (Zaragoza).<\/p>\n\n<p>In diesem Fall muss der Nutzer das Recht angeben, das er aus\u00fcben m\u00f6chte, und eine Kopie seines Personalausweises oder eines anderen g\u00fcltigen Ausweises beif\u00fcgen, der ihn dazu legitimiert, einschlie\u00dflich solcher, die eine elektronische Identifizierung erm\u00f6glichen.<\/p>\n\n<p>Sollten Ihre Rechte nicht wirksam wahrgenommen werden, k\u00f6nnen Sie eine Beschwerde bei der spanischen Datenschutzbeh\u00f6rde (Agencia Espa\u00f1ola de Protecci\u00f3n de Datos) einreichen.<\/p>\n\n<p><strong>Ihr Engagement, die Wahrhaftigkeit der Daten, die Sie uns geben<\/strong><\/p>\n\n<p>Der Nutzer erkl\u00e4rt, dass die pers\u00f6nlichen Daten, die er CONSTRUCCIONES GR\u00c1VALOS zur Verf\u00fcgung stellt, der Wahrheit entsprechen. Als Nutzer m\u00fcssen Sie wissen, dass Sie die alleinige Verantwortung f\u00fcr jeglichen direkten oder indirekten Schaden tragen, der CONSTRUCCIONES GR\u00c1VALOS als Verantwortlichem dieser Website oder einem Dritten entstehen k\u00f6nnte, wenn Sie uns ohne Ihre vorherige Zustimmung falsche Daten oder Daten Dritter \u00fcbermitteln und dadurch T\u00e4uschung, Schaden oder Nachteile verursachen.<\/p>\n\n<p>Damit wir Ihre Daten korrekt und auf dem neuesten Stand halten k\u00f6nnen, bitten wir den Nutzer, uns \u00fcber eventuelle \u00c4nderungen der angegebenen Daten zu informieren.<\/p>\n\n<p><strong>Zustimmung von Minderj\u00e4hrigen<\/strong><\/p>\n\n<p>CONTRUCCIONES GR\u00c1VALOS untersagt Nutzern unter 14 Jahren die \u00dcbermittlung von personenbezogenen Daten \u00fcber diese Website oder die dort angegebenen Mittel. Sollte diese Einrichtung Nutzer entdecken, die m\u00f6glicherweise unter dem oben genannten Alter sind, wird sie deren Daten nicht verarbeiten und daher auch nicht auf Anfragen reagieren.<\/p>\n\n<p>CONSTRUCCIONES GR\u00c1VALOS beh\u00e4lt sich das Recht vor, eine Kopie des Personalausweises oder eines gleichwertigen Dokuments anzufordern, das die Legitimit\u00e4t des Nutzers best\u00e4tigt, falls ein begr\u00fcndeter Verdacht bez\u00fcglich der Minderheit des Nutzers besteht.<\/p>\n\n<p><strong>Ich<\/strong><strong>Anwendbare Sicherheitsma\u00dfnahmen<\/strong><\/p>\n\n<p>Um die personenbezogenen Daten der Nutzer zu sch\u00fctzen, gew\u00e4hrleistet CONSTRUCCIONES GR\u00c1VALOS sich selbst und kontrolliert seine Datenverarbeiter bei der Anwendung von technischen und organisatorischen Ma\u00dfnahmen, die dem Stand der Technik entsprechen, um personenbezogene Daten zu sch\u00fctzen, unter Ber\u00fccksichtigung des Umfangs, des Kontexts und der Zwecke der Verarbeitung sowie der Risiken unterschiedlicher Wahrscheinlichkeit und Schwere f\u00fcr die Rechte und Freiheiten der betroffenen Personen, wobei versucht wird, die Vertraulichkeit, Integrit\u00e4t, Verf\u00fcgbarkeit und Widerstandsf\u00e4higkeit der Systeme und Dienste der Verarbeitung zu gew\u00e4hrleisten.<\/p>\n\n<p>Unsere Richtlinien und Verfahren zur Informationssicherheit werden regelm\u00e4\u00dfig \u00fcberpr\u00fcft und aktualisiert, um unseren gesch\u00e4ftlichen Anforderungen, technologischen Ver\u00e4nderungen und gesetzlichen Vorschriften gerecht zu werden.<\/p>\n\n<p><strong>Anwendbares Recht und Gerichtsbarkeit<\/strong><\/p>\n\n<p>CONSTRUCCIONES GR\u00c1VALOS hat seinen Sitz in Spanien, daher wurde der Inhalt dieser Datenschutzrichtlinie in \u00dcbereinstimmung mit der spanischen Gesetzgebung und den geltenden Vorschriften der Europ\u00e4ischen Union verfasst.<\/p>\n\n<p>Mit der Annahme dieser Datenschutzerkl\u00e4rung erkl\u00e4ren Sie sich damit einverstanden, dass Anspr\u00fcche oder Beschwerden gegen diese Einrichtung, die sich aus der Nutzung dieser Website und insbesondere der Verarbeitung Ihrer pers\u00f6nlichen Daten ergeben oder damit in Zusammenhang stehen, von dem zust\u00e4ndigen Gericht in Zaragoza entschieden werden. Sollte CONSTRUCCIONES GR\u00c1VALOS irgendeine Art von Klage erheben m\u00fcssen, so erfolgt dies vor dem zust\u00e4ndigen Gericht am Wohnsitz des Nutzers oder am Sitz des Unternehmens (Zaragoza), wenn es sich um juristische Personen oder Nichtverbraucher handelt.<\/p>\n\n<p>Wenn Sie von einem Ort au\u00dferhalb Spaniens auf diese Website zugreifen, sind Sie f\u00fcr die Einhaltung aller geltenden lokalen und internationalen Gesetze verantwortlich.<\/p>\n\n<p><strong>Datenschutzrichtlinie zuletzt aktualisiert am 28. November 2023.<\/strong><\/p>\n\n<p><a id=\"_msocom_1\"><\/a><\/p>\n","protected":false},"excerpt":{"rendered":"<p>CONSTRUCCIONES GR\u00c1VALOS S.A. (im Folgenden &#8222;CONSTRUCCIONES GR\u00c1VALOS&#8220; oder &#8222;das Unternehmen&#8220;) erkl\u00e4rt, dass es die geltenden spanischen und europ\u00e4ischen Rechtsvorschriften zum Schutz personenbezogener Daten einh\u00e4lt, insbesondere &#8230;<\/p>\n<div class=\"wp-block-buttons\">\n<div class=\"wp-block-button is-style-arrow-link\"><span class=\"wp-block-button__link\">Mehr wissen<\/span><\/div>\n<\/div>\n","protected":false},"author":1,"featured_media":0,"parent":0,"menu_order":99,"comment_status":"closed","ping_status":"closed","template":"","meta":{"_acf_changed":false,"inline_featured_image":false,"footnotes":""},"class_list":["post-2552","page","type-page","status-publish","hentry"],"acf":[],"_links":{"self":[{"href":"https:\/\/www.gravalos-sa.com\/de\/wp-json\/wp\/v2\/pages\/2552","targetHints":{"allow":["GET"]}}],"collection":[{"href":"https:\/\/www.gravalos-sa.com\/de\/wp-json\/wp\/v2\/pages"}],"about":[{"href":"https:\/\/www.gravalos-sa.com\/de\/wp-json\/wp\/v2\/types\/page"}],"author":[{"embeddable":true,"href":"https:\/\/www.gravalos-sa.com\/de\/wp-json\/wp\/v2\/users\/1"}],"replies":[{"embeddable":true,"href":"https:\/\/www.gravalos-sa.com\/de\/wp-json\/wp\/v2\/comments?post=2552"}],"version-history":[{"count":4,"href":"https:\/\/www.gravalos-sa.com\/de\/wp-json\/wp\/v2\/pages\/2552\/revisions"}],"predecessor-version":[{"id":5691,"href":"https:\/\/www.gravalos-sa.com\/de\/wp-json\/wp\/v2\/pages\/2552\/revisions\/5691"}],"wp:attachment":[{"href":"https:\/\/www.gravalos-sa.com\/de\/wp-json\/wp\/v2\/media?parent=2552"}],"curies":[{"name":"wp","href":"https:\/\/api.w.org\/{rel}","templated":true}]}}