{"id":2557,"date":"2022-09-15T08:24:44","date_gmt":"2022-09-15T08:24:44","guid":{"rendered":"https:\/\/www.gravalos-sa.com\/pa-polyamid\/"},"modified":"2023-07-10T23:18:38","modified_gmt":"2023-07-10T23:18:38","slug":"pa-polyamid","status":"publish","type":"page","link":"https:\/\/www.gravalos-sa.com\/de\/materialien\/pa-polyamid\/","title":{"rendered":"PA (Polyamid)"},"content":{"rendered":"\n<div class=\"wp-block-cover alignfull is-style-header-cover\"><span aria-hidden=\"true\" class=\"wp-block-cover__background has-primary-100-background-color has-background-dim-90 has-background-dim\"><\/span><img loading=\"lazy\" decoding=\"async\" width=\"1920\" height=\"981\" src=\"https:\/\/www.gravalos-sa.com\/wp-content\/uploads\/material-pa.jpg\" class=\"wp-block-cover__image-background wp-post-image\" alt=\"material-PA\" data-object-fit=\"cover\" data-object-position=\"50% 50%\" style=\"object-position:50% 50%;\" srcset=\"https:\/\/www.gravalos-sa.com\/wp-content\/uploads\/material-pa.jpg 1920w, https:\/\/www.gravalos-sa.com\/wp-content\/uploads\/material-pa-300x153.jpg 300w, https:\/\/www.gravalos-sa.com\/wp-content\/uploads\/material-pa-1024x523.jpg 1024w, https:\/\/www.gravalos-sa.com\/wp-content\/uploads\/material-pa-768x392.jpg 768w, https:\/\/www.gravalos-sa.com\/wp-content\/uploads\/material-pa-1536x785.jpg 1536w, https:\/\/www.gravalos-sa.com\/wp-content\/uploads\/material-pa-500x255.jpg 500w, https:\/\/www.gravalos-sa.com\/wp-content\/uploads\/material-pa-800x409.jpg 800w, https:\/\/www.gravalos-sa.com\/wp-content\/uploads\/material-pa-1280x654.jpg 1280w\" sizes=\"auto, (max-width: 1920px) 100vw, 1920px\" title=\"material-PA\" \/><div class=\"wp-block-cover__inner-container is-layout-flow wp-block-cover-is-layout-flow\">\n<p class=\"is-style-supertitulo mb-2\" style=\"text-transform:uppercase\">Materialien<\/p>\n\n\n<h1 class=\"display-1 wp-block-post-title\">PA (Polyamid)<\/h1><\/div><\/div>\n<div class=\"breadcrumb\" typeof=\"BreadcrumbList\" vocab=\"https:\/\/schema.org\/\"><div class=\"breadcrumb-inner\"><div class=\"gravalos-breadcrumb\"><span property=\"itemListElement\" typeof=\"ListItem\"><a property=\"item\" typeof=\"WebPage\" title=\"Gehe zu Gr\u00e1valos.\" href=\"https:\/\/www.gravalos-sa.com\/de\/\" class=\"home\" ><span property=\"name\">Gr\u00e1valos<\/span><\/a><meta property=\"position\" content=\"1\"><\/span><span class=\"breadcrumb-sep\"> | <\/span><span property=\"itemListElement\" typeof=\"ListItem\"><a property=\"item\" typeof=\"WebPage\" title=\"Gehe zu Blog.\" href=\"https:\/\/www.gravalos-sa.com\/de\/blog\/\" class=\"post-root post post-post\" aria-current=\"page\"><span property=\"name\">Blog<\/span><\/a><meta property=\"position\" content=\"2\"><\/span><\/div><\/div><\/div>\n<p>Polyamid (PA) ist ein synthetisches Polymer mit hohen Leistungsmerkmalen, das wir in der Gr\u00e1valos-Gruppe regelm\u00e4\u00dfig verwenden, insbesondere f\u00fcr Teile, die Reibung, mechanischer Belastung oder sogar dem Kontakt mit chemischen Elementen wie \u00d6len und anderen Fl\u00fcssigkeiten ausgesetzt sind, die aggressiv gegen\u00fcber Kunststoffen sind. Zum Beispiel sind Polyamidharze in vielen Teilen, die wir mit Buchsen oder Lagern herstellen, enthalten.<\/p>\n\n<p>Aufgrund all dieser Eigenschaften wird Polyamid in einem breiten Spektrum von Anwendungen eingesetzt, z. B. bei der Herstellung von Automobilteilen, elektronischen Bauteilen und allen Arten von Konsumg\u00fctern.<\/p>\n","protected":false},"excerpt":{"rendered":"<p>Polyamid (PA) ist ein synthetisches Polymer mit hohen Leistungsmerkmalen, das wir in der Gr\u00e1valos-Gruppe regelm\u00e4\u00dfig verwenden, insbesondere f\u00fcr Teile, die Reibung, mechanischer Belastung oder sogar &#8230;<\/p>\n<div class=\"wp-block-buttons\">\n<div class=\"wp-block-button is-style-arrow-link\"><span class=\"wp-block-button__link\">Mehr wissen<\/span><\/div>\n<\/div>\n","protected":false},"author":1,"featured_media":2513,"parent":2616,"menu_order":0,"comment_status":"closed","ping_status":"closed","template":"","meta":{"_acf_changed":false,"inline_featured_image":false,"footnotes":""},"class_list":["post-2557","page","type-page","status-publish","has-post-thumbnail","hentry"],"acf":[],"_links":{"self":[{"href":"https:\/\/www.gravalos-sa.com\/de\/wp-json\/wp\/v2\/pages\/2557","targetHints":{"allow":["GET"]}}],"collection":[{"href":"https:\/\/www.gravalos-sa.com\/de\/wp-json\/wp\/v2\/pages"}],"about":[{"href":"https:\/\/www.gravalos-sa.com\/de\/wp-json\/wp\/v2\/types\/page"}],"author":[{"embeddable":true,"href":"https:\/\/www.gravalos-sa.com\/de\/wp-json\/wp\/v2\/users\/1"}],"replies":[{"embeddable":true,"href":"https:\/\/www.gravalos-sa.com\/de\/wp-json\/wp\/v2\/comments?post=2557"}],"version-history":[{"count":1,"href":"https:\/\/www.gravalos-sa.com\/de\/wp-json\/wp\/v2\/pages\/2557\/revisions"}],"predecessor-version":[{"id":2560,"href":"https:\/\/www.gravalos-sa.com\/de\/wp-json\/wp\/v2\/pages\/2557\/revisions\/2560"}],"up":[{"embeddable":true,"href":"https:\/\/www.gravalos-sa.com\/de\/wp-json\/wp\/v2\/pages\/2616"}],"wp:featuredmedia":[{"embeddable":true,"href":"https:\/\/www.gravalos-sa.com\/de\/wp-json\/wp\/v2\/media\/2513"}],"wp:attachment":[{"href":"https:\/\/www.gravalos-sa.com\/de\/wp-json\/wp\/v2\/media?parent=2557"}],"curies":[{"name":"wp","href":"https:\/\/api.w.org\/{rel}","templated":true}]}}