{"id":2576,"date":"2022-09-22T07:43:45","date_gmt":"2022-09-22T07:43:45","guid":{"rendered":"https:\/\/www.gravalos-sa.com\/pom-polyoxymethylen\/"},"modified":"2023-07-10T23:18:42","modified_gmt":"2023-07-10T23:18:42","slug":"pom-polyoxymethylen","status":"publish","type":"page","link":"https:\/\/www.gravalos-sa.com\/de\/materialien\/pom-polyoxymethylen\/","title":{"rendered":"POM (Polyoxymethylen)"},"content":{"rendered":"\n<div class=\"wp-block-cover alignfull is-style-header-cover\"><span aria-hidden=\"true\" class=\"wp-block-cover__background has-primary-100-background-color has-background-dim-90 has-background-dim\"><\/span><img loading=\"lazy\" decoding=\"async\" width=\"1920\" height=\"1014\" src=\"https:\/\/www.gravalos-sa.com\/wp-content\/uploads\/material-pom.jpg\" class=\"wp-block-cover__image-background wp-post-image\" alt=\"material-POM\" data-object-fit=\"cover\" srcset=\"https:\/\/www.gravalos-sa.com\/wp-content\/uploads\/material-pom.jpg 1920w, https:\/\/www.gravalos-sa.com\/wp-content\/uploads\/material-pom-300x158.jpg 300w, https:\/\/www.gravalos-sa.com\/wp-content\/uploads\/material-pom-1024x541.jpg 1024w, https:\/\/www.gravalos-sa.com\/wp-content\/uploads\/material-pom-768x406.jpg 768w, https:\/\/www.gravalos-sa.com\/wp-content\/uploads\/material-pom-1536x811.jpg 1536w, https:\/\/www.gravalos-sa.com\/wp-content\/uploads\/material-pom-500x264.jpg 500w, https:\/\/www.gravalos-sa.com\/wp-content\/uploads\/material-pom-800x423.jpg 800w, https:\/\/www.gravalos-sa.com\/wp-content\/uploads\/material-pom-1280x676.jpg 1280w\" sizes=\"auto, (max-width: 1920px) 100vw, 1920px\" title=\"material-POM\" \/><div class=\"wp-block-cover__inner-container is-layout-flow wp-block-cover-is-layout-flow\">\n<p class=\"is-style-supertitulo mb-2\" style=\"text-transform:uppercase\">Materialien<\/p>\n\n\n<h1 class=\"display-1 wp-block-post-title\">POM (Polyoxymethylen)<\/h1><\/div><\/div>\n<div class=\"breadcrumb\" typeof=\"BreadcrumbList\" vocab=\"https:\/\/schema.org\/\"><div class=\"breadcrumb-inner\"><div class=\"gravalos-breadcrumb\"><span property=\"itemListElement\" typeof=\"ListItem\"><a property=\"item\" typeof=\"WebPage\" title=\"Gehe zu Gr\u00e1valos.\" href=\"https:\/\/www.gravalos-sa.com\/de\/\" class=\"home\" ><span property=\"name\">Gr\u00e1valos<\/span><\/a><meta property=\"position\" content=\"1\"><\/span><span class=\"breadcrumb-sep\"> | <\/span><span property=\"itemListElement\" typeof=\"ListItem\"><a property=\"item\" typeof=\"WebPage\" title=\"Gehe zu Blog.\" href=\"https:\/\/www.gravalos-sa.com\/de\/blog\/\" class=\"post-root post post-post\" aria-current=\"page\"><span property=\"name\">Blog<\/span><\/a><meta property=\"position\" content=\"2\"><\/span><\/div><\/div><\/div>\n<p>Polyoxymethylen (POM) zeichnet sich durch hohe Steifigkeit, Verschlei\u00dffestigkeit und Formstabilit\u00e4t aus. Gerade Bauteile, die eine hohe Ma\u00dfgenauigkeit und enge Toleranzen erfordern, profitieren am meisten von den Eigenschaften dieses Werkstoffs.<\/p>\n\n<p>Dar\u00fcber hinaus bietet POM sehr gute Elastizit\u00e4tseigenschaften (z.B. bei Federn und Presspassungen) sowie eine einfache Verarbeitung, eine hervorragende Oberfl\u00e4chenbeschaffenheit, eine gute chemische Best\u00e4ndigkeit und zeichnet sich auch durch ein hervorragendes tribologisches Verhalten (Gleit- und Reibverhalten) aus.<\/p>\n\n<p>Dieser thermoplastische Kunststoff wird h\u00e4ufig in Produkten f\u00fcr die Automobil-, Elektro- und Elektronikindustrie sowie bei der Herstellung von Bauteilen f\u00fcr Maschinen, Industrieanlagen und einer Vielzahl von Konsumg\u00fctern verwendet.<\/p>\n","protected":false},"excerpt":{"rendered":"<p>Polyoxymethylen (POM) zeichnet sich durch hohe Steifigkeit, Verschlei\u00dffestigkeit und Formstabilit\u00e4t aus. Gerade Bauteile, die eine hohe Ma\u00dfgenauigkeit und enge Toleranzen erfordern, profitieren am meisten von &#8230;<\/p>\n<div class=\"wp-block-buttons\">\n<div class=\"wp-block-button is-style-arrow-link\"><span class=\"wp-block-button__link\">Mehr wissen<\/span><\/div>\n<\/div>\n","protected":false},"author":1,"featured_media":2511,"parent":2616,"menu_order":0,"comment_status":"closed","ping_status":"closed","template":"","meta":{"_acf_changed":false,"inline_featured_image":false,"footnotes":""},"class_list":["post-2576","page","type-page","status-publish","has-post-thumbnail","hentry"],"acf":[],"_links":{"self":[{"href":"https:\/\/www.gravalos-sa.com\/de\/wp-json\/wp\/v2\/pages\/2576","targetHints":{"allow":["GET"]}}],"collection":[{"href":"https:\/\/www.gravalos-sa.com\/de\/wp-json\/wp\/v2\/pages"}],"about":[{"href":"https:\/\/www.gravalos-sa.com\/de\/wp-json\/wp\/v2\/types\/page"}],"author":[{"embeddable":true,"href":"https:\/\/www.gravalos-sa.com\/de\/wp-json\/wp\/v2\/users\/1"}],"replies":[{"embeddable":true,"href":"https:\/\/www.gravalos-sa.com\/de\/wp-json\/wp\/v2\/comments?post=2576"}],"version-history":[{"count":1,"href":"https:\/\/www.gravalos-sa.com\/de\/wp-json\/wp\/v2\/pages\/2576\/revisions"}],"predecessor-version":[{"id":2582,"href":"https:\/\/www.gravalos-sa.com\/de\/wp-json\/wp\/v2\/pages\/2576\/revisions\/2582"}],"up":[{"embeddable":true,"href":"https:\/\/www.gravalos-sa.com\/de\/wp-json\/wp\/v2\/pages\/2616"}],"wp:featuredmedia":[{"embeddable":true,"href":"https:\/\/www.gravalos-sa.com\/de\/wp-json\/wp\/v2\/media\/2511"}],"wp:attachment":[{"href":"https:\/\/www.gravalos-sa.com\/de\/wp-json\/wp\/v2\/media?parent=2576"}],"curies":[{"name":"wp","href":"https:\/\/api.w.org\/{rel}","templated":true}]}}