{"id":2605,"date":"2022-09-15T08:23:53","date_gmt":"2022-09-15T08:23:53","guid":{"rendered":"https:\/\/www.gravalos-sa.com\/haushaltsgeraete\/"},"modified":"2023-07-10T23:21:12","modified_gmt":"2023-07-10T23:21:12","slug":"haushaltsgeraete","status":"publish","type":"page","link":"https:\/\/www.gravalos-sa.com\/de\/haushaltsgeraete\/","title":{"rendered":"Haushaltsger\u00e4te"},"content":{"rendered":"\n<div class=\"wp-block-cover alignfull is-style-header-cover\"><span aria-hidden=\"true\" class=\"wp-block-cover__background has-primary-100-background-color has-background-dim-90 has-background-dim\"><\/span><img loading=\"lazy\" decoding=\"async\" width=\"1920\" height=\"1280\" src=\"https:\/\/www.gravalos-sa.com\/wp-content\/uploads\/gama-blanca-lavadora.jpg\" class=\"wp-block-cover__image-background wp-post-image\" alt=\"gama-blanca-lavadora\" data-object-fit=\"cover\" srcset=\"https:\/\/www.gravalos-sa.com\/wp-content\/uploads\/gama-blanca-lavadora.jpg 1920w, https:\/\/www.gravalos-sa.com\/wp-content\/uploads\/gama-blanca-lavadora-300x200.jpg 300w, https:\/\/www.gravalos-sa.com\/wp-content\/uploads\/gama-blanca-lavadora-1024x683.jpg 1024w, https:\/\/www.gravalos-sa.com\/wp-content\/uploads\/gama-blanca-lavadora-768x512.jpg 768w, https:\/\/www.gravalos-sa.com\/wp-content\/uploads\/gama-blanca-lavadora-1536x1024.jpg 1536w\" sizes=\"auto, (max-width: 1920px) 100vw, 1920px\" title=\"gama-blanca-lavadora\" \/><div class=\"wp-block-cover__inner-container is-layout-flow wp-block-cover-is-layout-flow\">\n<p class=\"is-style-supertitulo mb-2\" style=\"text-transform:uppercase\">Sektoren<\/p>\n\n\n<h1 class=\"display-1 wp-block-post-title\">Haushaltsger\u00e4te<\/h1><\/div><\/div>\n<div class=\"breadcrumb\" typeof=\"BreadcrumbList\" vocab=\"https:\/\/schema.org\/\"><div class=\"breadcrumb-inner\"><div class=\"gravalos-breadcrumb\"><span property=\"itemListElement\" typeof=\"ListItem\"><a property=\"item\" typeof=\"WebPage\" title=\"Gehe zu Gr\u00e1valos.\" href=\"https:\/\/www.gravalos-sa.com\/de\/\" class=\"home\" ><span property=\"name\">Gr\u00e1valos<\/span><\/a><meta property=\"position\" content=\"1\"><\/span><span class=\"breadcrumb-sep\"> | <\/span><span property=\"itemListElement\" typeof=\"ListItem\"><a property=\"item\" typeof=\"WebPage\" title=\"Gehe zu Blog.\" href=\"https:\/\/www.gravalos-sa.com\/de\/blog\/\" class=\"post-root post post-post\" aria-current=\"page\"><span property=\"name\">Blog<\/span><\/a><meta property=\"position\" content=\"2\"><\/span><\/div><\/div><\/div>\n<div class=\"wp-block-media-text alignwide is-stacked-on-mobile\"><figure class=\"wp-block-media-text__media\"><img decoding=\"async\" src=\"https:\/\/www.gravalos-sa.com\/wp-content\/uploads\/inyeccion-maquina-36-gravalos-34.jpg\" alt=\"\" class=\"wp-image-516 size-full\" title=\"\"><\/figure><div class=\"wp-block-media-text__content\">\n<h2 class=\"wp-block-heading has-medium-font-size\">Haushaltsger\u00e4te<\/h2>\n\n\n\n<p>Spritzguss- und Induktionstechnikteile sind, auch wenn wir uns dessen nicht immer bewusst sind, in fast allen Haushaltsger\u00e4ten (wei\u00dfe Ware) wie Waschmaschinen, Geschirrsp\u00fclern, Herden, K\u00fchlschr\u00e4nken, \u00d6fen und vielen anderen Produkten zu finden.<\/p>\n\n\n\n<p>Auf unseren Produktionslinien stellen wir sowohl Kunststoffspritzguss- und Induktionsformteile in Form von Endprodukten als auch eine breite Palette von Strukturen und Unterbaugruppen her, die den Zusammenbau verschiedener Teile sowie den Einbau von Verbindungsst\u00fccken umfassen.<\/p>\n\n\n\n<div class=\"wp-block-buttons is-layout-flex wp-block-buttons-is-layout-flex\">\n<div class=\"wp-block-button is-style-arrow-link\"><a class=\"wp-block-button__link wp-element-button\" href=\"https:\/\/www.gravalos-sa.com\/contacto\/\">Kontakt mit uns<\/a><\/div>\n<\/div>\n<\/div><\/div>\n","protected":false},"excerpt":{"rendered":"<p> &#8230;<\/p>\n<div class=\"wp-block-buttons\">\n<div class=\"wp-block-button is-style-arrow-link\"><span class=\"wp-block-button__link\">Mehr wissen<\/span><\/div>\n<\/div>\n","protected":false},"author":1,"featured_media":2450,"parent":0,"menu_order":55,"comment_status":"closed","ping_status":"closed","template":"","meta":{"_acf_changed":false,"inline_featured_image":false,"footnotes":""},"class_list":["post-2605","page","type-page","status-publish","has-post-thumbnail","hentry"],"acf":[],"_links":{"self":[{"href":"https:\/\/www.gravalos-sa.com\/de\/wp-json\/wp\/v2\/pages\/2605","targetHints":{"allow":["GET"]}}],"collection":[{"href":"https:\/\/www.gravalos-sa.com\/de\/wp-json\/wp\/v2\/pages"}],"about":[{"href":"https:\/\/www.gravalos-sa.com\/de\/wp-json\/wp\/v2\/types\/page"}],"author":[{"embeddable":true,"href":"https:\/\/www.gravalos-sa.com\/de\/wp-json\/wp\/v2\/users\/1"}],"replies":[{"embeddable":true,"href":"https:\/\/www.gravalos-sa.com\/de\/wp-json\/wp\/v2\/comments?post=2605"}],"version-history":[{"count":1,"href":"https:\/\/www.gravalos-sa.com\/de\/wp-json\/wp\/v2\/pages\/2605\/revisions"}],"predecessor-version":[{"id":2610,"href":"https:\/\/www.gravalos-sa.com\/de\/wp-json\/wp\/v2\/pages\/2605\/revisions\/2610"}],"wp:featuredmedia":[{"embeddable":true,"href":"https:\/\/www.gravalos-sa.com\/de\/wp-json\/wp\/v2\/media\/2450"}],"wp:attachment":[{"href":"https:\/\/www.gravalos-sa.com\/de\/wp-json\/wp\/v2\/media?parent=2605"}],"curies":[{"name":"wp","href":"https:\/\/api.w.org\/{rel}","templated":true}]}}