{"id":2616,"date":"2022-09-15T08:24:13","date_gmt":"2022-09-15T08:24:13","guid":{"rendered":"https:\/\/www.gravalos-sa.com\/materialien\/"},"modified":"2023-07-10T23:21:13","modified_gmt":"2023-07-10T23:21:13","slug":"materialien","status":"publish","type":"page","link":"https:\/\/www.gravalos-sa.com\/de\/materialien\/","title":{"rendered":"Materialien"},"content":{"rendered":"\n<div class=\"wp-block-cover alignfull is-style-header-cover\"><span aria-hidden=\"true\" class=\"wp-block-cover__background has-primary-100-background-color has-background-dim-80 has-background-dim\"><\/span><video class=\"wp-block-cover__video-background intrinsic-ignore\" autoplay muted loop playsinline src=\"https:\/\/www.gravalos-sa.com\/wp-content\/uploads\/recurso-nave.mp4\" data-object-fit=\"cover\"><\/video><div class=\"wp-block-cover__inner-container is-layout-flow wp-block-cover-is-layout-flow\">\n<p class=\"is-style-supertitulo mb-2\" style=\"text-transform:uppercase\">Verarbeitung von technischen Thermoplasten<\/p>\n\n\n\n<h1 class=\"wp-block-heading display-1\">Materialien<\/h1>\n<\/div><\/div>\n<div class=\"breadcrumb\" typeof=\"BreadcrumbList\" vocab=\"https:\/\/schema.org\/\"><div class=\"breadcrumb-inner\"><div class=\"gravalos-breadcrumb\"><span property=\"itemListElement\" typeof=\"ListItem\"><a property=\"item\" typeof=\"WebPage\" title=\"Gehe zu Gr\u00e1valos.\" href=\"https:\/\/www.gravalos-sa.com\/de\/\" class=\"home\" ><span property=\"name\">Gr\u00e1valos<\/span><\/a><meta property=\"position\" content=\"1\"><\/span><span class=\"breadcrumb-sep\"> | <\/span><span property=\"itemListElement\" typeof=\"ListItem\"><a property=\"item\" typeof=\"WebPage\" title=\"Gehe zu Blog.\" href=\"https:\/\/www.gravalos-sa.com\/de\/blog\/\" class=\"post-root post post-post\" aria-current=\"page\"><span property=\"name\">Blog<\/span><\/a><meta property=\"position\" content=\"2\"><\/span><\/div><\/div><\/div>\n<div class=\"wp-block-columns is-layout-flex wp-container-core-columns-is-layout-9d6595d7 wp-block-columns-is-layout-flex\">\n<div class=\"wp-block-column is-layout-flow wp-block-column-is-layout-flow\">\n<h2 class=\"wp-block-heading h2\">Thermoplastische Kunststoffe in der Industrie<\/h2>\n<\/div>\n\n\n\n<div class=\"wp-block-column is-layout-flow wp-block-column-is-layout-flow\">\n<p>Thermoplastische Kunststoffe sind die Werkstoffe, mit denen wir in der Gr\u00e1valos Gruppe am meisten arbeiten, und sie geh\u00f6ren auch zu den in der Industrie am h\u00e4ufigsten verwendeten. Ihr Hauptvorteil ist, dass sie beim Erhitzen schmelzen und flie\u00dfen k\u00f6nnen und beim Abk\u00fchlen erstarren, um alle Arten von Spritzguss- und Induktionsteilen zu formen.<\/p>\n<\/div>\n<\/div>\n\n<div class=\"wp-block-cover alignfull\"><span aria-hidden=\"true\" class=\"wp-block-cover__background has-primary-80-background-color has-background-dim-100 has-background-dim\"><\/span><div class=\"wp-block-cover__inner-container is-layout-flow wp-block-cover-is-layout-flow\">\n<p class=\"has-text-align-center has-medium-font-size\">In mehr als 75 Jahren Erfahrung haben wir uns ein umfassendes Know-how in der Verarbeitung von technischen Thermoplasten angeeignet, das es uns erm\u00f6glicht, die hohen und komplexen Anforderungen unserer Kunden zu erf\u00fcllen.<\/p>\n<\/div><\/div>\n\n<div style=\"height:4rem\" aria-hidden=\"true\" class=\"wp-block-spacer\"><\/div>\n\n<p>Die gebr\u00e4uchlichsten Thermoplaste sind Polyethylen (mit Varianten niedriger und hoher Dichte), Polypropylen und Polystyrol. Wenn bessere mechanische oder thermische Eigenschaften erforderlich sind, wenden wir uns an technische Kunststoffe, die auch als Hochleistungskunststoffe bezeichnet werden. Dazu geh\u00f6ren Materialien wie Polybutylenterephthalat (PBT), Polyphenylensulfid (PPS), Polyamide (PA) und Polyacetal (POM).<\/p>\n\n<div style=\"height:32px\" aria-hidden=\"true\" class=\"wp-block-spacer\"><\/div>\n\n\t\t<div class=\"hfeed\">\n\n\t\t\t<div class=\"row\">\n\n\t\t\t\t\n\t\t\t\t\t\n\t\t\t\t\t\t<div class=\"col-md-6 col-lg-4\">\n\n\t\t\t\t\t\n\t\t\t\t\t\t\n<article class=\"grid-post stretch-linked-block post-2548 page type-page status-publish has-post-thumbnail hentry\" id=\"post-2548\">\n\n\t<div class=\"wp-block-cover has-background-dim\">\n\n\t\t<span aria-hidden=\"true\" class=\"wp-block-cover__background has-primary-background-color\"><\/span>\n\n\t\t<img loading=\"lazy\" decoding=\"async\" width=\"640\" height=\"275\" src=\"https:\/\/www.gravalos-sa.com\/wp-content\/uploads\/material-pps-768x330.jpg\" class=\"wp-block-cover__image-background wp-post-image\" alt=\"material-PPS\" srcset=\"https:\/\/www.gravalos-sa.com\/wp-content\/uploads\/material-pps-768x330.jpg 768w, https:\/\/www.gravalos-sa.com\/wp-content\/uploads\/material-pps-300x129.jpg 300w, https:\/\/www.gravalos-sa.com\/wp-content\/uploads\/material-pps-1024x440.jpg 1024w, https:\/\/www.gravalos-sa.com\/wp-content\/uploads\/material-pps-1536x660.jpg 1536w, https:\/\/www.gravalos-sa.com\/wp-content\/uploads\/material-pps-500x215.jpg 500w, https:\/\/www.gravalos-sa.com\/wp-content\/uploads\/material-pps-800x344.jpg 800w, https:\/\/www.gravalos-sa.com\/wp-content\/uploads\/material-pps-1280x550.jpg 1280w, https:\/\/www.gravalos-sa.com\/wp-content\/uploads\/material-pps.jpg 1920w\" sizes=\"auto, (max-width: 640px) 100vw, 640px\" title=\"material-PPS\" \/>\n\t\t<div class=\"wp-block-cover__inner-container container\">\n\n\t\t\t<header class=\"entry-header\">\n\n\t\t\t\t\n\t\t\t\t<span class=\"current-post-number\">01<\/span><h3 class=\"h4 entry-title\"><a class=\"stretched-link\" href=\"https:\/\/www.gravalos-sa.com\/de\/materialien\/pps-polyphenylensulfid\/\" rel=\"bookmark\">PPS (Polyphenylensulfid)<\/a><\/h3>\n\t\t\t<\/header><!-- .entry-header -->\n\n\t\t<\/div>\n\n\t<\/div>\n\n\t<div class=\"entry-content\">\n\n\t\t\n\t\t\n\t<\/div><!-- .entry-content -->\n\n\n<\/article><!-- #post-## -->\n\n\t\t\t\t\t<\/div>\n\n\t\t\t\t\n\t\t\t\t\t\n\t\t\t\t\t\t<div class=\"col-md-6 col-lg-4\">\n\n\t\t\t\t\t\n\t\t\t\t\t\t\n<article class=\"grid-post stretch-linked-block post-2549 page type-page status-publish has-post-thumbnail hentry\" id=\"post-2549\">\n\n\t<div class=\"wp-block-cover has-background-dim\">\n\n\t\t<span aria-hidden=\"true\" class=\"wp-block-cover__background has-primary-background-color\"><\/span>\n\n\t\t<img loading=\"lazy\" decoding=\"async\" width=\"640\" height=\"340\" src=\"https:\/\/www.gravalos-sa.com\/wp-content\/uploads\/material-pbt-768x408.jpg\" class=\"wp-block-cover__image-background wp-post-image\" alt=\"material-PBT\" srcset=\"https:\/\/www.gravalos-sa.com\/wp-content\/uploads\/material-pbt-768x408.jpg 768w, https:\/\/www.gravalos-sa.com\/wp-content\/uploads\/material-pbt-300x160.jpg 300w, https:\/\/www.gravalos-sa.com\/wp-content\/uploads\/material-pbt-1024x545.jpg 1024w, https:\/\/www.gravalos-sa.com\/wp-content\/uploads\/material-pbt-1536x817.jpg 1536w, https:\/\/www.gravalos-sa.com\/wp-content\/uploads\/material-pbt-500x266.jpg 500w, https:\/\/www.gravalos-sa.com\/wp-content\/uploads\/material-pbt-800x425.jpg 800w, https:\/\/www.gravalos-sa.com\/wp-content\/uploads\/material-pbt-1280x681.jpg 1280w, https:\/\/www.gravalos-sa.com\/wp-content\/uploads\/material-pbt.jpg 1920w\" sizes=\"auto, (max-width: 640px) 100vw, 640px\" title=\"material-PBT\" \/>\n\t\t<div class=\"wp-block-cover__inner-container container\">\n\n\t\t\t<header class=\"entry-header\">\n\n\t\t\t\t\n\t\t\t\t<span class=\"current-post-number\">02<\/span><h3 class=\"h4 entry-title\"><a class=\"stretched-link\" href=\"https:\/\/www.gravalos-sa.com\/de\/materialien\/pbt-polybutylenterephthalat\/\" rel=\"bookmark\">PBT (Polybutylenterephthalat)<\/a><\/h3>\n\t\t\t<\/header><!-- .entry-header -->\n\n\t\t<\/div>\n\n\t<\/div>\n\n\t<div class=\"entry-content\">\n\n\t\t\n\t\t\n\t<\/div><!-- .entry-content -->\n\n\n<\/article><!-- #post-## -->\n\n\t\t\t\t\t<\/div>\n\n\t\t\t\t\n\t\t\t\t\t\n\t\t\t\t\t\t<div class=\"col-md-6 col-lg-4\">\n\n\t\t\t\t\t\n\t\t\t\t\t\t\n<article class=\"grid-post stretch-linked-block post-2550 page type-page status-publish has-post-thumbnail hentry\" id=\"post-2550\">\n\n\t<div class=\"wp-block-cover has-background-dim\">\n\n\t\t<span aria-hidden=\"true\" class=\"wp-block-cover__background has-primary-background-color\"><\/span>\n\n\t\t<img loading=\"lazy\" decoding=\"async\" width=\"640\" height=\"350\" src=\"https:\/\/www.gravalos-sa.com\/wp-content\/uploads\/material-pc-768x420.jpg\" class=\"wp-block-cover__image-background wp-post-image\" alt=\"material-PC\" srcset=\"https:\/\/www.gravalos-sa.com\/wp-content\/uploads\/material-pc-768x420.jpg 768w, https:\/\/www.gravalos-sa.com\/wp-content\/uploads\/material-pc-300x164.jpg 300w, https:\/\/www.gravalos-sa.com\/wp-content\/uploads\/material-pc-1024x561.jpg 1024w, https:\/\/www.gravalos-sa.com\/wp-content\/uploads\/material-pc-1536x841.jpg 1536w, https:\/\/www.gravalos-sa.com\/wp-content\/uploads\/material-pc-500x274.jpg 500w, https:\/\/www.gravalos-sa.com\/wp-content\/uploads\/material-pc-800x438.jpg 800w, https:\/\/www.gravalos-sa.com\/wp-content\/uploads\/material-pc-1280x701.jpg 1280w, https:\/\/www.gravalos-sa.com\/wp-content\/uploads\/material-pc.jpg 1920w\" sizes=\"auto, (max-width: 640px) 100vw, 640px\" title=\"material-PC\" \/>\n\t\t<div class=\"wp-block-cover__inner-container container\">\n\n\t\t\t<header class=\"entry-header\">\n\n\t\t\t\t\n\t\t\t\t<span class=\"current-post-number\">03<\/span><h3 class=\"h4 entry-title\"><a class=\"stretched-link\" href=\"https:\/\/www.gravalos-sa.com\/de\/materialien\/pc-polycarbonat\/\" rel=\"bookmark\">PC (Polycarbonat)<\/a><\/h3>\n\t\t\t<\/header><!-- .entry-header -->\n\n\t\t<\/div>\n\n\t<\/div>\n\n\t<div class=\"entry-content\">\n\n\t\t\n\t\t\n\t<\/div><!-- .entry-content -->\n\n\n<\/article><!-- #post-## -->\n\n\t\t\t\t\t<\/div>\n\n\t\t\t\t\n\t\t\t\t\t\n\t\t\t\t\t\t<div class=\"col-md-6 col-lg-4\">\n\n\t\t\t\t\t\n\t\t\t\t\t\t\n<article class=\"grid-post stretch-linked-block post-2557 page type-page status-publish has-post-thumbnail hentry\" id=\"post-2557\">\n\n\t<div class=\"wp-block-cover has-background-dim\">\n\n\t\t<span aria-hidden=\"true\" class=\"wp-block-cover__background has-primary-background-color\"><\/span>\n\n\t\t<img loading=\"lazy\" decoding=\"async\" width=\"640\" height=\"327\" src=\"https:\/\/www.gravalos-sa.com\/wp-content\/uploads\/material-pa-768x392.jpg\" class=\"wp-block-cover__image-background wp-post-image\" alt=\"material-PA\" srcset=\"https:\/\/www.gravalos-sa.com\/wp-content\/uploads\/material-pa-768x392.jpg 768w, https:\/\/www.gravalos-sa.com\/wp-content\/uploads\/material-pa-300x153.jpg 300w, https:\/\/www.gravalos-sa.com\/wp-content\/uploads\/material-pa-1024x523.jpg 1024w, https:\/\/www.gravalos-sa.com\/wp-content\/uploads\/material-pa-1536x785.jpg 1536w, https:\/\/www.gravalos-sa.com\/wp-content\/uploads\/material-pa-500x255.jpg 500w, https:\/\/www.gravalos-sa.com\/wp-content\/uploads\/material-pa-800x409.jpg 800w, https:\/\/www.gravalos-sa.com\/wp-content\/uploads\/material-pa-1280x654.jpg 1280w, https:\/\/www.gravalos-sa.com\/wp-content\/uploads\/material-pa.jpg 1920w\" sizes=\"auto, (max-width: 640px) 100vw, 640px\" title=\"material-PA\" \/>\n\t\t<div class=\"wp-block-cover__inner-container container\">\n\n\t\t\t<header class=\"entry-header\">\n\n\t\t\t\t\n\t\t\t\t<span class=\"current-post-number\">04<\/span><h3 class=\"h4 entry-title\"><a class=\"stretched-link\" href=\"https:\/\/www.gravalos-sa.com\/de\/materialien\/pa-polyamid\/\" rel=\"bookmark\">PA (Polyamid)<\/a><\/h3>\n\t\t\t<\/header><!-- .entry-header -->\n\n\t\t<\/div>\n\n\t<\/div>\n\n\t<div class=\"entry-content\">\n\n\t\t\n\t\t\n\t<\/div><!-- .entry-content -->\n\n\n<\/article><!-- #post-## -->\n\n\t\t\t\t\t<\/div>\n\n\t\t\t\t\n\t\t\t\t\t\n\t\t\t\t\t\t<div class=\"col-md-6 col-lg-4\">\n\n\t\t\t\t\t\n\t\t\t\t\t\t\n<article class=\"grid-post stretch-linked-block post-2576 page type-page status-publish has-post-thumbnail hentry\" id=\"post-2576\">\n\n\t<div class=\"wp-block-cover has-background-dim\">\n\n\t\t<span aria-hidden=\"true\" class=\"wp-block-cover__background has-primary-background-color\"><\/span>\n\n\t\t<img loading=\"lazy\" decoding=\"async\" width=\"640\" height=\"338\" src=\"https:\/\/www.gravalos-sa.com\/wp-content\/uploads\/material-pom-768x406.jpg\" class=\"wp-block-cover__image-background wp-post-image\" alt=\"material-POM\" srcset=\"https:\/\/www.gravalos-sa.com\/wp-content\/uploads\/material-pom-768x406.jpg 768w, https:\/\/www.gravalos-sa.com\/wp-content\/uploads\/material-pom-300x158.jpg 300w, https:\/\/www.gravalos-sa.com\/wp-content\/uploads\/material-pom-1024x541.jpg 1024w, https:\/\/www.gravalos-sa.com\/wp-content\/uploads\/material-pom-1536x811.jpg 1536w, https:\/\/www.gravalos-sa.com\/wp-content\/uploads\/material-pom-500x264.jpg 500w, https:\/\/www.gravalos-sa.com\/wp-content\/uploads\/material-pom-800x423.jpg 800w, https:\/\/www.gravalos-sa.com\/wp-content\/uploads\/material-pom-1280x676.jpg 1280w, https:\/\/www.gravalos-sa.com\/wp-content\/uploads\/material-pom.jpg 1920w\" sizes=\"auto, (max-width: 640px) 100vw, 640px\" title=\"material-POM\" \/>\n\t\t<div class=\"wp-block-cover__inner-container container\">\n\n\t\t\t<header class=\"entry-header\">\n\n\t\t\t\t\n\t\t\t\t<span class=\"current-post-number\">05<\/span><h3 class=\"h4 entry-title\"><a class=\"stretched-link\" href=\"https:\/\/www.gravalos-sa.com\/de\/materialien\/pom-polyoxymethylen\/\" rel=\"bookmark\">POM (Polyoxymethylen)<\/a><\/h3>\n\t\t\t<\/header><!-- .entry-header -->\n\n\t\t<\/div>\n\n\t<\/div>\n\n\t<div class=\"entry-content\">\n\n\t\t\n\t\t\n\t<\/div><!-- .entry-content -->\n\n\n<\/article><!-- #post-## -->\n\n\t\t\t\t\t<\/div>\n\n\t\t\t\t\n\t\t\t\t\t\n\t\t\t\t\t\t<div class=\"col-md-6 col-lg-4\">\n\n\t\t\t\t\t\n\t\t\t\t\t\t\n<article class=\"grid-post stretch-linked-block post-2602 page type-page status-publish has-post-thumbnail hentry\" id=\"post-2602\">\n\n\t<div class=\"wp-block-cover has-background-dim\">\n\n\t\t<span aria-hidden=\"true\" class=\"wp-block-cover__background has-primary-background-color\"><\/span>\n\n\t\t<img loading=\"lazy\" decoding=\"async\" width=\"640\" height=\"343\" src=\"https:\/\/www.gravalos-sa.com\/wp-content\/uploads\/material-lcp-768x411.jpg\" class=\"wp-block-cover__image-background wp-post-image\" alt=\"material-LCP\" srcset=\"https:\/\/www.gravalos-sa.com\/wp-content\/uploads\/material-lcp-768x411.jpg 768w, https:\/\/www.gravalos-sa.com\/wp-content\/uploads\/material-lcp-300x160.jpg 300w, https:\/\/www.gravalos-sa.com\/wp-content\/uploads\/material-lcp-1024x548.jpg 1024w, https:\/\/www.gravalos-sa.com\/wp-content\/uploads\/material-lcp-1536x822.jpg 1536w, https:\/\/www.gravalos-sa.com\/wp-content\/uploads\/material-lcp-500x267.jpg 500w, https:\/\/www.gravalos-sa.com\/wp-content\/uploads\/material-lcp-800x428.jpg 800w, https:\/\/www.gravalos-sa.com\/wp-content\/uploads\/material-lcp-1280x685.jpg 1280w, https:\/\/www.gravalos-sa.com\/wp-content\/uploads\/material-lcp.jpg 1920w\" sizes=\"auto, (max-width: 640px) 100vw, 640px\" title=\"material-LCP\" \/>\n\t\t<div class=\"wp-block-cover__inner-container container\">\n\n\t\t\t<header class=\"entry-header\">\n\n\t\t\t\t\n\t\t\t\t<span class=\"current-post-number\">06<\/span><h3 class=\"h4 entry-title\"><a class=\"stretched-link\" href=\"https:\/\/www.gravalos-sa.com\/de\/materialien\/lcp-fluessigkristallpolymer\/\" rel=\"bookmark\">LCP (Fl\u00fcssigkristallpolymer)<\/a><\/h3>\n\t\t\t<\/header><!-- .entry-header -->\n\n\t\t<\/div>\n\n\t<\/div>\n\n\t<div class=\"entry-content\">\n\n\t\t\n\t\t\n\t<\/div><!-- .entry-content -->\n\n\n<\/article><!-- #post-## -->\n\n\t\t\t\t\t<\/div>\n\n\t\t\t\t\n\t\t\t<\/div>\n\n\t\t<\/div>\n\n\t","protected":false},"excerpt":{"rendered":"<p>Thermoplastische Kunststoffe in der Industrie Thermoplastische Kunststoffe sind die Werkstoffe, mit denen wir in der Gr\u00e1valos Gruppe am meisten arbeiten, und sie geh\u00f6ren auch zu &#8230;<\/p>\n<div class=\"wp-block-buttons\">\n<div class=\"wp-block-button is-style-arrow-link\"><span class=\"wp-block-button__link\">Mehr wissen<\/span><\/div>\n<\/div>\n","protected":false},"author":1,"featured_media":2514,"parent":0,"menu_order":60,"comment_status":"closed","ping_status":"closed","template":"","meta":{"_acf_changed":false,"inline_featured_image":false,"footnotes":""},"class_list":["post-2616","page","type-page","status-publish","has-post-thumbnail","hentry"],"acf":[],"_links":{"self":[{"href":"https:\/\/www.gravalos-sa.com\/de\/wp-json\/wp\/v2\/pages\/2616","targetHints":{"allow":["GET"]}}],"collection":[{"href":"https:\/\/www.gravalos-sa.com\/de\/wp-json\/wp\/v2\/pages"}],"about":[{"href":"https:\/\/www.gravalos-sa.com\/de\/wp-json\/wp\/v2\/types\/page"}],"author":[{"embeddable":true,"href":"https:\/\/www.gravalos-sa.com\/de\/wp-json\/wp\/v2\/users\/1"}],"replies":[{"embeddable":true,"href":"https:\/\/www.gravalos-sa.com\/de\/wp-json\/wp\/v2\/comments?post=2616"}],"version-history":[{"count":1,"href":"https:\/\/www.gravalos-sa.com\/de\/wp-json\/wp\/v2\/pages\/2616\/revisions"}],"predecessor-version":[{"id":2618,"href":"https:\/\/www.gravalos-sa.com\/de\/wp-json\/wp\/v2\/pages\/2616\/revisions\/2618"}],"wp:featuredmedia":[{"embeddable":true,"href":"https:\/\/www.gravalos-sa.com\/de\/wp-json\/wp\/v2\/media\/2514"}],"wp:attachment":[{"href":"https:\/\/www.gravalos-sa.com\/de\/wp-json\/wp\/v2\/media?parent=2616"}],"curies":[{"name":"wp","href":"https:\/\/api.w.org\/{rel}","templated":true}]}}