{"id":2617,"date":"2022-09-15T08:16:52","date_gmt":"2022-09-15T08:16:52","guid":{"rendered":"https:\/\/www.gravalos-sa.com\/wir\/"},"modified":"2024-01-31T07:48:18","modified_gmt":"2024-01-31T07:48:18","slug":"wir","status":"publish","type":"page","link":"https:\/\/www.gravalos-sa.com\/de\/wir\/","title":{"rendered":"Wir"},"content":{"rendered":"\n<div class=\"wp-block-cover alignfull is-style-header-cover\"><span aria-hidden=\"true\" class=\"wp-block-cover__background has-primary-100-background-color has-background-dim-80 has-background-dim\"><\/span><video class=\"wp-block-cover__video-background intrinsic-ignore\" autoplay muted loop playsinline src=\"https:\/\/www.gravalos-sa.com\/wp-content\/uploads\/recurso-recorriendo-nave.mp4\" data-object-fit=\"cover\"><\/video><div class=\"wp-block-cover__inner-container is-layout-flow wp-block-cover-is-layout-flow\">\n<p class=\"is-style-supertitulo mb-2\" style=\"text-transform:uppercase\">Gr\u00e1valos<\/p>\n\n\n<h1 class=\"display-1 wp-block-post-title\">Wir<\/h1><\/div><\/div>\n<div class=\"breadcrumb\" typeof=\"BreadcrumbList\" vocab=\"https:\/\/schema.org\/\"><div class=\"breadcrumb-inner\"><div class=\"gravalos-breadcrumb\"><span property=\"itemListElement\" typeof=\"ListItem\"><a property=\"item\" typeof=\"WebPage\" title=\"Gehe zu Gr\u00e1valos.\" href=\"https:\/\/www.gravalos-sa.com\/de\/\" class=\"home\" ><span property=\"name\">Gr\u00e1valos<\/span><\/a><meta property=\"position\" content=\"1\"><\/span><span class=\"breadcrumb-sep\"> | <\/span><span property=\"itemListElement\" typeof=\"ListItem\"><a property=\"item\" typeof=\"WebPage\" title=\"Gehe zu Blog.\" href=\"https:\/\/www.gravalos-sa.com\/de\/blog\/\" class=\"post-root post post-post\" aria-current=\"page\"><span property=\"name\">Blog<\/span><\/a><meta property=\"position\" content=\"2\"><\/span><\/div><\/div><\/div>\n<div class=\"wp-block-media-text alignwide is-stacked-on-mobile\"><figure class=\"wp-block-media-text__media\"><img loading=\"lazy\" decoding=\"async\" width=\"650\" height=\"287\" src=\"https:\/\/www.gravalos-sa.com\/wp-content\/uploads\/fachada-gr.jpg\" alt=\"\" class=\"wp-image-695 size-full\" title=\"\" srcset=\"https:\/\/www.gravalos-sa.com\/wp-content\/uploads\/fachada-gr.jpg 650w, https:\/\/www.gravalos-sa.com\/wp-content\/uploads\/fachada-gr-300x132.jpg 300w\" sizes=\"auto, (max-width: 650px) 100vw, 650px\" \/><\/figure><div class=\"wp-block-media-text__content\">\n<h2 class=\"wp-block-heading has-medium-font-size\">Ein multinationales Unternehmen mit famili\u00e4rem Hintergrund<\/h2>\n\n\n\n<p>Dies ist die Definition, mit der wir uns am wohlsten f\u00fchlen und mit der wir uns zu 100 % identifizieren k\u00f6nnen. Sie umfasst perfekt alles, was wir sind, was unser Weg war, wohin wir uns bewegen und warum Sie uns absolut vertrauen k\u00f6nnen.<\/p>\n\n\n\n<p>Unsere Anf\u00e4nge gehen auf einen kleinen Handwerksbetrieb zur\u00fcck, der vor mehr als 75 Jahren seine Pforten \u00f6ffnete und den jede Generation bis zum heutigen Tag in voller Entwicklung und kontinuierlichem Wachstum zu verbessern suchte.<\/p>\n<\/div><\/div>\n\n<div class=\"wp-block-media-text alignwide has-media-on-the-right is-stacked-on-mobile\"><div class=\"wp-block-media-text__content\">\n<p>Derzeit sind wir in Spanien, Polen und der marokkanischen Freizone vertreten, wo mehr als 400 Mitarbeiter mit uns zusammenarbeiten und unser Ziel &#8222;technische Exzellenz, menschliche Exzellenz&#8220; in die Tat umsetzen. Dies ist dank eines hohen Ma\u00dfes an Einsatz und Engagement in der gesamten Organisation m\u00f6glich.<\/p>\n\n\n\n<p>Die Gr\u00e1valos-Gruppe wird derzeit von der dritten Generation der Familie gef\u00fchrt.<\/p>\n<\/div><figure class=\"wp-block-media-text__media\"><img loading=\"lazy\" decoding=\"async\" width=\"800\" height=\"510\" src=\"https:\/\/www.gravalos-sa.com\/wp-content\/uploads\/geplastyk-2023-2.jpg\" alt=\"\" class=\"wp-image-6107 size-full\" title=\"\" srcset=\"https:\/\/www.gravalos-sa.com\/wp-content\/uploads\/geplastyk-2023-2.jpg 800w, https:\/\/www.gravalos-sa.com\/wp-content\/uploads\/geplastyk-2023-2-300x191.jpg 300w, https:\/\/www.gravalos-sa.com\/wp-content\/uploads\/geplastyk-2023-2-768x490.jpg 768w, https:\/\/www.gravalos-sa.com\/wp-content\/uploads\/geplastyk-2023-2-500x319.jpg 500w\" sizes=\"auto, (max-width: 800px) 100vw, 800px\" \/><\/figure><\/div>\n\n<div style=\"height:100px\" aria-hidden=\"true\" class=\"wp-block-spacer\"><\/div>\n\n\t\t<div class=\"hfeed\">\n\n\t\t\t<div class=\"row\">\n\n\t\t\t\t\n\t\t\t\t\t\n\t\t\t\t\t\t<div class=\"col-md-6 col-lg-4\">\n\n\t\t\t\t\t\n\t\t\t\t\t\t\n<article class=\"grid-post stretch-linked-block post-2621 page type-page status-publish has-post-thumbnail hentry\" id=\"post-2621\">\n\n\t<div class=\"wp-block-cover has-background-dim\">\n\n\t\t<span aria-hidden=\"true\" class=\"wp-block-cover__background has-primary-background-color\"><\/span>\n\n\t\t<img loading=\"lazy\" decoding=\"async\" width=\"276\" height=\"276\" src=\"https:\/\/www.gravalos-sa.com\/wp-content\/uploads\/mapa-espana.jpg\" class=\"wp-block-cover__image-background wp-post-image\" alt=\"mapa-espana\" srcset=\"https:\/\/www.gravalos-sa.com\/wp-content\/uploads\/mapa-espana.jpg 276w, https:\/\/www.gravalos-sa.com\/wp-content\/uploads\/mapa-espana-150x150.jpg 150w\" sizes=\"auto, (max-width: 276px) 100vw, 276px\" title=\"mapa-espana\" \/>\n\t\t<div class=\"wp-block-cover__inner-container container\">\n\n\t\t\t<header class=\"entry-header\">\n\n\t\t\t\t\n\t\t\t\t<span class=\"current-post-number\">01<\/span><h2 class=\"h4 entry-title\"><a class=\"stretched-link\" href=\"https:\/\/www.gravalos-sa.com\/de\/unsere-standorte\/spanien\/\" rel=\"bookmark\">Spanien<\/a><\/h2>\n\t\t\t<\/header><!-- .entry-header -->\n\n\t\t<\/div>\n\n\t<\/div>\n\n\t<div class=\"entry-content\">\n\n\t\t\n\t\t\n\t<\/div><!-- .entry-content -->\n\n\n<\/article><!-- #post-## -->\n\n\t\t\t\t\t<\/div>\n\n\t\t\t\t\n\t\t\t\t\t\n\t\t\t\t\t\t<div class=\"col-md-6 col-lg-4\">\n\n\t\t\t\t\t\n\t\t\t\t\t\t\n<article class=\"grid-post stretch-linked-block post-2543 page type-page status-publish has-post-thumbnail hentry\" id=\"post-2543\">\n\n\t<div class=\"wp-block-cover has-background-dim\">\n\n\t\t<span aria-hidden=\"true\" class=\"wp-block-cover__background has-primary-background-color\"><\/span>\n\n\t\t<img loading=\"lazy\" decoding=\"async\" width=\"167\" height=\"167\" src=\"https:\/\/www.gravalos-sa.com\/wp-content\/uploads\/mapa-polonia.jpg\" class=\"wp-block-cover__image-background wp-post-image\" alt=\"mapa-polonia\" srcset=\"https:\/\/www.gravalos-sa.com\/wp-content\/uploads\/mapa-polonia.jpg 167w, https:\/\/www.gravalos-sa.com\/wp-content\/uploads\/mapa-polonia-150x150.jpg 150w\" sizes=\"auto, (max-width: 167px) 100vw, 167px\" title=\"mapa-polonia\" \/>\n\t\t<div class=\"wp-block-cover__inner-container container\">\n\n\t\t\t<header class=\"entry-header\">\n\n\t\t\t\t\n\t\t\t\t<span class=\"current-post-number\">02<\/span><h2 class=\"h4 entry-title\"><a class=\"stretched-link\" href=\"https:\/\/www.gravalos-sa.com\/de\/unsere-standorte\/polen\/\" rel=\"bookmark\">Polen<\/a><\/h2>\n\t\t\t<\/header><!-- .entry-header -->\n\n\t\t<\/div>\n\n\t<\/div>\n\n\t<div class=\"entry-content\">\n\n\t\t\n\t\t\n\t<\/div><!-- .entry-content -->\n\n\n<\/article><!-- #post-## -->\n\n\t\t\t\t\t<\/div>\n\n\t\t\t\t\n\t\t\t\t\t\n\t\t\t\t\t\t<div class=\"col-md-6 col-lg-4\">\n\n\t\t\t\t\t\n\t\t\t\t\t\t\n<article class=\"grid-post stretch-linked-block post-2534 page type-page status-publish has-post-thumbnail hentry\" id=\"post-2534\">\n\n\t<div class=\"wp-block-cover has-background-dim\">\n\n\t\t<span aria-hidden=\"true\" class=\"wp-block-cover__background has-primary-background-color\"><\/span>\n\n\t\t<img loading=\"lazy\" decoding=\"async\" width=\"203\" height=\"203\" src=\"https:\/\/www.gravalos-sa.com\/wp-content\/uploads\/mapa-marruecos.jpg\" class=\"wp-block-cover__image-background wp-post-image\" alt=\"mapa-marruecos\" srcset=\"https:\/\/www.gravalos-sa.com\/wp-content\/uploads\/mapa-marruecos.jpg 203w, https:\/\/www.gravalos-sa.com\/wp-content\/uploads\/mapa-marruecos-150x150.jpg 150w\" sizes=\"auto, (max-width: 203px) 100vw, 203px\" title=\"mapa-marruecos\" \/>\n\t\t<div class=\"wp-block-cover__inner-container container\">\n\n\t\t\t<header class=\"entry-header\">\n\n\t\t\t\t\n\t\t\t\t<span class=\"current-post-number\">03<\/span><h2 class=\"h4 entry-title\"><a class=\"stretched-link\" href=\"https:\/\/www.gravalos-sa.com\/de\/unsere-standorte\/marokko\/\" rel=\"bookmark\">Marokko<\/a><\/h2>\n\t\t\t<\/header><!-- .entry-header -->\n\n\t\t<\/div>\n\n\t<\/div>\n\n\t<div class=\"entry-content\">\n\n\t\t\n\t\t\n\t<\/div><!-- .entry-content -->\n\n\n<\/article><!-- #post-## -->\n\n\t\t\t\t\t<\/div>\n\n\t\t\t\t\n\t\t\t<\/div>\n\n\t\t<\/div>\n\n\t","protected":false},"excerpt":{"rendered":"<p>Ein multinationales Unternehmen mit famili\u00e4rem Hintergrund Dies ist die Definition, mit der wir uns am wohlsten f\u00fchlen und mit der wir uns zu 100 % &#8230;<\/p>\n<div class=\"wp-block-buttons\">\n<div class=\"wp-block-button is-style-arrow-link\"><span class=\"wp-block-button__link\">Mehr wissen<\/span><\/div>\n<\/div>\n","protected":false},"author":1,"featured_media":2467,"parent":0,"menu_order":10,"comment_status":"closed","ping_status":"closed","template":"","meta":{"_acf_changed":false,"inline_featured_image":false,"footnotes":""},"class_list":["post-2617","page","type-page","status-publish","has-post-thumbnail","hentry"],"acf":[],"_links":{"self":[{"href":"https:\/\/www.gravalos-sa.com\/de\/wp-json\/wp\/v2\/pages\/2617","targetHints":{"allow":["GET"]}}],"collection":[{"href":"https:\/\/www.gravalos-sa.com\/de\/wp-json\/wp\/v2\/pages"}],"about":[{"href":"https:\/\/www.gravalos-sa.com\/de\/wp-json\/wp\/v2\/types\/page"}],"author":[{"embeddable":true,"href":"https:\/\/www.gravalos-sa.com\/de\/wp-json\/wp\/v2\/users\/1"}],"replies":[{"embeddable":true,"href":"https:\/\/www.gravalos-sa.com\/de\/wp-json\/wp\/v2\/comments?post=2617"}],"version-history":[{"count":4,"href":"https:\/\/www.gravalos-sa.com\/de\/wp-json\/wp\/v2\/pages\/2617\/revisions"}],"predecessor-version":[{"id":6113,"href":"https:\/\/www.gravalos-sa.com\/de\/wp-json\/wp\/v2\/pages\/2617\/revisions\/6113"}],"wp:featuredmedia":[{"embeddable":true,"href":"https:\/\/www.gravalos-sa.com\/de\/wp-json\/wp\/v2\/media\/2467"}],"wp:attachment":[{"href":"https:\/\/www.gravalos-sa.com\/de\/wp-json\/wp\/v2\/media?parent=2617"}],"curies":[{"name":"wp","href":"https:\/\/api.w.org\/{rel}","templated":true}]}}