{"id":2980,"date":"2023-07-31T14:40:46","date_gmt":"2023-07-31T14:40:46","guid":{"rendered":"https:\/\/www.gravalos-sa.com\/dossier-expediente-p1-autoconsumo-0187\/"},"modified":"2023-08-03T14:40:00","modified_gmt":"2023-08-03T14:40:00","slug":"dossier-expediente-p1-autoconsumo-0187","status":"publish","type":"page","link":"https:\/\/www.gravalos-sa.com\/de\/dossier-expediente-p1-autoconsumo-0187\/","title":{"rendered":"Dossier EXPEDIENTE P1-AUTOCONSUMO-0187"},"content":{"rendered":"\n<div class=\"wp-block-cover alignfull is-style-header-cover\"><span aria-hidden=\"true\" class=\"wp-block-cover__background has-primary-100-background-color has-background-dim-90 has-background-dim\"><\/span><img loading=\"lazy\" decoding=\"async\" width=\"640\" height=\"426\" src=\"https:\/\/www.gravalos-sa.com\/wp-content\/uploads\/textura-plata.jpg\" class=\"wp-block-cover__image-background wp-post-image\" alt=\"textura-plata\" data-object-fit=\"cover\" srcset=\"https:\/\/www.gravalos-sa.com\/wp-content\/uploads\/textura-plata.jpg 640w, https:\/\/www.gravalos-sa.com\/wp-content\/uploads\/textura-plata-300x200.jpg 300w\" sizes=\"auto, (max-width: 640px) 100vw, 640px\" title=\"textura-plata\" \/><div class=\"wp-block-cover__inner-container is-layout-flow wp-block-cover-is-layout-flow\"><h1 class=\"display-1 wp-block-post-title\">Dossier EXPEDIENTE P1-AUTOCONSUMO-0187<\/h1>\n\n\n<div style=\"height:16px\" aria-hidden=\"true\" class=\"wp-block-spacer\"><\/div>\n\n\n\n<p class=\"has-medium-font-size\">216 kWp-Photovoltaikanlage auf dem Dach des Bauunternehmens Gr\u00e1valos in El Burgo de Ebro<\/p>\n\n\n\n<div class=\"wp-block-buttons is-layout-flex wp-block-buttons-is-layout-flex\">\n<div class=\"wp-block-button is-style-arrow-link\"><a class=\"wp-block-button__link wp-element-button\" href=\"https:\/\/www.gravalos-sa.com\/contacto\/\">Kontakt mit uns<\/a><\/div>\n<\/div>\n<\/div><\/div>\n<div class=\"breadcrumb\" typeof=\"BreadcrumbList\" vocab=\"https:\/\/schema.org\/\"><div class=\"breadcrumb-inner\"><div class=\"gravalos-breadcrumb\"><span property=\"itemListElement\" typeof=\"ListItem\"><a property=\"item\" typeof=\"WebPage\" title=\"Gehe zu Gr\u00e1valos.\" href=\"https:\/\/www.gravalos-sa.com\/de\/\" class=\"home\" ><span property=\"name\">Gr\u00e1valos<\/span><\/a><meta property=\"position\" content=\"1\"><\/span><span class=\"breadcrumb-sep\"> | <\/span><span property=\"itemListElement\" typeof=\"ListItem\"><a property=\"item\" typeof=\"WebPage\" title=\"Gehe zu Blog.\" href=\"https:\/\/www.gravalos-sa.com\/de\/blog\/\" class=\"post-root post post-post\" aria-current=\"page\"><span property=\"name\">Blog<\/span><\/a><meta property=\"position\" content=\"2\"><\/span><\/div><\/div><\/div>\n<p>JOAQUIN GRAVALOS SORIA, S.L. hat einen Zuschuss f\u00fcr sein Projekt zum Eigenverbrauch erhalten.  <em>&#8222;216 kWp Aufdach-Photovoltaikanlage auf dem Gr\u00e1valos-Bauwerk in Burgo de Ebro&#8220;,<\/em>  kofinanziert durch den Europ\u00e4ischen Mechanismus f\u00fcr Konjunkturbelebung und Widerstandsf\u00e4higkeit PRTR-Next Generation EU, koordiniert durch das Ministerium f\u00fcr den \u00f6kologischen \u00dcbergang und die demografische Herausforderung \u00fcber IDAE und verwaltet durch die autonomen Regionen gem\u00e4\u00df dem K\u00f6niglichen Dekret 477\/2021, mit dem Ziel, eine sauberere und nachhaltigere Wirtschaft zu erreichen. Es wurde ein Projekt zur Nutzung erneuerbarer Energiequellen f\u00fcr den Eigenverbrauch entwickelt, das aus der Installation von Fotovoltaikanlagen auf dem Gel\u00e4nde von CONSTRUCCIONES GR\u00c1VALOS S.A. in El Burgo de Ebro, Zaragoza, besteht. In diesem Projekt wurden 483 Module mit 455 Wp und einer Gesamtleistung von 219,77 kWp installiert.<\/p>\n\n<figure class=\"wp-block-image size-large\"><img loading=\"lazy\" decoding=\"async\" width=\"1024\" height=\"723\" src=\"https:\/\/www.gravalos-sa.com\/wp-content\/uploads\/image1-1024x723.png\" alt=\"\" class=\"wp-image-2998\" title=\"\" srcset=\"https:\/\/www.gravalos-sa.com\/wp-content\/uploads\/image1-1024x723.png 1024w, https:\/\/www.gravalos-sa.com\/wp-content\/uploads\/image1-300x212.png 300w, https:\/\/www.gravalos-sa.com\/wp-content\/uploads\/image1-768x542.png 768w, https:\/\/www.gravalos-sa.com\/wp-content\/uploads\/image1-500x353.png 500w, https:\/\/www.gravalos-sa.com\/wp-content\/uploads\/image1-800x565.png 800w, https:\/\/www.gravalos-sa.com\/wp-content\/uploads\/image1.png 1190w\" sizes=\"auto, (max-width: 1024px) 100vw, 1024px\" \/><\/figure>\n<div class=\"wp-block-buttons is-content-justification-center is-layout-flex wp-container-core-buttons-is-layout-16018d1d wp-block-buttons-is-layout-flex\">\n<div class=\"wp-block-button\"><a class=\"wp-block-button__link has-white-color has-secondary-80-background-color has-text-color has-background wp-element-button\" href=\"https:\/\/www.gravalos-sa.com\/wp-content\/uploads\/2022-06-21-informe-plan-est-dnsh-residuos-sup-100kw-signed-signed-signed.pdf\" target=\"_blank\" rel=\"noreferrer noopener\">Bericht herunterladen<\/a><\/div>\n<\/div>\n","protected":false},"excerpt":{"rendered":"<p>JOAQUIN GRAVALOS SORIA, S.L. hat einen Zuschuss f\u00fcr sein Projekt zum Eigenverbrauch erhalten. &#8222;216 kWp Aufdach-Photovoltaikanlage auf dem Gr\u00e1valos-Bauwerk in Burgo de Ebro&#8220;, kofinanziert durch &#8230;<\/p>\n<div class=\"wp-block-buttons\">\n<div class=\"wp-block-button is-style-arrow-link\"><span class=\"wp-block-button__link\">Mehr wissen<\/span><\/div>\n<\/div>\n","protected":false},"author":8,"featured_media":2472,"parent":0,"menu_order":0,"comment_status":"closed","ping_status":"closed","template":"","meta":{"_acf_changed":false,"inline_featured_image":false,"footnotes":""},"class_list":["post-2980","page","type-page","status-publish","has-post-thumbnail","hentry"],"acf":[],"_links":{"self":[{"href":"https:\/\/www.gravalos-sa.com\/de\/wp-json\/wp\/v2\/pages\/2980","targetHints":{"allow":["GET"]}}],"collection":[{"href":"https:\/\/www.gravalos-sa.com\/de\/wp-json\/wp\/v2\/pages"}],"about":[{"href":"https:\/\/www.gravalos-sa.com\/de\/wp-json\/wp\/v2\/types\/page"}],"author":[{"embeddable":true,"href":"https:\/\/www.gravalos-sa.com\/de\/wp-json\/wp\/v2\/users\/8"}],"replies":[{"embeddable":true,"href":"https:\/\/www.gravalos-sa.com\/de\/wp-json\/wp\/v2\/comments?post=2980"}],"version-history":[{"count":10,"href":"https:\/\/www.gravalos-sa.com\/de\/wp-json\/wp\/v2\/pages\/2980\/revisions"}],"predecessor-version":[{"id":3045,"href":"https:\/\/www.gravalos-sa.com\/de\/wp-json\/wp\/v2\/pages\/2980\/revisions\/3045"}],"wp:featuredmedia":[{"embeddable":true,"href":"https:\/\/www.gravalos-sa.com\/de\/wp-json\/wp\/v2\/media\/2472"}],"wp:attachment":[{"href":"https:\/\/www.gravalos-sa.com\/de\/wp-json\/wp\/v2\/media?parent=2980"}],"curies":[{"name":"wp","href":"https:\/\/api.w.org\/{rel}","templated":true}]}}