{"id":5554,"date":"2023-11-23T08:35:45","date_gmt":"2023-11-23T08:35:45","guid":{"rendered":"https:\/\/www.gravalos-sa.com\/informationskanal\/"},"modified":"2023-11-28T15:29:46","modified_gmt":"2023-11-28T15:29:46","slug":"informationskanal","status":"publish","type":"page","link":"https:\/\/www.gravalos-sa.com\/de\/informationskanal\/","title":{"rendered":"Informationskanal"},"content":{"rendered":"\n<div class=\"wp-block-cover alignfull is-style-header-cover\" style=\"min-height:400px;aspect-ratio:unset;\"><span aria-hidden=\"true\" class=\"wp-block-cover__background has-primary-80-background-color has-background-dim-100 has-background-dim\"><\/span><div class=\"wp-block-cover__inner-container is-layout-flow wp-block-cover-is-layout-flow\"><h1 class=\"display-1 wp-block-post-title\">Informationskanal<\/h1><\/div><\/div>\n<div class=\"breadcrumb\" typeof=\"BreadcrumbList\" vocab=\"https:\/\/schema.org\/\"><div class=\"breadcrumb-inner\"><div class=\"gravalos-breadcrumb\"><span property=\"itemListElement\" typeof=\"ListItem\"><a property=\"item\" typeof=\"WebPage\" title=\"Gehe zu Gr\u00e1valos.\" href=\"https:\/\/www.gravalos-sa.com\/de\/\" class=\"home\" ><span property=\"name\">Gr\u00e1valos<\/span><\/a><meta property=\"position\" content=\"1\"><\/span><span class=\"breadcrumb-sep\"> | <\/span><span property=\"itemListElement\" typeof=\"ListItem\"><a property=\"item\" typeof=\"WebPage\" title=\"Gehe zu Blog.\" href=\"https:\/\/www.gravalos-sa.com\/de\/blog\/\" class=\"post-root post post-post\" aria-current=\"page\"><span property=\"name\">Blog<\/span><\/a><meta property=\"position\" content=\"2\"><\/span><\/div><\/div><\/div>\n<h2 class=\"wp-block-heading\">Was ist der Informationskanal?<\/h2>\n\n<p>Legitimiert durch die Einhaltung einer gesetzlichen Verpflichtung gem\u00e4\u00df dem Gesetz 2\/2023 vom 20. Februar, das den Schutz von Personen regelt, die Verst\u00f6\u00dfe gegen Vorschriften und die Korruptionsbek\u00e4mpfung melden, und durch unser legitimes Interesse an der Vermeidung von Verhaltensweisen, die eine strafrechtliche Haftung f\u00fcr das Unternehmen nach sich ziehen k\u00f6nnten, stellen wir allen Interessierten einen Whistleblower- oder Informationskanal zur Verf\u00fcgung, \u00fcber den Sie dieses Unternehmen \u00fcber Verst\u00f6\u00dfe gegen Vorschriften oder unsere Gesch\u00e4ftsethik durch seine Mitarbeiter oder F\u00fchrungskr\u00e4fte informieren k\u00f6nnen. Dieser Kanal darf nur von Personen genutzt werden, die aufgrund ihres Besch\u00e4ftigungsverh\u00e4ltnisses oder ihrer beruflichen T\u00e4tigkeit Kenntnis von einem Regelversto\u00df haben.<\/p>\n\n<p>Wir erinnern daran, dass dies keine Kontakt- oder Vorschlagsbox ist. Wenn Sie uns also in dieser Hinsicht kontaktieren m\u00f6chten, klicken Sie bitte <a href=\"https:\/\/www.gravalos-sa.com\/de\/kontakt\/\">hier<\/a>.<\/p>\n\n<p><strong>Versenden und Verwalten von Mitteilungen<\/strong><\/p>\n\n<p>CONSTRUCCIONES GRAVALOS S.A. stellt Ihnen diesen Informationskanal \u00fcber ein Webformular zur Verf\u00fcgung, das Sie zu einem externen Online-Tool eines qualifizierten und vertrauensw\u00fcrdigen Anbieters weiterleitet, der die Vertraulichkeit der von Ihnen bereitgestellten Informationen gew\u00e4hrleistet.<\/p>\n\n<p>Die Einsendungen k\u00f6nnen anonym erfolgen oder Ihre pers\u00f6nlichen Daten enthalten. Der Verantwortliche f\u00fcr die Verarbeitung dieser Daten ist CONSTRUCCIONES GRAVALOS S.A. Bei jeder Mitteilung werden 2 Codes generiert: die Nummer der Beschwerde und die Identifikationsnummer. Diese Codes erm\u00f6glichen es uns, unsere Beschwerde \u00fcber die Schaltfl\u00e4che &#8222;ACCESS MY COMPLAINTS&#8220; weiterzuverfolgen.<\/p>\n\n<p>Wenn Sie in Ihrer Beschwerde eine E-Mail-Adresse angeben, werden Sie per E-Mail benachrichtigt, wenn die Beschwerde bearbeitet wird.<\/p>\n\n<p><strong>Rechtsgrundlage f\u00fcr die Klage<\/strong><\/p>\n\n<p>Die Verarbeitung dieser Daten ist aufgrund einer gesetzlichen Verpflichtung gem\u00e4\u00df dem Gesetz 2\/2023 vom 20. Februar \u00fcber den Schutz von Personen, die Verst\u00f6\u00dfe gegen Rechtsvorschriften melden, und die Bek\u00e4mpfung der Korruption (Art. 6.1 c) RGPD) legitim. Die Verarbeitung besonderer Datenkategorien ist durch das allgemeine \u00f6ffentliche Interesse gerechtfertigt (Art. 9.2 g) GDPR).<\/p>\n\n<p><strong>Vertraulichkeit der Identit\u00e4t des Beschwerdef\u00fchrers<\/strong><\/p>\n\n<p>Dieser Informationskanal gew\u00e4hrleistet die Vertraulichkeit der Daten des Beschwerdef\u00fchrers, indem er sie anonym h\u00e4lt, es sei denn, ihre Identifizierung stellt eine notwendige und verh\u00e4ltnism\u00e4\u00dfige Verpflichtung dar, die durch EU- oder nationales Recht im Zusammenhang mit einer Untersuchung durch nationale Beh\u00f6rden oder im Rahmen eines Gerichtsverfahrens auferlegt wird; in diesem Fall muss sie den zust\u00e4ndigen Beh\u00f6rden mitgeteilt werden.<\/p>\n\n<p>CONSTRUCCIONES GR\u00c1VALOS ergreift die notwendigen Sicherheitsma\u00dfnahmen, um die Vertraulichkeit und Sicherheit der uns \u00fcbermittelten Informationen zu gew\u00e4hrleisten.<\/p>\n\n<p>Legitimiert durch die Einhaltung einer gesetzlichen Verpflichtung und unser berechtigtes Interesse an der Vermeidung von Verhaltensweisen, die eine strafrechtliche Haftung f\u00fcr das Unternehmen nach sich ziehen k\u00f6nnten, stellen wir allen unseren Mitarbeitern, Lieferanten und sonstigen interessierten Dritten \u00fcber das entsprechende Webformular einen Ethik-Kanal bzw. Whistleblower-Kanal zur Verf\u00fcgung, \u00fcber den sie Verhaltensweisen melden k\u00f6nnen, die gegen unsere internen Vorschriften versto\u00dfen oder die eine Straftat darstellen k\u00f6nnten.<br\/>Der Kanal sammelt die Kontaktdaten anonym und vertraulich f\u00fcr CONSTRUCCIONES GR\u00c1VALOS und garantiert die Vertraulichkeit der Daten des Beschwerdef\u00fchrers, indem er sie anonym h\u00e4lt, es sei denn, ihre Identifizierung stellt eine notwendige und verh\u00e4ltnism\u00e4\u00dfige Verpflichtung dar, die durch EU- oder nationales Recht im Rahmen einer von nationalen Beh\u00f6rden durchgef\u00fchrten Untersuchung oder eines Gerichtsverfahrens auferlegt wird; in diesem Fall muss sie den zust\u00e4ndigen Beh\u00f6rden mitgeteilt werden.<\/p>\n\n<p><strong>Wie lange bewahren wir Ihre Daten auf?<\/strong><\/p>\n\n<p>Die Daten werden f\u00fcr einen Zeitraum von 3 Monaten im System gespeichert. Nach Ablauf dieses Zeitraums werden sie vernichtet und k\u00f6nnen gesperrt bleiben, wenn dies f\u00fcr den Nachweis des Funktionierens des Kriminalpr\u00e4ventionsmodells erforderlich ist oder wenn die zust\u00e4ndige Beh\u00f6rde dies verlangt.<\/p>\n\n<div style=\"height:32px\" aria-hidden=\"true\" class=\"wp-block-spacer\"><\/div>\n\n<div class=\"wp-block-buttons is-content-justification-center is-layout-flex wp-container-core-buttons-is-layout-16018d1d wp-block-buttons-is-layout-flex\">\n<div class=\"wp-block-button\"><a class=\"wp-block-button__link wp-element-button\" href=\"https:\/\/www.coloriuris.net\/canal-denuncias\/formulario\/ConstruccionesGravalos\" target=\"_blank\" rel=\"noreferrer noopener\">Formular f\u00fcr den ethischen Kanal<\/a><\/div>\n<\/div>\n\n<div style=\"height:64px\" aria-hidden=\"true\" class=\"wp-block-spacer\"><\/div>\n\n<p>In \u00dcbereinstimmung mit dem Gesetz 3\/2018 vom 5. Dezember \u00fcber den Schutz personenbezogener Daten und die Gew\u00e4hrleistung digitaler Rechte informieren wir Sie dar\u00fcber, dass die hier angegebenen personenbezogenen Daten von CONSTRUCCIONES GR\u00c1VALOS S.A. als dem f\u00fcr die Verarbeitung Verantwortlichen verarbeitet werden, um die eingegangenen Mitteilungen zu verwalten und der gesetzlichen Verpflichtung gem\u00e4\u00df dem Gesetz 2\/2023 vom 20. Februar \u00fcber den Schutz von Personen, die Verst\u00f6\u00dfe gegen Rechtsvorschriften melden, und die Bek\u00e4mpfung von Korruption nachzukommen. Diese Daten werden nicht an Dritte weitergegeben, es sei denn, ihre Identifizierung ist erforderlich; in diesem Fall k\u00f6nnen sie an die zust\u00e4ndigen Beh\u00f6rden weitergeleitet werden. Unbeschadet dessen k\u00f6nnen Sie Ihre Daten einsehen, berichtigen, widersprechen, die Einschr\u00e4nkung der Verarbeitung oder die \u00dcbertragbarkeit Ihrer Daten verlangen, indem Sie eine E-Mail an <a href=\"mailto:lopd@gravalos-sa.com\" target=\"_blank\" rel=\"noreferrer noopener\">lopd@gravalos-sa.com senden.<\/a><br\/>Sie k\u00f6nnen auch eine Beschwerde bei der spanischen Datenschutzbeh\u00f6rde einreichen. Weitere Informationen finden Sie in unserer <a href=\"https:\/\/www.gravalos-sa.com\/de\/datenschutzbestimmungen\/\">Datenschutzrichtlinie<\/a>.<\/p>\n","protected":false},"excerpt":{"rendered":"<p>Was ist der Informationskanal? Legitimiert durch die Einhaltung einer gesetzlichen Verpflichtung gem\u00e4\u00df dem Gesetz 2\/2023 vom 20. Februar, das den Schutz von Personen regelt, die &#8230;<\/p>\n<div class=\"wp-block-buttons\">\n<div class=\"wp-block-button is-style-arrow-link\"><span class=\"wp-block-button__link\">Mehr wissen<\/span><\/div>\n<\/div>\n","protected":false},"author":2,"featured_media":0,"parent":0,"menu_order":0,"comment_status":"closed","ping_status":"closed","template":"","meta":{"_acf_changed":false,"inline_featured_image":false,"footnotes":""},"class_list":["post-5554","page","type-page","status-publish","hentry"],"acf":[],"_links":{"self":[{"href":"https:\/\/www.gravalos-sa.com\/de\/wp-json\/wp\/v2\/pages\/5554","targetHints":{"allow":["GET"]}}],"collection":[{"href":"https:\/\/www.gravalos-sa.com\/de\/wp-json\/wp\/v2\/pages"}],"about":[{"href":"https:\/\/www.gravalos-sa.com\/de\/wp-json\/wp\/v2\/types\/page"}],"author":[{"embeddable":true,"href":"https:\/\/www.gravalos-sa.com\/de\/wp-json\/wp\/v2\/users\/2"}],"replies":[{"embeddable":true,"href":"https:\/\/www.gravalos-sa.com\/de\/wp-json\/wp\/v2\/comments?post=5554"}],"version-history":[{"count":22,"href":"https:\/\/www.gravalos-sa.com\/de\/wp-json\/wp\/v2\/pages\/5554\/revisions"}],"predecessor-version":[{"id":5683,"href":"https:\/\/www.gravalos-sa.com\/de\/wp-json\/wp\/v2\/pages\/5554\/revisions\/5683"}],"wp:attachment":[{"href":"https:\/\/www.gravalos-sa.com\/de\/wp-json\/wp\/v2\/media?parent=5554"}],"curies":[{"name":"wp","href":"https:\/\/api.w.org\/{rel}","templated":true}]}}