{"id":1320,"date":"2022-09-15T08:17:15","date_gmt":"2022-09-15T08:17:15","guid":{"rendered":"https:\/\/www.gravalos-sa.com\/history\/"},"modified":"2024-07-16T12:39:53","modified_gmt":"2024-07-16T12:39:53","slug":"history","status":"publish","type":"page","link":"https:\/\/www.gravalos-sa.com\/en\/history\/","title":{"rendered":"History"},"content":{"rendered":"\n<div class=\"wp-block-cover alignfull is-style-header-cover\"><span aria-hidden=\"true\" class=\"wp-block-cover__background has-primary-100-background-color has-background-dim-90 has-background-dim\"><\/span><img loading=\"lazy\" decoding=\"async\" width=\"1707\" height=\"2560\" src=\"https:\/\/www.gravalos-sa.com\/wp-content\/uploads\/historia-gravalos-63-scaled.jpg\" class=\"wp-block-cover__image-background wp-post-image\" alt=\"historia-gravalos-63\" data-object-fit=\"cover\" srcset=\"https:\/\/www.gravalos-sa.com\/wp-content\/uploads\/historia-gravalos-63-scaled.jpg 1707w, https:\/\/www.gravalos-sa.com\/wp-content\/uploads\/historia-gravalos-63-200x300.jpg 200w, https:\/\/www.gravalos-sa.com\/wp-content\/uploads\/historia-gravalos-63-683x1024.jpg 683w, https:\/\/www.gravalos-sa.com\/wp-content\/uploads\/historia-gravalos-63-768x1152.jpg 768w, https:\/\/www.gravalos-sa.com\/wp-content\/uploads\/historia-gravalos-63-1024x1536.jpg 1024w, https:\/\/www.gravalos-sa.com\/wp-content\/uploads\/historia-gravalos-63-1365x2048.jpg 1365w\" sizes=\"auto, (max-width: 1707px) 100vw, 1707px\" title=\"historia-gravalos-63\" \/><div class=\"wp-block-cover__inner-container is-layout-flow wp-block-cover-is-layout-flow\">\n<p class=\"is-style-supertitulo mb-2\" style=\"text-transform:uppercase\">Gr\u00e1valos<\/p>\n\n\n<h1 class=\"display-1 wp-block-post-title\">History<\/h1><\/div><\/div>\n<div class=\"breadcrumb\" typeof=\"BreadcrumbList\" vocab=\"https:\/\/schema.org\/\"><div class=\"breadcrumb-inner\"><div class=\"gravalos-breadcrumb\"><span property=\"itemListElement\" typeof=\"ListItem\"><a property=\"item\" typeof=\"WebPage\" title=\"Go to Gr\u00e1valos.\" href=\"https:\/\/www.gravalos-sa.com\/en\/\" class=\"home\" ><span property=\"name\">Gr\u00e1valos<\/span><\/a><meta property=\"position\" content=\"1\"><\/span><span class=\"breadcrumb-sep\"> | <\/span><span property=\"itemListElement\" typeof=\"ListItem\"><a property=\"item\" typeof=\"WebPage\" title=\"Go to Blog.\" href=\"https:\/\/www.gravalos-sa.com\/en\/blog\/\" class=\"post-root post post-post\" aria-current=\"page\"><span property=\"name\">Blog<\/span><\/a><meta property=\"position\" content=\"2\"><\/span><\/div><\/div><\/div>\n<p>The history of Gr\u00e1valos, like that of many companies, is marked by the entrepreneurial spirit of one person who begins the journey, and by others, in later generations, who continue and broaden the horizons. The family-owned company was founded in 1946 and is now run by the third generation.<\/p>\n\n<div style=\"height:2rem\" aria-hidden=\"true\" class=\"wp-block-spacer\"><\/div>\n\n<div class=\"wp-block-columns is-layout-flex wp-container-core-columns-is-layout-9d6595d7 wp-block-columns-is-layout-flex\">\n<div class=\"wp-block-column is-layout-flow wp-block-column-is-layout-flow\" style=\"flex-basis:50%\">\n<hr class=\"wp-block-separator has-text-color has-secondary-60-color has-alpha-channel-opacity has-secondary-60-background-color has-background\"\/>\n\n\n\n<p class=\"is-style-default has-medium-font-size\">Grav\u00e1los is dedicated to the manufacture of technical parts for household appliances, automotive, and consumer electronics.  <\/p>\n<\/div>\n\n\n\n<div class=\"wp-block-column is-layout-flow wp-block-column-is-layout-flow\" style=\"flex-basis:50%\">\n<p>It has sections for plastic injection, metal stamping and automatic assembly. The company designs and manufactures its own tooling and assembly lines, for which it has a technical office and a machining section, which also plans and carries out the various maintenance tasks.<\/p>\n\n\n\n<p>Since 2002, the company has been located in El Burgo de Ebro, in the Pol\u00edgono Industrial La Noria, where it moved from its previous site in the Barrio de Las Fuentes in Zaragoza.<\/p>\n<\/div>\n<\/div>\n\n<div class=\"wp-block-columns is-layout-flex wp-container-core-columns-is-layout-9d6595d7 wp-block-columns-is-layout-flex\">\n<div class=\"wp-block-column is-layout-flow wp-block-column-is-layout-flow\" style=\"flex-basis:50%\">\n<hr class=\"wp-block-separator has-text-color has-secondary-60-color has-alpha-channel-opacity has-secondary-60-background-color has-background\"\/>\n\n\n\n<p class=\"is-style-default has-medium-font-size\">Since 2005, Gr\u00e1valos has had a subsidiary in Poland, in the city of \u0141od\u017a, and more recently, in 2021, it opened another in Morocco, located in Tangier.  <\/p>\n<\/div>\n\n\n\n<div class=\"wp-block-column is-layout-flow wp-block-column-is-layout-flow\" style=\"flex-basis:50%\">\n<p>The business group employs about 300 people, of whom about 70% are women.<\/p>\n\n\n\n<p>Customer service and manufacturing quality govern all of the group&#8217;s operations, as evidenced by the ISO 9001 and IATF 16949 certifications held by the group&#8217;s plants. The group&#8217;s commitment to the environment and sustainability is fundamental, which is why our plants have ISO 14001 environmental certification.<\/p>\n<\/div>\n<\/div>\n\n<div style=\"height:2rem\" aria-hidden=\"true\" class=\"wp-block-spacer\"><\/div>\n\n<p><\/p>\n\n<div class=\"wp-block-media-text alignwide is-stacked-on-mobile\"><figure class=\"wp-block-media-text__media\"><img loading=\"lazy\" decoding=\"async\" width=\"612\" height=\"1024\" src=\"https:\/\/www.gravalos-sa.com\/wp-content\/uploads\/historia-gravalos-62-612x1024.jpg\" alt=\"\" class=\"wp-image-487 size-large\" title=\"\" srcset=\"https:\/\/www.gravalos-sa.com\/wp-content\/uploads\/historia-gravalos-62-612x1024.jpg 612w, https:\/\/www.gravalos-sa.com\/wp-content\/uploads\/historia-gravalos-62-179x300.jpg 179w, https:\/\/www.gravalos-sa.com\/wp-content\/uploads\/historia-gravalos-62-768x1285.jpg 768w, https:\/\/www.gravalos-sa.com\/wp-content\/uploads\/historia-gravalos-62-918x1536.jpg 918w, https:\/\/www.gravalos-sa.com\/wp-content\/uploads\/historia-gravalos-62-1224x2048.jpg 1224w, https:\/\/www.gravalos-sa.com\/wp-content\/uploads\/historia-gravalos-62-scaled.jpg 1530w\" sizes=\"auto, (max-width: 612px) 100vw, 612px\" \/><\/figure><div class=\"wp-block-media-text__content\">\n<h2 class=\"wp-block-heading has-medium-font-size\">Albores (1946-1954)<\/h2>\n\n\n\n<p>The company was founded in 1946, in small premises in Zaragoza, dedicated to the manufacture of small metal parts.<\/p>\n\n\n\n<p>One of the fundamental principles of the company, from the beginning, has been the care of its collaborators and the management and control of occupational risks, proof of which is our registration in the Mutual Accident Insurance Company of Zaragoza a few days after its foundation.<\/p>\n<\/div><\/div>\n\n<div class=\"wp-block-media-text alignwide has-media-on-the-right is-stacked-on-mobile\"><div class=\"wp-block-media-text__content\">\n<h2 class=\"wp-block-heading has-medium-font-size\">Growth (1955-1962)<\/h2>\n\n\n\n<p>The company moves to a larger and better equipped building, incorporates more stamping presses, thus increasing its manufacturing capacity, and is provided with a commercial structure, thus increasing its customer portfolio, beginning to produce metal parts and assemblies for the consumer electronics market, which was beginning to be generated in those years.<\/p>\n\n\n\n<p>The assemblies were mounted on thermoset injected supports, a technology incorporated in those years. In addition, raw materials are more readily available, allowing for more fluid production.<\/p>\n\n\n\n<p>The second generation of the Gr\u00e1valos family joins the company.<\/p>\n<\/div><figure class=\"wp-block-media-text__media\"><img loading=\"lazy\" decoding=\"async\" width=\"683\" height=\"1024\" src=\"https:\/\/www.gravalos-sa.com\/wp-content\/uploads\/historia-gravalos-65-683x1024.jpg\" alt=\"\" class=\"wp-image-486 size-large\" title=\"\" srcset=\"https:\/\/www.gravalos-sa.com\/wp-content\/uploads\/historia-gravalos-65-683x1024.jpg 683w, https:\/\/www.gravalos-sa.com\/wp-content\/uploads\/historia-gravalos-65-200x300.jpg 200w, https:\/\/www.gravalos-sa.com\/wp-content\/uploads\/historia-gravalos-65-768x1152.jpg 768w, https:\/\/www.gravalos-sa.com\/wp-content\/uploads\/historia-gravalos-65-1024x1536.jpg 1024w, https:\/\/www.gravalos-sa.com\/wp-content\/uploads\/historia-gravalos-65-1365x2048.jpg 1365w, https:\/\/www.gravalos-sa.com\/wp-content\/uploads\/historia-gravalos-65-scaled.jpg 1707w\" sizes=\"auto, (max-width: 683px) 100vw, 683px\" \/><\/figure><\/div>\n\n<div class=\"wp-block-media-text alignwide is-stacked-on-mobile\"><figure class=\"wp-block-media-text__media\"><img loading=\"lazy\" decoding=\"async\" width=\"683\" height=\"1024\" src=\"https:\/\/www.gravalos-sa.com\/wp-content\/uploads\/historia-gravalos-63-683x1024.jpg\" alt=\"\" class=\"wp-image-488 size-large\" title=\"\" srcset=\"https:\/\/www.gravalos-sa.com\/wp-content\/uploads\/historia-gravalos-63-683x1024.jpg 683w, https:\/\/www.gravalos-sa.com\/wp-content\/uploads\/historia-gravalos-63-200x300.jpg 200w, https:\/\/www.gravalos-sa.com\/wp-content\/uploads\/historia-gravalos-63-768x1152.jpg 768w, https:\/\/www.gravalos-sa.com\/wp-content\/uploads\/historia-gravalos-63-1024x1536.jpg 1024w, https:\/\/www.gravalos-sa.com\/wp-content\/uploads\/historia-gravalos-63-1365x2048.jpg 1365w, https:\/\/www.gravalos-sa.com\/wp-content\/uploads\/historia-gravalos-63-scaled.jpg 1707w\" sizes=\"auto, (max-width: 683px) 100vw, 683px\" \/><\/figure><div class=\"wp-block-media-text__content\">\n<h2 class=\"wp-block-heading has-medium-font-size\">Consolidation (1963-2002)<\/h2>\n\n\n\n<p>During these years, a new move took place, to a warehouse that the company built in the neighborhood of Las Fuentes in Zaragoza. During this period, there was a firm commitment to thermoplastic injection, automation for the assembly section, maintenance was strengthened and new technologies were incorporated.<\/p>\n\n\n\n<p>The company also became ISO 9001 certified for the first time and began exporting its products to Europe, the United States and Asia.<\/p>\n\n\n\n<p>The second generation of the family takes over the management of the company, and the third generation joins the family.<\/p>\n<\/div><\/div>\n\n<div class=\"wp-block-media-text alignwide has-media-on-the-right is-stacked-on-mobile\"><div class=\"wp-block-media-text__content\">\n<h2 class=\"wp-block-heading has-medium-font-size\">Expansion (since 2002)<\/h2>\n\n\n\n<p>The growth of the company makes possible a new relocation, in this case to El Burgo de Ebro, to a 10,000 m2 warehouse.<\/p>\n\n\n\n<p>Investment in technology continues, management is modernized and professionalized, the third generation of the family takes over management, the company goes international, with subsidiaries in Poland and Morocco, forming a business group.<\/p>\n\n\n\n<p>Today, the group has 85 injection molding machines, 22 assembly lines, and employs some 300 people.<\/p>\n\n\n\n<p>The family, the management team, and all the people who are part of the business group, continue working with the same enthusiasm as always, with the maxim of customer service always in the first place, and with an eye on the year 2046, when it will celebrate its centenary.<\/p>\n<\/div><figure class=\"wp-block-media-text__media\"><img loading=\"lazy\" decoding=\"async\" width=\"981\" height=\"1024\" src=\"https:\/\/www.gravalos-sa.com\/wp-content\/uploads\/gravalos-consolidacion-inyeccion-1-981x1024.jpg\" alt=\"\" class=\"wp-image-1685 size-large\" title=\"\" srcset=\"https:\/\/www.gravalos-sa.com\/wp-content\/uploads\/gravalos-consolidacion-inyeccion-1-981x1024.jpg 981w, https:\/\/www.gravalos-sa.com\/wp-content\/uploads\/gravalos-consolidacion-inyeccion-1-287x300.jpg 287w, https:\/\/www.gravalos-sa.com\/wp-content\/uploads\/gravalos-consolidacion-inyeccion-1-768x802.jpg 768w, https:\/\/www.gravalos-sa.com\/wp-content\/uploads\/gravalos-consolidacion-inyeccion-1-500x522.jpg 500w, https:\/\/www.gravalos-sa.com\/wp-content\/uploads\/gravalos-consolidacion-inyeccion-1-800x835.jpg 800w, https:\/\/www.gravalos-sa.com\/wp-content\/uploads\/gravalos-consolidacion-inyeccion-1-1280x1336.jpg 1280w, https:\/\/www.gravalos-sa.com\/wp-content\/uploads\/gravalos-consolidacion-inyeccion-1.jpg 1300w\" sizes=\"auto, (max-width: 981px) 100vw, 981px\" \/><\/figure><\/div>\n\n<div class=\"wp-block-media-text alignwide is-stacked-on-mobile\"><figure class=\"wp-block-media-text__media\"><a href=\"https:\/\/www.gravalos-sa.com\/blog\/recibimos-el-prestigioso-premio-bosch-global-supplier-award\/\"><img loading=\"lazy\" decoding=\"async\" width=\"1024\" height=\"682\" src=\"https:\/\/www.gravalos-sa.com\/wp-content\/uploads\/blog-gravalos-bosch-global-supplier-award-1024x682.jpg\" alt=\"\" class=\"wp-image-2905 size-large\" title=\"\" srcset=\"https:\/\/www.gravalos-sa.com\/wp-content\/uploads\/blog-gravalos-bosch-global-supplier-award-1024x682.jpg 1024w, https:\/\/www.gravalos-sa.com\/wp-content\/uploads\/blog-gravalos-bosch-global-supplier-award-300x200.jpg 300w, https:\/\/www.gravalos-sa.com\/wp-content\/uploads\/blog-gravalos-bosch-global-supplier-award-768x511.jpg 768w, https:\/\/www.gravalos-sa.com\/wp-content\/uploads\/blog-gravalos-bosch-global-supplier-award-500x333.jpg 500w, https:\/\/www.gravalos-sa.com\/wp-content\/uploads\/blog-gravalos-bosch-global-supplier-award-800x533.jpg 800w, https:\/\/www.gravalos-sa.com\/wp-content\/uploads\/blog-gravalos-bosch-global-supplier-award.jpg 1200w\" sizes=\"auto, (max-width: 1024px) 100vw, 1024px\" \/><\/a><\/figure><div class=\"wp-block-media-text__content\">\n<h2 class=\"wp-block-heading has-medium-font-size\">Bosch Global Supplier Award (2023)<\/h2>\n\n\n\n<p>On July 14, 2023, <a href=\"https:\/\/www.gravalos-sa.com\/en\/blog\/received-the-prestigious-bosch-global-supplier-award\/\">the Gr\u00e1valos Group receives the prestigious Bosch Global Supplier Award<\/a> from the Bosch Group. This award distinguishes the group as one of the German multinational&#8217;s best suppliers worldwide, and marks a historic day in the company&#8217;s history.<\/p>\n\n\n\n<p>The Bosch Group has approximately 35,000 suppliers worldwide, of which only 46 have been selected to receive this award.<\/p>\n<\/div><\/div>\n","protected":false},"excerpt":{"rendered":"<p>The history of Gr\u00e1valos, like that of many companies, is marked by the entrepreneurial spirit of one person who begins the journey, and by others, &#8230;<\/p>\n<div class=\"wp-block-buttons\">\n<div class=\"wp-block-button is-style-arrow-link\"><span class=\"wp-block-button__link\">Know more<\/span><\/div>\n<\/div>\n","protected":false},"author":1,"featured_media":869,"parent":0,"menu_order":10,"comment_status":"closed","ping_status":"closed","template":"","meta":{"_acf_changed":false,"inline_featured_image":false,"footnotes":""},"class_list":["post-1320","page","type-page","status-publish","has-post-thumbnail","hentry"],"acf":[],"_links":{"self":[{"href":"https:\/\/www.gravalos-sa.com\/en\/wp-json\/wp\/v2\/pages\/1320","targetHints":{"allow":["GET"]}}],"collection":[{"href":"https:\/\/www.gravalos-sa.com\/en\/wp-json\/wp\/v2\/pages"}],"about":[{"href":"https:\/\/www.gravalos-sa.com\/en\/wp-json\/wp\/v2\/types\/page"}],"author":[{"embeddable":true,"href":"https:\/\/www.gravalos-sa.com\/en\/wp-json\/wp\/v2\/users\/1"}],"replies":[{"embeddable":true,"href":"https:\/\/www.gravalos-sa.com\/en\/wp-json\/wp\/v2\/comments?post=1320"}],"version-history":[{"count":12,"href":"https:\/\/www.gravalos-sa.com\/en\/wp-json\/wp\/v2\/pages\/1320\/revisions"}],"predecessor-version":[{"id":6925,"href":"https:\/\/www.gravalos-sa.com\/en\/wp-json\/wp\/v2\/pages\/1320\/revisions\/6925"}],"wp:featuredmedia":[{"embeddable":true,"href":"https:\/\/www.gravalos-sa.com\/en\/wp-json\/wp\/v2\/media\/869"}],"wp:attachment":[{"href":"https:\/\/www.gravalos-sa.com\/en\/wp-json\/wp\/v2\/media?parent=1320"}],"curies":[{"name":"wp","href":"https:\/\/api.w.org\/{rel}","templated":true}]}}