{"id":1447,"date":"2022-09-15T08:25:18","date_gmt":"2022-09-15T08:25:18","guid":{"rendered":"https:\/\/www.gravalos-sa.com\/contact\/"},"modified":"2024-04-09T14:50:39","modified_gmt":"2024-04-09T14:50:39","slug":"contact","status":"publish","type":"page","link":"https:\/\/www.gravalos-sa.com\/en\/contact\/","title":{"rendered":"Contact"},"content":{"rendered":"\n<div class=\"wp-block-cover alignfull is-style-header-cover\"><span aria-hidden=\"true\" class=\"wp-block-cover__background has-primary-100-background-color has-background-dim-90 has-background-dim\"><\/span><img loading=\"lazy\" decoding=\"async\" width=\"1920\" height=\"1280\" src=\"https:\/\/www.gravalos-sa.com\/wp-content\/uploads\/mapamundi.jpg\" class=\"wp-block-cover__image-background wp-post-image\" alt=\"mapamundi\" data-object-fit=\"cover\" data-object-position=\"33% 27%\" style=\"object-position:33% 27%;\" srcset=\"https:\/\/www.gravalos-sa.com\/wp-content\/uploads\/mapamundi.jpg 1920w, https:\/\/www.gravalos-sa.com\/wp-content\/uploads\/mapamundi-300x200.jpg 300w, https:\/\/www.gravalos-sa.com\/wp-content\/uploads\/mapamundi-1024x683.jpg 1024w, https:\/\/www.gravalos-sa.com\/wp-content\/uploads\/mapamundi-768x512.jpg 768w, https:\/\/www.gravalos-sa.com\/wp-content\/uploads\/mapamundi-1536x1024.jpg 1536w\" sizes=\"auto, (max-width: 1920px) 100vw, 1920px\" title=\"mapamundi\" \/><div class=\"wp-block-cover__inner-container is-layout-flow wp-block-cover-is-layout-flow\">\n<p class=\"is-style-supertitulo mb-2\" style=\"text-transform:uppercase\">Gr\u00e1valos<\/p>\n\n\n<h1 class=\"display-1 wp-block-post-title\">Contact<\/h1><\/div><\/div>\n<div class=\"breadcrumb\" typeof=\"BreadcrumbList\" vocab=\"https:\/\/schema.org\/\"><div class=\"breadcrumb-inner\"><div class=\"gravalos-breadcrumb\"><span property=\"itemListElement\" typeof=\"ListItem\"><a property=\"item\" typeof=\"WebPage\" title=\"Go to Gr\u00e1valos.\" href=\"https:\/\/www.gravalos-sa.com\/en\/\" class=\"home\" ><span property=\"name\">Gr\u00e1valos<\/span><\/a><meta property=\"position\" content=\"1\"><\/span><span class=\"breadcrumb-sep\"> | <\/span><span property=\"itemListElement\" typeof=\"ListItem\"><a property=\"item\" typeof=\"WebPage\" title=\"Go to Blog.\" href=\"https:\/\/www.gravalos-sa.com\/en\/blog\/\" class=\"post-root post post-post\" aria-current=\"page\"><span property=\"name\">Blog<\/span><\/a><meta property=\"position\" content=\"2\"><\/span><\/div><\/div><\/div>\n<div class=\"wp-block-columns is-layout-flex wp-container-core-columns-is-layout-9d6595d7 wp-block-columns-is-layout-flex\">\n<div class=\"wp-block-column is-layout-flow wp-block-column-is-layout-flow\" style=\"flex-basis:33.33%\">\n<p class=\"has-medium-font-size\"><strong>Next steps<\/strong><\/p>\n\n\n\n<ul class=\"wp-block-list\">\n<li>Tell us about your project<\/li>\n\n\n\n<li>We will contact you to work out the details<\/li>\n\n\n\n<li>We offer you a solution adapted to your needs<\/li>\n<\/ul>\n<\/div>\n\n\n\n<div class=\"wp-block-column is-layout-flow wp-block-column-is-layout-flow\" style=\"flex-basis:66.66%\">\n<div class=\"wp-block-contact-form-7-contact-form-selector\">\n<div class=\"wpcf7 no-js\" id=\"wpcf7-f1662-o1\" lang=\"en-US\" dir=\"ltr\" data-wpcf7-id=\"1662\">\n<div class=\"screen-reader-response\"><p role=\"status\" aria-live=\"polite\" aria-atomic=\"true\"><\/p> <ul><\/ul><\/div>\n<form action=\"\/en\/wp-json\/wp\/v2\/pages\/1447#wpcf7-f1662-o1\" method=\"post\" class=\"wpcf7-form init\" aria-label=\"Contact form\" novalidate=\"novalidate\" data-status=\"init\">\n<fieldset class=\"hidden-fields-container\"><input type=\"hidden\" name=\"_wpcf7\" value=\"1662\" \/><input type=\"hidden\" name=\"_wpcf7_version\" value=\"6.1.5\" \/><input type=\"hidden\" name=\"_wpcf7_locale\" value=\"en_US\" \/><input type=\"hidden\" name=\"_wpcf7_unit_tag\" value=\"wpcf7-f1662-o1\" \/><input type=\"hidden\" name=\"_wpcf7_container_post\" value=\"0\" \/><input type=\"hidden\" name=\"_wpcf7_posted_data_hash\" value=\"\" \/>\n<\/fieldset>\n<div class=\"form-row\">\n\t<div class=\"col-md-6\">\n\t\t<p><span id=\"wpcf7-69e72f3084edf-wrapper\" class=\"wpcf7-form-control-wrap customer-email-wrap\" style=\"display:none !important; visibility:hidden !important;\"><input type=\"hidden\" name=\"customer-email-time-start\" value=\"1776758576\"><input type=\"hidden\" name=\"customer-email-time-check\" value=\"4\"><label for=\"wpcf7-69e72f3084edf-field\" class=\"hp-message\">Please leave this field empty.<\/label><input id=\"wpcf7-69e72f3084edf-field\"  class=\"wpcf7-form-control wpcf7-text\" type=\"text\" name=\"customer-email\" value=\"\" size=\"40\" tabindex=\"-1\" autocomplete=\"new-password\" \/><\/span><span class=\"wpcf7-form-control-wrap\" data-name=\"your-name\"><input size=\"40\" maxlength=\"400\" class=\"wpcf7-form-control wpcf7-text wpcf7-validates-as-required\" aria-required=\"true\" aria-invalid=\"false\" placeholder=\"Contact person\" value=\"\" type=\"text\" name=\"your-name\" \/><\/span>\n\t\t<\/p>\n\t\t<p><span class=\"wpcf7-form-control-wrap\" data-name=\"your-email\"><input size=\"40\" maxlength=\"400\" class=\"wpcf7-form-control wpcf7-email wpcf7-validates-as-required wpcf7-text wpcf7-validates-as-email\" aria-required=\"true\" aria-invalid=\"false\" placeholder=\"Email\" value=\"\" type=\"email\" name=\"your-email\" \/><\/span>\n\t\t<\/p>\n\t\t<p><span class=\"wpcf7-form-control-wrap\" data-name=\"your-phone\"><input size=\"40\" maxlength=\"400\" class=\"wpcf7-form-control wpcf7-tel wpcf7-validates-as-required wpcf7-text wpcf7-validates-as-tel\" aria-required=\"true\" aria-invalid=\"false\" placeholder=\"Phone\" value=\"\" type=\"tel\" name=\"your-phone\" \/><\/span>\n\t\t<input class=\"wpcf7-form-control wpcf7-hidden\" value=\"Contacto web\" type=\"hidden\" name=\"your-subject\" \/>\n\t\t<\/p>\n\t<\/div>\n\t<div class=\"col-md-6\">\n\t\t<p><span class=\"wpcf7-form-control-wrap\" data-name=\"your-message\"><textarea cols=\"40\" rows=\"6\" maxlength=\"2000\" class=\"wpcf7-form-control wpcf7-textarea wpcf7-validates-as-required\" aria-required=\"true\" aria-invalid=\"false\" placeholder=\"Consultation\" name=\"your-message\"><\/textarea><\/span>\n\t\t<\/p>\n\t<\/div>\n<\/div>\n<div class=\"wpcf7-response-output\" aria-hidden=\"true\"><\/div>\n<p><span class=\"wpcf7-form-control-wrap\" data-name=\"your-acceptance\"><span class=\"wpcf7-form-control wpcf7-acceptance\"><span class=\"wpcf7-list-item\"><label><input type=\"checkbox\" name=\"your-acceptance\" value=\"1\" aria-invalid=\"false\" \/><span class=\"wpcf7-list-item-label\">I agree to the processing of my data in accordance with the <a target=\"blank\" href=\"https:\/\/www.gravalos-sa.com\/politica-privacidad\/\">Privacy Policy<\/a><\/span><\/label><\/span><\/span><\/span>\n<\/p>\n<p><input class=\"wpcf7-form-control wpcf7-submit has-spinner\" type=\"submit\" value=\"Enviar consulta\" \/>\n<\/p>\n<\/form>\n<\/div>\n<\/div>\n<\/div>\n<\/div>\n\n<div class=\"wp-block-cover alignfull\"><span aria-hidden=\"true\" class=\"wp-block-cover__background has-primary-80-background-color has-background-dim-0 has-background-dim\"><\/span><img loading=\"lazy\" decoding=\"async\" width=\"2560\" height=\"854\" class=\"wp-block-cover__image-background wp-image-6572\" alt=\"Mujer entregando un curr\u00edculum vitae\" src=\"https:\/\/www.gravalos-sa.com\/wp-content\/uploads\/gravalosbannercv.jpg\" style=\"object-position:60% 21%\" data-object-fit=\"cover\" data-object-position=\"60% 21%\" title=\"\" srcset=\"https:\/\/www.gravalos-sa.com\/wp-content\/uploads\/gravalosbannercv.jpg 2560w, https:\/\/www.gravalos-sa.com\/wp-content\/uploads\/gravalosbannercv-300x100.jpg 300w, https:\/\/www.gravalos-sa.com\/wp-content\/uploads\/gravalosbannercv-1024x342.jpg 1024w, https:\/\/www.gravalos-sa.com\/wp-content\/uploads\/gravalosbannercv-768x256.jpg 768w, https:\/\/www.gravalos-sa.com\/wp-content\/uploads\/gravalosbannercv-1536x512.jpg 1536w, https:\/\/www.gravalos-sa.com\/wp-content\/uploads\/gravalosbannercv-2048x683.jpg 2048w, https:\/\/www.gravalos-sa.com\/wp-content\/uploads\/gravalosbannercv-500x167.jpg 500w, https:\/\/www.gravalos-sa.com\/wp-content\/uploads\/gravalosbannercv-800x267.jpg 800w, https:\/\/www.gravalos-sa.com\/wp-content\/uploads\/gravalosbannercv-1280x427.jpg 1280w, https:\/\/www.gravalos-sa.com\/wp-content\/uploads\/gravalosbannercv-1920x641.jpg 1920w\" sizes=\"auto, (max-width: 2560px) 100vw, 2560px\" \/><div class=\"wp-block-cover__inner-container is-layout-constrained wp-block-cover-is-layout-constrained\">\n<div class=\"wp-block-columns are-vertically-aligned-center is-layout-flex wp-container-core-columns-is-layout-9d6595d7 wp-block-columns-is-layout-flex\">\n<div class=\"wp-block-column is-vertically-aligned-center is-layout-flow wp-block-column-is-layout-flow\">\n<p class=\"has-large-font-size\"><strong>Work with us<\/strong><\/p>\n\n\n\n<p>People like you are one of the fundamental pillars that lead to excellence in Grupo Gr\u00e1valos, and our history of more than 75 years as a family business clearly demonstrates this.<\/p>\n\n\n\n<p class=\"has-medium-font-size\">In order to properly evaluate your application, please send your Curriculum Vitae to the following e-mail address: <strong>rrhh@gravalos-sa.com<\/strong>.<\/p>\n<\/div>\n\n\n\n<div class=\"wp-block-column is-vertically-aligned-center is-layout-flow wp-block-column-is-layout-flow\">\n<div class=\"wp-block-buttons is-content-justification-center is-layout-flex wp-container-core-buttons-is-layout-16018d1d wp-block-buttons-is-layout-flex\">\n<div class=\"wp-block-button\"><a class=\"wp-block-button__link has-secondary-background-color has-background wp-element-button\" href=\"mailto:rrhh@gravalos-sa.com\">Send your CV<\/a><\/div>\n<\/div>\n<\/div>\n<\/div>\n<\/div><\/div>\n\n<div class=\"wp-block-group alignfull has-white-background-color has-background\"><div class=\"wp-block-group__inner-container is-layout-constrained wp-block-group-is-layout-constrained\">\n<div class=\"wp-block-columns container is-layout-flex wp-container-core-columns-is-layout-9d6595d7 wp-block-columns-is-layout-flex\">\n<div class=\"wp-block-column is-layout-flow wp-block-column-is-layout-flow\">\n<figure class=\"wp-block-image size-large is-resized\"><img decoding=\"async\" src=\"https:\/\/www.gravalos-sa.com\/wp-content\/uploads\/icono-gravalos-1.svg\" alt=\"Gravalos Icon\" class=\"wp-image-5311\" style=\"width:66px;height:64px\" title=\"\"><\/figure>\n\n\n\n<p><strong>Gr\u00e1valos Spain<\/strong><\/p>\n\n\n\n<p>Ctra. de Castell\u00f3n, km 15.500 Pol\u00edgono Industrial &#8220;La Noria&#8221;, Sector Industrial I -7, Parcela 2 5, 50730 El Burgo de Ebro, Zaragoza<\/p>\n\n\n\n<p><strong><a href=\"tel:0034976104808\">+34 976 10 48 08<\/a><\/strong><\/p>\n<\/div>\n\n\n\n<div class=\"wp-block-column is-layout-flow wp-block-column-is-layout-flow\">\n<div style=\"height:10px\" aria-hidden=\"true\" class=\"wp-block-spacer\"><\/div>\n\n\n\n<figure class=\"wp-block-image size-full is-resized\"><img loading=\"lazy\" decoding=\"async\" width=\"371\" height=\"108\" src=\"https:\/\/www.gravalos-sa.com\/wp-content\/uploads\/logo-geplastyk.png\" alt=\"\" class=\"wp-image-661\" style=\"width:186px;height:54px\" title=\"\" srcset=\"https:\/\/www.gravalos-sa.com\/wp-content\/uploads\/logo-geplastyk.png 371w, https:\/\/www.gravalos-sa.com\/wp-content\/uploads\/logo-geplastyk-300x87.png 300w\" sizes=\"auto, (max-width: 371px) 100vw, 371px\" \/><\/figure>\n\n\n\n<p><strong>Geplastyk Poland<\/strong><\/p>\n\n\n\n<p>ul. Hiszpa\u0144ska 1, R\u0104BIE\u0143<br\/>95-070 Aleksandr\u00f3w \u0141\u00f3dzki<br\/><\/p>\n\n\n\n<p><strong><a href=\"tel:0048422303705\">+48 42 230 37 05<\/a><\/strong><\/p>\n<\/div>\n\n\n\n<div class=\"wp-block-column is-layout-flow wp-block-column-is-layout-flow\">\n<figure class=\"wp-block-image size-full is-resized\"><img loading=\"lazy\" decoding=\"async\" width=\"400\" height=\"108\" src=\"https:\/\/www.gravalos-sa.com\/wp-content\/uploads\/logo-gravesa.png\" alt=\"\" class=\"wp-image-2263\" style=\"width:200px;height:54px\" title=\"\" srcset=\"https:\/\/www.gravalos-sa.com\/wp-content\/uploads\/logo-gravesa.png 400w, https:\/\/www.gravalos-sa.com\/wp-content\/uploads\/logo-gravesa-300x81.png 300w\" sizes=\"auto, (max-width: 400px) 100vw, 400px\" \/><\/figure>\n\n\n\n<p><strong>Gravesa Morocco<\/strong><\/p>\n\n\n\n<p>Zone Franche D&#8217;exportation,  <br\/>Lot 120, &#8211; Tanger-Assilah,  <br\/>Tangier, Tangier MA<\/p>\n\n\n\n<p><strong><a href=\"https:\/\/gravesa.com\" target=\"_blank\" rel=\"noreferrer noopener\">gravesa.com<\/a><\/strong><\/p>\n<\/div>\n<\/div>\n<\/div><\/div>\n","protected":false},"excerpt":{"rendered":"<p>Next steps Gr\u00e1valos Spain Ctra. de Castell\u00f3n, km 15.500 Pol\u00edgono Industrial &#8220;La Noria&#8221;, Sector Industrial I -7, Parcela 2 5, 50730 El Burgo de Ebro, &#8230;<\/p>\n<div class=\"wp-block-buttons\">\n<div class=\"wp-block-button is-style-arrow-link\"><span class=\"wp-block-button__link\">Know more<\/span><\/div>\n<\/div>\n","protected":false},"author":1,"featured_media":1043,"parent":0,"menu_order":90,"comment_status":"closed","ping_status":"closed","template":"","meta":{"_acf_changed":false,"inline_featured_image":false,"footnotes":""},"class_list":["post-1447","page","type-page","status-publish","has-post-thumbnail","hentry"],"acf":[],"_links":{"self":[{"href":"https:\/\/www.gravalos-sa.com\/en\/wp-json\/wp\/v2\/pages\/1447","targetHints":{"allow":["GET"]}}],"collection":[{"href":"https:\/\/www.gravalos-sa.com\/en\/wp-json\/wp\/v2\/pages"}],"about":[{"href":"https:\/\/www.gravalos-sa.com\/en\/wp-json\/wp\/v2\/types\/page"}],"author":[{"embeddable":true,"href":"https:\/\/www.gravalos-sa.com\/en\/wp-json\/wp\/v2\/users\/1"}],"replies":[{"embeddable":true,"href":"https:\/\/www.gravalos-sa.com\/en\/wp-json\/wp\/v2\/comments?post=1447"}],"version-history":[{"count":8,"href":"https:\/\/www.gravalos-sa.com\/en\/wp-json\/wp\/v2\/pages\/1447\/revisions"}],"predecessor-version":[{"id":6589,"href":"https:\/\/www.gravalos-sa.com\/en\/wp-json\/wp\/v2\/pages\/1447\/revisions\/6589"}],"wp:featuredmedia":[{"embeddable":true,"href":"https:\/\/www.gravalos-sa.com\/en\/wp-json\/wp\/v2\/media\/1043"}],"wp:attachment":[{"href":"https:\/\/www.gravalos-sa.com\/en\/wp-json\/wp\/v2\/media?parent=1447"}],"curies":[{"name":"wp","href":"https:\/\/api.w.org\/{rel}","templated":true}]}}