{"id":1314,"date":"2022-09-15T08:17:15","date_gmt":"2022-09-15T08:17:15","guid":{"rendered":"https:\/\/www.gravalos-sa.com\/histoire\/"},"modified":"2024-07-16T12:40:04","modified_gmt":"2024-07-16T12:40:04","slug":"histoire","status":"publish","type":"page","link":"https:\/\/www.gravalos-sa.com\/fr\/histoire\/","title":{"rendered":"Histoire"},"content":{"rendered":"\n<div class=\"wp-block-cover alignfull is-style-header-cover\"><span aria-hidden=\"true\" class=\"wp-block-cover__background has-primary-100-background-color has-background-dim-90 has-background-dim\"><\/span><img loading=\"lazy\" decoding=\"async\" width=\"1707\" height=\"2560\" src=\"https:\/\/www.gravalos-sa.com\/wp-content\/uploads\/historia-gravalos-63-scaled.jpg\" class=\"wp-block-cover__image-background wp-post-image\" alt=\"historia-gravalos-63\" data-object-fit=\"cover\" srcset=\"https:\/\/www.gravalos-sa.com\/wp-content\/uploads\/historia-gravalos-63-scaled.jpg 1707w, https:\/\/www.gravalos-sa.com\/wp-content\/uploads\/historia-gravalos-63-200x300.jpg 200w, https:\/\/www.gravalos-sa.com\/wp-content\/uploads\/historia-gravalos-63-683x1024.jpg 683w, https:\/\/www.gravalos-sa.com\/wp-content\/uploads\/historia-gravalos-63-768x1152.jpg 768w, https:\/\/www.gravalos-sa.com\/wp-content\/uploads\/historia-gravalos-63-1024x1536.jpg 1024w, https:\/\/www.gravalos-sa.com\/wp-content\/uploads\/historia-gravalos-63-1365x2048.jpg 1365w\" sizes=\"auto, (max-width: 1707px) 100vw, 1707px\" title=\"historia-gravalos-63\" \/><div class=\"wp-block-cover__inner-container is-layout-flow wp-block-cover-is-layout-flow\">\n<p class=\"is-style-supertitulo mb-2\" style=\"text-transform:uppercase\">Gr\u00e1valos<\/p>\n\n\n<h1 class=\"display-1 wp-block-post-title\">Histoire<\/h1><\/div><\/div>\n<div class=\"breadcrumb\" typeof=\"BreadcrumbList\" vocab=\"https:\/\/schema.org\/\"><div class=\"breadcrumb-inner\"><div class=\"gravalos-breadcrumb\"><span property=\"itemListElement\" typeof=\"ListItem\"><a property=\"item\" typeof=\"WebPage\" title=\"Aller \u00e0 Gr\u00e1valos.\" href=\"https:\/\/www.gravalos-sa.com\/fr\/\" class=\"home\" ><span property=\"name\">Gr\u00e1valos<\/span><\/a><meta property=\"position\" content=\"1\"><\/span><span class=\"breadcrumb-sep\"> | <\/span><span property=\"itemListElement\" typeof=\"ListItem\"><a property=\"item\" typeof=\"WebPage\" title=\"Aller \u00e0 Blog.\" href=\"https:\/\/www.gravalos-sa.com\/fr\/blog\/\" class=\"post-root post post-post\" aria-current=\"page\"><span property=\"name\">Blog<\/span><\/a><meta property=\"position\" content=\"2\"><\/span><\/div><\/div><\/div>\n<p>L&rsquo;histoire de Gr\u00e1valos, comme celle de nombreuses entreprises, est marqu\u00e9e par l&rsquo;esprit d&rsquo;entreprise d&rsquo;une personne qui commence le voyage, et par d&rsquo;autres, dans les g\u00e9n\u00e9rations suivantes, qui continuent et \u00e9largissent les horizons. L&rsquo;entreprise familiale a \u00e9t\u00e9 fond\u00e9e en 1946 et est aujourd&rsquo;hui dirig\u00e9e par la troisi\u00e8me g\u00e9n\u00e9ration.<\/p>\n\n<div style=\"height:2rem\" aria-hidden=\"true\" class=\"wp-block-spacer\"><\/div>\n\n<div class=\"wp-block-columns is-layout-flex wp-container-core-columns-is-layout-9d6595d7 wp-block-columns-is-layout-flex\">\n<div class=\"wp-block-column is-layout-flow wp-block-column-is-layout-flow\" style=\"flex-basis:50%\">\n<hr class=\"wp-block-separator has-text-color has-secondary-60-color has-alpha-channel-opacity has-secondary-60-background-color has-background\"\/>\n\n\n\n<p class=\"is-style-default has-medium-font-size\">Grav\u00e1los se consacre \u00e0 la fabrication de pi\u00e8ces techniques pour l&rsquo;\u00e9lectrom\u00e9nager, l&rsquo;automobile et l&rsquo;\u00e9lectronique grand public.  <\/p>\n<\/div>\n\n\n\n<div class=\"wp-block-column is-layout-flow wp-block-column-is-layout-flow\" style=\"flex-basis:50%\">\n<p>Elle dispose de d\u00e9partements de moulage par injection de plastique, d&#8217;emboutissage de m\u00e9taux et d&rsquo;assemblage automatique. L&rsquo;entreprise con\u00e7oit et fabrique ses propres outils et lignes d&rsquo;assemblage, pour lesquels elle dispose d&rsquo;un bureau technique et d&rsquo;une section d&rsquo;usinage, \u00e0 partir desquels elle planifie et ex\u00e9cute \u00e9galement les diff\u00e9rentes t\u00e2ches de maintenance.<\/p>\n\n\n\n<p>Depuis 2002, l&rsquo;entreprise est install\u00e9e \u00e0 El Burgo de Ebro, dans le Pol\u00edgono Industrial La Noria, o\u00f9 elle avait d\u00e9m\u00e9nag\u00e9 de son pr\u00e9c\u00e9dent site dans le Barrio de Las Fuentes \u00e0 Saragosse.<\/p>\n<\/div>\n<\/div>\n\n<div class=\"wp-block-columns is-layout-flex wp-container-core-columns-is-layout-9d6595d7 wp-block-columns-is-layout-flex\">\n<div class=\"wp-block-column is-layout-flow wp-block-column-is-layout-flow\" style=\"flex-basis:50%\">\n<hr class=\"wp-block-separator has-text-color has-secondary-60-color has-alpha-channel-opacity has-secondary-60-background-color has-background\"\/>\n\n\n\n<p class=\"is-style-default has-medium-font-size\">Depuis 2005, Gr\u00e1valos poss\u00e8de une filiale en Pologne, dans la ville de \u0141od\u017a, et plus r\u00e9cemment, en 2021, elle en a ouvert une autre au Maroc, situ\u00e9e \u00e0 Tanger.  <\/p>\n<\/div>\n\n\n\n<div class=\"wp-block-column is-layout-flow wp-block-column-is-layout-flow\" style=\"flex-basis:50%\">\n<p>Le groupe d&rsquo;entreprises emploie environ 300 personnes, dont pr\u00e8s de 70 % de femmes.<\/p>\n\n\n\n<p>Le service \u00e0 la client\u00e8le et la qualit\u00e9 de fabrication r\u00e9gissent toutes les activit\u00e9s du groupe, comme en t\u00e9moignent les certifications ISO 9001 et IATF 16949 d\u00e9tenues par les usines du groupe. L&rsquo;engagement du groupe en faveur de l&rsquo;environnement et du d\u00e9veloppement durable est fondamental, c&rsquo;est pourquoi nos usines sont certifi\u00e9es ISO 14001.<\/p>\n<\/div>\n<\/div>\n\n<div style=\"height:2rem\" aria-hidden=\"true\" class=\"wp-block-spacer\"><\/div>\n\n<p><\/p>\n\n<div class=\"wp-block-media-text alignwide is-stacked-on-mobile\"><figure class=\"wp-block-media-text__media\"><img loading=\"lazy\" decoding=\"async\" width=\"612\" height=\"1024\" src=\"https:\/\/www.gravalos-sa.com\/wp-content\/uploads\/historia-gravalos-62-612x1024.jpg\" alt=\"\" class=\"wp-image-487 size-large\" title=\"\" srcset=\"https:\/\/www.gravalos-sa.com\/wp-content\/uploads\/historia-gravalos-62-612x1024.jpg 612w, https:\/\/www.gravalos-sa.com\/wp-content\/uploads\/historia-gravalos-62-179x300.jpg 179w, https:\/\/www.gravalos-sa.com\/wp-content\/uploads\/historia-gravalos-62-768x1285.jpg 768w, https:\/\/www.gravalos-sa.com\/wp-content\/uploads\/historia-gravalos-62-918x1536.jpg 918w, https:\/\/www.gravalos-sa.com\/wp-content\/uploads\/historia-gravalos-62-1224x2048.jpg 1224w, https:\/\/www.gravalos-sa.com\/wp-content\/uploads\/historia-gravalos-62-scaled.jpg 1530w\" sizes=\"auto, (max-width: 612px) 100vw, 612px\" \/><\/figure><div class=\"wp-block-media-text__content\">\n<h2 class=\"wp-block-heading has-medium-font-size\">Albores (1946-1954)<\/h2>\n\n\n\n<p>L&rsquo;entreprise a \u00e9t\u00e9 fond\u00e9e en 1946, dans de petits locaux \u00e0 Saragosse, pour la fabrication de petites pi\u00e8ces m\u00e9talliques.<\/p>\n\n\n\n<p>L&rsquo;un des principes fondamentaux de l&rsquo;entreprise, depuis le d\u00e9but, est la prise en charge de ses collaborateurs et la gestion et le contr\u00f4le des risques professionnels, comme en t\u00e9moigne notre inscription \u00e0 la Mutuelle d&rsquo;assurance contre les accidents de Saragosse quelques jours seulement apr\u00e8s sa cr\u00e9ation.<\/p>\n<\/div><\/div>\n\n<div class=\"wp-block-media-text alignwide has-media-on-the-right is-stacked-on-mobile\"><div class=\"wp-block-media-text__content\">\n<h2 class=\"wp-block-heading has-medium-font-size\">Croissance (1955-1962)<\/h2>\n\n\n\n<p>L&rsquo;entreprise d\u00e9m\u00e9nage dans un b\u00e2timent plus grand et mieux \u00e9quip\u00e9, ajoute des presses d&#8217;emboutissage, augmentant ainsi sa capacit\u00e9 de production, et met en place une structure commerciale, augmentant ainsi son portefeuille de clients et commen\u00e7ant \u00e0 produire des pi\u00e8ces et des assemblages m\u00e9talliques pour le march\u00e9 de l&rsquo;\u00e9lectronique grand public, qui commen\u00e7ait \u00e0 \u00e9merger dans ces ann\u00e9es-l\u00e0.<\/p>\n\n\n\n<p>Les assemblages \u00e9taient mont\u00e9s sur des supports inject\u00e9s en thermodurcissable, une technologie qui \u00e9tait incorpor\u00e9e dans ces ann\u00e9es-l\u00e0. En outre, les mati\u00e8res premi\u00e8res sont plus facilement disponibles, ce qui permet un meilleur d\u00e9roulement de la production.<\/p>\n\n\n\n<p>La deuxi\u00e8me g\u00e9n\u00e9ration de la famille Gr\u00e1valos rejoint l&rsquo;entreprise.<\/p>\n<\/div><figure class=\"wp-block-media-text__media\"><img loading=\"lazy\" decoding=\"async\" width=\"683\" height=\"1024\" src=\"https:\/\/www.gravalos-sa.com\/wp-content\/uploads\/historia-gravalos-65-683x1024.jpg\" alt=\"\" class=\"wp-image-486 size-large\" title=\"\" srcset=\"https:\/\/www.gravalos-sa.com\/wp-content\/uploads\/historia-gravalos-65-683x1024.jpg 683w, https:\/\/www.gravalos-sa.com\/wp-content\/uploads\/historia-gravalos-65-200x300.jpg 200w, https:\/\/www.gravalos-sa.com\/wp-content\/uploads\/historia-gravalos-65-768x1152.jpg 768w, https:\/\/www.gravalos-sa.com\/wp-content\/uploads\/historia-gravalos-65-1024x1536.jpg 1024w, https:\/\/www.gravalos-sa.com\/wp-content\/uploads\/historia-gravalos-65-1365x2048.jpg 1365w, https:\/\/www.gravalos-sa.com\/wp-content\/uploads\/historia-gravalos-65-scaled.jpg 1707w\" sizes=\"auto, (max-width: 683px) 100vw, 683px\" \/><\/figure><\/div>\n\n<div class=\"wp-block-media-text alignwide is-stacked-on-mobile\"><figure class=\"wp-block-media-text__media\"><img loading=\"lazy\" decoding=\"async\" width=\"683\" height=\"1024\" src=\"https:\/\/www.gravalos-sa.com\/wp-content\/uploads\/historia-gravalos-63-683x1024.jpg\" alt=\"\" class=\"wp-image-488 size-large\" title=\"\" srcset=\"https:\/\/www.gravalos-sa.com\/wp-content\/uploads\/historia-gravalos-63-683x1024.jpg 683w, https:\/\/www.gravalos-sa.com\/wp-content\/uploads\/historia-gravalos-63-200x300.jpg 200w, https:\/\/www.gravalos-sa.com\/wp-content\/uploads\/historia-gravalos-63-768x1152.jpg 768w, https:\/\/www.gravalos-sa.com\/wp-content\/uploads\/historia-gravalos-63-1024x1536.jpg 1024w, https:\/\/www.gravalos-sa.com\/wp-content\/uploads\/historia-gravalos-63-1365x2048.jpg 1365w, https:\/\/www.gravalos-sa.com\/wp-content\/uploads\/historia-gravalos-63-scaled.jpg 1707w\" sizes=\"auto, (max-width: 683px) 100vw, 683px\" \/><\/figure><div class=\"wp-block-media-text__content\">\n<h2 class=\"wp-block-heading has-medium-font-size\">Consolidation (1963-2002)<\/h2>\n\n\n\n<p>Au cours de ces ann\u00e9es, un nouveau d\u00e9m\u00e9nagement a eu lieu, dans un entrep\u00f4t que l&rsquo;entreprise a construit dans le quartier de Las Fuentes \u00e0 Saragosse. Au cours de cette p\u00e9riode, un engagement ferme a \u00e9t\u00e9 pris en faveur de l&rsquo;injection de thermoplastique, de l&rsquo;automatisation de la section d&rsquo;assemblage, du renforcement de la maintenance et de l&rsquo;int\u00e9gration de nouvelles technologies.<\/p>\n\n\n\n<p>L&rsquo;entreprise est \u00e9galement certifi\u00e9e ISO 9001 pour la premi\u00e8re fois et commence \u00e0 exporter ses produits vers l&rsquo;Europe, les \u00c9tats-Unis et l&rsquo;Asie.<\/p>\n\n\n\n<p>La deuxi\u00e8me g\u00e9n\u00e9ration de la famille prend la direction de l&rsquo;entreprise et la troisi\u00e8me g\u00e9n\u00e9ration rejoint la famille.<\/p>\n<\/div><\/div>\n\n<div class=\"wp-block-media-text alignwide has-media-on-the-right is-stacked-on-mobile\"><div class=\"wp-block-media-text__content\">\n<h2 class=\"wp-block-heading has-medium-font-size\">Expansion (depuis 2002)<\/h2>\n\n\n\n<p>La croissance de l&rsquo;entreprise rend possible un nouveau d\u00e9m\u00e9nagement, en l&rsquo;occurrence \u00e0 El Burgo de Ebro, dans un entrep\u00f4t de 10 000 m2.<\/p>\n\n\n\n<p>L&rsquo;investissement dans la technologie se poursuit, la gestion se modernise et se professionnalise, la troisi\u00e8me g\u00e9n\u00e9ration de la famille reprend la direction, l&rsquo;entreprise s&rsquo;internationalise, avec des filiales en Pologne et au Maroc, formant un groupe d&rsquo;entreprises.<\/p>\n\n\n\n<p>Aujourd&rsquo;hui, le groupe dispose de 85 machines de moulage par injection, de 22 lignes d&rsquo;assemblage et emploie environ 300 personnes.<\/p>\n\n\n\n<p>La famille, l&rsquo;\u00e9quipe de direction et toutes les personnes qui font partie du groupe d&rsquo;entreprises continuent \u00e0 travailler avec le m\u00eame enthousiasme, en mettant toujours en avant le service au client et en visant l&rsquo;ann\u00e9e 2046, date \u00e0 laquelle l&rsquo;entreprise f\u00eatera son centenaire.<\/p>\n<\/div><figure class=\"wp-block-media-text__media\"><img loading=\"lazy\" decoding=\"async\" width=\"981\" height=\"1024\" src=\"https:\/\/www.gravalos-sa.com\/wp-content\/uploads\/gravalos-consolidacion-inyeccion-1-981x1024.jpg\" alt=\"\" class=\"wp-image-1685 size-large\" title=\"\" srcset=\"https:\/\/www.gravalos-sa.com\/wp-content\/uploads\/gravalos-consolidacion-inyeccion-1-981x1024.jpg 981w, https:\/\/www.gravalos-sa.com\/wp-content\/uploads\/gravalos-consolidacion-inyeccion-1-287x300.jpg 287w, https:\/\/www.gravalos-sa.com\/wp-content\/uploads\/gravalos-consolidacion-inyeccion-1-768x802.jpg 768w, https:\/\/www.gravalos-sa.com\/wp-content\/uploads\/gravalos-consolidacion-inyeccion-1-500x522.jpg 500w, https:\/\/www.gravalos-sa.com\/wp-content\/uploads\/gravalos-consolidacion-inyeccion-1-800x835.jpg 800w, https:\/\/www.gravalos-sa.com\/wp-content\/uploads\/gravalos-consolidacion-inyeccion-1-1280x1336.jpg 1280w, https:\/\/www.gravalos-sa.com\/wp-content\/uploads\/gravalos-consolidacion-inyeccion-1.jpg 1300w\" sizes=\"auto, (max-width: 981px) 100vw, 981px\" \/><\/figure><\/div>\n\n<div class=\"wp-block-media-text alignwide is-stacked-on-mobile\"><figure class=\"wp-block-media-text__media\"><a href=\"https:\/\/www.gravalos-sa.com\/blog\/recibimos-el-prestigioso-premio-bosch-global-supplier-award\/\"><img loading=\"lazy\" decoding=\"async\" width=\"1024\" height=\"682\" src=\"https:\/\/www.gravalos-sa.com\/wp-content\/uploads\/blog-gravalos-bosch-global-supplier-award-1024x682.jpg\" alt=\"\" class=\"wp-image-2905 size-large\" title=\"\" srcset=\"https:\/\/www.gravalos-sa.com\/wp-content\/uploads\/blog-gravalos-bosch-global-supplier-award-1024x682.jpg 1024w, https:\/\/www.gravalos-sa.com\/wp-content\/uploads\/blog-gravalos-bosch-global-supplier-award-300x200.jpg 300w, https:\/\/www.gravalos-sa.com\/wp-content\/uploads\/blog-gravalos-bosch-global-supplier-award-768x511.jpg 768w, https:\/\/www.gravalos-sa.com\/wp-content\/uploads\/blog-gravalos-bosch-global-supplier-award-500x333.jpg 500w, https:\/\/www.gravalos-sa.com\/wp-content\/uploads\/blog-gravalos-bosch-global-supplier-award-800x533.jpg 800w, https:\/\/www.gravalos-sa.com\/wp-content\/uploads\/blog-gravalos-bosch-global-supplier-award.jpg 1200w\" sizes=\"auto, (max-width: 1024px) 100vw, 1024px\" \/><\/a><\/figure><div class=\"wp-block-media-text__content\">\n<h2 class=\"wp-block-heading has-medium-font-size\">Prix mondial du fournisseur Bosch (2023)<\/h2>\n\n\n\n<p>Le 14 juillet 2023, le groupe <a href=\"https:\/\/www.gravalos-sa.com\/fr\/blog\/nous-recevons-le-prestigieux-bosch-global-supplier-award\/\">Gr\u00e1valos re\u00e7oit le prestigieux Bosch Global Supplier Award<\/a> du groupe Bosch. Ce prix distingue le groupe comme l&rsquo;un des meilleurs fournisseurs de la multinationale allemande dans le monde, et marque un jour historique dans l&rsquo;histoire de l&rsquo;entreprise.<\/p>\n\n\n\n<p>Le groupe Bosch compte environ 35 000 fournisseurs dans le monde, dont 46 seulement ont \u00e9t\u00e9 s\u00e9lectionn\u00e9s pour ce prix.<\/p>\n<\/div><\/div>\n","protected":false},"excerpt":{"rendered":"<p>L&rsquo;histoire de Gr\u00e1valos, comme celle de nombreuses entreprises, est marqu\u00e9e par l&rsquo;esprit d&rsquo;entreprise d&rsquo;une personne qui commence le voyage, et par d&rsquo;autres, dans les g\u00e9n\u00e9rations &#8230;<\/p>\n<div class=\"wp-block-buttons\">\n<div class=\"wp-block-button is-style-arrow-link\"><span class=\"wp-block-button__link\">Savoir plus<\/span><\/div>\n<\/div>\n","protected":false},"author":1,"featured_media":870,"parent":0,"menu_order":10,"comment_status":"closed","ping_status":"closed","template":"","meta":{"_acf_changed":false,"inline_featured_image":false,"footnotes":""},"class_list":["post-1314","page","type-page","status-publish","has-post-thumbnail","hentry"],"acf":[],"_links":{"self":[{"href":"https:\/\/www.gravalos-sa.com\/fr\/wp-json\/wp\/v2\/pages\/1314","targetHints":{"allow":["GET"]}}],"collection":[{"href":"https:\/\/www.gravalos-sa.com\/fr\/wp-json\/wp\/v2\/pages"}],"about":[{"href":"https:\/\/www.gravalos-sa.com\/fr\/wp-json\/wp\/v2\/types\/page"}],"author":[{"embeddable":true,"href":"https:\/\/www.gravalos-sa.com\/fr\/wp-json\/wp\/v2\/users\/1"}],"replies":[{"embeddable":true,"href":"https:\/\/www.gravalos-sa.com\/fr\/wp-json\/wp\/v2\/comments?post=1314"}],"version-history":[{"count":14,"href":"https:\/\/www.gravalos-sa.com\/fr\/wp-json\/wp\/v2\/pages\/1314\/revisions"}],"predecessor-version":[{"id":6926,"href":"https:\/\/www.gravalos-sa.com\/fr\/wp-json\/wp\/v2\/pages\/1314\/revisions\/6926"}],"wp:featuredmedia":[{"embeddable":true,"href":"https:\/\/www.gravalos-sa.com\/fr\/wp-json\/wp\/v2\/media\/870"}],"wp:attachment":[{"href":"https:\/\/www.gravalos-sa.com\/fr\/wp-json\/wp\/v2\/media?parent=1314"}],"curies":[{"name":"wp","href":"https:\/\/api.w.org\/{rel}","templated":true}]}}