{"id":1326,"date":"2022-09-15T08:16:52","date_gmt":"2022-09-15T08:16:52","guid":{"rendered":"https:\/\/www.gravalos-sa.com\/nous\/"},"modified":"2024-01-31T07:48:23","modified_gmt":"2024-01-31T07:48:23","slug":"nous","status":"publish","type":"page","link":"https:\/\/www.gravalos-sa.com\/fr\/nous\/","title":{"rendered":"Nous"},"content":{"rendered":"\n<div class=\"wp-block-cover alignfull is-style-header-cover\"><span aria-hidden=\"true\" class=\"wp-block-cover__background has-primary-100-background-color has-background-dim-80 has-background-dim\"><\/span><video class=\"wp-block-cover__video-background intrinsic-ignore\" autoplay muted loop playsinline src=\"https:\/\/www.gravalos-sa.com\/wp-content\/uploads\/recurso-recorriendo-nave.mp4\" data-object-fit=\"cover\"><\/video><div class=\"wp-block-cover__inner-container is-layout-flow wp-block-cover-is-layout-flow\">\n<p class=\"is-style-supertitulo mb-2\" style=\"text-transform:uppercase\">Gr\u00e1valos<\/p>\n\n\n<h1 class=\"display-1 wp-block-post-title\">Nous<\/h1><\/div><\/div>\n<div class=\"breadcrumb\" typeof=\"BreadcrumbList\" vocab=\"https:\/\/schema.org\/\"><div class=\"breadcrumb-inner\"><div class=\"gravalos-breadcrumb\"><span property=\"itemListElement\" typeof=\"ListItem\"><a property=\"item\" typeof=\"WebPage\" title=\"Aller \u00e0 Gr\u00e1valos.\" href=\"https:\/\/www.gravalos-sa.com\/fr\/\" class=\"home\" ><span property=\"name\">Gr\u00e1valos<\/span><\/a><meta property=\"position\" content=\"1\"><\/span><span class=\"breadcrumb-sep\"> | <\/span><span property=\"itemListElement\" typeof=\"ListItem\"><a property=\"item\" typeof=\"WebPage\" title=\"Aller \u00e0 Blog.\" href=\"https:\/\/www.gravalos-sa.com\/fr\/blog\/\" class=\"post-root post post-post\" aria-current=\"page\"><span property=\"name\">Blog<\/span><\/a><meta property=\"position\" content=\"2\"><\/span><\/div><\/div><\/div>\n<div class=\"wp-block-media-text alignwide is-stacked-on-mobile\"><figure class=\"wp-block-media-text__media\"><img loading=\"lazy\" decoding=\"async\" width=\"650\" height=\"287\" src=\"https:\/\/www.gravalos-sa.com\/wp-content\/uploads\/fachada-gr.jpg\" alt=\"\" class=\"wp-image-695 size-full\" title=\"\" srcset=\"https:\/\/www.gravalos-sa.com\/wp-content\/uploads\/fachada-gr.jpg 650w, https:\/\/www.gravalos-sa.com\/wp-content\/uploads\/fachada-gr-300x132.jpg 300w\" sizes=\"auto, (max-width: 650px) 100vw, 650px\" \/><\/figure><div class=\"wp-block-media-text__content\">\n<h2 class=\"wp-block-heading has-medium-font-size\">Une entreprise multinationale \u00e0 caract\u00e8re familial<\/h2>\n\n\n\n<p>C&rsquo;est la d\u00e9finition avec laquelle nous nous sentons le plus \u00e0 l&rsquo;aise et qui nous identifie \u00e0 100 %. Elle englobe parfaitement tout ce que nous sommes, ce qu&rsquo;a \u00e9t\u00e9 notre trajectoire, ce vers quoi nous nous dirigeons et la raison pour laquelle vous pouvez avoir une confiance absolue en nous.<\/p>\n\n\n\n<p>Nos d\u00e9buts remontent \u00e0 un petit atelier qui a ouvert ses portes il y a plus de 75 ans et que chaque g\u00e9n\u00e9ration s&rsquo;est efforc\u00e9e d&rsquo;am\u00e9liorer jusqu&rsquo;\u00e0 aujourd&rsquo;hui, en plein d\u00e9veloppement et en croissance continue.<\/p>\n<\/div><\/div>\n\n<div class=\"wp-block-media-text alignwide has-media-on-the-right is-stacked-on-mobile\"><div class=\"wp-block-media-text__content\">\n<p>Nous sommes actuellement pr\u00e9sents en Espagne, en Pologne et dans la zone franche du Maroc, avec plus de 400 collaborateurs qui travaillent avec nous, faisant de notre objectif \u00ab\u00a0excellence technique, excellence humaine\u00a0\u00bb une r\u00e9alit\u00e9. Cela est possible gr\u00e2ce \u00e0 un niveau \u00e9lev\u00e9 d&rsquo;efforts et d&rsquo;engagement dans l&rsquo;ensemble de l&rsquo;organisation.<\/p>\n\n\n\n<p>Aujourd&rsquo;hui, le groupe Gr\u00e1valos est dirig\u00e9 par la troisi\u00e8me g\u00e9n\u00e9ration de la famille.<\/p>\n<\/div><figure class=\"wp-block-media-text__media\"><img loading=\"lazy\" decoding=\"async\" width=\"800\" height=\"510\" src=\"https:\/\/www.gravalos-sa.com\/wp-content\/uploads\/geplastyk-2023-2.jpg\" alt=\"\" class=\"wp-image-6107 size-full\" title=\"\" srcset=\"https:\/\/www.gravalos-sa.com\/wp-content\/uploads\/geplastyk-2023-2.jpg 800w, https:\/\/www.gravalos-sa.com\/wp-content\/uploads\/geplastyk-2023-2-300x191.jpg 300w, https:\/\/www.gravalos-sa.com\/wp-content\/uploads\/geplastyk-2023-2-768x490.jpg 768w, https:\/\/www.gravalos-sa.com\/wp-content\/uploads\/geplastyk-2023-2-500x319.jpg 500w\" sizes=\"auto, (max-width: 800px) 100vw, 800px\" \/><\/figure><\/div>\n\n<div style=\"height:100px\" aria-hidden=\"true\" class=\"wp-block-spacer\"><\/div>\n\n\t\t<div class=\"hfeed\">\n\n\t\t\t<div class=\"row\">\n\n\t\t\t\t\n\t\t\t\t\t\n\t\t\t\t\t\t<div class=\"col-md-6 col-lg-4\">\n\n\t\t\t\t\t\n\t\t\t\t\t\t\n<article class=\"grid-post stretch-linked-block post-1418 page type-page status-publish has-post-thumbnail hentry\" id=\"post-1418\">\n\n\t<div class=\"wp-block-cover has-background-dim\">\n\n\t\t<span aria-hidden=\"true\" class=\"wp-block-cover__background has-primary-background-color\"><\/span>\n\n\t\t<img loading=\"lazy\" decoding=\"async\" width=\"276\" height=\"276\" src=\"https:\/\/www.gravalos-sa.com\/wp-content\/uploads\/mapa-espana.jpg\" class=\"wp-block-cover__image-background wp-post-image\" alt=\"mapa-espana\" srcset=\"https:\/\/www.gravalos-sa.com\/wp-content\/uploads\/mapa-espana.jpg 276w, https:\/\/www.gravalos-sa.com\/wp-content\/uploads\/mapa-espana-150x150.jpg 150w\" sizes=\"auto, (max-width: 276px) 100vw, 276px\" title=\"mapa-espana\" \/>\n\t\t<div class=\"wp-block-cover__inner-container container\">\n\n\t\t\t<header class=\"entry-header\">\n\n\t\t\t\t\n\t\t\t\t<span class=\"current-post-number\">01<\/span><h2 class=\"h4 entry-title\"><a class=\"stretched-link\" href=\"https:\/\/www.gravalos-sa.com\/fr\/nos-implantations\/espagne\/\" rel=\"bookmark\">Espagne<\/a><\/h2>\n\t\t\t<\/header><!-- .entry-header -->\n\n\t\t<\/div>\n\n\t<\/div>\n\n\t<div class=\"entry-content\">\n\n\t\t\n\t\t\n\t<\/div><!-- .entry-content -->\n\n\n<\/article><!-- #post-## -->\n\n\t\t\t\t\t<\/div>\n\n\t\t\t\t\n\t\t\t\t\t\n\t\t\t\t\t\t<div class=\"col-md-6 col-lg-4\">\n\n\t\t\t\t\t\n\t\t\t\t\t\t\n<article class=\"grid-post stretch-linked-block post-1341 page type-page status-publish has-post-thumbnail hentry\" id=\"post-1341\">\n\n\t<div class=\"wp-block-cover has-background-dim\">\n\n\t\t<span aria-hidden=\"true\" class=\"wp-block-cover__background has-primary-background-color\"><\/span>\n\n\t\t<img loading=\"lazy\" decoding=\"async\" width=\"167\" height=\"167\" src=\"https:\/\/www.gravalos-sa.com\/wp-content\/uploads\/mapa-polonia.jpg\" class=\"wp-block-cover__image-background wp-post-image\" alt=\"mapa-polonia\" srcset=\"https:\/\/www.gravalos-sa.com\/wp-content\/uploads\/mapa-polonia.jpg 167w, https:\/\/www.gravalos-sa.com\/wp-content\/uploads\/mapa-polonia-150x150.jpg 150w\" sizes=\"auto, (max-width: 167px) 100vw, 167px\" title=\"mapa-polonia\" \/>\n\t\t<div class=\"wp-block-cover__inner-container container\">\n\n\t\t\t<header class=\"entry-header\">\n\n\t\t\t\t\n\t\t\t\t<span class=\"current-post-number\">02<\/span><h2 class=\"h4 entry-title\"><a class=\"stretched-link\" href=\"https:\/\/www.gravalos-sa.com\/fr\/nos-implantations\/pologne\/\" rel=\"bookmark\">Pologne<\/a><\/h2>\n\t\t\t<\/header><!-- .entry-header -->\n\n\t\t<\/div>\n\n\t<\/div>\n\n\t<div class=\"entry-content\">\n\n\t\t\n\t\t\n\t<\/div><!-- .entry-content -->\n\n\n<\/article><!-- #post-## -->\n\n\t\t\t\t\t<\/div>\n\n\t\t\t\t\n\t\t\t\t\t\n\t\t\t\t\t\t<div class=\"col-md-6 col-lg-4\">\n\n\t\t\t\t\t\n\t\t\t\t\t\t\n<article class=\"grid-post stretch-linked-block post-1404 page type-page status-publish has-post-thumbnail hentry\" id=\"post-1404\">\n\n\t<div class=\"wp-block-cover has-background-dim\">\n\n\t\t<span aria-hidden=\"true\" class=\"wp-block-cover__background has-primary-background-color\"><\/span>\n\n\t\t<img loading=\"lazy\" decoding=\"async\" width=\"203\" height=\"203\" src=\"https:\/\/www.gravalos-sa.com\/wp-content\/uploads\/mapa-marruecos.jpg\" class=\"wp-block-cover__image-background wp-post-image\" alt=\"mapa-marruecos\" srcset=\"https:\/\/www.gravalos-sa.com\/wp-content\/uploads\/mapa-marruecos.jpg 203w, https:\/\/www.gravalos-sa.com\/wp-content\/uploads\/mapa-marruecos-150x150.jpg 150w\" sizes=\"auto, (max-width: 203px) 100vw, 203px\" title=\"mapa-marruecos\" \/>\n\t\t<div class=\"wp-block-cover__inner-container container\">\n\n\t\t\t<header class=\"entry-header\">\n\n\t\t\t\t\n\t\t\t\t<span class=\"current-post-number\">03<\/span><h2 class=\"h4 entry-title\"><a class=\"stretched-link\" href=\"https:\/\/www.gravalos-sa.com\/fr\/nos-implantations\/maroc\/\" rel=\"bookmark\">Maroc<\/a><\/h2>\n\t\t\t<\/header><!-- .entry-header -->\n\n\t\t<\/div>\n\n\t<\/div>\n\n\t<div class=\"entry-content\">\n\n\t\t\n\t\t\n\t<\/div><!-- .entry-content -->\n\n\n<\/article><!-- #post-## -->\n\n\t\t\t\t\t<\/div>\n\n\t\t\t\t\n\t\t\t<\/div>\n\n\t\t<\/div>\n\n\t","protected":false},"excerpt":{"rendered":"<p>Une entreprise multinationale \u00e0 caract\u00e8re familial C&rsquo;est la d\u00e9finition avec laquelle nous nous sentons le plus \u00e0 l&rsquo;aise et qui nous identifie \u00e0 100 %. &#8230;<\/p>\n<div class=\"wp-block-buttons\">\n<div class=\"wp-block-button is-style-arrow-link\"><span class=\"wp-block-button__link\">Savoir plus<\/span><\/div>\n<\/div>\n","protected":false},"author":1,"featured_media":1080,"parent":0,"menu_order":10,"comment_status":"closed","ping_status":"closed","template":"","meta":{"_acf_changed":false,"inline_featured_image":false,"footnotes":""},"class_list":["post-1326","page","type-page","status-publish","has-post-thumbnail","hentry"],"acf":[],"_links":{"self":[{"href":"https:\/\/www.gravalos-sa.com\/fr\/wp-json\/wp\/v2\/pages\/1326","targetHints":{"allow":["GET"]}}],"collection":[{"href":"https:\/\/www.gravalos-sa.com\/fr\/wp-json\/wp\/v2\/pages"}],"about":[{"href":"https:\/\/www.gravalos-sa.com\/fr\/wp-json\/wp\/v2\/types\/page"}],"author":[{"embeddable":true,"href":"https:\/\/www.gravalos-sa.com\/fr\/wp-json\/wp\/v2\/users\/1"}],"replies":[{"embeddable":true,"href":"https:\/\/www.gravalos-sa.com\/fr\/wp-json\/wp\/v2\/comments?post=1326"}],"version-history":[{"count":5,"href":"https:\/\/www.gravalos-sa.com\/fr\/wp-json\/wp\/v2\/pages\/1326\/revisions"}],"predecessor-version":[{"id":6115,"href":"https:\/\/www.gravalos-sa.com\/fr\/wp-json\/wp\/v2\/pages\/1326\/revisions\/6115"}],"wp:featuredmedia":[{"embeddable":true,"href":"https:\/\/www.gravalos-sa.com\/fr\/wp-json\/wp\/v2\/media\/1080"}],"wp:attachment":[{"href":"https:\/\/www.gravalos-sa.com\/fr\/wp-json\/wp\/v2\/media?parent=1326"}],"curies":[{"name":"wp","href":"https:\/\/api.w.org\/{rel}","templated":true}]}}