{"id":1331,"date":"2022-09-15T07:54:29","date_gmt":"2022-09-15T07:54:29","guid":{"rendered":"https:\/\/www.gravalos-sa.com\/politique-de-confidentialite\/"},"modified":"2023-11-29T09:11:30","modified_gmt":"2023-11-29T09:11:30","slug":"politique-confidentialite","status":"publish","type":"page","link":"https:\/\/www.gravalos-sa.com\/fr\/politique-confidentialite\/","title":{"rendered":"Politique de confidentialit\u00e9"},"content":{"rendered":"\n<div class=\"wp-block-cover alignfull is-style-header-cover\" style=\"min-height:400px;aspect-ratio:unset;\"><span aria-hidden=\"true\" class=\"wp-block-cover__background has-primary-80-background-color has-background-dim-100 has-background-dim\"><\/span><div class=\"wp-block-cover__inner-container is-layout-flow wp-block-cover-is-layout-flow\"><h1 class=\"display-1 wp-block-post-title\">Politique de confidentialit\u00e9<\/h1><\/div><\/div>\n<div class=\"breadcrumb\" typeof=\"BreadcrumbList\" vocab=\"https:\/\/schema.org\/\"><div class=\"breadcrumb-inner\"><div class=\"gravalos-breadcrumb\"><span property=\"itemListElement\" typeof=\"ListItem\"><a property=\"item\" typeof=\"WebPage\" title=\"Aller \u00e0 Gr\u00e1valos.\" href=\"https:\/\/www.gravalos-sa.com\/fr\/\" class=\"home\" ><span property=\"name\">Gr\u00e1valos<\/span><\/a><meta property=\"position\" content=\"1\"><\/span><span class=\"breadcrumb-sep\"> | <\/span><span property=\"itemListElement\" typeof=\"ListItem\"><a property=\"item\" typeof=\"WebPage\" title=\"Aller \u00e0 Blog.\" href=\"https:\/\/www.gravalos-sa.com\/fr\/blog\/\" class=\"post-root post post-post\" aria-current=\"page\"><span property=\"name\">Blog<\/span><\/a><meta property=\"position\" content=\"2\"><\/span><\/div><\/div><\/div>\n<p>CONSTRUCCIONES GR\u00c1VALOS S.A. (ci-apr\u00e8s \u00a0\u00bb CONSTRUCCIONES GR\u00c1VALOS \u00a0\u00bb ou \u00a0\u00bb la soci\u00e9t\u00e9 \u00ab\u00a0) d\u00e9clare respecter la l\u00e9gislation espagnole et europ\u00e9enne en vigueur en mati\u00e8re de protection des donn\u00e9es personnelles, en particulier le r\u00e8glement 2016\/679 du Parlement europ\u00e9en et du Conseil du 27 avril 2016 et la loi organique 3\/2018, du 5 d\u00e9cembre, sur la protection des donn\u00e9es personnelles et la garantie des droits num\u00e9riques.<\/p>\n\n<p>Votre vie priv\u00e9e et votre confiance sont importantes pour nous, c&rsquo;est pourquoi la pr\u00e9sente politique de confidentialit\u00e9 vous fournit des informations importantes sur la mani\u00e8re dont nous traitons vos informations personnelles. Nous vous recommandons de lire attentivement ce qui suit et, si vous avez des questions apr\u00e8s l&rsquo;avoir lu, vous pouvez nous consulter par les moyens que nous mettons \u00e0 votre disposition.<\/p>\n\n<p><strong>Responsable du traitement des donn\u00e9es<\/strong><\/p>\n\n<p>Le responsable du traitement de vos donn\u00e9es personnelles et propri\u00e9taire de ce site web est la soci\u00e9t\u00e9 CONSTRUCCIONES GR\u00c1VALOS S.A., inscrite au Registre du commerce de Saragosse, Folio 79, Volume 352, sect. 3\u00aa, feuille 6902, num\u00e9ro d&rsquo;identification fiscale A-50109909 et si\u00e8ge social : Carretera de Castell\u00f3n Km 15,500, Pol\u00edgono Industrial \u00ab\u00a0La Noria\u00a0\u00bb, Sector Industrial I-7, parcela 2.5 ; 50730 El Burgo de Ebro.<\/p>\n\n<p>Outre l&rsquo;adresse ci-dessus, si vous souhaitez nous contacter, vous pouvez le faire par l&rsquo;interm\u00e9diaire de notre site web :<\/p>\n\n<ul class=\"wp-block-list\">\n<li>T\u00e9l\u00e9phone : 976 104 808<\/li>\n\n\n\n<li>Courriel : <a href=\"lopd@gravalos-sa.com\">lopd@gravalos-sa.com<\/a><\/li>\n\n\n\n<li>Coordonn\u00e9es de notre d\u00e9l\u00e9gu\u00e9 \u00e0 la protection des donn\u00e9es : <a href=\"mailto:lopd@gravalos-sa.com\">lopd@gravalos-sa.com<\/a><\/li>\n<\/ul>\n\n<p><strong>Typologie, finalit\u00e9 et base l\u00e9gitime du traitement des donn\u00e9es \u00e0 caract\u00e8re personnel<\/strong><\/p>\n\n<p>Nous recueillons des donn\u00e9es personnelles aupr\u00e8s de :<\/p>\n\n<ul class=\"wp-block-list\">\n<li>Donn\u00e9es des travailleurs : ces donn\u00e9es ont pour but de g\u00e9rer la relation de travail, d&rsquo;\u00e9tablir leurs fiches de paie, de contr\u00f4ler la journ\u00e9e de travail et les autres obligations qui en d\u00e9coulent. Les donn\u00e9es collect\u00e9es sont des donn\u00e9es d&rsquo;identification, des donn\u00e9es biom\u00e9triques (empreintes digitales), des cat\u00e9gories sp\u00e9ciales (sant\u00e9\/handicap), des donn\u00e9es sur les caract\u00e9ristiques personnelles, des donn\u00e9es sur les \u00e9tudes et les professions, des donn\u00e9es sur l&#8217;emploi et des donn\u00e9es financi\u00e8res. La base de l\u00e9gitimit\u00e9 du traitement des donn\u00e9es est la relation entre les parties elles-m\u00eames, l&rsquo;obligation l\u00e9gale de collecter ce type de donn\u00e9es et le consentement des personnes concern\u00e9es. La p\u00e9riode de conservation des donn\u00e9es est fix\u00e9e \u00e0 cinq ans \u00e0 compter de la fin de la relation de travail, \u00e0 l&rsquo;exception des fiches de paie, TC1 et TC2, qui doivent \u00eatre conserv\u00e9es pendant dix ans.  <\/li>\n\n\n\n<li>Donn\u00e9es sur les demandeurs d&#8217;emploi : ces donn\u00e9es ont pour but de g\u00e9rer les processus de s\u00e9lection. Les donn\u00e9es collect\u00e9es sont des donn\u00e9es d&rsquo;identification, des donn\u00e9es sur les caract\u00e9ristiques personnelles, des donn\u00e9es acad\u00e9miques et des donn\u00e9es sur les professions et l&#8217;emploi. La base de l\u00e9gitimit\u00e9 du traitement des donn\u00e9es est la relation pr\u00e9contractuelle entre les parties et le consentement des personnes concern\u00e9es. La p\u00e9riode de conservation des donn\u00e9es est fix\u00e9e \u00e0 douze mois \u00e0 compter de la fin du processus de s\u00e9lection.  <\/li>\n\n\n\n<li>Donn\u00e9es des clients potentiels : la finalit\u00e9 du traitement des donn\u00e9es est la gestion commerciale des clients potentiels, la pr\u00e9paration des budgets. Les donn\u00e9es collect\u00e9es sont des donn\u00e9es d&rsquo;identification et des donn\u00e9es de sant\u00e9. La base de l\u00e9gitimit\u00e9 est l&rsquo;ex\u00e9cution d&rsquo;un pr\u00e9contrat et l&rsquo;int\u00e9r\u00eat l\u00e9gitime du responsable du traitement. Les donn\u00e9es seront conserv\u00e9es pendant une p\u00e9riode de cinq ans \u00e0 compter de la fin du contact avec le client potentiel.<\/li>\n<\/ul>\n\n<ul class=\"wp-block-list\">\n<li>Donn\u00e9es relatives aux clients : la finalit\u00e9 du traitement des donn\u00e9es est l&rsquo;ex\u00e9cution d&rsquo;un contrat commercial ou d&rsquo;un pr\u00e9contrat et la fourniture des produits demand\u00e9s. \u00c0 cette fin, des donn\u00e9es d&rsquo;identification, des donn\u00e9es professionnelles et des donn\u00e9es \u00e9conomiques sont demand\u00e9es. La base l\u00e9gitime du traitement des donn\u00e9es est l&rsquo;int\u00e9r\u00eat l\u00e9gitime du responsable du traitement et l&rsquo;ex\u00e9cution d&rsquo;un contrat. Les donn\u00e9es seront supprim\u00e9es dans les cinq ans suivant la fin de la relation commerciale.<\/li>\n<\/ul>\n\n<ul class=\"wp-block-list\">\n<li>Donn\u00e9es fournisseurs : ces donn\u00e9es ont pour but de g\u00e9rer les contrats commerciaux pour lesquels des donn\u00e9es d&rsquo;identification et des donn\u00e9es \u00e9conomiques sont collect\u00e9es. C&rsquo;est l&rsquo;ex\u00e9cution du contrat lui-m\u00eame qui nous l\u00e9gitime \u00e0 traiter vos donn\u00e9es, qui seront annul\u00e9es dans les cinq ans suivant la fin de la relation commerciale.<\/li>\n<\/ul>\n\n<ul class=\"wp-block-list\">\n<li>Donn\u00e9es des partenaires : l&rsquo;objectif des partenaires est de g\u00e9rer l&rsquo;entit\u00e9 en interne. Le traitement de vos donn\u00e9es est l\u00e9gitim\u00e9 par la relation d&rsquo;affaires entre les parties et les donn\u00e9es sont conserv\u00e9es ind\u00e9finiment.<\/li>\n\n\n\n<li>Donn\u00e9es de vid\u00e9osurveillance : ces donn\u00e9es ont pour but d&rsquo;assurer la s\u00e9curit\u00e9 dans nos locaux. Les donn\u00e9es collect\u00e9es sont des donn\u00e9es d&rsquo;identification (image). Le traitement de ces donn\u00e9es est l\u00e9gitim\u00e9 par l&rsquo;int\u00e9r\u00eat public poursuivi et la dur\u00e9e de conservation est fix\u00e9e \u00e0 30 jours.<\/li>\n<\/ul>\n\n<ul class=\"wp-block-list\">\n<li>Donn\u00e9es relatives \u00e0 l&rsquo;exercice des droits : la finalit\u00e9 du traitement est d&rsquo;assister \u00e0 l&rsquo;exercice des droits relatifs \u00e0 la protection des donn\u00e9es. La l\u00e9gitimation repose sur le respect des r\u00e8gles applicables en mati\u00e8re de protection des donn\u00e9es. Ces donn\u00e9es seront r\u00e9duites au minimum et seront conserv\u00e9es \u00e0 tout moment conform\u00e9ment aux dispositions de la l\u00e9gislation en vigueur en mati\u00e8re de protection des donn\u00e9es.<\/li>\n<\/ul>\n\n<ul class=\"wp-block-list\">\n<li>L&rsquo;utilisation de cookies : CONSTRUCCIONES GR\u00c1VALOS pourra traiter les donn\u00e9es personnelles collect\u00e9es par le biais des cookies mentionn\u00e9s dans la <a href=\"https:\/\/www.gravalos-sa.com\/fr\/politique-cookies\/\">politique relative aux cookies<\/a>. Ces donn\u00e9es seront trait\u00e9es pour les finalit\u00e9s qui ont \u00e9galement \u00e9t\u00e9 d\u00e9taill\u00e9es dans notre politique en mati\u00e8re de cookies, ainsi que la p\u00e9riode de conservation pour chacune d&rsquo;entre elles. La base l\u00e9gitime dans ce cas est votre consentement.<\/li>\n\n\n\n<li>Donn\u00e9es obtenues par le biais du canal d&rsquo;information : la finalit\u00e9 du traitement est de traiter les plaintes re\u00e7ues par le canal d&rsquo;information, qui peuvent inclure des donn\u00e9es sensibles ou des donn\u00e9es relatives \u00e0 des sanctions p\u00e9nales ou administratives, des donn\u00e9es identifi\u00e9es ou des donn\u00e9es relatives \u00e0 l&#8217;emploi. La base qui l\u00e9gitime le traitement de ces donn\u00e9es est le respect d&rsquo;une obligation l\u00e9gale en vertu de la loi 2\/2023, du 20 f\u00e9vrier, r\u00e9glementant la protection des personnes qui signalent des infractions r\u00e9glementaires et la lutte contre la corruption. Ces donn\u00e9es seront supprim\u00e9es dans un d\u00e9lai de trois mois, sauf s&rsquo;il est n\u00e9cessaire de les conserver pour prouver le bon fonctionnement du canal, auquel cas elles seront rendues anonymes.<\/li>\n<\/ul>\n\n<p><strong>P\u00e9riodes de conservation<\/strong><strong><\/strong><\/p>\n\n<p>Les donn\u00e9es personnelles fournies seront conserv\u00e9es pendant toute la dur\u00e9e de la relation entre nous, pendant les p\u00e9riodes de conservation l\u00e9gales, ou jusqu&rsquo;\u00e0 ce que la partie int\u00e9ress\u00e9e demande leur suppression ou s&rsquo;y oppose. En r\u00e8gle g\u00e9n\u00e9rale, une p\u00e9riode de conservation de cinq ans \u00e0 compter de la fin de la relation entre les parties est \u00e9tablie. \u00c0 l&rsquo;issue de cette p\u00e9riode, ils sont annul\u00e9s ou d\u00e9truits de mani\u00e8re confidentielle.<\/p>\n\n<p><strong>Comment partageons-nous les informations avec des tiers ?<\/strong><\/p>\n\n<p>Nous partageons des informations personnelles avec des tiers dans le but de fournir des services dans les conditions d\u00e9crites dans la pr\u00e9sente politique de protection de la vie priv\u00e9e ou lorsque nous estimons que la loi nous y autorise ou nous y oblige. Lorsque nous partageons des informations personnelles, nous le faisons conform\u00e9ment aux exigences en mati\u00e8re de protection de la vie priv\u00e9e et de s\u00e9curit\u00e9 des donn\u00e9es.<\/p>\n\n<p>CONSTRUCCIONES GR\u00c1VALOS informe la personne concern\u00e9e que certains de nos fournisseurs peuvent traiter ses donn\u00e9es personnelles en tant que sous-traitants, par exemple dans le cas de.. :<\/p>\n\n<ul class=\"wp-block-list\">\n<li>Les prestataires de services tiers, lorsque cela est n\u00e9cessaire pour la fourniture de services, la coordination des activit\u00e9s, la gestion interne, la certification des fournisseurs, l&rsquo;assistance en mati\u00e8re de logiciels, de syst\u00e8mes et de plateformes, les services d&rsquo;h\u00e9bergement en nuage et les communications \u00e9lectroniques. Dans ce cas, l&rsquo;acc\u00e8s \u00e0 vos donn\u00e9es par un tiers ne se fera que si CONSTRUCCIONES GR\u00c1VALOS entretient une relation contractuelle avec le responsable du traitement des donn\u00e9es qui garantit la confidentialit\u00e9, la non-utilisation des informations personnelles des utilisateurs que nous mettons \u00e0 disposition \u00e0 des fins autres que celles indiqu\u00e9es ci-dessus, ainsi que le respect de nos r\u00e8gles internes en mati\u00e8re de confidentialit\u00e9 et de s\u00e9curit\u00e9 de l&rsquo;information.<\/li>\n\n\n\n<li>Lorsque ce transfert de donn\u00e9es est couvert par une obligation l\u00e9gale ou est requis par les autorit\u00e9s comp\u00e9tentes pour r\u00e9pondre \u00e0 des exigences l\u00e9gales, \u00e0 une enqu\u00eate criminelle sur une \u00e9ventuelle activit\u00e9 ill\u00e9gale ou \u00e0 des all\u00e9gations selon lesquelles le contenu porte atteinte aux droits de tiers ou pour prot\u00e9ger les droits, la propri\u00e9t\u00e9 ou la s\u00e9curit\u00e9 de tiers, en cas de fusion, de vente, de restructuration, d&rsquo;acquisition, de coentreprise, de cession, de transfert ou d&rsquo;autre disposition, en tout ou en partie, de notre activit\u00e9, de nos actifs ou de nos actions (par exemple, transferts \u00e0 l&rsquo;AEAT, \u00e0 la TGSS&#8230;).<\/li>\n<\/ul>\n\n<p><strong>Transferts internationaux<\/strong><\/p>\n\n<p>Dans certains cas, CONSTRUCCIONES GR\u00c1VALOS utilise des outils et des services tiers pour la gestion des services. Certains de ces services peuvent \u00eatre d\u00e9tenus par des tiers r\u00e9sidant en dehors de l&rsquo;Espace \u00e9conomique europ\u00e9en.<\/p>\n\n<p>CONSTRUCCIONES GR\u00c1VALOS s&rsquo;efforce d&rsquo;utiliser des outils s\u00fbrs dont les serveurs sont situ\u00e9s de pr\u00e9f\u00e9rence en Espagne ou, \u00e0 d\u00e9faut, dans un \u00c9tat membre de l&rsquo;Union europ\u00e9enne, ou qui respectent la l\u00e9gislation europ\u00e9enne conform\u00e9ment aux lignes directrices et aux recommandations de l&rsquo;Agence espagnole de protection des donn\u00e9es, de la Commission europ\u00e9enne et des accords communautaires de r\u00e9f\u00e9rence sur le transfert international de donn\u00e9es.<\/p>\n\n<p>Dans le cas o\u00f9 le transfert international de donn\u00e9es est n\u00e9cessaire, l&rsquo;acceptation de la pr\u00e9sente politique de confidentialit\u00e9 signifie qu&rsquo;en tant qu&rsquo;utilisateur, vous consentez express\u00e9ment \u00e0 ce transfert.<\/p>\n\n<p><strong>Exercice des droits et plaintes aupr\u00e8s de l&rsquo;Agence espagnole de protection des donn\u00e9es<\/strong><\/p>\n\n<p>\u00c0 tout moment, l&rsquo;utilisateur peut retirer son consentement et\/ou exercer ses droits d&rsquo;acc\u00e8s, de rectification, de suppression, de limitation, d&rsquo;opposition et de portabilit\u00e9 pr\u00e9vus par la r\u00e9glementation europ\u00e9enne sur la protection des donn\u00e9es \u00e0 caract\u00e8re personnel, en envoyant un courrier \u00e9lectronique \u00e0 lopd@gravalos-sa.com ou un courrier postal \u00e0 CONSTRUCCIONES GR\u00c1VALOS S.A., Carretera de Castell\u00f3n Km 15,500, Pol. Industrial \u00ab\u00a0La Noria\u00a0\u00bb, Sector Industrial I-7, parcela 2.5 ; 50730 El Burgo de Ebro (Zaragoza).<\/p>\n\n<p>Dans ce cas, l&rsquo;utilisateur doit indiquer le droit qu&rsquo;il souhaite exercer et joindre une copie de sa carte d&rsquo;identit\u00e9 nationale ou de tout autre document d&rsquo;identification valide qui le l\u00e9gitime, y compris ceux qui permettent l&rsquo;identification \u00e9lectronique.<\/p>\n\n<p>Si vos droits ne sont pas effectivement respect\u00e9s, vous pouvez d\u00e9poser une plainte aupr\u00e8s de l&rsquo;Agence espagnole de protection des donn\u00e9es (Agencia Espa\u00f1ola de Protecci\u00f3n de Datos).<\/p>\n\n<p><strong>Votre engagement, la v\u00e9racit\u00e9 des donn\u00e9es que vous nous fournissez<\/strong><\/p>\n\n<p>L&rsquo;utilisateur d\u00e9clare que les donn\u00e9es personnelles fournies \u00e0 CONSTRUCCIONES GR\u00c1VALOS sont exactes. En tant qu&rsquo;utilisateur, vous devez savoir que vous \u00eates le seul responsable de tout dommage ou pr\u00e9judice, direct ou indirect, qui pourrait \u00eatre caus\u00e9 \u00e0 CONSTRUCCIONES GR\u00c1VALOS en tant que responsable de ce site web ou \u00e0 un tiers si vous nous envoyez de fausses donn\u00e9es ou des donn\u00e9es de tiers sans votre consentement pr\u00e9alable, causant ainsi une tromperie, un dommage ou un pr\u00e9judice.<\/p>\n\n<p>Afin de maintenir vos donn\u00e9es exactes et \u00e0 jour, nous demandons \u00e0 l&rsquo;utilisateur de nous informer de tout changement pouvant survenir dans les donn\u00e9es fournies.<\/p>\n\n<p><strong>Consentement des mineurs<\/strong><\/p>\n\n<p>CONTRUCCIONES GR\u00c1VALOS interdit aux utilisateurs de moins de 14 ans d&rsquo;envoyer des donn\u00e9es personnelles par le biais de ce site Web ou des moyens qui y sont indiqu\u00e9s. Si cette entit\u00e9 d\u00e9tecte des utilisateurs n&rsquo;ayant pas l&rsquo;\u00e2ge requis, elle ne traitera pas leurs donn\u00e9es et ne r\u00e9pondra donc pas \u00e0 leurs demandes.<\/p>\n\n<p>CONSTRUCCIONES GR\u00c1VALOS se r\u00e9serve le droit de demander une copie de la carte d&rsquo;identit\u00e9 de l&rsquo;utilisateur ou d&rsquo;un document \u00e9quivalent attestant de sa l\u00e9gitimit\u00e9 en cas de soup\u00e7ons fond\u00e9s sur la minorit\u00e9 de l&rsquo;utilisateur.<\/p>\n\n<p><strong>Moi<\/strong><strong>Mesures de s\u00e9curit\u00e9 applicables<\/strong><\/p>\n\n<p>Afin de prot\u00e9ger les donn\u00e9es personnelles des utilisateurs, CONSTRUCCIONES GR\u00c1VALOS s&rsquo;assure et contr\u00f4le ses sous-traitants dans l&rsquo;application de mesures techniques et organisationnelles appropri\u00e9es \u00e0 l&rsquo;\u00e9tat de l&rsquo;art pour prot\u00e9ger les donn\u00e9es personnelles, en tenant compte de la port\u00e9e, du contexte et des finalit\u00e9s du traitement, ainsi que des risques de probabilit\u00e9 et de gravit\u00e9 variables pour les droits et libert\u00e9s des personnes concern\u00e9es, en essayant d&rsquo;\u00eatre en mesure d&rsquo;assurer la confidentialit\u00e9, l&rsquo;int\u00e9grit\u00e9, la disponibilit\u00e9 et la r\u00e9silience des syst\u00e8mes et des services du traitement.<\/p>\n\n<p>Nos politiques et proc\u00e9dures de s\u00e9curit\u00e9 de l&rsquo;information sont r\u00e9guli\u00e8rement revues et mises \u00e0 jour pour r\u00e9pondre aux besoins de notre activit\u00e9, aux \u00e9volutions technologiques et aux exigences r\u00e9glementaires.<\/p>\n\n<p><strong>Droit applicable et juridiction<\/strong><\/p>\n\n<p>CONSTRUCCIONES GR\u00c1VALOS ayant son si\u00e8ge en Espagne, le contenu de cette politique de confidentialit\u00e9 a \u00e9t\u00e9 r\u00e9dig\u00e9 conform\u00e9ment \u00e0 la l\u00e9gislation espagnole et aux r\u00e9glementations applicables de l&rsquo;Union europ\u00e9enne.<\/p>\n\n<p>En acceptant cette politique de confidentialit\u00e9, vous acceptez que les r\u00e9clamations ou plaintes contre cette entit\u00e9 d\u00e9coulant de ou li\u00e9es \u00e0 l&rsquo;utilisation de ce site web et plus particuli\u00e8rement au traitement de vos donn\u00e9es personnelles soient r\u00e9solues par le tribunal comp\u00e9tent situ\u00e9 \u00e0 Saragosse. Si CONSTRUCCIONES GR\u00c1VALOS doit faire une r\u00e9clamation, elle le fera devant le tribunal comp\u00e9tent du domicile de l&rsquo;utilisateur ou du domicile de l&rsquo;entreprise (Saragosse) dans le cas de personnes morales ou de professionnels non consommateurs.<\/p>\n\n<p>Si vous acc\u00e9dez \u00e0 ce site \u00e0 partir d&rsquo;un lieu situ\u00e9 en dehors de l&rsquo;Espagne, il vous incombe de vous conformer \u00e0 toutes les lois locales et internationales applicables.<\/p>\n\n<p><strong>Politique de confidentialit\u00e9 mise \u00e0 jour le 28 novembre 2023.<\/strong><\/p>\n\n<p><a id=\"_msocom_1\"><\/a><\/p>\n","protected":false},"excerpt":{"rendered":"<p>CONSTRUCCIONES GR\u00c1VALOS S.A. (ci-apr\u00e8s \u00a0\u00bb CONSTRUCCIONES GR\u00c1VALOS \u00a0\u00bb ou \u00a0\u00bb la soci\u00e9t\u00e9 \u00ab\u00a0) d\u00e9clare respecter la l\u00e9gislation espagnole et europ\u00e9enne en vigueur en mati\u00e8re de &#8230;<\/p>\n<div class=\"wp-block-buttons\">\n<div class=\"wp-block-button is-style-arrow-link\"><span class=\"wp-block-button__link\">Savoir plus<\/span><\/div>\n<\/div>\n","protected":false},"author":1,"featured_media":0,"parent":0,"menu_order":99,"comment_status":"closed","ping_status":"closed","template":"","meta":{"_acf_changed":false,"inline_featured_image":false,"footnotes":""},"class_list":["post-1331","page","type-page","status-publish","hentry"],"acf":[],"_links":{"self":[{"href":"https:\/\/www.gravalos-sa.com\/fr\/wp-json\/wp\/v2\/pages\/1331","targetHints":{"allow":["GET"]}}],"collection":[{"href":"https:\/\/www.gravalos-sa.com\/fr\/wp-json\/wp\/v2\/pages"}],"about":[{"href":"https:\/\/www.gravalos-sa.com\/fr\/wp-json\/wp\/v2\/types\/page"}],"author":[{"embeddable":true,"href":"https:\/\/www.gravalos-sa.com\/fr\/wp-json\/wp\/v2\/users\/1"}],"replies":[{"embeddable":true,"href":"https:\/\/www.gravalos-sa.com\/fr\/wp-json\/wp\/v2\/comments?post=1331"}],"version-history":[{"count":9,"href":"https:\/\/www.gravalos-sa.com\/fr\/wp-json\/wp\/v2\/pages\/1331\/revisions"}],"predecessor-version":[{"id":5689,"href":"https:\/\/www.gravalos-sa.com\/fr\/wp-json\/wp\/v2\/pages\/1331\/revisions\/5689"}],"wp:attachment":[{"href":"https:\/\/www.gravalos-sa.com\/fr\/wp-json\/wp\/v2\/media?parent=1331"}],"curies":[{"name":"wp","href":"https:\/\/api.w.org\/{rel}","templated":true}]}}