{"id":1340,"date":"2022-09-15T08:14:16","date_gmt":"2022-09-15T08:14:16","guid":{"rendered":"https:\/\/www.gravalos-sa.com\/politique-en-matiere-de-cookies\/"},"modified":"2023-07-13T05:15:43","modified_gmt":"2023-07-13T05:15:43","slug":"politique-cookies","status":"publish","type":"page","link":"https:\/\/www.gravalos-sa.com\/fr\/politique-cookies\/","title":{"rendered":"Politique de cookies"},"content":{"rendered":"\n<div class=\"wp-block-cover alignfull is-style-header-cover\" style=\"min-height:400px;aspect-ratio:unset;\"><span aria-hidden=\"true\" class=\"wp-block-cover__background has-primary-80-background-color has-background-dim-100 has-background-dim\"><\/span><div class=\"wp-block-cover__inner-container is-layout-flow wp-block-cover-is-layout-flow\"><h1 class=\"display-1 wp-block-post-title\">Politique de cookies<\/h1><\/div><\/div>\n<div class=\"breadcrumb\" typeof=\"BreadcrumbList\" vocab=\"https:\/\/schema.org\/\"><div class=\"breadcrumb-inner\"><div class=\"gravalos-breadcrumb\"><span property=\"itemListElement\" typeof=\"ListItem\"><a property=\"item\" typeof=\"WebPage\" title=\"Aller \u00e0 Gr\u00e1valos.\" href=\"https:\/\/www.gravalos-sa.com\/fr\/\" class=\"home\" ><span property=\"name\">Gr\u00e1valos<\/span><\/a><meta property=\"position\" content=\"1\"><\/span><span class=\"breadcrumb-sep\"> | <\/span><span property=\"itemListElement\" typeof=\"ListItem\"><a property=\"item\" typeof=\"WebPage\" title=\"Aller \u00e0 Blog.\" href=\"https:\/\/www.gravalos-sa.com\/fr\/blog\/\" class=\"post-root post post-post\" aria-current=\"page\"><span property=\"name\">Blog<\/span><\/a><meta property=\"position\" content=\"2\"><\/span><\/div><\/div><\/div>\n\n\n<p>Le propri\u00e9taire de ce site web est CONSTRUCCIONES GR\u00c1VALOS S.A., soci\u00e9t\u00e9 inscrite au Registre du commerce de Saragosse, Folio 79, Volume 352, sect. 3\u00aa, hoja 6902, avec num\u00e9ro d&rsquo;identification fiscale A-50109909 et si\u00e8ge social \u00e0 Carretera de Castell\u00f3n Km 15,500, Pol. Industrial \u00ab\u00a0La Noria\u00a0\u00bb, Sector Industrial I-7, parcela 2.5 ; 50730 El Burgo de Ebro (Zaragoza). Vous trouverez plus d&rsquo;informations sur nous dans nos <a href=\"https:\/\/www.gravalos-sa.com\/fr\/avis-juridique\/\" data-type=\"page\">mentions l\u00e9gales<\/a><a>.<\/a><\/p>\n\n\n\n<p>Sur cette page, vous trouverez des informations sur notre politique en mati\u00e8re de collecte et de traitement des cookies sur https:\/\/www.gravalos-sa.com (ci-apr\u00e8s, le site web).<\/p>\n\n\n\n<p>Une fois les cookies autoris\u00e9s dans la premi\u00e8re couche d&rsquo;information ou dans la section de configuration, CONSTRUCCIONES GR\u00c1VALOS aura votre consentement pour utiliser les cookies autoris\u00e9s. En tout \u00e9tat de cause, la seule fa\u00e7on de garantir le rejet \u00e0 100 % des cookies est de configurer le navigateur que vous utilisez.<\/p>\n\n\n\n<p>Sur le site web de CONSTRUCCIONES GR\u00c1VALOS, nous utilisons des cookies pour r\u00e9aliser certaines fonctions consid\u00e9r\u00e9es comme essentielles pour am\u00e9liorer notre service et conna\u00eetre le niveau d&rsquo;activit\u00e9 de notre site web.<\/p>\n\n\n\n<p>Si vous souhaitez en savoir plus sur l&rsquo;utilisation des cookies sur ce site web, nous vous invitons \u00e0 lire ce qui suit.<\/p>\n\n\n\n<p><strong>Que sont les cookies et \u00e0 quoi servent-ils ?<\/strong><\/p>\n\n\n\n<p>Les cookies sont des fichiers ou des archives qui sont t\u00e9l\u00e9charg\u00e9s sur l&rsquo;ordinateur\/le smartphone\/la tablette de l&rsquo;utilisateur lorsque celui-ci acc\u00e8de \u00e0 certaines pages web.<\/p>\n\n\n\n<p>Les cookies permettent de stocker certaines donn\u00e9es sur l&rsquo;appareil de l&rsquo;utilisateur ou sur sa navigation. Ces donn\u00e9es peuvent \u00eatre mises \u00e0 jour et r\u00e9cup\u00e9r\u00e9es par le responsable de leur installation \u00e0 diff\u00e9rentes fins, telles que, par exemple, l&rsquo;obtention d&rsquo;informations sur les habitudes de navigation de l&rsquo;utilisateur ou de son \u00e9quipement, la visualisation des pages visit\u00e9es, le temps de connexion, la ville \u00e0 laquelle est attribu\u00e9e l&rsquo;adresse IP \u00e0 partir de laquelle l&rsquo;utilisateur acc\u00e8de au site, le nombre de nouveaux utilisateurs, la fr\u00e9quence et la r\u00e9currence des visites, l&rsquo;heure de la visite, le navigateur ou l&rsquo;op\u00e9rateur ou le type de terminal \u00e0 partir duquel la visite est effectu\u00e9e, l&rsquo;analyse du fonctionnement d&rsquo;une page, la d\u00e9tection de probl\u00e8mes techniques, etc. En outre, en fonction des informations qu&rsquo;ils contiennent et de la mani\u00e8re dont le terminal est utilis\u00e9, ils peuvent \u00eatre utilis\u00e9s pour reconna\u00eetre l&rsquo;utilisateur.<\/p>\n\n\n\n<p>Outre les cookies \u00ab\u00a0traditionnels\u00a0\u00bb, il existe d&rsquo;autres m\u00e9canismes et technologies permettant de stocker ce type d&rsquo;informations. Ce site web, depuis son propre domaine, ou des tiers autoris\u00e9s depuis leurs domaines, peuvent utiliser des pixels ou des balises de suivi, des techniques d&#8217;empreintes digitales ou tirer parti du stockage local et de session du navigateur pour stocker des informations qui sont g\u00e9n\u00e9ralement li\u00e9es \u00e0 la navigation de l&rsquo;utilisateur et qui sont toujours hach\u00e9es. Nous vous recommandons de v\u00e9rifier les param\u00e8tres de votre navigateur pour limiter ou emp\u00eacher ces techniques si vous le souhaitez.<\/p>\n\n\n\n<p><strong>Quels sont les types de cookies ?<\/strong><\/p>\n\n\n\n<p>Les cookies peuvent \u00eatre class\u00e9s en trois cat\u00e9gories : selon l&rsquo;entit\u00e9 qui g\u00e8re l&rsquo;\u00e9quipement ou le domaine \u00e0 partir duquel les cookies sont envoy\u00e9s et qui traite les donn\u00e9es ; selon la dur\u00e9e pendant laquelle ils restent actifs sur l&rsquo;\u00e9quipement terminal ; et selon la finalit\u00e9 pour laquelle les donn\u00e9es obtenues sont trait\u00e9es.<\/p>\n\n\n\n<p>En fonction de leur origine, les cookies peuvent \u00eatre class\u00e9s en cookies de premi\u00e8re partie ou de tierce partie, en fonction de leur dur\u00e9e, les cookies sont class\u00e9s en cookies de session et en cookies permanents, et en fonction de leur finalit\u00e9, les cookies peuvent \u00eatre class\u00e9s en cookies techniques, de personnalisation, d&rsquo;analyse ou d&rsquo;utilisation statistique et en cookies publicitaires, entre autres.<\/p>\n\n\n\n<p><strong>Pourquoi leur consentement est-il important ?<\/strong><\/p>\n\n\n\n<p>Conform\u00e9ment \u00e0 la loi 34\/2002, du 11 juillet, sur les services de la soci\u00e9t\u00e9 de l&rsquo;information et le commerce \u00e9lectronique, CONSTRUCCIONES GR\u00c1VALOS peut installer des cookies dans le terminal de l&rsquo;utilisateur \u00e0 condition que celui-ci ait donn\u00e9 son consentement apr\u00e8s avoir re\u00e7u des informations claires et compl\u00e8tes sur leur utilisation. L&rsquo;objectif de la pr\u00e9sente politique est de fournir ces informations d&rsquo;une mani\u00e8re qui soit utile \u00e0 l&rsquo;utilisateur.<\/p>\n\n\n\n<p>Il convient toutefois de noter que tous les cookies n&rsquo;ont pas le m\u00eame statut juridique. Certains cookies, parce qu&rsquo;ils ne sont pas consid\u00e9r\u00e9s comme intrusifs, sont exempt\u00e9s de l&rsquo;obligation d&rsquo;information. Il s&rsquo;agit des cookies qui permettent la communication entre l&rsquo;ordinateur de l&rsquo;utilisateur et le r\u00e9seau, ainsi que ceux qui fournissent strictement un service express\u00e9ment demand\u00e9 par l&rsquo;utilisateur, comme par exemple :<\/p>\n\n\n\n<ul class=\"wp-block-list\">\n<li>Cookies de saisie de l&rsquo;utilisateur.<\/li>\n\n\n\n<li>Cookies d&rsquo;authentification ou d&rsquo;identification de l&rsquo;utilisateur (cookies de session uniquement).<\/li>\n\n\n\n<li>Cookies de s\u00e9curit\u00e9 pour l&rsquo;utilisateur.<\/li>\n\n\n\n<li>Cookies de session du lecteur multim\u00e9dia.<\/li>\n\n\n\n<li>Cookies de session pour l&rsquo;\u00e9quilibrage de la charge.<\/li>\n\n\n\n<li>Cookies de personnalisation de l&rsquo;interface utilisateur.<\/li>\n\n\n\n<li>Plug-in cookies pour l&rsquo;\u00e9change de contenu social.<\/li>\n<\/ul>\n\n\n\n<p>Malgr\u00e9 cela, CONSTRUCCIONES GR\u00c1VALOS consid\u00e8re qu&rsquo;il est important que la relation avec l&rsquo;utilisateur s&rsquo;accompagne toujours d&rsquo;un niveau \u00e9lev\u00e9 de transparence et de confiance, c&rsquo;est pourquoi l&rsquo;utilisateur peut trouver dans cette politique de cookies tous les cookies que nous utilisons.<\/p>\n\n\n\n<p><strong>Quels sont les cookies utilis\u00e9s par ce site web ?<\/strong><\/p>\n\n\n\n<p>Dans CONSTRUCCIONES GR\u00c1VALOS<strong> <\/strong>nous pensons que le principe de transparence doit \u00eatre l&rsquo;un des \u00e9l\u00e9ments fondamentaux de la relation avec nos utilisateurs. C&rsquo;est pourquoi nous avons mis \u00e0 votre disposition les cookies de tiers utilis\u00e9s sur ce site web.<\/p>\n\n\n\n<ul class=\"wp-block-list\">\n<li><strong>Obligatoire : <\/strong>Cookies strictement n\u00e9cessaires pour fournir un service ou un contenu demand\u00e9 par l&rsquo;utilisateur. Ils sont responsables des aspects techniques tels que l&rsquo;identification des journaux et la gestion des pr\u00e9f\u00e9rences des outils dans l&rsquo;utilisation, l&rsquo;interaction et la localisation de l&rsquo;acc\u00e8s au contenu.<\/li>\n<\/ul>\n\n\n\n<figure class=\"wp-block-table\"><table><tbody><tr><td><strong>Nom<\/strong><\/td><td><strong> <\/strong><strong>Objectif<\/strong><\/td><td><strong>Expiration<\/strong><\/td><td><strong>Fournisseur<\/strong><\/td><\/tr><tr><td><strong>wordpress_[hash], wordpress_logged_in_[hash], wordpress_logged_in_ , wordpress_logged_in_[hash]<\/strong> <strong> <\/strong><\/td><td>Maintien de la session de l&rsquo;utilisateur<\/td><td>Session utilisateur<\/td><td>Le titulaire<\/td><\/tr><tr><td><strong>wp-settings-{time}-[UID], <em>wp-settings-[UID]<\/em><\/strong> <strong> <\/strong><\/td><td>M\u00e9moriser les param\u00e8tres de l&rsquo;utilisateur<\/td><td>1 an<\/td><td>Le titulaire<\/td><\/tr><tr><td><strong><em>wp-postpass[hash]<\/em><\/strong><strong><\/strong> <strong> <\/strong><\/td><td>Stocke l&rsquo;acc\u00e8s aux pages prot\u00e9g\u00e9es par un mot de passe<\/td><td>10 jours<\/td><td>Le titulaire<\/td><\/tr><tr><td><strong>commentaire_auteur_[hash], commentaire_auteur_email_[hash], commentaire_auteur_url_[hash]<\/strong>  <\/td><td>R\u00e9cup\u00e9rez vos donn\u00e9es dans les formulaires de commentaires<\/td><td>347 jours<\/td><td>Le titulaire<\/td><\/tr><tr><td><strong>moove_gdpr_popup<\/strong><\/td><td>M\u00e9moriser les param\u00e8tres des cookies<\/td><td>1 an<\/td><td>Le titulaire<\/td><\/tr><\/tbody><\/table><\/figure>\n\n\n\n<ul class=\"wp-block-list\">\n<li><strong>Fonctionnels<\/strong>: les cookies fonctionnels fournissent \u00e0 l&rsquo;utilisateur des informations qui enrichissent son exp\u00e9rience de navigation, comme l&rsquo;affichage des pr\u00e9visions m\u00e9t\u00e9orologiques en fonction de sa localisation.<\/li>\n<\/ul>\n\n\n\n<figure class=\"wp-block-table\"><table><tbody><tr><td><strong>Nom<\/strong><\/td><td><strong> <\/strong><strong>Objectif<\/strong><\/td><td><strong>Expiration<\/strong><\/td><td><strong>Fournisseur<\/strong><\/td><\/tr><tr><td><strong> <\/strong><\/td><td>&nbsp;<\/td><td>&nbsp;<\/td><td>&nbsp;<\/td><\/tr><tr><td>&nbsp;<\/td><td>&nbsp;<\/td><td>&nbsp;<\/td><td>&nbsp;<\/td><\/tr><tr><td>&nbsp;<\/td><td>&nbsp;<\/td><td>&nbsp;<\/td><td>&nbsp;<\/td><\/tr><\/tbody><\/table><\/figure>\n\n\n\n<ul class=\"wp-block-list\">\n<li><strong>Statistiques\/analyse<\/strong>: ces cookies collectent des informations relatives \u00e0 l&rsquo;utilisation du site, telles que le temps pass\u00e9 sur le site et le contenu visit\u00e9 par les lecteurs, afin de mesurer sa performance et d&rsquo;am\u00e9liorer la navigation.<br><br>Les principaux objectifs poursuivis avec ce type de cookies sont les suivants :<\/li>\n<\/ul>\n\n\n\n<ul class=\"wp-block-list\">\n<li>Permettre l&rsquo;identification anonyme des utilisateurs de la navigation et donc le comptage approximatif du nombre de visiteurs.<\/li>\n\n\n\n<li>Identifier de mani\u00e8re anonyme les contenus les plus visit\u00e9s.<\/li>\n\n\n\n<li>Savoir si l&rsquo;utilisateur qui acc\u00e8de au site est un nouveau visiteur ou un visiteur r\u00e9gulier.<\/li>\n<\/ul>\n\n\n\n<p>Les cookies analytiques utilis\u00e9s sur le site Web sont \u00e9num\u00e9r\u00e9s ci-dessous :<\/p>\n\n\n\n<figure class=\"wp-block-table\"><table><tbody><tr><td><strong>Nom<\/strong><\/td><td><strong> <\/strong><strong>Objectif<\/strong><\/td><td><strong>Expiration<\/strong><\/td><td><strong>Fournisseur<\/strong><\/td><\/tr><tr><td><strong>Google Analytics (_ga)<\/strong><strong><\/strong><\/td><td>Il est utilis\u00e9 pour identifier et distinguer un utilisateur. Ils stockent un identifiant client unique (ID client), qui est g\u00e9n\u00e9r\u00e9 de mani\u00e8re al\u00e9atoire. Elles sont utilis\u00e9es pour calculer les interactions avec les utilisateurs (visites, donn\u00e9es utilisateur, sessions et campagnes), afin d&rsquo;optimiser les services offerts.<\/td><td>2 ans<\/td><td>Google<\/td><\/tr><tr><td>Google Analytics (g_id)<strong><\/strong><\/td><td>Utilis\u00e9 pour identifier le m\u00eame utilisateur pour un seul jour.<\/td><td>24 heures<\/td><td>Google<\/td><\/tr><tr><td>Google Analytics (_gat)<strong><\/strong><\/td><td>Il est utilis\u00e9 pour diff\u00e9rencier les diff\u00e9rents objets de suivi cr\u00e9\u00e9s dans la session. Le cookie est mis \u00e0 jour chaque fois que vous envoyez des donn\u00e9es \u00e0 Google Analytics.  <\/td><td>1 minute<\/td><td>Google<\/td><\/tr><\/tbody><\/table><\/figure>\n\n\n\n<ul class=\"wp-block-list\">\n<li><strong>Personnalisation de la publicit\u00e9 :<\/strong> ces cookies obtiennent des informations sur les habitudes de navigation de l&rsquo;utilisateur afin de g\u00e9rer les espaces publicitaires et d&rsquo;offrir un contenu plus pertinent et de meilleure qualit\u00e9 en fonction des go\u00fbts de l&rsquo;utilisateur.<\/li>\n<\/ul>\n\n\n\n<p>Les cookies publicitaires utilis\u00e9s sur le site Web sont \u00e9num\u00e9r\u00e9s ci-dessous :<\/p>\n\n\n\n<figure class=\"wp-block-table\"><table><tbody><tr><td><strong>Nom<\/strong><\/td><td><strong> <\/strong><strong>Objectif<\/strong><\/td><td><strong>Expiration<\/strong><\/td><td><strong>Fournisseur<\/strong><\/td><\/tr><tr><td><strong> <\/strong><\/td><td>&nbsp;<\/td><td>&nbsp;<\/td><td>&nbsp;<\/td><\/tr><tr><td><strong> <\/strong><\/td><td>&nbsp;<\/td><td>&nbsp;<\/td><td>&nbsp;<\/td><\/tr><\/tbody><\/table><\/figure>\n\n\n\n<p>Si vous identifiez un cookie qui pourrait ne pas \u00eatre signal\u00e9, vous pouvez nous contacter <a>\u00e0 l&rsquo;adresse<\/a> espana@gravalos-sa.com et nous identifierons le cookie et le d\u00e9clarerons.<\/p>\n\n\n\n<p>La pr\u00e9sente politique en mati\u00e8re de cookies peut \u00eatre modifi\u00e9e \u00e0 chaque fois que des changements interviennent dans la configuration et\/ou l&rsquo;utilisation des cookies. Afin de maintenir une transparence maximale avec l&rsquo;utilisateur, CONSTRUCCIONES GR\u00c1VALOS<strong> <\/strong>conservera toujours la version mise \u00e0 jour publi\u00e9e sur ce site web, en indiquant la date de mise \u00e0 jour au bas de cette page.<\/p>\n\n\n\n<p><strong>Comment g\u00e9rer les cookies ?<\/strong><\/p>\n\n\n\n<p>Vous pouvez g\u00e9rer les cookies dans les param\u00e8tres de votre navigateur. Les param\u00e8tres du navigateur peuvent varier en fonction du d\u00e9veloppeur et de la version. Pour g\u00e9rer les cookies, vous devez donc consulter les param\u00e8tres correspondants de votre navigateur.<\/p>\n\n\n\n<p>La plupart des navigateurs indiquent comment configurer votre navigateur pour qu&rsquo;il n&rsquo;accepte pas les cookies, pour qu&rsquo;il vous avertisse chaque fois que vous recevez un nouveau cookie, ainsi que pour qu&rsquo;il les d\u00e9sactive compl\u00e8tement. Pour contr\u00f4ler l&rsquo;utilisation de vos informations, vous pouvez configurer le navigateur de votre terminal comme vous l&rsquo;entendez.<\/p>\n\n\n\n<p>Dans tous les cas, veuillez noter que si les cookies techniques et\/ou de performance sont d\u00e9sactiv\u00e9s, la qualit\u00e9 du site web peut diminuer ou il peut \u00eatre plus difficile de vous identifier.<\/p>\n\n\n\n<p>Il existe \u00e9galement des ressources utiles qui fournissent des informations d\u00e9taill\u00e9es sur les types de cookies, leur utilisation et la mani\u00e8re dont vous pouvez g\u00e9rer vos pr\u00e9f\u00e9rences en mati\u00e8re de cookies \u00e0 <a href=\"https:\/\/www.aboutcookies.org\/\" target=\"_blank\" rel=\"noopener\">propos des cookies<\/a> ou \u00e0 <a href=\"https:\/\/www.allaboutcookies.org\/\" target=\"_blank\" rel=\"noopener\">propos de tout ce qui concerne les cookies<\/a>.<\/p>\n\n\n\n<p>Si vous souhaitez mieux contr\u00f4ler l&rsquo;installation des cookies, vous pouvez installer des programmes ou des modules compl\u00e9mentaires \u00e0 votre navigateur, connus sous le nom d&rsquo;outils \u00ab\u00a0Do Not Track\u00a0\u00bb, qui vous permettront de choisir les cookies que vous souhaitez autoriser.<\/p>\n\n\n\n<p><strong>Quelles responsabilit\u00e9s assumons-nous ?<\/strong><\/p>\n\n\n\n<p>Les informations collect\u00e9es par les cookies sont stock\u00e9es dans le navigateur de l&rsquo;utilisateur. Toutefois, il n&rsquo;est techniquement pas possible de garantir \u00e0 100 % le respect des param\u00e8tres sp\u00e9cifiques de l&rsquo;utilisateur concernant l&rsquo;acceptation des cookies. La configuration des cookies de tiers \u00e9chappe au contr\u00f4le de CONSTRUCCIONES GR\u00c1VALOS car ils sont programm\u00e9s dans des plug-ins web sur lesquels nous ne pouvons techniquement pas agir.<\/p>\n\n\n\n<p>La seule fa\u00e7on de garantir un choix \u00e0 100 % est que vous, en tant qu&rsquo;utilisateur, configuriez les param\u00e8tres de votre navigateur en fonction de vos pr\u00e9f\u00e9rences.<\/p>\n\n\n\n<p>Dans certains cas, il est n\u00e9cessaire d&rsquo;installer des cookies afin que le navigateur n&rsquo;oublie pas votre d\u00e9cision de ne pas les accepter.<\/p>\n\n\n\n<p>Si vous avez des doutes ou des questions concernant cette politique en mati\u00e8re de cookies, n&rsquo;h\u00e9sitez pas \u00e0 nous contacter \u00e0 notre adresse \u00e9lectronique espana@gravalos-sa.com.<\/p>\n\n\n\n<p><strong>Liens vers des services de tiers<\/strong><\/p>\n\n\n\n<p>Certains des services fournis par le site Web de CONSTRUCCIONES GR\u00c1VALOS peuvent contenir des liens vers des applications, services, outils et sites Web de tiers, que vous pouvez utiliser conjointement avec des applications, services, outils et sites Web de tiers qui ne sont li\u00e9s d&rsquo;aucune mani\u00e8re \u00e0 CONSTRUCCIONES GR\u00c1VALOS.<\/p>\n\n\n\n<p>CONSTRUCCIONES GR\u00c1VALOS<strong> <\/strong>n&rsquo;est pas responsable de la s\u00e9curit\u00e9 et de la transparence des informations sur votre vie priv\u00e9e fournies aux utilisateurs par des tiers.<\/p>\n\n\n\n<p>Nous vous recommandons de consulter les politiques en mati\u00e8re de confidentialit\u00e9 et de cookies des applications, des r\u00e9seaux sociaux et des services web que vous utilisez r\u00e9guli\u00e8rement.<\/p>\n\n\n\n<p><strong>Derni\u00e8re mise \u00e0 jour<\/strong><\/p>\n\n\n\n<p><strong>Derni\u00e8re mise \u00e0 jour de la politique en mati\u00e8re de cookies le 23 mai 2023.<\/strong><\/p>\n\n\n\n<p><a id=\"_msocom_1\"><\/a><\/p>\n","protected":false},"excerpt":{"rendered":"<p>Le propri\u00e9taire de ce site web est CONSTRUCCIONES GR\u00c1VALOS S.A., soci\u00e9t\u00e9 inscrite au Registre du commerce de Saragosse, Folio 79, Volume 352, sect. 3\u00aa, hoja &#8230;<\/p>\n<div class=\"wp-block-buttons\">\n<div class=\"wp-block-button is-style-arrow-link\"><span class=\"wp-block-button__link\">Savoir plus<\/span><\/div>\n<\/div>\n","protected":false},"author":1,"featured_media":0,"parent":0,"menu_order":99,"comment_status":"closed","ping_status":"closed","template":"","meta":{"_acf_changed":false,"inline_featured_image":false,"footnotes":""},"class_list":["post-1340","page","type-page","status-publish","hentry"],"acf":[],"_links":{"self":[{"href":"https:\/\/www.gravalos-sa.com\/fr\/wp-json\/wp\/v2\/pages\/1340","targetHints":{"allow":["GET"]}}],"collection":[{"href":"https:\/\/www.gravalos-sa.com\/fr\/wp-json\/wp\/v2\/pages"}],"about":[{"href":"https:\/\/www.gravalos-sa.com\/fr\/wp-json\/wp\/v2\/types\/page"}],"author":[{"embeddable":true,"href":"https:\/\/www.gravalos-sa.com\/fr\/wp-json\/wp\/v2\/users\/1"}],"replies":[{"embeddable":true,"href":"https:\/\/www.gravalos-sa.com\/fr\/wp-json\/wp\/v2\/comments?post=1340"}],"version-history":[{"count":11,"href":"https:\/\/www.gravalos-sa.com\/fr\/wp-json\/wp\/v2\/pages\/1340\/revisions"}],"predecessor-version":[{"id":2754,"href":"https:\/\/www.gravalos-sa.com\/fr\/wp-json\/wp\/v2\/pages\/1340\/revisions\/2754"}],"wp:attachment":[{"href":"https:\/\/www.gravalos-sa.com\/fr\/wp-json\/wp\/v2\/media?parent=1340"}],"curies":[{"name":"wp","href":"https:\/\/api.w.org\/{rel}","templated":true}]}}