{"id":1341,"date":"2022-09-15T08:18:33","date_gmt":"2022-09-15T08:18:33","guid":{"rendered":"https:\/\/www.gravalos-sa.com\/nos-implantations\/pologne\/"},"modified":"2024-01-31T07:49:01","modified_gmt":"2024-01-31T07:49:01","slug":"pologne","status":"publish","type":"page","link":"https:\/\/www.gravalos-sa.com\/fr\/nos-implantations\/pologne\/","title":{"rendered":"Pologne"},"content":{"rendered":"\n<div class=\"wp-block-cover alignfull is-style-header-cover\"><span aria-hidden=\"true\" class=\"wp-block-cover__background has-primary-100-background-color has-background-dim-90 has-background-dim\"><\/span><img loading=\"lazy\" decoding=\"async\" width=\"1920\" height=\"1280\" class=\"wp-block-cover__image-background wp-image-663\" alt=\"mapamundi\" title=\"mapamundi\"  src=\"https:\/\/www.gravalos-sa.com\/wp-content\/uploads\/mapamundi.jpg\" style=\"object-position:84% 8%\" data-object-fit=\"cover\" data-object-position=\"84% 8%\" srcset=\"https:\/\/www.gravalos-sa.com\/wp-content\/uploads\/mapamundi.jpg 1920w, https:\/\/www.gravalos-sa.com\/wp-content\/uploads\/mapamundi-300x200.jpg 300w, https:\/\/www.gravalos-sa.com\/wp-content\/uploads\/mapamundi-1024x683.jpg 1024w, https:\/\/www.gravalos-sa.com\/wp-content\/uploads\/mapamundi-768x512.jpg 768w, https:\/\/www.gravalos-sa.com\/wp-content\/uploads\/mapamundi-1536x1024.jpg 1536w\" sizes=\"auto, (max-width: 1920px) 100vw, 1920px\" \/><div class=\"wp-block-cover__inner-container is-layout-flow wp-block-cover-is-layout-flow\">\n<p class=\"is-style-supertitulo mb-2\" style=\"text-transform:uppercase\">Geplastyk<\/p>\n\n\n<h1 class=\"display-1 wp-block-post-title\">Pologne<\/h1><\/div><\/div>\n<div class=\"breadcrumb\" typeof=\"BreadcrumbList\" vocab=\"https:\/\/schema.org\/\"><div class=\"breadcrumb-inner\"><div class=\"gravalos-breadcrumb\"><span property=\"itemListElement\" typeof=\"ListItem\"><a property=\"item\" typeof=\"WebPage\" title=\"Aller \u00e0 Gr\u00e1valos.\" href=\"https:\/\/www.gravalos-sa.com\/fr\/\" class=\"home\" ><span property=\"name\">Gr\u00e1valos<\/span><\/a><meta property=\"position\" content=\"1\"><\/span><span class=\"breadcrumb-sep\"> | <\/span><span property=\"itemListElement\" typeof=\"ListItem\"><a property=\"item\" typeof=\"WebPage\" title=\"Aller \u00e0 Blog.\" href=\"https:\/\/www.gravalos-sa.com\/fr\/blog\/\" class=\"post-root post post-post\" aria-current=\"page\"><span property=\"name\">Blog<\/span><\/a><meta property=\"position\" content=\"2\"><\/span><\/div><\/div><\/div>\n<p class=\"has-medium-font-size\">Geplastyk, notre entreprise bas\u00e9e en Pologne, est situ\u00e9e dans la ville de Lodz. \u00c0 partir de l\u00e0, nous fournissons des composants principalement aux usines de clients locaux et allemands, mais aussi aux \u00c9tats-Unis, \u00e0 la Chine et \u00e0 d&rsquo;autres pays, de sorte que le champ d&rsquo;application de l&rsquo;approvisionnement est mondial.<\/p>\n\n<div style=\"height:32px\" aria-hidden=\"true\" class=\"wp-block-spacer\"><\/div>\n\n<div class=\"wp-block-media-text alignwide is-stacked-on-mobile\"><figure class=\"wp-block-media-text__media\"><img loading=\"lazy\" decoding=\"async\" width=\"800\" height=\"510\" src=\"https:\/\/www.gravalos-sa.com\/wp-content\/uploads\/geplastyk-2023-2.jpg\" alt=\"\" class=\"wp-image-6107 size-full\" title=\"\" srcset=\"https:\/\/www.gravalos-sa.com\/wp-content\/uploads\/geplastyk-2023-2.jpg 800w, https:\/\/www.gravalos-sa.com\/wp-content\/uploads\/geplastyk-2023-2-300x191.jpg 300w, https:\/\/www.gravalos-sa.com\/wp-content\/uploads\/geplastyk-2023-2-768x490.jpg 768w, https:\/\/www.gravalos-sa.com\/wp-content\/uploads\/geplastyk-2023-2-500x319.jpg 500w\" sizes=\"auto, (max-width: 800px) 100vw, 800px\" \/><\/figure><div class=\"wp-block-media-text__content\">\n<h2 class=\"wp-block-heading has-medium-font-size\">Fourniture \u00e0 l&rsquo;Europe et aux \u00c9tats-Unis et la Chine<\/h2>\n\n\n\n<p>Geplastyk a \u00e9t\u00e9 fond\u00e9e en 2004 et, depuis lors, elle s&rsquo;est d\u00e9velopp\u00e9e avec beaucoup de succ\u00e8s, fabriquant diff\u00e9rents composants pour les industries de l&rsquo;\u00e9lectrom\u00e9nager et de l&rsquo;automobile, en suivant toujours les normes de qualit\u00e9 exigeantes du groupe Gr\u00e1valos.<\/p>\n\n\n\n<p>La ville de Lodz est situ\u00e9e au centre du pays, \u00e0 135 km au sud-ouest de Varsovie. Ce site est situ\u00e9 dans le centre de la Pologne, o\u00f9 plusieurs grandes entreprises ont \u00e9galement leurs centres logistiques.<\/p>\n\n\n\n<div class=\"wp-block-buttons is-layout-flex wp-block-buttons-is-layout-flex\">\n<div class=\"wp-block-button is-style-arrow-link\"><a class=\"wp-block-button__link wp-element-button\" href=\"https:\/\/www.gravalos-sa.com\/fr\/contact\/\">Contact avec nous<\/a><\/div>\n<\/div>\n<\/div><\/div>\n","protected":false},"excerpt":{"rendered":"<p>Geplastyk, notre entreprise bas\u00e9e en Pologne, est situ\u00e9e dans la ville de Lodz. \u00c0 partir de l\u00e0, nous fournissons des composants principalement aux usines de &#8230;<\/p>\n<div class=\"wp-block-buttons\">\n<div class=\"wp-block-button is-style-arrow-link\"><span class=\"wp-block-button__link\">Savoir plus<\/span><\/div>\n<\/div>\n","protected":false},"author":1,"featured_media":1104,"parent":1312,"menu_order":20,"comment_status":"closed","ping_status":"closed","template":"","meta":{"_acf_changed":false,"inline_featured_image":false,"footnotes":""},"class_list":["post-1341","page","type-page","status-publish","has-post-thumbnail","hentry"],"acf":[],"_links":{"self":[{"href":"https:\/\/www.gravalos-sa.com\/fr\/wp-json\/wp\/v2\/pages\/1341","targetHints":{"allow":["GET"]}}],"collection":[{"href":"https:\/\/www.gravalos-sa.com\/fr\/wp-json\/wp\/v2\/pages"}],"about":[{"href":"https:\/\/www.gravalos-sa.com\/fr\/wp-json\/wp\/v2\/types\/page"}],"author":[{"embeddable":true,"href":"https:\/\/www.gravalos-sa.com\/fr\/wp-json\/wp\/v2\/users\/1"}],"replies":[{"embeddable":true,"href":"https:\/\/www.gravalos-sa.com\/fr\/wp-json\/wp\/v2\/comments?post=1341"}],"version-history":[{"count":6,"href":"https:\/\/www.gravalos-sa.com\/fr\/wp-json\/wp\/v2\/pages\/1341\/revisions"}],"predecessor-version":[{"id":6120,"href":"https:\/\/www.gravalos-sa.com\/fr\/wp-json\/wp\/v2\/pages\/1341\/revisions\/6120"}],"up":[{"embeddable":true,"href":"https:\/\/www.gravalos-sa.com\/fr\/wp-json\/wp\/v2\/pages\/1312"}],"wp:featuredmedia":[{"embeddable":true,"href":"https:\/\/www.gravalos-sa.com\/fr\/wp-json\/wp\/v2\/media\/1104"}],"wp:attachment":[{"href":"https:\/\/www.gravalos-sa.com\/fr\/wp-json\/wp\/v2\/media?parent=1341"}],"curies":[{"name":"wp","href":"https:\/\/api.w.org\/{rel}","templated":true}]}}