{"id":1438,"date":"2022-09-15T08:23:48","date_gmt":"2022-09-15T08:23:48","guid":{"rendered":"https:\/\/www.gravalos-sa.com\/automobile\/"},"modified":"2023-06-06T12:46:49","modified_gmt":"2023-06-06T12:46:49","slug":"automobile","status":"publish","type":"page","link":"https:\/\/www.gravalos-sa.com\/fr\/automobile\/","title":{"rendered":"Automobile"},"content":{"rendered":"\n<div class=\"wp-block-cover alignfull is-style-header-cover\"><span aria-hidden=\"true\" class=\"wp-block-cover__background has-primary-100-background-color has-background-dim-90 has-background-dim\"><\/span><img loading=\"lazy\" decoding=\"async\" width=\"1920\" height=\"1280\" src=\"https:\/\/www.gravalos-sa.com\/wp-content\/uploads\/automocion.jpg\" class=\"wp-block-cover__image-background wp-post-image\" alt=\"automocion\" data-object-fit=\"cover\" srcset=\"https:\/\/www.gravalos-sa.com\/wp-content\/uploads\/automocion.jpg 1920w, https:\/\/www.gravalos-sa.com\/wp-content\/uploads\/automocion-300x200.jpg 300w, https:\/\/www.gravalos-sa.com\/wp-content\/uploads\/automocion-1024x683.jpg 1024w, https:\/\/www.gravalos-sa.com\/wp-content\/uploads\/automocion-768x512.jpg 768w, https:\/\/www.gravalos-sa.com\/wp-content\/uploads\/automocion-1536x1024.jpg 1536w\" sizes=\"auto, (max-width: 1920px) 100vw, 1920px\" title=\"automocion\" \/><div class=\"wp-block-cover__inner-container is-layout-flow wp-block-cover-is-layout-flow\">\n<p class=\"is-style-supertitulo mb-2\" style=\"text-transform:uppercase\">Secteurs<\/p>\n\n\n<h1 class=\"display-1 wp-block-post-title\">Automobile<\/h1><\/div><\/div>\n<div class=\"breadcrumb\" typeof=\"BreadcrumbList\" vocab=\"https:\/\/schema.org\/\"><div class=\"breadcrumb-inner\"><div class=\"gravalos-breadcrumb\"><span property=\"itemListElement\" typeof=\"ListItem\"><a property=\"item\" typeof=\"WebPage\" title=\"Aller \u00e0 Gr\u00e1valos.\" href=\"https:\/\/www.gravalos-sa.com\/fr\/\" class=\"home\" ><span property=\"name\">Gr\u00e1valos<\/span><\/a><meta property=\"position\" content=\"1\"><\/span><span class=\"breadcrumb-sep\"> | <\/span><span property=\"itemListElement\" typeof=\"ListItem\"><a property=\"item\" typeof=\"WebPage\" title=\"Aller \u00e0 Blog.\" href=\"https:\/\/www.gravalos-sa.com\/fr\/blog\/\" class=\"post-root post post-post\" aria-current=\"page\"><span property=\"name\">Blog<\/span><\/a><meta property=\"position\" content=\"2\"><\/span><\/div><\/div><\/div>\n<div class=\"wp-block-media-text alignwide is-stacked-on-mobile\"><figure class=\"wp-block-media-text__media\"><img loading=\"lazy\" decoding=\"async\" width=\"1024\" height=\"683\" src=\"https:\/\/www.gravalos-sa.com\/wp-content\/uploads\/inyeccion-maquina-gravalos-46-1024x683.jpg\" alt=\"\" class=\"wp-image-507 size-large\" title=\"\" srcset=\"https:\/\/www.gravalos-sa.com\/wp-content\/uploads\/inyeccion-maquina-gravalos-46-1024x683.jpg 1024w, https:\/\/www.gravalos-sa.com\/wp-content\/uploads\/inyeccion-maquina-gravalos-46-300x200.jpg 300w, https:\/\/www.gravalos-sa.com\/wp-content\/uploads\/inyeccion-maquina-gravalos-46-768x512.jpg 768w, https:\/\/www.gravalos-sa.com\/wp-content\/uploads\/inyeccion-maquina-gravalos-46-1536x1024.jpg 1536w, https:\/\/www.gravalos-sa.com\/wp-content\/uploads\/inyeccion-maquina-gravalos-46.jpg 1920w\" sizes=\"auto, (max-width: 1024px) 100vw, 1024px\" \/><\/figure><div class=\"wp-block-media-text__content\">\n<h2 class=\"wp-block-heading has-medium-font-size\">AUTOMOTION<\/h2>\n\n\n\n<p>Gr\u00e2ce \u00e0 une \u00e9quipe professionnelle et hautement qualifi\u00e9e, nous sommes pr\u00eats \u00e0 respecter les restrictions de qualit\u00e9 les plus avanc\u00e9es, comme c&rsquo;est le cas dans un secteur aussi exigeant que l&rsquo;industrie automobile.  <\/p>\n\n\n\n<p>Cela nous permet de travailler avec des clients nationaux et internationaux pour la fabrication de diverses pi\u00e8ces de moteur, de conduits ou de connecteurs, parmi de nombreux autres produits.<\/p>\n\n\n\n<div class=\"wp-block-buttons is-layout-flex wp-block-buttons-is-layout-flex\">\n<div class=\"wp-block-button is-style-arrow-link\"><a class=\"wp-block-button__link wp-element-button\" href=\"https:\/\/www.gravalos-sa.com\/fr\/contact\/\">Contact avec nous<\/a><\/div>\n<\/div>\n<\/div><\/div>\n","protected":false},"excerpt":{"rendered":"<p> &#8230;<\/p>\n<div class=\"wp-block-buttons\">\n<div class=\"wp-block-button is-style-arrow-link\"><span class=\"wp-block-button__link\">Savoir plus<\/span><\/div>\n<\/div>\n","protected":false},"author":1,"featured_media":1023,"parent":0,"menu_order":55,"comment_status":"closed","ping_status":"closed","template":"","meta":{"_acf_changed":false,"inline_featured_image":false,"footnotes":""},"class_list":["post-1438","page","type-page","status-publish","has-post-thumbnail","hentry"],"acf":[],"_links":{"self":[{"href":"https:\/\/www.gravalos-sa.com\/fr\/wp-json\/wp\/v2\/pages\/1438","targetHints":{"allow":["GET"]}}],"collection":[{"href":"https:\/\/www.gravalos-sa.com\/fr\/wp-json\/wp\/v2\/pages"}],"about":[{"href":"https:\/\/www.gravalos-sa.com\/fr\/wp-json\/wp\/v2\/types\/page"}],"author":[{"embeddable":true,"href":"https:\/\/www.gravalos-sa.com\/fr\/wp-json\/wp\/v2\/users\/1"}],"replies":[{"embeddable":true,"href":"https:\/\/www.gravalos-sa.com\/fr\/wp-json\/wp\/v2\/comments?post=1438"}],"version-history":[{"count":1,"href":"https:\/\/www.gravalos-sa.com\/fr\/wp-json\/wp\/v2\/pages\/1438\/revisions"}],"predecessor-version":[{"id":1439,"href":"https:\/\/www.gravalos-sa.com\/fr\/wp-json\/wp\/v2\/pages\/1438\/revisions\/1439"}],"wp:featuredmedia":[{"embeddable":true,"href":"https:\/\/www.gravalos-sa.com\/fr\/wp-json\/wp\/v2\/media\/1023"}],"wp:attachment":[{"href":"https:\/\/www.gravalos-sa.com\/fr\/wp-json\/wp\/v2\/media?parent=1438"}],"curies":[{"name":"wp","href":"https:\/\/api.w.org\/{rel}","templated":true}]}}