{"id":1457,"date":"2022-09-15T08:24:44","date_gmt":"2022-09-15T08:24:44","guid":{"rendered":"https:\/\/www.gravalos-sa.com\/materiaux\/pa-polyamide\/"},"modified":"2023-06-27T07:35:30","modified_gmt":"2023-06-27T07:35:30","slug":"polyamide","status":"publish","type":"page","link":"https:\/\/www.gravalos-sa.com\/fr\/materiaux\/polyamide\/","title":{"rendered":"PA (Polyamide)"},"content":{"rendered":"\n<div class=\"wp-block-cover alignfull is-style-header-cover\"><span aria-hidden=\"true\" class=\"wp-block-cover__background has-primary-100-background-color has-background-dim-90 has-background-dim\"><\/span><img loading=\"lazy\" decoding=\"async\" width=\"1920\" height=\"981\" src=\"https:\/\/www.gravalos-sa.com\/wp-content\/uploads\/material-pa.jpg\" class=\"wp-block-cover__image-background wp-post-image\" alt=\"material-PA\" data-object-fit=\"cover\" data-object-position=\"50% 50%\" style=\"object-position:50% 50%;\" srcset=\"https:\/\/www.gravalos-sa.com\/wp-content\/uploads\/material-pa.jpg 1920w, https:\/\/www.gravalos-sa.com\/wp-content\/uploads\/material-pa-300x153.jpg 300w, https:\/\/www.gravalos-sa.com\/wp-content\/uploads\/material-pa-1024x523.jpg 1024w, https:\/\/www.gravalos-sa.com\/wp-content\/uploads\/material-pa-768x392.jpg 768w, https:\/\/www.gravalos-sa.com\/wp-content\/uploads\/material-pa-1536x785.jpg 1536w, https:\/\/www.gravalos-sa.com\/wp-content\/uploads\/material-pa-500x255.jpg 500w, https:\/\/www.gravalos-sa.com\/wp-content\/uploads\/material-pa-800x409.jpg 800w, https:\/\/www.gravalos-sa.com\/wp-content\/uploads\/material-pa-1280x654.jpg 1280w\" sizes=\"auto, (max-width: 1920px) 100vw, 1920px\" title=\"material-PA\" \/><div class=\"wp-block-cover__inner-container is-layout-flow wp-block-cover-is-layout-flow\">\n<p class=\"is-style-supertitulo mb-2\" style=\"text-transform:uppercase\">Mat\u00e9riaux<\/p>\n\n\n<h1 class=\"display-1 wp-block-post-title\">PA (Polyamide)<\/h1><\/div><\/div>\n<div class=\"breadcrumb\" typeof=\"BreadcrumbList\" vocab=\"https:\/\/schema.org\/\"><div class=\"breadcrumb-inner\"><div class=\"gravalos-breadcrumb\"><span property=\"itemListElement\" typeof=\"ListItem\"><a property=\"item\" typeof=\"WebPage\" title=\"Aller \u00e0 Gr\u00e1valos.\" href=\"https:\/\/www.gravalos-sa.com\/fr\/\" class=\"home\" ><span property=\"name\">Gr\u00e1valos<\/span><\/a><meta property=\"position\" content=\"1\"><\/span><span class=\"breadcrumb-sep\"> | <\/span><span property=\"itemListElement\" typeof=\"ListItem\"><a property=\"item\" typeof=\"WebPage\" title=\"Aller \u00e0 Blog.\" href=\"https:\/\/www.gravalos-sa.com\/fr\/blog\/\" class=\"post-root post post-post\" aria-current=\"page\"><span property=\"name\">Blog<\/span><\/a><meta property=\"position\" content=\"2\"><\/span><\/div><\/div><\/div>\n<p>Le polyamide (PA) est un polym\u00e8re synth\u00e9tique aux caract\u00e9ristiques tr\u00e8s performantes, que nous utilisons r\u00e9guli\u00e8rement au sein du groupe Gr\u00e1valos, en particulier dans les pi\u00e8ces qui seront soumises \u00e0 des frottements, \u00e0 des contraintes m\u00e9caniques ou m\u00eame en contact avec des \u00e9l\u00e9ments chimiques tels que les huiles et autres fluides agressifs pour le plastique. Par exemple, les r\u00e9sines polyamides sont pr\u00e9sentes dans de nombreuses pi\u00e8ces que nous fabriquons avec des bagues ou des roulements.<\/p>\n\n<p>Gr\u00e2ce \u00e0 toutes ces caract\u00e9ristiques, le polyamide est utilis\u00e9 dans un large \u00e9ventail d&rsquo;applications telles que la fabrication de pi\u00e8ces automobiles, de composants \u00e9lectroniques et de toutes sortes de produits de consommation.<\/p>\n","protected":false},"excerpt":{"rendered":"<p>Le polyamide (PA) est un polym\u00e8re synth\u00e9tique aux caract\u00e9ristiques tr\u00e8s performantes, que nous utilisons r\u00e9guli\u00e8rement au sein du groupe Gr\u00e1valos, en particulier dans les pi\u00e8ces &#8230;<\/p>\n<div class=\"wp-block-buttons\">\n<div class=\"wp-block-button is-style-arrow-link\"><span class=\"wp-block-button__link\">Savoir plus<\/span><\/div>\n<\/div>\n","protected":false},"author":1,"featured_media":1936,"parent":1450,"menu_order":0,"comment_status":"closed","ping_status":"closed","template":"","meta":{"_acf_changed":false,"inline_featured_image":false,"footnotes":""},"class_list":["post-1457","page","type-page","status-publish","has-post-thumbnail","hentry"],"acf":[],"_links":{"self":[{"href":"https:\/\/www.gravalos-sa.com\/fr\/wp-json\/wp\/v2\/pages\/1457","targetHints":{"allow":["GET"]}}],"collection":[{"href":"https:\/\/www.gravalos-sa.com\/fr\/wp-json\/wp\/v2\/pages"}],"about":[{"href":"https:\/\/www.gravalos-sa.com\/fr\/wp-json\/wp\/v2\/types\/page"}],"author":[{"embeddable":true,"href":"https:\/\/www.gravalos-sa.com\/fr\/wp-json\/wp\/v2\/users\/1"}],"replies":[{"embeddable":true,"href":"https:\/\/www.gravalos-sa.com\/fr\/wp-json\/wp\/v2\/comments?post=1457"}],"version-history":[{"count":2,"href":"https:\/\/www.gravalos-sa.com\/fr\/wp-json\/wp\/v2\/pages\/1457\/revisions"}],"predecessor-version":[{"id":2143,"href":"https:\/\/www.gravalos-sa.com\/fr\/wp-json\/wp\/v2\/pages\/1457\/revisions\/2143"}],"up":[{"embeddable":true,"href":"https:\/\/www.gravalos-sa.com\/fr\/wp-json\/wp\/v2\/pages\/1450"}],"wp:featuredmedia":[{"embeddable":true,"href":"https:\/\/www.gravalos-sa.com\/fr\/wp-json\/wp\/v2\/media\/1936"}],"wp:attachment":[{"href":"https:\/\/www.gravalos-sa.com\/fr\/wp-json\/wp\/v2\/media?parent=1457"}],"curies":[{"name":"wp","href":"https:\/\/api.w.org\/{rel}","templated":true}]}}