{"id":1460,"date":"2022-09-22T07:43:45","date_gmt":"2022-09-22T07:43:45","guid":{"rendered":"https:\/\/www.gravalos-sa.com\/materiaux\/pom-polyoxymethylene\/"},"modified":"2023-06-27T07:35:37","modified_gmt":"2023-06-27T07:35:37","slug":"polyoxymethylene","status":"publish","type":"page","link":"https:\/\/www.gravalos-sa.com\/fr\/materiaux\/polyoxymethylene\/","title":{"rendered":"POM (Polyoxym\u00e9thyl\u00e8ne)"},"content":{"rendered":"\n<div class=\"wp-block-cover alignfull is-style-header-cover\"><span aria-hidden=\"true\" class=\"wp-block-cover__background has-primary-100-background-color has-background-dim-90 has-background-dim\"><\/span><img loading=\"lazy\" decoding=\"async\" width=\"1920\" height=\"1014\" src=\"https:\/\/www.gravalos-sa.com\/wp-content\/uploads\/material-pom.jpg\" class=\"wp-block-cover__image-background wp-post-image\" alt=\"material-POM\" data-object-fit=\"cover\" srcset=\"https:\/\/www.gravalos-sa.com\/wp-content\/uploads\/material-pom.jpg 1920w, https:\/\/www.gravalos-sa.com\/wp-content\/uploads\/material-pom-300x158.jpg 300w, https:\/\/www.gravalos-sa.com\/wp-content\/uploads\/material-pom-1024x541.jpg 1024w, https:\/\/www.gravalos-sa.com\/wp-content\/uploads\/material-pom-768x406.jpg 768w, https:\/\/www.gravalos-sa.com\/wp-content\/uploads\/material-pom-1536x811.jpg 1536w, https:\/\/www.gravalos-sa.com\/wp-content\/uploads\/material-pom-500x264.jpg 500w, https:\/\/www.gravalos-sa.com\/wp-content\/uploads\/material-pom-800x423.jpg 800w, https:\/\/www.gravalos-sa.com\/wp-content\/uploads\/material-pom-1280x676.jpg 1280w\" sizes=\"auto, (max-width: 1920px) 100vw, 1920px\" title=\"material-POM\" \/><div class=\"wp-block-cover__inner-container is-layout-flow wp-block-cover-is-layout-flow\">\n<p class=\"is-style-supertitulo mb-2\" style=\"text-transform:uppercase\">Mat\u00e9riaux<\/p>\n\n\n<h1 class=\"display-1 wp-block-post-title\">POM (Polyoxym\u00e9thyl\u00e8ne)<\/h1><\/div><\/div>\n<div class=\"breadcrumb\" typeof=\"BreadcrumbList\" vocab=\"https:\/\/schema.org\/\"><div class=\"breadcrumb-inner\"><div class=\"gravalos-breadcrumb\"><span property=\"itemListElement\" typeof=\"ListItem\"><a property=\"item\" typeof=\"WebPage\" title=\"Aller \u00e0 Gr\u00e1valos.\" href=\"https:\/\/www.gravalos-sa.com\/fr\/\" class=\"home\" ><span property=\"name\">Gr\u00e1valos<\/span><\/a><meta property=\"position\" content=\"1\"><\/span><span class=\"breadcrumb-sep\"> | <\/span><span property=\"itemListElement\" typeof=\"ListItem\"><a property=\"item\" typeof=\"WebPage\" title=\"Aller \u00e0 Blog.\" href=\"https:\/\/www.gravalos-sa.com\/fr\/blog\/\" class=\"post-root post post-post\" aria-current=\"page\"><span property=\"name\">Blog<\/span><\/a><meta property=\"position\" content=\"2\"><\/span><\/div><\/div><\/div>\n<p>Le polyoxym\u00e9thyl\u00e8ne (POM) se caract\u00e9rise par sa grande rigidit\u00e9, sa r\u00e9sistance \u00e0 l&rsquo;usure et sa stabilit\u00e9 dimensionnelle. Ce sont pr\u00e9cis\u00e9ment les composants qui n\u00e9cessitent une grande pr\u00e9cision dimensionnelle et des tol\u00e9rances exactes qui b\u00e9n\u00e9ficient le plus des propri\u00e9t\u00e9s de ce mat\u00e9riau.<\/p>\n\n<p>En outre, le POM offre de tr\u00e8s bonnes propri\u00e9t\u00e9s de r\u00e9silience (par exemple dans les ressorts et les ajustements serr\u00e9s) ainsi qu&rsquo;une facilit\u00e9 de traitement, une excellente finition de surface, une bonne r\u00e9sistance chimique et se distingue \u00e9galement par son excellent comportement tribologique (r\u00e9ponse au glissement et au frottement).<\/p>\n\n<p>Ce thermoplastique est couramment utilis\u00e9 dans les produits destin\u00e9s aux industries automobile, \u00e9lectrique et \u00e9lectronique, ainsi que dans la fabrication de composants de machines, d&rsquo;\u00e9quipements industriels et d&rsquo;une grande vari\u00e9t\u00e9 de biens de consommation.<\/p>\n","protected":false},"excerpt":{"rendered":"<p>Le polyoxym\u00e9thyl\u00e8ne (POM) se caract\u00e9rise par sa grande rigidit\u00e9, sa r\u00e9sistance \u00e0 l&rsquo;usure et sa stabilit\u00e9 dimensionnelle. Ce sont pr\u00e9cis\u00e9ment les composants qui n\u00e9cessitent une &#8230;<\/p>\n<div class=\"wp-block-buttons\">\n<div class=\"wp-block-button is-style-arrow-link\"><span class=\"wp-block-button__link\">Savoir plus<\/span><\/div>\n<\/div>\n","protected":false},"author":1,"featured_media":1928,"parent":1450,"menu_order":0,"comment_status":"closed","ping_status":"closed","template":"","meta":{"_acf_changed":false,"inline_featured_image":false,"footnotes":""},"class_list":["post-1460","page","type-page","status-publish","has-post-thumbnail","hentry"],"acf":[],"_links":{"self":[{"href":"https:\/\/www.gravalos-sa.com\/fr\/wp-json\/wp\/v2\/pages\/1460","targetHints":{"allow":["GET"]}}],"collection":[{"href":"https:\/\/www.gravalos-sa.com\/fr\/wp-json\/wp\/v2\/pages"}],"about":[{"href":"https:\/\/www.gravalos-sa.com\/fr\/wp-json\/wp\/v2\/types\/page"}],"author":[{"embeddable":true,"href":"https:\/\/www.gravalos-sa.com\/fr\/wp-json\/wp\/v2\/users\/1"}],"replies":[{"embeddable":true,"href":"https:\/\/www.gravalos-sa.com\/fr\/wp-json\/wp\/v2\/comments?post=1460"}],"version-history":[{"count":2,"href":"https:\/\/www.gravalos-sa.com\/fr\/wp-json\/wp\/v2\/pages\/1460\/revisions"}],"predecessor-version":[{"id":2151,"href":"https:\/\/www.gravalos-sa.com\/fr\/wp-json\/wp\/v2\/pages\/1460\/revisions\/2151"}],"up":[{"embeddable":true,"href":"https:\/\/www.gravalos-sa.com\/fr\/wp-json\/wp\/v2\/pages\/1450"}],"wp:featuredmedia":[{"embeddable":true,"href":"https:\/\/www.gravalos-sa.com\/fr\/wp-json\/wp\/v2\/media\/1928"}],"wp:attachment":[{"href":"https:\/\/www.gravalos-sa.com\/fr\/wp-json\/wp\/v2\/media?parent=1460"}],"curies":[{"name":"wp","href":"https:\/\/api.w.org\/{rel}","templated":true}]}}