{"id":1478,"date":"2022-09-22T07:43:56","date_gmt":"2022-09-22T07:43:56","guid":{"rendered":"https:\/\/www.gravalos-sa.com\/materiaux\/pbt-polybutylene-terephtalate\/"},"modified":"2023-06-27T07:35:34","modified_gmt":"2023-06-27T07:35:34","slug":"polybutylene-terephtalate","status":"publish","type":"page","link":"https:\/\/www.gravalos-sa.com\/fr\/materiaux\/polybutylene-terephtalate\/","title":{"rendered":"PBT (polybutyl\u00e8ne t\u00e9r\u00e9phtalate)"},"content":{"rendered":"\n<div class=\"wp-block-cover alignfull is-style-header-cover\"><span aria-hidden=\"true\" class=\"wp-block-cover__background has-primary-100-background-color has-background-dim-90 has-background-dim\"><\/span><img loading=\"lazy\" decoding=\"async\" width=\"1920\" height=\"1021\" src=\"https:\/\/www.gravalos-sa.com\/wp-content\/uploads\/material-pbt.jpg\" class=\"wp-block-cover__image-background wp-post-image\" alt=\"material-PBT\" data-object-fit=\"cover\" data-object-position=\"50% 50%\" style=\"object-position:50% 50%;\" srcset=\"https:\/\/www.gravalos-sa.com\/wp-content\/uploads\/material-pbt.jpg 1920w, https:\/\/www.gravalos-sa.com\/wp-content\/uploads\/material-pbt-300x160.jpg 300w, https:\/\/www.gravalos-sa.com\/wp-content\/uploads\/material-pbt-1024x545.jpg 1024w, https:\/\/www.gravalos-sa.com\/wp-content\/uploads\/material-pbt-768x408.jpg 768w, https:\/\/www.gravalos-sa.com\/wp-content\/uploads\/material-pbt-1536x817.jpg 1536w, https:\/\/www.gravalos-sa.com\/wp-content\/uploads\/material-pbt-500x266.jpg 500w, https:\/\/www.gravalos-sa.com\/wp-content\/uploads\/material-pbt-800x425.jpg 800w, https:\/\/www.gravalos-sa.com\/wp-content\/uploads\/material-pbt-1280x681.jpg 1280w\" sizes=\"auto, (max-width: 1920px) 100vw, 1920px\" title=\"material-PBT\" \/><div class=\"wp-block-cover__inner-container is-layout-flow wp-block-cover-is-layout-flow\">\n<p class=\"is-style-supertitulo mb-2\" style=\"text-transform:uppercase\">Mat\u00e9riaux<\/p>\n\n\n<h1 class=\"display-1 wp-block-post-title\">PBT (polybutyl\u00e8ne t\u00e9r\u00e9phtalate)<\/h1><\/div><\/div>\n<div class=\"breadcrumb\" typeof=\"BreadcrumbList\" vocab=\"https:\/\/schema.org\/\"><div class=\"breadcrumb-inner\"><div class=\"gravalos-breadcrumb\"><span property=\"itemListElement\" typeof=\"ListItem\"><a property=\"item\" typeof=\"WebPage\" title=\"Aller \u00e0 Gr\u00e1valos.\" href=\"https:\/\/www.gravalos-sa.com\/fr\/\" class=\"home\" ><span property=\"name\">Gr\u00e1valos<\/span><\/a><meta property=\"position\" content=\"1\"><\/span><span class=\"breadcrumb-sep\"> | <\/span><span property=\"itemListElement\" typeof=\"ListItem\"><a property=\"item\" typeof=\"WebPage\" title=\"Aller \u00e0 Blog.\" href=\"https:\/\/www.gravalos-sa.com\/fr\/blog\/\" class=\"post-root post post-post\" aria-current=\"page\"><span property=\"name\">Blog<\/span><\/a><meta property=\"position\" content=\"2\"><\/span><\/div><\/div><\/div>\n<p>Le polybutyl\u00e8ne t\u00e9r\u00e9phtalate (PBT) est un type de plastique, appartenant \u00e0 la famille des polyesters, qui offre de hautes performances en mati\u00e8re d&rsquo;isolation \u00e9lectrique. C&rsquo;est pourquoi nous avons choisi ce mat\u00e9riau pour la fabrication de pi\u00e8ces o\u00f9 cette caract\u00e9ristique est prioritaire.<\/p>\n\n<p>Gr\u00e2ce \u00e0 sa polyvalence, le PBT offre \u00e9galement d&rsquo;autres propri\u00e9t\u00e9s exceptionnelles telles que la stabilit\u00e9 m\u00e9canique, chimique, thermique et dimensionnelle, ainsi qu&rsquo;une faible absorption d&rsquo;eau et une r\u00e9sistance aux UV. Ainsi, les utilisations du PBT couvrent pratiquement tous les march\u00e9s concern\u00e9s, y compris l&rsquo;automobile (en particulier les v\u00e9hicules \u00e9lectriques), les appareils m\u00e9nagers ou les \u00e9quipements m\u00e9dicaux, ainsi que toutes sortes d&rsquo;applications industrielles.<\/p>\n","protected":false},"excerpt":{"rendered":"<p>Le polybutyl\u00e8ne t\u00e9r\u00e9phtalate (PBT) est un type de plastique, appartenant \u00e0 la famille des polyesters, qui offre de hautes performances en mati\u00e8re d&rsquo;isolation \u00e9lectrique. C&rsquo;est &#8230;<\/p>\n<div class=\"wp-block-buttons\">\n<div class=\"wp-block-button is-style-arrow-link\"><span class=\"wp-block-button__link\">Savoir plus<\/span><\/div>\n<\/div>\n","protected":false},"author":1,"featured_media":1920,"parent":1450,"menu_order":0,"comment_status":"closed","ping_status":"closed","template":"","meta":{"_acf_changed":false,"inline_featured_image":false,"footnotes":""},"class_list":["post-1478","page","type-page","status-publish","has-post-thumbnail","hentry"],"acf":[],"_links":{"self":[{"href":"https:\/\/www.gravalos-sa.com\/fr\/wp-json\/wp\/v2\/pages\/1478","targetHints":{"allow":["GET"]}}],"collection":[{"href":"https:\/\/www.gravalos-sa.com\/fr\/wp-json\/wp\/v2\/pages"}],"about":[{"href":"https:\/\/www.gravalos-sa.com\/fr\/wp-json\/wp\/v2\/types\/page"}],"author":[{"embeddable":true,"href":"https:\/\/www.gravalos-sa.com\/fr\/wp-json\/wp\/v2\/users\/1"}],"replies":[{"embeddable":true,"href":"https:\/\/www.gravalos-sa.com\/fr\/wp-json\/wp\/v2\/comments?post=1478"}],"version-history":[{"count":2,"href":"https:\/\/www.gravalos-sa.com\/fr\/wp-json\/wp\/v2\/pages\/1478\/revisions"}],"predecessor-version":[{"id":2147,"href":"https:\/\/www.gravalos-sa.com\/fr\/wp-json\/wp\/v2\/pages\/1478\/revisions\/2147"}],"up":[{"embeddable":true,"href":"https:\/\/www.gravalos-sa.com\/fr\/wp-json\/wp\/v2\/pages\/1450"}],"wp:featuredmedia":[{"embeddable":true,"href":"https:\/\/www.gravalos-sa.com\/fr\/wp-json\/wp\/v2\/media\/1920"}],"wp:attachment":[{"href":"https:\/\/www.gravalos-sa.com\/fr\/wp-json\/wp\/v2\/media?parent=1478"}],"curies":[{"name":"wp","href":"https:\/\/api.w.org\/{rel}","templated":true}]}}