{"id":1483,"date":"2022-10-03T11:56:37","date_gmt":"2022-10-03T11:56:37","guid":{"rendered":"https:\/\/www.gravalos-sa.com\/produits-et-technologies\/surinjection\/"},"modified":"2023-06-26T14:02:45","modified_gmt":"2023-06-26T14:02:45","slug":"surinjection","status":"publish","type":"page","link":"https:\/\/www.gravalos-sa.com\/fr\/produits-technologies\/surinjection\/","title":{"rendered":"Surinjection"},"content":{"rendered":"\n<div class=\"wp-block-cover alignfull is-style-header-cover\" style=\"min-height:366px;aspect-ratio:unset;\"><span aria-hidden=\"true\" class=\"wp-block-cover__background has-primary-100-background-color has-background-dim-90 has-background-dim\"><\/span><img loading=\"lazy\" decoding=\"async\" width=\"1920\" height=\"1280\" src=\"https:\/\/www.gravalos-sa.com\/wp-content\/uploads\/inyeccion-2-gravalos-39.jpg\" class=\"wp-block-cover__image-background wp-post-image\" alt=\"inyeccion-2-gravalos-39\" data-object-fit=\"cover\" srcset=\"https:\/\/www.gravalos-sa.com\/wp-content\/uploads\/inyeccion-2-gravalos-39.jpg 1920w, https:\/\/www.gravalos-sa.com\/wp-content\/uploads\/inyeccion-2-gravalos-39-300x200.jpg 300w, https:\/\/www.gravalos-sa.com\/wp-content\/uploads\/inyeccion-2-gravalos-39-1024x683.jpg 1024w, https:\/\/www.gravalos-sa.com\/wp-content\/uploads\/inyeccion-2-gravalos-39-768x512.jpg 768w, https:\/\/www.gravalos-sa.com\/wp-content\/uploads\/inyeccion-2-gravalos-39-1536x1024.jpg 1536w\" sizes=\"auto, (max-width: 1920px) 100vw, 1920px\" title=\"inyeccion-2-gravalos-39\" \/><div class=\"wp-block-cover__inner-container is-layout-flow wp-block-cover-is-layout-flow\">\n<p class=\"is-style-supertitulo\" style=\"text-transform:uppercase\">Technologie<\/p>\n\n\n<h1 class=\"display-1 wp-block-post-title\">Surinjection<\/h1><\/div><\/div>\n<div class=\"breadcrumb\" typeof=\"BreadcrumbList\" vocab=\"https:\/\/schema.org\/\"><div class=\"breadcrumb-inner\"><div class=\"gravalos-breadcrumb\"><span property=\"itemListElement\" typeof=\"ListItem\"><a property=\"item\" typeof=\"WebPage\" title=\"Aller \u00e0 Gr\u00e1valos.\" href=\"https:\/\/www.gravalos-sa.com\/fr\/\" class=\"home\" ><span property=\"name\">Gr\u00e1valos<\/span><\/a><meta property=\"position\" content=\"1\"><\/span><span class=\"breadcrumb-sep\"> | <\/span><span property=\"itemListElement\" typeof=\"ListItem\"><a property=\"item\" typeof=\"WebPage\" title=\"Aller \u00e0 Blog.\" href=\"https:\/\/www.gravalos-sa.com\/fr\/blog\/\" class=\"post-root post post-post\" aria-current=\"page\"><span property=\"name\">Blog<\/span><\/a><meta property=\"position\" content=\"2\"><\/span><\/div><\/div><\/div>\n<div class=\"wp-block-media-text alignwide is-stacked-on-mobile\"><figure class=\"wp-block-media-text__media\"><img loading=\"lazy\" decoding=\"async\" width=\"1024\" height=\"683\" src=\"https:\/\/www.gravalos-sa.com\/wp-content\/uploads\/inyeccion-maquina-36-gravalos-33-1024x683.jpg\" alt=\"\" class=\"wp-image-517 size-large\" title=\"\" srcset=\"https:\/\/www.gravalos-sa.com\/wp-content\/uploads\/inyeccion-maquina-36-gravalos-33-1024x683.jpg 1024w, https:\/\/www.gravalos-sa.com\/wp-content\/uploads\/inyeccion-maquina-36-gravalos-33-300x200.jpg 300w, https:\/\/www.gravalos-sa.com\/wp-content\/uploads\/inyeccion-maquina-36-gravalos-33-768x512.jpg 768w, https:\/\/www.gravalos-sa.com\/wp-content\/uploads\/inyeccion-maquina-36-gravalos-33-1536x1024.jpg 1536w, https:\/\/www.gravalos-sa.com\/wp-content\/uploads\/inyeccion-maquina-36-gravalos-33.jpg 1920w\" sizes=\"auto, (max-width: 1024px) 100vw, 1024px\" \/><\/figure><div class=\"wp-block-media-text__content\">\n<h2 class=\"wp-block-heading has-medium-font-size\">SUR-INJECTION<\/h2>\n\n\n\n<p>La surinjection (\u00e9galement connue sous le nom de moulage par injection d&rsquo;inserts) est un processus plus complexe que le moulage par injection conventionnel et n\u00e9cessite des machines plus perfectionn\u00e9es. Gr\u00e2ce \u00e0 cette technologie, nous pouvons introduire des \u00e9l\u00e9ments d&rsquo;autres mat\u00e9riaux dans le moule afin de produire des pi\u00e8ces compl\u00e8tes et plus complexes en un seul processus.<\/p>\n\n\n\n<div class=\"wp-block-buttons is-layout-flex wp-block-buttons-is-layout-flex\">\n<div class=\"wp-block-button is-style-arrow-link\"><a class=\"wp-block-button__link wp-element-button\" href=\"https:\/\/www.gravalos-sa.com\/fr\/contact\/\">Contact avec nous<\/a><\/div>\n<\/div>\n<\/div><\/div>\n\n<div class=\"wp-block-media-text alignwide has-media-on-the-right is-stacked-on-mobile\"><div class=\"wp-block-media-text__content\">\n<h2 class=\"wp-block-heading has-medium-font-size\">Processus robotique<\/h2>\n\n\n\n<p>Bien qu&rsquo;il soit possible d&rsquo;ins\u00e9rer ces inserts manuellement, il est plus courant (et plus ergonomique) qu&rsquo;un robot ou un syst\u00e8me automatis\u00e9 s&rsquo;en charge.<\/p>\n<\/div><figure class=\"wp-block-media-text__media\"><video preload=\"metadata\" controls src=\"https:\/\/www.gravalos-sa.com\/wp-content\/uploads\/productos-sobreinyeccion-proceso-robotizado.mp4#t=0.001\"><\/video><\/figure><\/div>\n\n<div style=\"height:64px\" aria-hidden=\"true\" class=\"wp-block-spacer\"><\/div>\n\n<h2 class=\"wp-block-heading has-text-align-center\">Histoires de r\u00e9ussite<\/h2>\n\n\t\t<div class=\"hfeed\">\n\n\t\t\t<div class=\"row\">\n\n\t\t\t\t\n\t\t\t\t\t\n\t\t\t\t\t\t<div class=\"col-md-6\">\n\n\t\t\t\t\t\n\t\t\t\t\t\t\n<article class=\"stretch-linked-block post-1390 casos-exito type-casos-exito status-publish has-post-thumbnail hentry\" id=\"post-1390\">\n\n\t<img loading=\"lazy\" decoding=\"async\" width=\"640\" height=\"398\" src=\"https:\/\/www.gravalos-sa.com\/wp-content\/uploads\/geplastik-siedz-5013.jpg\" class=\"attachment-large size-large wp-post-image\" alt=\"geplastik-siedz-5013\" srcset=\"https:\/\/www.gravalos-sa.com\/wp-content\/uploads\/geplastik-siedz-5013.jpg 800w, https:\/\/www.gravalos-sa.com\/wp-content\/uploads\/geplastik-siedz-5013-300x186.jpg 300w, https:\/\/www.gravalos-sa.com\/wp-content\/uploads\/geplastik-siedz-5013-768x477.jpg 768w\" sizes=\"auto, (max-width: 640px) 100vw, 640px\" title=\"geplastik-siedz-5013\" \/>\n\t<header class=\"entry-header\">\n\n\t\t\n\t\t<h3 class=\"h5 entry-title mb-2\"><a class=\"stretched-link\" href=\"https:\/\/www.gravalos-sa.com\/fr\/reussites\/ouverture-de-la-premiere-filiale-en-pologne\/\" rel=\"bookmark\">Ouverture de la premi\u00e8re filiale en Pologne<\/a><\/h3>\n\t<\/header><!-- .entry-header -->\n\n\t<div class=\"entry-content\">\n\n\t\t<p>Augmenter la capacit\u00e9 de production de l&rsquo;entreprise \u00e0 l&rsquo;\u00e9chelle internationale, commencer \u00e0 mettre en \u0153uvre des technologies de filtrage \u00e0 proximit\u00e9 des usines de consommation et le moulage par injection \u00e0 deux composants. &#8230;<\/p>\n<div class=\"wp-block-buttons\">\n<div class=\"wp-block-button is-style-arrow-link\"><span class=\"wp-block-button__link\">Savoir plus<\/span><\/div>\n<\/div>\n\n\t<\/div><!-- .entry-content -->\n\n\t<footer class=\"entry-footer entry-meta\">\n\n\t\t\n\t<\/footer><!-- .entry-footer -->\n\n<\/article><!-- #post-## -->\n\n\t\t\t\t\t<\/div>\n\n\t\t\t\t\n\t\t\t\t\t\n\t\t\t\t\t\t<div class=\"col-md-6\">\n\n\t\t\t\t\t\n\t\t\t\t\t\t\n<article class=\"stretch-linked-block post-1375 casos-exito type-casos-exito status-publish has-post-thumbnail hentry\" id=\"post-1375\">\n\n\t<img loading=\"lazy\" decoding=\"async\" width=\"640\" height=\"396\" src=\"https:\/\/www.gravalos-sa.com\/wp-content\/uploads\/gravesa-interior-general-recorte.jpg\" class=\"attachment-large size-large wp-post-image\" alt=\"Gravesa_interior_general_recorte\" srcset=\"https:\/\/www.gravalos-sa.com\/wp-content\/uploads\/gravesa-interior-general-recorte.jpg 890w, https:\/\/www.gravalos-sa.com\/wp-content\/uploads\/gravesa-interior-general-recorte-300x186.jpg 300w, https:\/\/www.gravalos-sa.com\/wp-content\/uploads\/gravesa-interior-general-recorte-768x475.jpg 768w, https:\/\/www.gravalos-sa.com\/wp-content\/uploads\/gravesa-interior-general-recorte-500x310.jpg 500w, https:\/\/www.gravalos-sa.com\/wp-content\/uploads\/gravesa-interior-general-recorte-800x495.jpg 800w\" sizes=\"auto, (max-width: 640px) 100vw, 640px\" title=\"Gravesa_interior_general_recorte\" \/>\n\t<header class=\"entry-header\">\n\n\t\t\n\t\t<h3 class=\"h5 entry-title mb-2\"><a class=\"stretched-link\" href=\"https:\/\/www.gravalos-sa.com\/fr\/reussites\/gravesa-s-a-r-l-notre-nouvelle-filiale-au-maroc\/\" rel=\"bookmark\">Gravesa S.A.R.L., notre nouvelle filiale au Maroc<\/a><\/h3>\n\t<\/header><!-- .entry-header -->\n\n\t<div class=\"entry-content\">\n\n\t\t<p>Ouverture d&rsquo;une usine au Maroc pour aider le client dans sa strat\u00e9gie de mondialisation des fournisseurs, y compris dans les \u00ab\u00a0Best Cost Countries\u00a0\u00bb. &#8230;<\/p>\n<div class=\"wp-block-buttons\">\n<div class=\"wp-block-button is-style-arrow-link\"><span class=\"wp-block-button__link\">Savoir plus<\/span><\/div>\n<\/div>\n\n\t<\/div><!-- .entry-content -->\n\n\t<footer class=\"entry-footer entry-meta\">\n\n\t\t\n\t<\/footer><!-- .entry-footer -->\n\n<\/article><!-- #post-## -->\n\n\t\t\t\t\t<\/div>\n\n\t\t\t\t\n\t\t\t\t\t\n\t\t\t\t\t\t<div class=\"col-md-6\">\n\n\t\t\t\t\t\n\t\t\t\t\t\t\n<article class=\"stretch-linked-block post-1377 casos-exito type-casos-exito status-publish has-post-thumbnail hentry\" id=\"post-1377\">\n\n\t<img loading=\"lazy\" decoding=\"async\" width=\"640\" height=\"371\" src=\"https:\/\/www.gravalos-sa.com\/wp-content\/uploads\/almacen1-1024x594.jpg\" class=\"attachment-large size-large wp-post-image\" alt=\"almacen1\" srcset=\"https:\/\/www.gravalos-sa.com\/wp-content\/uploads\/almacen1-1024x594.jpg 1024w, https:\/\/www.gravalos-sa.com\/wp-content\/uploads\/almacen1-300x174.jpg 300w, https:\/\/www.gravalos-sa.com\/wp-content\/uploads\/almacen1-768x445.jpg 768w, https:\/\/www.gravalos-sa.com\/wp-content\/uploads\/almacen1-500x290.jpg 500w, https:\/\/www.gravalos-sa.com\/wp-content\/uploads\/almacen1-800x464.jpg 800w, https:\/\/www.gravalos-sa.com\/wp-content\/uploads\/almacen1.jpg 1200w\" sizes=\"auto, (max-width: 640px) 100vw, 640px\" title=\"almacen1\" \/>\n\t<header class=\"entry-header\">\n\n\t\t\n\t\t<h3 class=\"h5 entry-title mb-2\"><a class=\"stretched-link\" href=\"https:\/\/www.gravalos-sa.com\/fr\/reussites\/mise-en-oeuvre-dun-systeme-de-gestion-dentrepot-numerique\/\" rel=\"bookmark\">Mise en \u0153uvre d&rsquo;un syst\u00e8me de gestion d&rsquo;entrep\u00f4t num\u00e9rique<\/a><\/h3>\n\t<\/header><!-- .entry-header -->\n\n\t<div class=\"entry-content\">\n\n\t\t<p>Transformer le syst\u00e8me de gestion manuel d&rsquo;un entrep\u00f4t en un syst\u00e8me num\u00e9rique, capable de g\u00e9rer ses op\u00e9rations de mani\u00e8re informatis\u00e9e. &#8230;<\/p>\n<div class=\"wp-block-buttons\">\n<div class=\"wp-block-button is-style-arrow-link\"><span class=\"wp-block-button__link\">Savoir plus<\/span><\/div>\n<\/div>\n\n\t<\/div><!-- .entry-content -->\n\n\t<footer class=\"entry-footer entry-meta\">\n\n\t\t\n\t<\/footer><!-- .entry-footer -->\n\n<\/article><!-- #post-## -->\n\n\t\t\t\t\t<\/div>\n\n\t\t\t\t\n\t\t\t<\/div>\n\n\t\t<\/div>\n\n\t\n<div class=\"wp-block-buttons is-layout-flex wp-block-buttons-is-layout-flex\">\n<div class=\"wp-block-button is-style-arrow-link\"><a class=\"wp-block-button__link wp-element-button\" href=\"https:\/\/www.gravalos-sa.com\/fr\/contact\/\">Contact avec nous<\/a><\/div>\n<\/div>\n\n<div style=\"height:64px\" aria-hidden=\"true\" class=\"wp-block-spacer\"><\/div>\n\n<div class=\"wp-block-cover alignfull\"><span aria-hidden=\"true\" class=\"wp-block-cover__background has-primary-80-background-color has-background-dim-100 has-background-dim\"><\/span><div class=\"wp-block-cover__inner-container is-layout-flow wp-block-cover-is-layout-flow\">\n<h2 class=\"wp-block-heading has-text-align-center has-large-font-size\">Pourquoi nous choisir ?<\/h2>\n\n\n\n<p class=\"has-text-align-center\">Nous fabriquons des pi\u00e8ces techniques d&rsquo;injection et d&rsquo;induction, gr\u00e2ce \u00e0 des solutions compl\u00e8tes allant de l&rsquo;analyse initiale, l&rsquo;industrialisation et l&rsquo;homologation, \u00e0 la fabrication finale et au transport vers n&rsquo;importe quel endroit.<\/p>\n\n\n\n<div style=\"height:32px\" aria-hidden=\"true\" class=\"wp-block-spacer\"><\/div>\n\n\n\n<div class=\"wp-block-columns mb-neg-12 is-layout-flex wp-container-core-columns-is-layout-9d6595d7 wp-block-columns-is-layout-flex\">\n<div class=\"wp-block-column is-layout-flow wp-block-column-is-layout-flow\">\n<div class=\"wp-block-cover is-style-card\" style=\"min-height:280px;aspect-ratio:unset;\"><span aria-hidden=\"true\" class=\"wp-block-cover__background has-background-dim-60 has-background-dim\"><\/span><img decoding=\"async\" class=\"wp-block-cover__image-background wp-image-518\" alt=\"Surinjection\" title=\"Surinjection\"  src=\"https:\/\/www.gravalos-sa.com\/wp-content\/uploads\/inyeccion-maquina-33-gravalos-32.jpg\" data-object-fit=\"cover\"\/><div class=\"wp-block-cover__inner-container is-layout-flow wp-block-cover-is-layout-flow\">\n<p class=\"has-medium-font-size\"><strong>01.<\/strong><br\/>Humanisation<\/p>\n\n\n\n<p>Nous conservons le m\u00eame interlocuteur tout au long du cycle de vie du projet.<\/p>\n<\/div><\/div>\n<\/div>\n\n\n\n<div class=\"wp-block-column is-layout-flow wp-block-column-is-layout-flow\">\n<div class=\"wp-block-cover is-style-card\" style=\"min-height:280px;aspect-ratio:unset;\"><span aria-hidden=\"true\" class=\"wp-block-cover__background has-background-dim-60 has-background-dim\"><\/span><img loading=\"lazy\" decoding=\"async\" width=\"1920\" height=\"1280\" class=\"wp-block-cover__image-background wp-image-511\" alt=\"inyeccion-general-gravalos-37\" title=\"inyeccion-general-gravalos-37\"  src=\"https:\/\/www.gravalos-sa.com\/wp-content\/uploads\/inyeccion-general-gravalos-37.jpg\" data-object-fit=\"cover\" srcset=\"https:\/\/www.gravalos-sa.com\/wp-content\/uploads\/inyeccion-general-gravalos-37.jpg 1920w, https:\/\/www.gravalos-sa.com\/wp-content\/uploads\/inyeccion-general-gravalos-37-300x200.jpg 300w, https:\/\/www.gravalos-sa.com\/wp-content\/uploads\/inyeccion-general-gravalos-37-1024x683.jpg 1024w, https:\/\/www.gravalos-sa.com\/wp-content\/uploads\/inyeccion-general-gravalos-37-768x512.jpg 768w, https:\/\/www.gravalos-sa.com\/wp-content\/uploads\/inyeccion-general-gravalos-37-1536x1024.jpg 1536w\" sizes=\"auto, (max-width: 1920px) 100vw, 1920px\" \/><div class=\"wp-block-cover__inner-container is-layout-flow wp-block-cover-is-layout-flow\">\n<p class=\"has-medium-font-size\"><strong>02.<\/strong><br\/>Machines<\/p>\n\n\n\n<p>Des machines et des technologies de haut niveau dans tous les processus<\/p>\n<\/div><\/div>\n<\/div>\n\n\n\n<div class=\"wp-block-column is-layout-flow wp-block-column-is-layout-flow\">\n<div class=\"wp-block-cover is-style-card\" style=\"min-height:280px;aspect-ratio:unset;\"><span aria-hidden=\"true\" class=\"wp-block-cover__background has-background-dim-60 has-background-dim\"><\/span><img decoding=\"async\" class=\"wp-block-cover__image-background wp-image-535\" alt=\"Surinjection\" title=\"Surinjection\"  src=\"https:\/\/www.gravalos-sa.com\/wp-content\/uploads\/inyeccion-maquina-26-gravalos-14.jpg\" data-object-fit=\"cover\"\/><div class=\"wp-block-cover__inner-container is-layout-flow wp-block-cover-is-layout-flow\">\n<p class=\"has-medium-font-size\"><strong>03.<\/strong><br\/>Professionnels<\/p>\n\n\n\n<p>Toute notre \u00e9quipe est sp\u00e9cialis\u00e9e dans ce qu&rsquo;elle fait<\/p>\n<\/div><\/div>\n<\/div>\n<\/div>\n<\/div><\/div>\n\n<div style=\"height:96px\" aria-hidden=\"true\" class=\"wp-block-spacer\"><\/div>\n\n<div style=\"height:112px\" aria-hidden=\"true\" class=\"wp-block-spacer\"><\/div>\n\n<div style=\"height:96px\" aria-hidden=\"true\" class=\"wp-block-spacer\"><\/div>\n\n<p class=\"is-style-titulo-rotado\">Mat\u00e9riaux<\/p>\n\n<div class=\"wp-block-columns is-layout-flex wp-container-core-columns-is-layout-9d6595d7 wp-block-columns-is-layout-flex\">\n<div class=\"wp-block-column is-layout-flow wp-block-column-is-layout-flow\"><\/div>\n\n\n\n<div class=\"wp-block-column is-layout-flow wp-block-column-is-layout-flow\">\n<h3 class=\"wp-block-heading has-medium-font-size\">Mat\u00e9riaux<\/h3>\n\n\n\n<p>En plus de 75 ans d&rsquo;exp\u00e9rience, nous avons pu acqu\u00e9rir une grande expertise dans la transformation des thermoplastiques techniques, ce qui nous permet de r\u00e9pondre aux besoins tr\u00e8s exigeants et complexes de nos clients.<\/p>\n\n\n\n<div class=\"wp-block-buttons is-layout-flex wp-block-buttons-is-layout-flex\">\n<div class=\"wp-block-button is-style-arrow-link\"><a class=\"wp-block-button__link wp-element-button\" href=\"https:\/\/www.gravalos-sa.com\/fr\/materiaux\/\">Voir les mat\u00e9riaux<\/a><\/div>\n\n\n\n<div class=\"wp-block-button is-style-arrow-link\"><a class=\"wp-block-button__link wp-element-button\" href=\"https:\/\/www.gravalos-sa.com\/fr\/nos-implantations\/\">D\u00e9couvrez nos sites<\/a><\/div>\n<\/div>\n<\/div>\n<\/div>\n\n<div style=\"height:2rem\" aria-hidden=\"true\" class=\"wp-block-spacer\"><\/div>\n\n<div class=\"wp-block-group is-style-slick-carousel\"><div class=\"wp-block-group__inner-container is-layout-constrained wp-block-group-is-layout-constrained\"><div class=\"slick-carousel\"><div class=\"pagina-hija-circulo stretch-linked-block\"><img loading=\"lazy\" decoding=\"async\" width=\"150\" height=\"150\" src=\"https:\/\/www.gravalos-sa.com\/wp-content\/uploads\/material-pc-150x150.jpg\" class=\"rounded-circle mb-3 shadow wp-post-image\" alt=\"material-PC\" title=\"material-PC\" \/><p class=\"small text-uppercase font-weight-bold\"><a class=\"stretched-link\" href=\"https:\/\/www.gravalos-sa.com\/fr\/materiaux\/pc-polycarbonate\/\" title=\"PC (Polycarbonate)\">PC (Polycarbonate)<\/a><\/p><div class=\"small\">Le polycarbonate est un autre des thermoplastiques avec lesquels nous travaillons r\u00e9guli\u00e8rement au sein du groupe Gr\u00e1valos. Nous l&rsquo;utilisons principalement pour la fabrication de bo\u00eetiers ...<div class=\"wp-block-buttons\"><div class=\"wp-block-button is-style-arrow-link\"><span class=\"wp-block-button__link\">Savoir plus<\/span><\/div><\/div><\/div><\/div><div class=\"pagina-hija-circulo stretch-linked-block\"><img loading=\"lazy\" decoding=\"async\" width=\"150\" height=\"150\" src=\"https:\/\/www.gravalos-sa.com\/wp-content\/uploads\/material-pps-150x150.jpg\" class=\"rounded-circle mb-3 shadow wp-post-image\" alt=\"material-PPS\" title=\"material-PPS\" \/><p class=\"small text-uppercase font-weight-bold\"><a class=\"stretched-link\" href=\"https:\/\/www.gravalos-sa.com\/fr\/materiaux\/sulfure-de-polyphenylene\/\" title=\"PPS (sulfure de polyph\u00e9nyl\u00e8ne)\">PPS (sulfure de polyph\u00e9nyl\u00e8ne)<\/a><\/p><div class=\"small\">Le sulfure de polyph\u00e9nyl\u00e8ne (PPS) est un polym\u00e8re semi-cristallin de haute performance qui offre aux concepteurs et aux fabricants une excellente aptitude au traitement ainsi ...<div class=\"wp-block-buttons\"><div class=\"wp-block-button is-style-arrow-link\"><span class=\"wp-block-button__link\">Savoir plus<\/span><\/div><\/div><\/div><\/div><div class=\"pagina-hija-circulo stretch-linked-block\"><img loading=\"lazy\" decoding=\"async\" width=\"150\" height=\"150\" src=\"https:\/\/www.gravalos-sa.com\/wp-content\/uploads\/material-pa-150x150.jpg\" class=\"rounded-circle mb-3 shadow wp-post-image\" alt=\"material-PA\" title=\"material-PA\" \/><p class=\"small text-uppercase font-weight-bold\"><a class=\"stretched-link\" href=\"https:\/\/www.gravalos-sa.com\/fr\/materiaux\/polyamide\/\" title=\"PA (Polyamide)\">PA (Polyamide)<\/a><\/p><div class=\"small\">Le polyamide (PA) est un polym\u00e8re synth\u00e9tique aux caract\u00e9ristiques tr\u00e8s performantes, que nous utilisons r\u00e9guli\u00e8rement au sein du groupe Gr\u00e1valos, en particulier dans les pi\u00e8ces ...<div class=\"wp-block-buttons\"><div class=\"wp-block-button is-style-arrow-link\"><span class=\"wp-block-button__link\">Savoir plus<\/span><\/div><\/div><\/div><\/div><div class=\"pagina-hija-circulo stretch-linked-block\"><img loading=\"lazy\" decoding=\"async\" width=\"150\" height=\"150\" src=\"https:\/\/www.gravalos-sa.com\/wp-content\/uploads\/material-pom-150x150.jpg\" class=\"rounded-circle mb-3 shadow wp-post-image\" alt=\"material-POM\" title=\"material-POM\" \/><p class=\"small text-uppercase font-weight-bold\"><a class=\"stretched-link\" href=\"https:\/\/www.gravalos-sa.com\/fr\/materiaux\/polyoxymethylene\/\" title=\"POM (Polyoxym\u00e9thyl\u00e8ne)\">POM (Polyoxym\u00e9thyl\u00e8ne)<\/a><\/p><div class=\"small\">Le polyoxym\u00e9thyl\u00e8ne (POM) se caract\u00e9rise par sa grande rigidit\u00e9, sa r\u00e9sistance \u00e0 l&rsquo;usure et sa stabilit\u00e9 dimensionnelle. Ce sont pr\u00e9cis\u00e9ment les composants qui n\u00e9cessitent une ...<div class=\"wp-block-buttons\"><div class=\"wp-block-button is-style-arrow-link\"><span class=\"wp-block-button__link\">Savoir plus<\/span><\/div><\/div><\/div><\/div><div class=\"pagina-hija-circulo stretch-linked-block\"><img loading=\"lazy\" decoding=\"async\" width=\"150\" height=\"150\" src=\"https:\/\/www.gravalos-sa.com\/wp-content\/uploads\/material-pbt-150x150.jpg\" class=\"rounded-circle mb-3 shadow wp-post-image\" alt=\"material-PBT\" title=\"material-PBT\" \/><p class=\"small text-uppercase font-weight-bold\"><a class=\"stretched-link\" href=\"https:\/\/www.gravalos-sa.com\/fr\/materiaux\/polybutylene-terephtalate\/\" title=\"PBT (polybutyl\u00e8ne t\u00e9r\u00e9phtalate)\">PBT (polybutyl\u00e8ne t\u00e9r\u00e9phtalate)<\/a><\/p><div class=\"small\">Le polybutyl\u00e8ne t\u00e9r\u00e9phtalate (PBT) est un type de plastique, appartenant \u00e0 la famille des polyesters, qui offre de hautes performances en mati\u00e8re d&rsquo;isolation \u00e9lectrique. C&rsquo;est ...<div class=\"wp-block-buttons\"><div class=\"wp-block-button is-style-arrow-link\"><span class=\"wp-block-button__link\">Savoir plus<\/span><\/div><\/div><\/div><\/div><div class=\"pagina-hija-circulo stretch-linked-block\"><img loading=\"lazy\" decoding=\"async\" width=\"150\" height=\"150\" src=\"https:\/\/www.gravalos-sa.com\/wp-content\/uploads\/material-lcp-150x150.jpg\" class=\"rounded-circle mb-3 shadow wp-post-image\" alt=\"material-LCP\" title=\"material-LCP\" \/><p class=\"small text-uppercase font-weight-bold\"><a class=\"stretched-link\" href=\"https:\/\/www.gravalos-sa.com\/fr\/materiaux\/polymere-cristaux-liquides\/\" title=\"LCP (polym\u00e8re \u00e0 cristaux liquides)\">LCP (polym\u00e8re \u00e0 cristaux liquides)<\/a><\/p><div class=\"small\">Les polym\u00e8res \u00e0 cristaux liquides (PCL) sont une famille de plastiques \u00e0 haute performance qui se distinguent par une structure mol\u00e9culaire sp\u00e9ciale, ce qui leur ...<div class=\"wp-block-buttons\"><div class=\"wp-block-button is-style-arrow-link\"><span class=\"wp-block-button__link\">Savoir plus<\/span><\/div><\/div><\/div><\/div><\/div>\n<\/div><\/div>\n\n<p class=\"is-style-titulo-rotado-derecha\">\u00c9tudes de cas<\/p>\n\n<div style=\"height:66px\" aria-hidden=\"true\" class=\"wp-block-spacer\"><\/div>\n\n<h2 class=\"wp-block-heading has-text-align-center\">Autres produits et technologies connexes<\/h2>\n","protected":false},"excerpt":{"rendered":"<p>Processus robotique Bien qu&rsquo;il soit possible d&rsquo;ins\u00e9rer ces inserts manuellement, il est plus courant (et plus ergonomique) qu&rsquo;un robot ou un syst\u00e8me automatis\u00e9 s&rsquo;en charge. &#8230;<\/p>\n<div class=\"wp-block-buttons\">\n<div class=\"wp-block-button is-style-arrow-link\"><span class=\"wp-block-button__link\">Savoir plus<\/span><\/div>\n<\/div>\n","protected":false},"author":1,"featured_media":933,"parent":1424,"menu_order":30,"comment_status":"closed","ping_status":"closed","template":"","meta":{"_acf_changed":false,"inline_featured_image":false,"footnotes":""},"class_list":["post-1483","page","type-page","status-publish","has-post-thumbnail","hentry"],"acf":[],"_links":{"self":[{"href":"https:\/\/www.gravalos-sa.com\/fr\/wp-json\/wp\/v2\/pages\/1483","targetHints":{"allow":["GET"]}}],"collection":[{"href":"https:\/\/www.gravalos-sa.com\/fr\/wp-json\/wp\/v2\/pages"}],"about":[{"href":"https:\/\/www.gravalos-sa.com\/fr\/wp-json\/wp\/v2\/types\/page"}],"author":[{"embeddable":true,"href":"https:\/\/www.gravalos-sa.com\/fr\/wp-json\/wp\/v2\/users\/1"}],"replies":[{"embeddable":true,"href":"https:\/\/www.gravalos-sa.com\/fr\/wp-json\/wp\/v2\/comments?post=1483"}],"version-history":[{"count":3,"href":"https:\/\/www.gravalos-sa.com\/fr\/wp-json\/wp\/v2\/pages\/1483\/revisions"}],"predecessor-version":[{"id":2024,"href":"https:\/\/www.gravalos-sa.com\/fr\/wp-json\/wp\/v2\/pages\/1483\/revisions\/2024"}],"up":[{"embeddable":true,"href":"https:\/\/www.gravalos-sa.com\/fr\/wp-json\/wp\/v2\/pages\/1424"}],"wp:featuredmedia":[{"embeddable":true,"href":"https:\/\/www.gravalos-sa.com\/fr\/wp-json\/wp\/v2\/media\/933"}],"wp:attachment":[{"href":"https:\/\/www.gravalos-sa.com\/fr\/wp-json\/wp\/v2\/media?parent=1483"}],"curies":[{"name":"wp","href":"https:\/\/api.w.org\/{rel}","templated":true}]}}