{"id":1491,"date":"2022-10-03T11:44:25","date_gmt":"2022-10-03T11:44:25","guid":{"rendered":"https:\/\/www.gravalos-sa.com\/produits-et-technologies\/injection-de-la-partie-technique\/"},"modified":"2023-06-26T14:02:38","modified_gmt":"2023-06-26T14:02:38","slug":"injection-partie-technique","status":"publish","type":"page","link":"https:\/\/www.gravalos-sa.com\/fr\/produits-technologies\/injection-partie-technique\/","title":{"rendered":"Injection de la partie technique"},"content":{"rendered":"\n<div class=\"wp-block-cover alignfull is-style-header-cover\"><span aria-hidden=\"true\" class=\"wp-block-cover__background has-primary-100-background-color has-background-dim-90 has-background-dim\"><\/span><img loading=\"lazy\" decoding=\"async\" width=\"1920\" height=\"1280\" src=\"https:\/\/www.gravalos-sa.com\/wp-content\/uploads\/inyeccion-maquina-gravalos-46.jpg\" class=\"wp-block-cover__image-background wp-post-image\" alt=\"inyeccion-maquina-gravalos-46\" data-object-fit=\"cover\" srcset=\"https:\/\/www.gravalos-sa.com\/wp-content\/uploads\/inyeccion-maquina-gravalos-46.jpg 1920w, https:\/\/www.gravalos-sa.com\/wp-content\/uploads\/inyeccion-maquina-gravalos-46-300x200.jpg 300w, https:\/\/www.gravalos-sa.com\/wp-content\/uploads\/inyeccion-maquina-gravalos-46-1024x683.jpg 1024w, https:\/\/www.gravalos-sa.com\/wp-content\/uploads\/inyeccion-maquina-gravalos-46-768x512.jpg 768w, https:\/\/www.gravalos-sa.com\/wp-content\/uploads\/inyeccion-maquina-gravalos-46-1536x1024.jpg 1536w\" sizes=\"auto, (max-width: 1920px) 100vw, 1920px\" title=\"inyeccion-maquina-gravalos-46\" \/><div class=\"wp-block-cover__inner-container is-layout-flow wp-block-cover-is-layout-flow\">\n<p class=\"is-style-supertitulo\" style=\"text-transform:uppercase\">Technologie<\/p>\n\n\n<h1 class=\"display-1 wp-block-post-title\">Injection de la partie technique<\/h1><\/div><\/div>\n<div class=\"breadcrumb\" typeof=\"BreadcrumbList\" vocab=\"https:\/\/schema.org\/\"><div class=\"breadcrumb-inner\"><div class=\"gravalos-breadcrumb\"><span property=\"itemListElement\" typeof=\"ListItem\"><a property=\"item\" typeof=\"WebPage\" title=\"Aller \u00e0 Gr\u00e1valos.\" href=\"https:\/\/www.gravalos-sa.com\/fr\/\" class=\"home\" ><span property=\"name\">Gr\u00e1valos<\/span><\/a><meta property=\"position\" content=\"1\"><\/span><span class=\"breadcrumb-sep\"> | <\/span><span property=\"itemListElement\" typeof=\"ListItem\"><a property=\"item\" typeof=\"WebPage\" title=\"Aller \u00e0 Blog.\" href=\"https:\/\/www.gravalos-sa.com\/fr\/blog\/\" class=\"post-root post post-post\" aria-current=\"page\"><span property=\"name\">Blog<\/span><\/a><meta property=\"position\" content=\"2\"><\/span><\/div><\/div><\/div>\n<div class=\"wp-block-media-text alignwide is-stacked-on-mobile\"><figure class=\"wp-block-media-text__media\"><video preload=\"metadata\" controls src=\"https:\/\/www.gravalos-sa.com\/wp-content\/uploads\/productos-inyeccion-plastico.mp4#t=0.001\"><\/video><\/figure><div class=\"wp-block-media-text__content\">\n<h2 class=\"wp-block-heading has-medium-font-size\">INJECTION PLASTIQUE<\/h2>\n\n\n\n<p>Le groupe Gr\u00e1valos dispose de plus de 70 machines de moulage par injection, avec des forces de fermeture allant de 30 \u00e0 550 TN et des technologies de surinjection et de bi-injection, ce qui nous permet de r\u00e9pondre \u00e0 une grande vari\u00e9t\u00e9 de besoins de la part de nos clients.<\/p>\n\n\n\n<p>Il s&rsquo;agit d&rsquo;une phase critique qui a un impact direct sur la qualit\u00e9, la durabilit\u00e9 et les performances du produit et qui garantit la qualit\u00e9 technique que vous souhaitez pour vos pi\u00e8ces ou vos projets complets : celle qui r\u00e9pondra \u00e0 vos exigences et \u00e0 celles de vos clients.<\/p>\n\n\n\n<div class=\"wp-block-buttons is-layout-flex wp-block-buttons-is-layout-flex\">\n<div class=\"wp-block-button is-style-arrow-link\"><a class=\"wp-block-button__link wp-element-button\" href=\"https:\/\/www.gravalos-sa.com\/fr\/contact\/\">Contact avec nous<\/a><\/div>\n<\/div>\n<\/div><\/div>\n\n<div class=\"wp-block-media-text alignwide has-media-on-the-right is-stacked-on-mobile\"><div class=\"wp-block-media-text__content\">\n<h2 class=\"wp-block-heading has-medium-font-size\">QU&rsquo;OBTENONS-NOUS GR\u00c2CE \u00c0 L&rsquo;INJECTION ?<\/h2>\n\n\n\n<p>La technique du moulage par injection consiste \u00e0 faire fondre la mati\u00e8re thermoplastique, qui est fournie par les fabricants sous forme de granul\u00e9s, afin qu&rsquo;elle puisse s&rsquo;\u00e9couler et \u00eatre inject\u00e9e dans la cavit\u00e9 d&rsquo;un moule et porter la reproduction n\u00e9gative de la pi\u00e8ce \u00e0 fabriquer.<\/p>\n\n\n\n<p>C&rsquo;est ainsi que nous parvenons \u00e0<br\/><br\/><\/p>\n\n\n\n<ul class=\"wp-block-list\">\n<li>Donner \u00e0 chaque pi\u00e8ce moul\u00e9e par injection sa forme et ses dimensions exactes<\/li>\n\n\n\n<li>Processus de production \u00e9conomique et d\u00e9lais de livraison courts<\/li>\n\n\n\n<li>Propri\u00e9t\u00e9s de r\u00e9sistance remarquables, m\u00eame avec de faibles \u00e9paisseurs de paroi<\/li>\n\n\n\n<li>R\u00e9p\u00e9tabilit\u00e9 dans les s\u00e9ries de production.<\/li>\n<\/ul>\n<\/div><figure class=\"wp-block-media-text__media\"><img loading=\"lazy\" decoding=\"async\" width=\"1920\" height=\"1280\" src=\"https:\/\/www.gravalos-sa.com\/wp-content\/uploads\/inyeccion-maquina-33-gravalos-31.jpg\" alt=\"\" class=\"wp-image-515 size-full\" title=\"\"><\/figure><\/div>\n\n<p class=\"has-text-align-center h5\">Conscients que la phase d&rsquo;injection est, avec toute son importance, l&rsquo;une des phases qui composent le processus de production complet, nous vous rappelons que le Groupe Gr\u00e1valos vous accompagnera durant toutes les phases pour r\u00e9pondre \u00e0 tout besoin ou modification qui pourrait survenir dans chacune d&rsquo;entre elles. Et nous le ferons toujours par l&rsquo;interm\u00e9diaire du m\u00eame interlocuteur.<\/p>\n\n<div style=\"height:3rem\" aria-hidden=\"true\" class=\"wp-block-spacer\"><\/div>\n\n<h2 class=\"wp-block-heading has-text-align-center\">Histoires de r\u00e9ussite<\/h2>\n\n\t\t<div class=\"hfeed\">\n\n\t\t\t<div class=\"row\">\n\n\t\t\t\t\n\t\t\t\t\t\n\t\t\t\t\t\t<div class=\"col-md-6\">\n\n\t\t\t\t\t\n\t\t\t\t\t\t\n<article class=\"stretch-linked-block post-1390 casos-exito type-casos-exito status-publish has-post-thumbnail hentry\" id=\"post-1390\">\n\n\t<img loading=\"lazy\" decoding=\"async\" width=\"640\" height=\"398\" src=\"https:\/\/www.gravalos-sa.com\/wp-content\/uploads\/geplastik-siedz-5013.jpg\" class=\"attachment-large size-large wp-post-image\" alt=\"geplastik-siedz-5013\" srcset=\"https:\/\/www.gravalos-sa.com\/wp-content\/uploads\/geplastik-siedz-5013.jpg 800w, https:\/\/www.gravalos-sa.com\/wp-content\/uploads\/geplastik-siedz-5013-300x186.jpg 300w, https:\/\/www.gravalos-sa.com\/wp-content\/uploads\/geplastik-siedz-5013-768x477.jpg 768w\" sizes=\"auto, (max-width: 640px) 100vw, 640px\" title=\"geplastik-siedz-5013\" \/>\n\t<header class=\"entry-header\">\n\n\t\t\n\t\t<h3 class=\"h5 entry-title mb-2\"><a class=\"stretched-link\" href=\"https:\/\/www.gravalos-sa.com\/fr\/reussites\/ouverture-de-la-premiere-filiale-en-pologne\/\" rel=\"bookmark\">Ouverture de la premi\u00e8re filiale en Pologne<\/a><\/h3>\n\t<\/header><!-- .entry-header -->\n\n\t<div class=\"entry-content\">\n\n\t\t<p>Augmenter la capacit\u00e9 de production de l&rsquo;entreprise \u00e0 l&rsquo;\u00e9chelle internationale, commencer \u00e0 mettre en \u0153uvre des technologies de filtrage \u00e0 proximit\u00e9 des usines de consommation et le moulage par injection \u00e0 deux composants. &#8230;<\/p>\n<div class=\"wp-block-buttons\">\n<div class=\"wp-block-button is-style-arrow-link\"><span class=\"wp-block-button__link\">Savoir plus<\/span><\/div>\n<\/div>\n\n\t<\/div><!-- .entry-content -->\n\n\t<footer class=\"entry-footer entry-meta\">\n\n\t\t\n\t<\/footer><!-- .entry-footer -->\n\n<\/article><!-- #post-## -->\n\n\t\t\t\t\t<\/div>\n\n\t\t\t\t\n\t\t\t\t\t\n\t\t\t\t\t\t<div class=\"col-md-6\">\n\n\t\t\t\t\t\n\t\t\t\t\t\t\n<article class=\"stretch-linked-block post-1375 casos-exito type-casos-exito status-publish has-post-thumbnail hentry\" id=\"post-1375\">\n\n\t<img loading=\"lazy\" decoding=\"async\" width=\"640\" height=\"396\" src=\"https:\/\/www.gravalos-sa.com\/wp-content\/uploads\/gravesa-interior-general-recorte.jpg\" class=\"attachment-large size-large wp-post-image\" alt=\"Gravesa_interior_general_recorte\" srcset=\"https:\/\/www.gravalos-sa.com\/wp-content\/uploads\/gravesa-interior-general-recorte.jpg 890w, https:\/\/www.gravalos-sa.com\/wp-content\/uploads\/gravesa-interior-general-recorte-300x186.jpg 300w, https:\/\/www.gravalos-sa.com\/wp-content\/uploads\/gravesa-interior-general-recorte-768x475.jpg 768w, https:\/\/www.gravalos-sa.com\/wp-content\/uploads\/gravesa-interior-general-recorte-500x310.jpg 500w, https:\/\/www.gravalos-sa.com\/wp-content\/uploads\/gravesa-interior-general-recorte-800x495.jpg 800w\" sizes=\"auto, (max-width: 640px) 100vw, 640px\" title=\"Gravesa_interior_general_recorte\" \/>\n\t<header class=\"entry-header\">\n\n\t\t\n\t\t<h3 class=\"h5 entry-title mb-2\"><a class=\"stretched-link\" href=\"https:\/\/www.gravalos-sa.com\/fr\/reussites\/gravesa-s-a-r-l-notre-nouvelle-filiale-au-maroc\/\" rel=\"bookmark\">Gravesa S.A.R.L., notre nouvelle filiale au Maroc<\/a><\/h3>\n\t<\/header><!-- .entry-header -->\n\n\t<div class=\"entry-content\">\n\n\t\t<p>Ouverture d&rsquo;une usine au Maroc pour aider le client dans sa strat\u00e9gie de mondialisation des fournisseurs, y compris dans les \u00ab\u00a0Best Cost Countries\u00a0\u00bb. &#8230;<\/p>\n<div class=\"wp-block-buttons\">\n<div class=\"wp-block-button is-style-arrow-link\"><span class=\"wp-block-button__link\">Savoir plus<\/span><\/div>\n<\/div>\n\n\t<\/div><!-- .entry-content -->\n\n\t<footer class=\"entry-footer entry-meta\">\n\n\t\t\n\t<\/footer><!-- .entry-footer -->\n\n<\/article><!-- #post-## -->\n\n\t\t\t\t\t<\/div>\n\n\t\t\t\t\n\t\t\t\t\t\n\t\t\t\t\t\t<div class=\"col-md-6\">\n\n\t\t\t\t\t\n\t\t\t\t\t\t\n<article class=\"stretch-linked-block post-1377 casos-exito type-casos-exito status-publish has-post-thumbnail hentry\" id=\"post-1377\">\n\n\t<img loading=\"lazy\" decoding=\"async\" width=\"640\" height=\"371\" src=\"https:\/\/www.gravalos-sa.com\/wp-content\/uploads\/almacen1-1024x594.jpg\" class=\"attachment-large size-large wp-post-image\" alt=\"almacen1\" srcset=\"https:\/\/www.gravalos-sa.com\/wp-content\/uploads\/almacen1-1024x594.jpg 1024w, https:\/\/www.gravalos-sa.com\/wp-content\/uploads\/almacen1-300x174.jpg 300w, https:\/\/www.gravalos-sa.com\/wp-content\/uploads\/almacen1-768x445.jpg 768w, https:\/\/www.gravalos-sa.com\/wp-content\/uploads\/almacen1-500x290.jpg 500w, https:\/\/www.gravalos-sa.com\/wp-content\/uploads\/almacen1-800x464.jpg 800w, https:\/\/www.gravalos-sa.com\/wp-content\/uploads\/almacen1.jpg 1200w\" sizes=\"auto, (max-width: 640px) 100vw, 640px\" title=\"almacen1\" \/>\n\t<header class=\"entry-header\">\n\n\t\t\n\t\t<h3 class=\"h5 entry-title mb-2\"><a class=\"stretched-link\" href=\"https:\/\/www.gravalos-sa.com\/fr\/reussites\/mise-en-oeuvre-dun-systeme-de-gestion-dentrepot-numerique\/\" rel=\"bookmark\">Mise en \u0153uvre d&rsquo;un syst\u00e8me de gestion d&rsquo;entrep\u00f4t num\u00e9rique<\/a><\/h3>\n\t<\/header><!-- .entry-header -->\n\n\t<div class=\"entry-content\">\n\n\t\t<p>Transformer le syst\u00e8me de gestion manuel d&rsquo;un entrep\u00f4t en un syst\u00e8me num\u00e9rique, capable de g\u00e9rer ses op\u00e9rations de mani\u00e8re informatis\u00e9e. &#8230;<\/p>\n<div class=\"wp-block-buttons\">\n<div class=\"wp-block-button is-style-arrow-link\"><span class=\"wp-block-button__link\">Savoir plus<\/span><\/div>\n<\/div>\n\n\t<\/div><!-- .entry-content -->\n\n\t<footer class=\"entry-footer entry-meta\">\n\n\t\t\n\t<\/footer><!-- .entry-footer -->\n\n<\/article><!-- #post-## -->\n\n\t\t\t\t\t<\/div>\n\n\t\t\t\t\n\t\t\t<\/div>\n\n\t\t<\/div>\n\n\t\n<div class=\"wp-block-buttons is-layout-flex wp-block-buttons-is-layout-flex\">\n<div class=\"wp-block-button is-style-arrow-link\"><a class=\"wp-block-button__link wp-element-button\" href=\"https:\/\/www.gravalos-sa.com\/fr\/contact\/\">Contact avec nous<\/a><\/div>\n<\/div>\n\n<div style=\"height:64px\" aria-hidden=\"true\" class=\"wp-block-spacer\"><\/div>\n\n<div class=\"wp-block-cover alignfull\"><span aria-hidden=\"true\" class=\"wp-block-cover__background has-primary-80-background-color has-background-dim-100 has-background-dim\"><\/span><div class=\"wp-block-cover__inner-container is-layout-flow wp-block-cover-is-layout-flow\">\n<h2 class=\"wp-block-heading has-text-align-center has-large-font-size\">Pourquoi nous choisir ?<\/h2>\n\n\n\n<p class=\"has-text-align-center\">Nous fabriquons des pi\u00e8ces techniques d&rsquo;injection et d&rsquo;induction, gr\u00e2ce \u00e0 des solutions compl\u00e8tes allant de l&rsquo;analyse initiale, l&rsquo;industrialisation et l&rsquo;homologation, \u00e0 la fabrication finale et au transport vers n&rsquo;importe quel endroit.<\/p>\n\n\n\n<div style=\"height:32px\" aria-hidden=\"true\" class=\"wp-block-spacer\"><\/div>\n\n\n\n<div class=\"wp-block-columns mb-neg-12 is-layout-flex wp-container-core-columns-is-layout-9d6595d7 wp-block-columns-is-layout-flex\">\n<div class=\"wp-block-column is-layout-flow wp-block-column-is-layout-flow\">\n<div class=\"wp-block-cover is-style-card\" style=\"min-height:280px;aspect-ratio:unset;\"><span aria-hidden=\"true\" class=\"wp-block-cover__background has-background-dim-60 has-background-dim\"><\/span><img decoding=\"async\" class=\"wp-block-cover__image-background wp-image-518\" alt=\"Injection de la partie technique\" title=\"Injection de la partie technique\"  src=\"https:\/\/www.gravalos-sa.com\/wp-content\/uploads\/inyeccion-maquina-33-gravalos-32.jpg\" data-object-fit=\"cover\"\/><div class=\"wp-block-cover__inner-container is-layout-flow wp-block-cover-is-layout-flow\">\n<p class=\"has-medium-font-size\"><strong>01.<\/strong><br\/>Humanisation<\/p>\n\n\n\n<p>Nous conservons le m\u00eame interlocuteur tout au long du cycle de vie du projet.<\/p>\n<\/div><\/div>\n<\/div>\n\n\n\n<div class=\"wp-block-column is-layout-flow wp-block-column-is-layout-flow\">\n<div class=\"wp-block-cover is-style-card\" style=\"min-height:280px;aspect-ratio:unset;\"><span aria-hidden=\"true\" class=\"wp-block-cover__background has-background-dim-60 has-background-dim\"><\/span><img loading=\"lazy\" decoding=\"async\" width=\"1920\" height=\"1280\" class=\"wp-block-cover__image-background wp-image-511\" alt=\"inyeccion-general-gravalos-37\" title=\"inyeccion-general-gravalos-37\"  src=\"https:\/\/www.gravalos-sa.com\/wp-content\/uploads\/inyeccion-general-gravalos-37.jpg\" data-object-fit=\"cover\" srcset=\"https:\/\/www.gravalos-sa.com\/wp-content\/uploads\/inyeccion-general-gravalos-37.jpg 1920w, https:\/\/www.gravalos-sa.com\/wp-content\/uploads\/inyeccion-general-gravalos-37-300x200.jpg 300w, https:\/\/www.gravalos-sa.com\/wp-content\/uploads\/inyeccion-general-gravalos-37-1024x683.jpg 1024w, https:\/\/www.gravalos-sa.com\/wp-content\/uploads\/inyeccion-general-gravalos-37-768x512.jpg 768w, https:\/\/www.gravalos-sa.com\/wp-content\/uploads\/inyeccion-general-gravalos-37-1536x1024.jpg 1536w\" sizes=\"auto, (max-width: 1920px) 100vw, 1920px\" \/><div class=\"wp-block-cover__inner-container is-layout-flow wp-block-cover-is-layout-flow\">\n<p class=\"has-medium-font-size\"><strong>02.<\/strong><br\/>Machines<\/p>\n\n\n\n<p>Des machines et des technologies de haut niveau dans tous les processus<\/p>\n<\/div><\/div>\n<\/div>\n\n\n\n<div class=\"wp-block-column is-layout-flow wp-block-column-is-layout-flow\">\n<div class=\"wp-block-cover is-style-card\" style=\"min-height:280px;aspect-ratio:unset;\"><span aria-hidden=\"true\" class=\"wp-block-cover__background has-background-dim-60 has-background-dim\"><\/span><img decoding=\"async\" class=\"wp-block-cover__image-background wp-image-535\" alt=\"Injection de la partie technique\" title=\"Injection de la partie technique\"  src=\"https:\/\/www.gravalos-sa.com\/wp-content\/uploads\/inyeccion-maquina-26-gravalos-14.jpg\" data-object-fit=\"cover\"\/><div class=\"wp-block-cover__inner-container is-layout-flow wp-block-cover-is-layout-flow\">\n<p class=\"has-medium-font-size\"><strong>03.<\/strong><br\/>Professionnels<\/p>\n\n\n\n<p>Toute notre \u00e9quipe est sp\u00e9cialis\u00e9e dans ce qu&rsquo;elle fait<\/p>\n<\/div><\/div>\n<\/div>\n<\/div>\n<\/div><\/div>\n\n<div style=\"height:96px\" aria-hidden=\"true\" class=\"wp-block-spacer\"><\/div>\n\n<div style=\"height:112px\" aria-hidden=\"true\" class=\"wp-block-spacer\"><\/div>\n\n<div style=\"height:96px\" aria-hidden=\"true\" class=\"wp-block-spacer\"><\/div>\n\n<p class=\"is-style-titulo-rotado\">Mat\u00e9riaux<\/p>\n\n<div class=\"wp-block-columns is-layout-flex wp-container-core-columns-is-layout-9d6595d7 wp-block-columns-is-layout-flex\">\n<div class=\"wp-block-column is-layout-flow wp-block-column-is-layout-flow\"><\/div>\n\n\n\n<div class=\"wp-block-column is-layout-flow wp-block-column-is-layout-flow\">\n<h3 class=\"wp-block-heading has-medium-font-size\">Mat\u00e9riaux<\/h3>\n\n\n\n<p>En plus de 75 ans d&rsquo;exp\u00e9rience, nous avons pu acqu\u00e9rir une grande expertise dans la transformation des thermoplastiques techniques, ce qui nous permet de r\u00e9pondre aux besoins tr\u00e8s exigeants et complexes de nos clients.<\/p>\n\n\n\n<div class=\"wp-block-buttons is-layout-flex wp-block-buttons-is-layout-flex\">\n<div class=\"wp-block-button is-style-arrow-link\"><a class=\"wp-block-button__link wp-element-button\" href=\"https:\/\/www.gravalos-sa.com\/fr\/materiaux\/\">Voir les mat\u00e9riaux<\/a><\/div>\n\n\n\n<div class=\"wp-block-button is-style-arrow-link\"><a class=\"wp-block-button__link wp-element-button\" href=\"https:\/\/www.gravalos-sa.com\/fr\/nos-implantations\/\">D\u00e9couvrez nos sites<\/a><\/div>\n<\/div>\n<\/div>\n<\/div>\n\n<div style=\"height:2rem\" aria-hidden=\"true\" class=\"wp-block-spacer\"><\/div>\n\n<div class=\"wp-block-group is-style-slick-carousel\"><div class=\"wp-block-group__inner-container is-layout-constrained wp-block-group-is-layout-constrained\"><div class=\"slick-carousel\"><div class=\"pagina-hija-circulo stretch-linked-block\"><img loading=\"lazy\" decoding=\"async\" width=\"150\" height=\"150\" src=\"https:\/\/www.gravalos-sa.com\/wp-content\/uploads\/material-pc-150x150.jpg\" class=\"rounded-circle mb-3 shadow wp-post-image\" alt=\"material-PC\" title=\"material-PC\" \/><p class=\"small text-uppercase font-weight-bold\"><a class=\"stretched-link\" href=\"https:\/\/www.gravalos-sa.com\/fr\/materiaux\/pc-polycarbonate\/\" title=\"PC (Polycarbonate)\">PC (Polycarbonate)<\/a><\/p><div class=\"small\">Le polycarbonate est un autre des thermoplastiques avec lesquels nous travaillons r\u00e9guli\u00e8rement au sein du groupe Gr\u00e1valos. Nous l&rsquo;utilisons principalement pour la fabrication de bo\u00eetiers ...<div class=\"wp-block-buttons\"><div class=\"wp-block-button is-style-arrow-link\"><span class=\"wp-block-button__link\">Savoir plus<\/span><\/div><\/div><\/div><\/div><div class=\"pagina-hija-circulo stretch-linked-block\"><img loading=\"lazy\" decoding=\"async\" width=\"150\" height=\"150\" src=\"https:\/\/www.gravalos-sa.com\/wp-content\/uploads\/material-pps-150x150.jpg\" class=\"rounded-circle mb-3 shadow wp-post-image\" alt=\"material-PPS\" title=\"material-PPS\" \/><p class=\"small text-uppercase font-weight-bold\"><a class=\"stretched-link\" href=\"https:\/\/www.gravalos-sa.com\/fr\/materiaux\/sulfure-de-polyphenylene\/\" title=\"PPS (sulfure de polyph\u00e9nyl\u00e8ne)\">PPS (sulfure de polyph\u00e9nyl\u00e8ne)<\/a><\/p><div class=\"small\">Le sulfure de polyph\u00e9nyl\u00e8ne (PPS) est un polym\u00e8re semi-cristallin de haute performance qui offre aux concepteurs et aux fabricants une excellente aptitude au traitement ainsi ...<div class=\"wp-block-buttons\"><div class=\"wp-block-button is-style-arrow-link\"><span class=\"wp-block-button__link\">Savoir plus<\/span><\/div><\/div><\/div><\/div><div class=\"pagina-hija-circulo stretch-linked-block\"><img loading=\"lazy\" decoding=\"async\" width=\"150\" height=\"150\" src=\"https:\/\/www.gravalos-sa.com\/wp-content\/uploads\/material-pa-150x150.jpg\" class=\"rounded-circle mb-3 shadow wp-post-image\" alt=\"material-PA\" title=\"material-PA\" \/><p class=\"small text-uppercase font-weight-bold\"><a class=\"stretched-link\" href=\"https:\/\/www.gravalos-sa.com\/fr\/materiaux\/polyamide\/\" title=\"PA (Polyamide)\">PA (Polyamide)<\/a><\/p><div class=\"small\">Le polyamide (PA) est un polym\u00e8re synth\u00e9tique aux caract\u00e9ristiques tr\u00e8s performantes, que nous utilisons r\u00e9guli\u00e8rement au sein du groupe Gr\u00e1valos, en particulier dans les pi\u00e8ces ...<div class=\"wp-block-buttons\"><div class=\"wp-block-button is-style-arrow-link\"><span class=\"wp-block-button__link\">Savoir plus<\/span><\/div><\/div><\/div><\/div><div class=\"pagina-hija-circulo stretch-linked-block\"><img loading=\"lazy\" decoding=\"async\" width=\"150\" height=\"150\" src=\"https:\/\/www.gravalos-sa.com\/wp-content\/uploads\/material-pom-150x150.jpg\" class=\"rounded-circle mb-3 shadow wp-post-image\" alt=\"material-POM\" title=\"material-POM\" \/><p class=\"small text-uppercase font-weight-bold\"><a class=\"stretched-link\" href=\"https:\/\/www.gravalos-sa.com\/fr\/materiaux\/polyoxymethylene\/\" title=\"POM (Polyoxym\u00e9thyl\u00e8ne)\">POM (Polyoxym\u00e9thyl\u00e8ne)<\/a><\/p><div class=\"small\">Le polyoxym\u00e9thyl\u00e8ne (POM) se caract\u00e9rise par sa grande rigidit\u00e9, sa r\u00e9sistance \u00e0 l&rsquo;usure et sa stabilit\u00e9 dimensionnelle. Ce sont pr\u00e9cis\u00e9ment les composants qui n\u00e9cessitent une ...<div class=\"wp-block-buttons\"><div class=\"wp-block-button is-style-arrow-link\"><span class=\"wp-block-button__link\">Savoir plus<\/span><\/div><\/div><\/div><\/div><div class=\"pagina-hija-circulo stretch-linked-block\"><img loading=\"lazy\" decoding=\"async\" width=\"150\" height=\"150\" src=\"https:\/\/www.gravalos-sa.com\/wp-content\/uploads\/material-pbt-150x150.jpg\" class=\"rounded-circle mb-3 shadow wp-post-image\" alt=\"material-PBT\" title=\"material-PBT\" \/><p class=\"small text-uppercase font-weight-bold\"><a class=\"stretched-link\" href=\"https:\/\/www.gravalos-sa.com\/fr\/materiaux\/polybutylene-terephtalate\/\" title=\"PBT (polybutyl\u00e8ne t\u00e9r\u00e9phtalate)\">PBT (polybutyl\u00e8ne t\u00e9r\u00e9phtalate)<\/a><\/p><div class=\"small\">Le polybutyl\u00e8ne t\u00e9r\u00e9phtalate (PBT) est un type de plastique, appartenant \u00e0 la famille des polyesters, qui offre de hautes performances en mati\u00e8re d&rsquo;isolation \u00e9lectrique. C&rsquo;est ...<div class=\"wp-block-buttons\"><div class=\"wp-block-button is-style-arrow-link\"><span class=\"wp-block-button__link\">Savoir plus<\/span><\/div><\/div><\/div><\/div><div class=\"pagina-hija-circulo stretch-linked-block\"><img loading=\"lazy\" decoding=\"async\" width=\"150\" height=\"150\" src=\"https:\/\/www.gravalos-sa.com\/wp-content\/uploads\/material-lcp-150x150.jpg\" class=\"rounded-circle mb-3 shadow wp-post-image\" alt=\"material-LCP\" title=\"material-LCP\" \/><p class=\"small text-uppercase font-weight-bold\"><a class=\"stretched-link\" href=\"https:\/\/www.gravalos-sa.com\/fr\/materiaux\/polymere-cristaux-liquides\/\" title=\"LCP (polym\u00e8re \u00e0 cristaux liquides)\">LCP (polym\u00e8re \u00e0 cristaux liquides)<\/a><\/p><div class=\"small\">Les polym\u00e8res \u00e0 cristaux liquides (PCL) sont une famille de plastiques \u00e0 haute performance qui se distinguent par une structure mol\u00e9culaire sp\u00e9ciale, ce qui leur ...<div class=\"wp-block-buttons\"><div class=\"wp-block-button is-style-arrow-link\"><span class=\"wp-block-button__link\">Savoir plus<\/span><\/div><\/div><\/div><\/div><\/div>\n<\/div><\/div>\n\n<p class=\"is-style-titulo-rotado-derecha\">\u00c9tudes de cas<\/p>\n\n<div style=\"height:66px\" aria-hidden=\"true\" class=\"wp-block-spacer\"><\/div>\n\n<h2 class=\"wp-block-heading has-text-align-center\">Autres produits et technologies connexes<\/h2>\n","protected":false},"excerpt":{"rendered":"<p>Conscients que la phase d&rsquo;injection est, avec toute son importance, l&rsquo;une des phases qui composent le processus de production complet, nous vous rappelons que le &#8230;<\/p>\n<div class=\"wp-block-buttons\">\n<div class=\"wp-block-button is-style-arrow-link\"><span class=\"wp-block-button__link\">Savoir plus<\/span><\/div>\n<\/div>\n","protected":false},"author":1,"featured_media":927,"parent":1424,"menu_order":20,"comment_status":"closed","ping_status":"closed","template":"","meta":{"_acf_changed":false,"inline_featured_image":false,"footnotes":""},"class_list":["post-1491","page","type-page","status-publish","has-post-thumbnail","hentry"],"acf":[],"_links":{"self":[{"href":"https:\/\/www.gravalos-sa.com\/fr\/wp-json\/wp\/v2\/pages\/1491","targetHints":{"allow":["GET"]}}],"collection":[{"href":"https:\/\/www.gravalos-sa.com\/fr\/wp-json\/wp\/v2\/pages"}],"about":[{"href":"https:\/\/www.gravalos-sa.com\/fr\/wp-json\/wp\/v2\/types\/page"}],"author":[{"embeddable":true,"href":"https:\/\/www.gravalos-sa.com\/fr\/wp-json\/wp\/v2\/users\/1"}],"replies":[{"embeddable":true,"href":"https:\/\/www.gravalos-sa.com\/fr\/wp-json\/wp\/v2\/comments?post=1491"}],"version-history":[{"count":3,"href":"https:\/\/www.gravalos-sa.com\/fr\/wp-json\/wp\/v2\/pages\/1491\/revisions"}],"predecessor-version":[{"id":2020,"href":"https:\/\/www.gravalos-sa.com\/fr\/wp-json\/wp\/v2\/pages\/1491\/revisions\/2020"}],"up":[{"embeddable":true,"href":"https:\/\/www.gravalos-sa.com\/fr\/wp-json\/wp\/v2\/pages\/1424"}],"wp:featuredmedia":[{"embeddable":true,"href":"https:\/\/www.gravalos-sa.com\/fr\/wp-json\/wp\/v2\/media\/927"}],"wp:attachment":[{"href":"https:\/\/www.gravalos-sa.com\/fr\/wp-json\/wp\/v2\/media?parent=1491"}],"curies":[{"name":"wp","href":"https:\/\/api.w.org\/{rel}","templated":true}]}}