{"id":1521,"date":"2023-05-11T11:10:32","date_gmt":"2023-05-11T11:10:32","guid":{"rendered":"https:\/\/www.gravalos-sa.com\/technologie\/"},"modified":"2023-07-13T14:45:22","modified_gmt":"2023-07-13T14:45:22","slug":"technologie","status":"publish","type":"page","link":"https:\/\/www.gravalos-sa.com\/fr\/technologie\/","title":{"rendered":"Technologie"},"content":{"rendered":"\n<div class=\"wp-block-cover alignfull is-style-header-cover\"><span aria-hidden=\"true\" class=\"wp-block-cover__background has-primary-100-background-color has-background-dim-80 has-background-dim\"><\/span><video class=\"wp-block-cover__video-background intrinsic-ignore\" autoplay muted loop playsinline src=\"https:\/\/www.gravalos-sa.com\/wp-content\/uploads\/recurso-tecnologia1.mp4\" data-object-fit=\"cover\"><\/video><div class=\"wp-block-cover__inner-container is-layout-flow wp-block-cover-is-layout-flow\">\n<p class=\"is-style-supertitulo mb-2\" style=\"text-transform:uppercase\">Gr\u00e1valos<\/p>\n\n\n<h1 class=\"display-1 wp-block-post-title\">Technologie<\/h1><\/div><\/div>\n<div class=\"breadcrumb\" typeof=\"BreadcrumbList\" vocab=\"https:\/\/schema.org\/\"><div class=\"breadcrumb-inner\"><div class=\"gravalos-breadcrumb\"><span property=\"itemListElement\" typeof=\"ListItem\"><a property=\"item\" typeof=\"WebPage\" title=\"Aller \u00e0 Gr\u00e1valos.\" href=\"https:\/\/www.gravalos-sa.com\/fr\/\" class=\"home\" ><span property=\"name\">Gr\u00e1valos<\/span><\/a><meta property=\"position\" content=\"1\"><\/span><span class=\"breadcrumb-sep\"> | <\/span><span property=\"itemListElement\" typeof=\"ListItem\"><a property=\"item\" typeof=\"WebPage\" title=\"Aller \u00e0 Blog.\" href=\"https:\/\/www.gravalos-sa.com\/fr\/blog\/\" class=\"post-root post post-post\" aria-current=\"page\"><span property=\"name\">Blog<\/span><\/a><meta property=\"position\" content=\"2\"><\/span><\/div><\/div><\/div>\n<div class=\"wp-block-media-text alignwide is-stacked-on-mobile\"><figure class=\"wp-block-media-text__media\"><video preload=\"metadata\" controls src=\"https:\/\/www.gravalos-sa.com\/wp-content\/uploads\/productos-inyeccion-plastico.mp4#t=0.001\"><\/video><\/figure><div class=\"wp-block-media-text__content\">\n<h2 class=\"wp-block-heading has-medium-font-size\">Nous mettons \u00e0 votre port\u00e9e le potentiel des technologies les plus avanc\u00e9es.<\/h2>\n\n\n\n<p>Nous disposons des machines et des technologies les plus modernes pour vous fournir, avec notre \u00e9quipe de professionnels, tous les composants techniques d&rsquo;injection plastique dont vous avez besoin, avec la qualit\u00e9 que vous attendez.<\/p>\n<\/div><\/div>\n\n<div style=\"height:4em\" aria-hidden=\"true\" class=\"wp-block-spacer\"><\/div>\n\n<div class=\"wp-block-columns is-layout-flex wp-container-core-columns-is-layout-9d6595d7 wp-block-columns-is-layout-flex\">\n<div class=\"wp-block-column is-layout-flow wp-block-column-is-layout-flow\">\n<ul class=\"wp-block-list\">\n<li><strong>Injection :<\/strong><br\/>Nous disposons de machines performantes pr\u00e9par\u00e9es pour injecter des pi\u00e8ces en plastique par surinjection et bi-injection. Il s&rsquo;agit de plus de 70 machines de 30 \u00e0 550 tonnes de grandes marques, de type \u00e9lectrique et hydraulique, pour l&rsquo;injection horizontale et verticale, .<\/li>\n<\/ul>\n<\/div>\n\n\n\n<div class=\"wp-block-column is-layout-flow wp-block-column-is-layout-flow\">\n<ul class=\"wp-block-list\">\n<li><strong>Induction :<\/strong><br\/>Nous sommes fiers de disposer de l&rsquo;\u00e9quipement et du personnel technique n\u00e9cessaires pour faire partie du secteur exclusif des fabricants de syst\u00e8mes d&rsquo;induction du monde entier, dans notre cas, principalement pour l&rsquo;automobile et les appareils m\u00e9nagers.<\/li>\n<\/ul>\n<\/div>\n\n\n\n<div class=\"wp-block-column is-layout-flow wp-block-column-is-layout-flow\">\n<ul class=\"wp-block-list\">\n<li><strong>Assemblage<\/strong>:<br\/>Nous int\u00e9grons des technologies d&rsquo;automatisation avanc\u00e9es pour l&rsquo;assemblage des produits, ainsi que des syst\u00e8mes de test informatis\u00e9s, pour fabriquer nos produits.<\/li>\n<\/ul>\n<\/div>\n<\/div>\n\n<div class=\"wp-block-columns is-layout-flex wp-container-core-columns-is-layout-9d6595d7 wp-block-columns-is-layout-flex\">\n<div class=\"wp-block-column is-layout-flow wp-block-column-is-layout-flow\">\n<ul class=\"wp-block-list\">\n<li><strong>D\u00e9coupage et rev\u00eatement des terminaux :<\/strong><br\/>Gr\u00e2ce \u00e0 une technologie de coupe et de rev\u00eatement terminal de haute pr\u00e9cision, nous r\u00e9alisons les processus n\u00e9cessaires pour chaque pi\u00e8ce, en r\u00e9pondant toujours aux exigences les plus \u00e9lev\u00e9es.<\/li>\n<\/ul>\n<\/div>\n\n\n\n<div class=\"wp-block-column is-layout-flow wp-block-column-is-layout-flow\">\n<ul class=\"wp-block-list\">\n<li><strong>Bureau technique :<br\/><\/strong>Sur la base du mod\u00e8le 3D pr\u00e9sent\u00e9 par notre client, nous concevons la pi\u00e8ce, les moules et les matrices ainsi que les simulations n\u00e9cessaires \u00e0 leur bon fonctionnement \u00e0 l&rsquo;aide de simulateurs tels que Moldflow et d&rsquo;une imprimante 3D pour la fabrication de prototypes.<\/li>\n<\/ul>\n<\/div>\n\n\n\n<div class=\"wp-block-column is-layout-flow wp-block-column-is-layout-flow\">\n<ul class=\"wp-block-list\">\n<li><strong>Moules et matrices :<\/strong><br\/>Nous disposons de machines d&rsquo;\u00e9lectro\u00e9rosion \u00e0 fil et d&rsquo;\u00e9rosion par enfon\u00e7age, ainsi que de fraiseuses CNC et de toute une s\u00e9rie d&rsquo;outils de pointe qui nous permettent de fabriquer les moules, les matrices et les prototypes dont nos clients ont besoin.<\/li>\n<\/ul>\n<\/div>\n<\/div>\n\n<p>En outre, dans nos processus, nous pouvons d\u00e9finir diff\u00e9rents degr\u00e9s d&rsquo;automatisation en fonction des besoins de chaque travail : de l&rsquo;enti\u00e8rement manuel \u00e0 l&rsquo;automatis\u00e9 \u00e0 100 %, y compris la robotisation, la technologie des tests d&rsquo;\u00e9tanch\u00e9it\u00e9 et la continuit\u00e9 \u00e9lectrique.<\/p>\n","protected":false},"excerpt":{"rendered":"<p>Nous mettons \u00e0 votre port\u00e9e le potentiel des technologies les plus avanc\u00e9es. Nous disposons des machines et des technologies les plus modernes pour vous fournir, &#8230;<\/p>\n<div class=\"wp-block-buttons\">\n<div class=\"wp-block-button is-style-arrow-link\"><span class=\"wp-block-button__link\">Savoir plus<\/span><\/div>\n<\/div>\n","protected":false},"author":1,"featured_media":855,"parent":0,"menu_order":10,"comment_status":"closed","ping_status":"closed","template":"","meta":{"_acf_changed":false,"inline_featured_image":false,"footnotes":""},"class_list":["post-1521","page","type-page","status-publish","has-post-thumbnail","hentry"],"acf":[],"_links":{"self":[{"href":"https:\/\/www.gravalos-sa.com\/fr\/wp-json\/wp\/v2\/pages\/1521","targetHints":{"allow":["GET"]}}],"collection":[{"href":"https:\/\/www.gravalos-sa.com\/fr\/wp-json\/wp\/v2\/pages"}],"about":[{"href":"https:\/\/www.gravalos-sa.com\/fr\/wp-json\/wp\/v2\/types\/page"}],"author":[{"embeddable":true,"href":"https:\/\/www.gravalos-sa.com\/fr\/wp-json\/wp\/v2\/users\/1"}],"replies":[{"embeddable":true,"href":"https:\/\/www.gravalos-sa.com\/fr\/wp-json\/wp\/v2\/comments?post=1521"}],"version-history":[{"count":4,"href":"https:\/\/www.gravalos-sa.com\/fr\/wp-json\/wp\/v2\/pages\/1521\/revisions"}],"predecessor-version":[{"id":2813,"href":"https:\/\/www.gravalos-sa.com\/fr\/wp-json\/wp\/v2\/pages\/1521\/revisions\/2813"}],"wp:featuredmedia":[{"embeddable":true,"href":"https:\/\/www.gravalos-sa.com\/fr\/wp-json\/wp\/v2\/media\/855"}],"wp:attachment":[{"href":"https:\/\/www.gravalos-sa.com\/fr\/wp-json\/wp\/v2\/media?parent=1521"}],"curies":[{"name":"wp","href":"https:\/\/api.w.org\/{rel}","templated":true}]}}