{"id":1539,"date":"2023-05-26T09:34:16","date_gmt":"2023-05-26T09:34:16","guid":{"rendered":"https:\/\/www.gravalos-sa.com\/avis-juridique\/"},"modified":"2023-06-28T08:13:39","modified_gmt":"2023-06-28T08:13:39","slug":"avis-juridique","status":"publish","type":"page","link":"https:\/\/www.gravalos-sa.com\/fr\/avis-juridique\/","title":{"rendered":"Avis juridique"},"content":{"rendered":"\n<div class=\"wp-block-cover alignfull is-style-header-cover\" style=\"min-height:400px;aspect-ratio:unset;\"><span aria-hidden=\"true\" class=\"wp-block-cover__background has-primary-80-background-color has-background-dim-100 has-background-dim\"><\/span><div class=\"wp-block-cover__inner-container is-layout-flow wp-block-cover-is-layout-flow\"><h1 class=\"display-1 wp-block-post-title\">Avis juridique<\/h1><\/div><\/div>\n<div class=\"breadcrumb\" typeof=\"BreadcrumbList\" vocab=\"https:\/\/schema.org\/\"><div class=\"breadcrumb-inner\"><div class=\"gravalos-breadcrumb\"><span property=\"itemListElement\" typeof=\"ListItem\"><a property=\"item\" typeof=\"WebPage\" title=\"Aller \u00e0 Gr\u00e1valos.\" href=\"https:\/\/www.gravalos-sa.com\/fr\/\" class=\"home\" ><span property=\"name\">Gr\u00e1valos<\/span><\/a><meta property=\"position\" content=\"1\"><\/span><span class=\"breadcrumb-sep\"> | <\/span><span property=\"itemListElement\" typeof=\"ListItem\"><a property=\"item\" typeof=\"WebPage\" title=\"Aller \u00e0 Blog.\" href=\"https:\/\/www.gravalos-sa.com\/fr\/blog\/\" class=\"post-root post post-post\" aria-current=\"page\"><span property=\"name\">Blog<\/span><\/a><meta property=\"position\" content=\"2\"><\/span><\/div><\/div><\/div>\n<p class=\"has-medium-font-size\"><strong>Il est important que vous lisiez attentivement ce qui suit. Si vous avez des doutes sur un aspect particulier, nous vous invitons \u00e0 nous contacter par les moyens que nous vous indiquons ci-dessous.<\/strong><\/p>\n\n<div style=\"height:2rem\" aria-hidden=\"true\" class=\"wp-block-spacer\"><\/div>\n\n<p><strong>Identit\u00e9 et propri\u00e9t\u00e9 du site web<\/strong><\/p>\n\n<p>Les pr\u00e9sentes mentions l\u00e9gales et conditions d&rsquo;utilisation s&rsquo;appliquent au site web https:\/\/www.gravalos-sa.com, propri\u00e9t\u00e9 de CONSTRUCCIONES GR\u00c1VALOS S.A., (ci-apr\u00e8s, le site web ou le site web de CONSTRUCCIONES GR\u00c1VALOS), avec le num\u00e9ro d&rsquo;identification fiscale A-50109909, inscrit au registre du commerce de Saragosse, Folio 79, Volume 352, section. 3\u00aa, page 6902, et dont le si\u00e8ge social est situ\u00e9 \u00e0 El Burgo de Ebro, Carretera de Castell\u00f3n, Km 15,500, Pol\u00edgono Industrial \u00ab\u00a0La Noria\u00a0\u00bb, Sector Industrial I-7, parcela 2.5, 50730 El Burgo de Ebro (Zaragoza).<\/p>\n\n<p>Si vous souhaitez nous contacter, vous pouvez le faire via notre formulaire de contact :<\/p>\n\n<ul class=\"wp-block-list\">\n<li><strong>T\u00e9l\u00e9phone : <\/strong>976 104 808<\/li>\n\n\n\n<li><strong>Courriel : <\/strong> info@gravalos-sa.com<\/li>\n<\/ul>\n\n<p>Ou si vous pr\u00e9f\u00e9rez, vous pouvez nous envoyer une communication postale \u00e0 l&rsquo;adresse ci-dessus.<\/p>\n\n<p>Si votre question concerne l&rsquo;utilisation que nous faisons de vos donn\u00e9es personnelles ou si vous souhaitez vous d\u00e9sabonner de l&rsquo;un de nos services, nous vous invitons \u00e0 consulter notre <strong>\n  <a href=\"https:\/\/www.gravalos-sa.com\/fr\/politique-confidentialite\/\">Politique de confidentialit\u00e9<\/a>\n<\/strong>.<\/p>\n\n<div style=\"height:2rem\" aria-hidden=\"true\" class=\"wp-block-spacer\"><\/div>\n\n<h2 class=\"wp-block-heading\">Conditions d&rsquo;utilisation<\/h2>\n\n<p><strong>Il s&rsquo;agit d&rsquo;un contrat<\/strong><strong><\/strong><\/p>\n\n<p>L&rsquo;acc\u00e8s, l&rsquo;utilisation, la navigation et la participation aux services et activit\u00e9s du site Web de CONSTRUCCIONES GR\u00c1VALOS S.A. vous attribue, d\u00e8s le d\u00e9part, la condition d&rsquo;Utilisateur. Si vous continuez \u00e0 naviguer, il sera entendu que vous acceptez express\u00e9ment, volontairement et sans r\u00e9serve les pr\u00e9sentes conditions d&rsquo;utilisation. Si vous d\u00e9cidez de ne pas accepter ces conditions, vous devez vous abstenir d&rsquo;acc\u00e9der et\/ou d&rsquo;utiliser les contenus et services offerts sur le site web.<\/p>\n\n<p>L&rsquo;acceptation des conditions d&rsquo;utilisation implique que vous d\u00e9clarez, en tant qu&rsquo;utilisateur :<\/p>\n\n<ul class=\"wp-block-list\">\n<li>Avoir lu et compris le contenu des pr\u00e9sentes conditions.<\/li>\n<\/ul>\n\n<ul class=\"wp-block-list\">\n<li>que toutes les informations que vous nous fournissez en utilisant l&rsquo;un de nos services sont v\u00e9ridiques et exactes, sans limitation, r\u00e9serve ou fausse d\u00e9claration.<\/li>\n<\/ul>\n\n<ul class=\"wp-block-list\">\n<li>Afin d&rsquo;utiliser certains des services offerts par le site Web, vous acceptez explicitement les conditions d&rsquo;utilisation suivantes et la politique de confidentialit\u00e9 en relation avec la finalit\u00e9 du traitement des donn\u00e9es pr\u00e9c\u00e9demment communiqu\u00e9e lorsque vous nous envoyez vos informations personnelles.  <\/li>\n<\/ul>\n\n<p><\/p>\n\n<p>L&rsquo;utilisation et l&rsquo;acc\u00e8s au site web de CONSTRUCCIONES GR\u00c1VALOS sont gratuits, sans pr\u00e9judice du co\u00fbt de la connexion et des donn\u00e9es \u00e0 travers le r\u00e9seau de t\u00e9l\u00e9communications correspondant qui fournit l&rsquo;acc\u00e8s en tant qu&rsquo;Utilisateur.<\/p>\n\n<div style=\"height:2rem\" aria-hidden=\"true\" class=\"wp-block-spacer\"><\/div>\n\n<h2 class=\"wp-block-heading\">Propri\u00e9t\u00e9 intellectuelle et industrielle<\/h2>\n\n<p><strong>Qui est le propri\u00e9taire du contenu de ce site web ?<\/strong><\/p>\n\n<p>Ce site Web, toutes les pages qu&rsquo;il contient et l&rsquo;information ou les \u00e9l\u00e9ments qu&rsquo;il contient (y compris, mais sans s&rsquo;y limiter, sa programmation, son \u00e9dition, sa compilation et les autres \u00e9l\u00e9ments n\u00e9cessaires \u00e0 son fonctionnement, tous les dessins, textes, graphiques, ic\u00f4nes, boutons, documents, informations, fichiers son et\/ou image, conceptions, code source, entre autres), ainsi que les logos, les marques, les noms commerciaux ou autres signes distinctifs, industriels ou tout autre signe susceptible d&rsquo;utilisation industrielle et commerciale (ci-apr\u00e8s, le \u00ab\u00a0Contenu\u00a0\u00bb de ce site web), sont prot\u00e9g\u00e9s par des droits de propri\u00e9t\u00e9 intellectuelle et industrielle, dont CONSTRUCCIONES GR\u00c1VALOS est titulaire ou d\u00e9tient une licence ou une autorisation expresse pour leur utilisation et leur communication publique par les tiers propri\u00e9taires l\u00e9gitimes pour leur inclusion dans ce site web.<\/p>\n\n<p>En ce sens, il est strictement interdit, sauf autorisation expresse de CONSTRUCCIONES GR\u00c1VALOS S.A., d&rsquo;utiliser son image corporative, ses logos et autres signes distinctifs qui l&rsquo;identifient.<\/p>\n\n<p><strong>Quelles sont les limites et les autorisations pour l&rsquo;utilisation du contenu du site web ?<\/strong><\/p>\n\n<p>En tant qu&rsquo;utilisateur, vous vous engagez \u00e0 faire un usage appropri\u00e9 des contenus et des outils accessibles sur ce site web, dans le respect de la loi et des pr\u00e9sentes conditions d&rsquo;utilisation. C&rsquo;est pourquoi vous acceptez express\u00e9ment de d\u00e9gager CONSTRUCCIONES GR\u00c1VALOS S.A. de toute responsabilit\u00e9 \u00e0 l&rsquo;\u00e9gard de toute personne, qui pourrait r\u00e9sulter d&rsquo;une utilisation du Contenu du site Web par vous, non conforme aux pr\u00e9sentes Conditions d&rsquo;utilisation ou \u00e0 la loi en vigueur \u00e0 tout moment qui pourrait vous \u00eatre applicable.<\/p>\n\n<p>En aucun cas il ne sera entendu que l&rsquo;utilisation de ce site web conf\u00e8re \u00e0 l&rsquo;Utilisateur une quelconque autorisation ou licence, ni qu&rsquo;il y ait renonciation, transfert, cession totale ou partielle de droits de propri\u00e9t\u00e9 intellectuelle, industrielle ou d&rsquo;image, ni qu&rsquo;un quelconque droit ou expectative de droit soit conf\u00e9r\u00e9 sans le consentement pr\u00e9alable, explicite et \u00e9crit de CONSTRUCCIONES GR\u00c1VALOS ou des titulaires de ces droits.<\/p>\n\n<p>En tant qu&rsquo;utilisateur, vous n&rsquo;\u00eates pas autoris\u00e9 \u00e0 modifier, alt\u00e9rer, copier, r\u00e9utiliser, r\u00e9interpr\u00e9ter, exploiter, reproduire, communiquer publiquement, faire des publications secondaires ou ult\u00e9rieures, t\u00e9l\u00e9charger des fichiers, envoyer par courrier, transmettre, utiliser, traiter ou distribuer de quelque mani\u00e8re que ce soit tout ou partie des contenus ou r\u00e9aliser tout acte \u00e0 des fins commerciales sur les contenus du site Web sans l&rsquo;autorisation pr\u00e9alable expresse de CONSTRUCCIONES GR\u00c1VALOS ou des propri\u00e9taires correspondants.<\/p>\n\n<p>Toute utilisation non autoris\u00e9e au pr\u00e9alable par cette entit\u00e9 sera consid\u00e9r\u00e9e comme une violation grave des droits de propri\u00e9t\u00e9 intellectuelle ou industrielle pouvant donner lieu \u00e0 des poursuites judiciaires.<\/p>\n\n<p>En cas de non-respect total ou partiel par l&rsquo;utilisateur des pr\u00e9sentes conditions d&rsquo;utilisation, cette entit\u00e9 se r\u00e9serve le droit de refuser l&rsquo;acc\u00e8s \u00e0 son site web sans avis pr\u00e9alable.<\/p>\n\n<div style=\"height:2rem\" aria-hidden=\"true\" class=\"wp-block-spacer\"><\/div>\n\n<h2 class=\"wp-block-heading\">Responsabilit\u00e9s<\/h2>\n\n<p>Construcciones Gr\u00e1valos r\u00e9pondra uniquement et exclusivement \u00e0 l&rsquo;Utilisateur pour les services qu&rsquo;elle fournit elle-m\u00eame \u00e0 travers ce site web et pour les contenus directement issus et identifi\u00e9s par cette entit\u00e9 sous ses signes distinctifs.<\/p>\n\n<p>Construcciones Gr\u00e1valos ne garantit pas le fonctionnement continu, ni la visualisation correcte, le t\u00e9l\u00e9chargement ou l&rsquo;utilit\u00e9 de l&rsquo;information contenue dans les pages de ce site web, qui peut \u00eatre entrav\u00e9e, g\u00ean\u00e9e ou interrompue par des facteurs ou des circonstances ind\u00e9pendants de notre volont\u00e9 ou de notre contr\u00f4le.<\/p>\n\n<p>En particulier, cette entit\u00e9 n&rsquo;assume aucune responsabilit\u00e9 pour les dommages, les pertes, les r\u00e9clamations ou les d\u00e9penses caus\u00e9s par :<\/p>\n\n<ul class=\"wp-block-list\">\n<li>l&rsquo;utilisation incorrecte ou inappropri\u00e9e du site web.<\/li>\n\n\n\n<li>L&rsquo;utilisation du contenu ou des services de ce site web d&rsquo;une mani\u00e8re contraire aux pr\u00e9sentes conditions d&rsquo;utilisation.<\/li>\n\n\n\n<li>Les informations fournies par les utilisateurs dans l&rsquo;un de nos formulaires ou tout autre service ou canal de communication qui permet \u00e0 l&rsquo;utilisateur d&rsquo;envoyer des informations \u00e0 Construcciones Gr\u00e1valos ou \u00e0 l&rsquo;un de ses collaborateurs.<\/li>\n\n\n\n<li>Interf\u00e9rences, interruptions, d\u00e9faillances, omissions, retards, blocages ou d\u00e9connexions caus\u00e9s par des erreurs dans les lignes et r\u00e9seaux de t\u00e9l\u00e9communications ou par toute autre cause ind\u00e9pendante de la volont\u00e9 du propri\u00e9taire du site web.<\/li>\n<\/ul>\n\n<ul class=\"wp-block-list\">\n<li>Interf\u00e9rence ill\u00e9gale par l&rsquo;utilisation de logiciels malveillants de toute nature et par tout moyen de communication, tels que les virus informatiques ou tout autre moyen.<\/li>\n\n\n\n<li>que les attentes de l&rsquo;utilisateur par rapport \u00e0 ce site web et\/ou \u00e0 son contenu ne soient pas satisfaites.<\/li>\n\n\n\n<li>La r\u00e9ception, l&rsquo;obtention, le stockage, la diffusion, par les utilisateurs, des contenus, ainsi que leur utilisation illicite, n\u00e9gligente, frauduleuse, contraire aux pr\u00e9sentes conditions, \u00e0 la bonne foi, aux usages g\u00e9n\u00e9ralement admis ou \u00e0 l&rsquo;ordre public.<\/li>\n\n\n\n<li>Le concours de la force majeure.<\/li>\n\n\n\n<li>Que la configuration des appareils de l&rsquo;utilisateur n&rsquo;est pas ad\u00e9quate pour permettre l&rsquo;utilisation correcte des services d&rsquo;information en ligne fournis par Construcciones Gr\u00e1valos.<\/li>\n\n\n\n<li>les erreurs de s\u00e9curit\u00e9 ou de navigation dues \u00e0 un mauvais fonctionnement du navigateur de l&rsquo;utilisateur ou \u00e0 l&rsquo;utilisation de versions non mises \u00e0 jour.<\/li>\n\n\n\n<li>le non-fonctionnement ou les probl\u00e8mes li\u00e9s \u00e0 l&rsquo;adresse \u00e9lectronique fournie par l&rsquo;utilisateur dans l&rsquo;e-mail de contact.<\/li>\n\n\n\n<li>l&rsquo;utilisation que les utilisateurs peuvent faire du contenu.<\/li>\n<\/ul>\n\n<p>Si vous pensez qu&rsquo;un contenu de ce site web pourrait faire l&rsquo;objet d&rsquo;une telle classification, veuillez nous en informer imm\u00e9diatement par courrier \u00e9lectronique.<\/p>\n\n<div style=\"height:2rem\" aria-hidden=\"true\" class=\"wp-block-spacer\"><\/div>\n\n<h2 class=\"wp-block-heading\">Politique de liaison<\/h2>\n\n<p>Ce site web peut contenir des liens vers d&rsquo;autres sites web appartenant \u00e0 des tiers (ci-apr\u00e8s \u00ab\u00a0sites li\u00e9s\u00a0\u00bb). Ces sites sont sous la responsabilit\u00e9 de tiers et sont r\u00e9gis par les textes l\u00e9gaux publi\u00e9s sur ces sites.<\/p>\n\n<p>Si vous d\u00e9cidez de visiter un Site Li\u00e9, vous reconnaissez et acceptez que vous le faites \u00e0 votre propre discr\u00e9tion et qu&rsquo;il est de votre seule responsabilit\u00e9 de prendre toutes les mesures n\u00e9cessaires pour vous prot\u00e9ger contre les virus et autres \u00e9l\u00e9ments destructeurs qui peuvent en d\u00e9river, sachant \u00e9galement que les Conditions d&rsquo;Utilisation \u00e9tablies par le Site Li\u00e9 en question vous seront applicables, m\u00eame si votre acc\u00e8s s&rsquo;est fait \u00e0 travers un lien sp\u00e9cifique du site web de Construcciones Gr\u00e1valos.<\/p>\n\n<p>L&rsquo;Utilisateur accepte d&rsquo;exon\u00e9rer CONSTRUCCIONES GR\u00c1VALOS de toute responsabilit\u00e9 concernant d&rsquo;\u00e9ventuelles violations des droits de propri\u00e9t\u00e9 intellectuelle ou industrielle des propri\u00e9taires des Sites li\u00e9s, de toute responsabilit\u00e9 concernant la disponibilit\u00e9 technique de ces derniers, la qualit\u00e9, la fiabilit\u00e9, l&rsquo;exactitude et\/ou la v\u00e9racit\u00e9 des services, des informations, des \u00e9l\u00e9ments et\/ou des contenus auxquels, en tant qu&rsquo;Utilisateur, il peut acc\u00e9der.<\/p>\n\n<p>Dans le cas o\u00f9 l&rsquo;Utilisateur consid\u00e8re qu&rsquo;il existe un Site Li\u00e9 avec un contenu illicite ou inappropri\u00e9, il doit nous le notifier par e-mail, sans que cette notification n&rsquo;entra\u00eene en aucun cas l&rsquo;obligation de supprimer le lien correspondant.<\/p>\n\n<div style=\"height:2rem\" aria-hidden=\"true\" class=\"wp-block-spacer\"><\/div>\n\n<h2 class=\"wp-block-heading\">R\u00e9serve du droit de modifier les conditions d&rsquo;utilisation<\/h2>\n\n<p>CONSTRUCCIONES GR\u00c1VALOS S.A. pourra modifier les pr\u00e9sentes Conditions \u00e0 tout moment, en fonction de l&rsquo;\u00e9volution de ce site et des contenus qui y sont propos\u00e9s, se r\u00e9servant le droit de modifier, d&rsquo;ajouter ou de supprimer \u00e0 tout moment et unilat\u00e9ralement certaines des pr\u00e9sentes Conditions d&rsquo;utilisation, si elle le juge n\u00e9cessaire, soit pour des raisons l\u00e9gales, soit pour des raisons techniques, soit en raison de changements dans la nature ou la disposition de ce site, sans aucune obligation d&rsquo;avertir ou d&rsquo;informer l&rsquo;Utilisateur de ces modifications, \u00e9tant entendu qu&rsquo;il suffit de commencer \u00e0 appliquer sa publication dans le site lui-m\u00eame.<\/p>\n\n<p>De m\u00eame, CONSTRUCCIONES GR\u00c1VALOS peut imposer des limites \u00e0 certaines installations et \u00e0 certains services ou restreindre l&rsquo;acc\u00e8s par enregistrement \u00e0 certaines parties ou \u00e0 l&rsquo;ensemble du site Web, sans pr\u00e9avis et sans encourir aucune responsabilit\u00e9 de quelque nature que ce soit.<\/p>\n\n<p>Toute modification sera effective pour les utilisateurs qui utilisent ce site web apr\u00e8s cette modification. La poursuite de l&rsquo;utilisation de ce site apr\u00e8s la publication de toute modification sera consid\u00e9r\u00e9e comme une acceptation de ces modifications et l&rsquo;utilisateur pourra \u00eatre tenu pour responsable du non-respect direct de ces modifications. Si, en tant qu&rsquo;utilisateur, vous n&rsquo;acceptez pas les mises \u00e0 jour des conditions d&rsquo;utilisation, vous pouvez vous retirer des conditions d&rsquo;utilisation en cessant d&rsquo;acc\u00e9der \u00e0 ce site web ou, si vous avez fourni vos donn\u00e9es personnelles, en exer\u00e7ant vos droits tels qu&rsquo;ils sont d\u00e9crits plus en d\u00e9tail dans notre politique de confidentialit\u00e9.<\/p>\n\n<p>\u00c0 la fin des pr\u00e9sentes conditions d&rsquo;utilisation, la derni\u00e8re date de mise \u00e0 jour sera toujours publi\u00e9e, de sorte que les modifications introduites seront effectives \u00e0 partir de cette date.<\/p>\n\n<div style=\"height:2rem\" aria-hidden=\"true\" class=\"wp-block-spacer\"><\/div>\n\n<h2 class=\"wp-block-heading\">Droit applicable et juridiction<\/h2>\n\n<p>CONSTRUCCIONES GR\u00c1VALOS S.A. a son si\u00e8ge en Espagne, de sorte que les pr\u00e9sentes conditions l\u00e9gales ont \u00e9t\u00e9 r\u00e9dig\u00e9es conform\u00e9ment \u00e0 la l\u00e9gislation espagnole et aux r\u00e8glements applicables de l&rsquo;Union europ\u00e9enne. En cas de conflit, les r\u00e9clamations ou plaintes d\u00e9coulant de ou li\u00e9es \u00e0 l&rsquo;utilisation de ce site web seront soumises \u00e0 la l\u00e9gislation susmentionn\u00e9e, sans pr\u00e9judice des principes r\u00e9gissant les conflits de lois applicables \u00e0 chaque cas.<\/p>\n\n<p>L&rsquo;utilisateur accepte que les r\u00e9clamations ou plaintes \u00e0 l&rsquo;encontre de cette entit\u00e9, d\u00e9coulant du fonctionnement ou de l&rsquo;utilisation de ce site Web, soient r\u00e9solues par les juges et les tribunaux comp\u00e9tents situ\u00e9s \u00e0 Saragosse.<\/p>\n\n<p>Si Construcciones Gr\u00e1valos doit faire n&rsquo;importe quel type de r\u00e9clamation, elle le fera devant le tribunal comp\u00e9tent du domicile de l&rsquo;utilisateur dans le cas de personnes morales ou de professionnels non consommateurs.<\/p>\n\n<p>Si vous acc\u00e9dez \u00e0 ce site \u00e0 partir d&rsquo;un lieu situ\u00e9 en dehors du Royaume-Uni, il vous incombe de vous conformer \u00e0 toutes les lois locales et internationales applicables.<\/p>\n\n<div style=\"height:2rem\" aria-hidden=\"true\" class=\"wp-block-spacer\"><\/div>\n\n<p><strong>Derni\u00e8re mise \u00e0 jour<\/strong><\/p>\n\n<p>Les mentions l\u00e9gales et les conditions d&rsquo;utilisation ont \u00e9t\u00e9 mises \u00e0 jour pour la derni\u00e8re fois le 23 mai 2023.<\/p>\n\n<p><a id=\"_msocom_1\"><\/a><\/p>\n","protected":false},"excerpt":{"rendered":"<p>Il est important que vous lisiez attentivement ce qui suit. Si vous avez des doutes sur un aspect particulier, nous vous invitons \u00e0 nous contacter &#8230;<\/p>\n<div class=\"wp-block-buttons\">\n<div class=\"wp-block-button is-style-arrow-link\"><span class=\"wp-block-button__link\">Savoir plus<\/span><\/div>\n<\/div>\n","protected":false},"author":1,"featured_media":0,"parent":0,"menu_order":99,"comment_status":"closed","ping_status":"closed","template":"","meta":{"_acf_changed":false,"inline_featured_image":false,"footnotes":""},"class_list":["post-1539","page","type-page","status-publish","hentry"],"acf":[],"_links":{"self":[{"href":"https:\/\/www.gravalos-sa.com\/fr\/wp-json\/wp\/v2\/pages\/1539","targetHints":{"allow":["GET"]}}],"collection":[{"href":"https:\/\/www.gravalos-sa.com\/fr\/wp-json\/wp\/v2\/pages"}],"about":[{"href":"https:\/\/www.gravalos-sa.com\/fr\/wp-json\/wp\/v2\/types\/page"}],"author":[{"embeddable":true,"href":"https:\/\/www.gravalos-sa.com\/fr\/wp-json\/wp\/v2\/users\/1"}],"replies":[{"embeddable":true,"href":"https:\/\/www.gravalos-sa.com\/fr\/wp-json\/wp\/v2\/comments?post=1539"}],"version-history":[{"count":4,"href":"https:\/\/www.gravalos-sa.com\/fr\/wp-json\/wp\/v2\/pages\/1539\/revisions"}],"predecessor-version":[{"id":2215,"href":"https:\/\/www.gravalos-sa.com\/fr\/wp-json\/wp\/v2\/pages\/1539\/revisions\/2215"}],"wp:attachment":[{"href":"https:\/\/www.gravalos-sa.com\/fr\/wp-json\/wp\/v2\/media?parent=1539"}],"curies":[{"name":"wp","href":"https:\/\/api.w.org\/{rel}","templated":true}]}}