{"id":1865,"date":"2023-06-14T09:45:53","date_gmt":"2023-06-14T09:45:53","guid":{"rendered":"https:\/\/www.gravalos-sa.com\/materiaux\/pc-polycarbonate\/"},"modified":"2023-06-26T15:01:13","modified_gmt":"2023-06-26T15:01:13","slug":"pc-polycarbonate","status":"publish","type":"page","link":"https:\/\/www.gravalos-sa.com\/fr\/materiaux\/pc-polycarbonate\/","title":{"rendered":"PC (Polycarbonate)"},"content":{"rendered":"\n<div class=\"wp-block-cover alignfull is-style-header-cover\"><span aria-hidden=\"true\" class=\"wp-block-cover__background has-primary-100-background-color has-background-dim-90 has-background-dim\"><\/span><img loading=\"lazy\" decoding=\"async\" width=\"1920\" height=\"1051\" src=\"https:\/\/www.gravalos-sa.com\/wp-content\/uploads\/material-pc.jpg\" class=\"wp-block-cover__image-background wp-post-image\" alt=\"material-PC\" data-object-fit=\"cover\" data-object-position=\"50% 50%\" style=\"object-position:50% 50%;\" srcset=\"https:\/\/www.gravalos-sa.com\/wp-content\/uploads\/material-pc.jpg 1920w, https:\/\/www.gravalos-sa.com\/wp-content\/uploads\/material-pc-300x164.jpg 300w, https:\/\/www.gravalos-sa.com\/wp-content\/uploads\/material-pc-1024x561.jpg 1024w, https:\/\/www.gravalos-sa.com\/wp-content\/uploads\/material-pc-768x420.jpg 768w, https:\/\/www.gravalos-sa.com\/wp-content\/uploads\/material-pc-1536x841.jpg 1536w, https:\/\/www.gravalos-sa.com\/wp-content\/uploads\/material-pc-500x274.jpg 500w, https:\/\/www.gravalos-sa.com\/wp-content\/uploads\/material-pc-800x438.jpg 800w, https:\/\/www.gravalos-sa.com\/wp-content\/uploads\/material-pc-1280x701.jpg 1280w\" sizes=\"auto, (max-width: 1920px) 100vw, 1920px\" title=\"material-PC\" \/><div class=\"wp-block-cover__inner-container is-layout-flow wp-block-cover-is-layout-flow\">\n<p class=\"is-style-supertitulo mb-2\" style=\"text-transform:uppercase\">Mat\u00e9riaux<\/p>\n\n\n<h1 class=\"display-1 wp-block-post-title\">PC (Polycarbonate)<\/h1><\/div><\/div>\n<div class=\"breadcrumb\" typeof=\"BreadcrumbList\" vocab=\"https:\/\/schema.org\/\"><div class=\"breadcrumb-inner\"><div class=\"gravalos-breadcrumb\"><span property=\"itemListElement\" typeof=\"ListItem\"><a property=\"item\" typeof=\"WebPage\" title=\"Aller \u00e0 Gr\u00e1valos.\" href=\"https:\/\/www.gravalos-sa.com\/fr\/\" class=\"home\" ><span property=\"name\">Gr\u00e1valos<\/span><\/a><meta property=\"position\" content=\"1\"><\/span><span class=\"breadcrumb-sep\"> | <\/span><span property=\"itemListElement\" typeof=\"ListItem\"><a property=\"item\" typeof=\"WebPage\" title=\"Aller \u00e0 Blog.\" href=\"https:\/\/www.gravalos-sa.com\/fr\/blog\/\" class=\"post-root post post-post\" aria-current=\"page\"><span property=\"name\">Blog<\/span><\/a><meta property=\"position\" content=\"2\"><\/span><\/div><\/div><\/div>\n<p>Le polycarbonate est un autre des thermoplastiques avec lesquels nous travaillons r\u00e9guli\u00e8rement au sein du groupe Gr\u00e1valos. Nous l&rsquo;utilisons principalement pour la fabrication de bo\u00eetiers et d&rsquo;\u00e9l\u00e9ments de protection m\u00e9canique, car ses propri\u00e9t\u00e9s comprennent une r\u00e9sistance m\u00e9canique \u00e9lev\u00e9e, en termes de duret\u00e9 et de rigidit\u00e9, ainsi que.. :<\/p>\n\n<ul class=\"wp-block-list\">\n<li>Haute r\u00e9sistance aux chocs<\/li>\n\n\n\n<li>Propri\u00e9t\u00e9s adapt\u00e9es au moulage et au formage<\/li>\n\n\n\n<li>Mati\u00e8re Incolore et translucide<\/li>\n\n\n\n<li>Isolation \u00e9lectrique<\/li>\n\n\n\n<li>Grande stabilit\u00e9 dimensionnelle, r\u00e9pondant ainsi aux exigences de pr\u00e9cision des composants techniques.<\/li>\n\n\n\n<li>L\u00e9g\u00e8ret\u00e9<\/li>\n\n\n\n<li>R\u00e9sistance aux intemp\u00e9ries et aux rayons UV, ce qui permet de conserver ses propri\u00e9t\u00e9s m\u00eame dans des conditions d\u00e9favorables.<\/li>\n<\/ul>\n\n<p>En raison des caract\u00e9ristiques que nous venons de voir, le polycarbonate est un mat\u00e9riau id\u00e9al pour fa\u00e7onner des pi\u00e8ces qui doivent prot\u00e9ger d&rsquo;autres \u00e9l\u00e9ments contre d&rsquo;\u00e9ventuels impacts ou contraintes m\u00e9caniques, comme c&rsquo;est souvent le cas pour les produits destin\u00e9s \u00e0 l&rsquo;industrie automobile.<\/p>\n","protected":false},"excerpt":{"rendered":"<p>Le polycarbonate est un autre des thermoplastiques avec lesquels nous travaillons r\u00e9guli\u00e8rement au sein du groupe Gr\u00e1valos. Nous l&rsquo;utilisons principalement pour la fabrication de bo\u00eetiers &#8230;<\/p>\n<div class=\"wp-block-buttons\">\n<div class=\"wp-block-button is-style-arrow-link\"><span class=\"wp-block-button__link\">Savoir plus<\/span><\/div>\n<\/div>\n","protected":false},"author":2,"featured_media":1924,"parent":1450,"menu_order":0,"comment_status":"closed","ping_status":"closed","template":"","meta":{"_acf_changed":false,"inline_featured_image":false,"footnotes":""},"class_list":["post-1865","page","type-page","status-publish","has-post-thumbnail","hentry"],"acf":[],"_links":{"self":[{"href":"https:\/\/www.gravalos-sa.com\/fr\/wp-json\/wp\/v2\/pages\/1865","targetHints":{"allow":["GET"]}}],"collection":[{"href":"https:\/\/www.gravalos-sa.com\/fr\/wp-json\/wp\/v2\/pages"}],"about":[{"href":"https:\/\/www.gravalos-sa.com\/fr\/wp-json\/wp\/v2\/types\/page"}],"author":[{"embeddable":true,"href":"https:\/\/www.gravalos-sa.com\/fr\/wp-json\/wp\/v2\/users\/2"}],"replies":[{"embeddable":true,"href":"https:\/\/www.gravalos-sa.com\/fr\/wp-json\/wp\/v2\/comments?post=1865"}],"version-history":[{"count":7,"href":"https:\/\/www.gravalos-sa.com\/fr\/wp-json\/wp\/v2\/pages\/1865\/revisions"}],"predecessor-version":[{"id":1946,"href":"https:\/\/www.gravalos-sa.com\/fr\/wp-json\/wp\/v2\/pages\/1865\/revisions\/1946"}],"up":[{"embeddable":true,"href":"https:\/\/www.gravalos-sa.com\/fr\/wp-json\/wp\/v2\/pages\/1450"}],"wp:featuredmedia":[{"embeddable":true,"href":"https:\/\/www.gravalos-sa.com\/fr\/wp-json\/wp\/v2\/media\/1924"}],"wp:attachment":[{"href":"https:\/\/www.gravalos-sa.com\/fr\/wp-json\/wp\/v2\/media?parent=1865"}],"curies":[{"name":"wp","href":"https:\/\/api.w.org\/{rel}","templated":true}]}}