{"id":2978,"date":"2023-07-31T14:40:46","date_gmt":"2023-07-31T14:40:46","guid":{"rendered":"https:\/\/www.gravalos-sa.com\/dossier-expediente-p1-autoconsumo-0187\/"},"modified":"2023-08-03T14:40:03","modified_gmt":"2023-08-03T14:40:03","slug":"dossier-expediente-p1-autoconsumo-0187","status":"publish","type":"page","link":"https:\/\/www.gravalos-sa.com\/fr\/dossier-expediente-p1-autoconsumo-0187\/","title":{"rendered":"Dossier EXPEDIENTE P1-AUTOCONSUMO-0187"},"content":{"rendered":"\n<div class=\"wp-block-cover alignfull is-style-header-cover\"><span aria-hidden=\"true\" class=\"wp-block-cover__background has-primary-100-background-color has-background-dim-90 has-background-dim\"><\/span><img loading=\"lazy\" decoding=\"async\" width=\"640\" height=\"426\" src=\"https:\/\/www.gravalos-sa.com\/wp-content\/uploads\/textura-plata.jpg\" class=\"wp-block-cover__image-background wp-post-image\" alt=\"textura-plata\" data-object-fit=\"cover\" srcset=\"https:\/\/www.gravalos-sa.com\/wp-content\/uploads\/textura-plata.jpg 640w, https:\/\/www.gravalos-sa.com\/wp-content\/uploads\/textura-plata-300x200.jpg 300w\" sizes=\"auto, (max-width: 640px) 100vw, 640px\" title=\"textura-plata\" \/><div class=\"wp-block-cover__inner-container is-layout-flow wp-block-cover-is-layout-flow\"><h1 class=\"display-1 wp-block-post-title\">Dossier EXPEDIENTE P1-AUTOCONSUMO-0187<\/h1>\n\n\n<div style=\"height:16px\" aria-hidden=\"true\" class=\"wp-block-spacer\"><\/div>\n\n\n\n<p class=\"has-medium-font-size\">Installation photovolta\u00efque de 216 kWp sur le toit de l&rsquo;usine de construction Gr\u00e1valos \u00e0 El Burgo de Ebro<\/p>\n\n\n\n<div class=\"wp-block-buttons is-layout-flex wp-block-buttons-is-layout-flex\">\n<div class=\"wp-block-button is-style-arrow-link\"><a class=\"wp-block-button__link wp-element-button\" href=\"https:\/\/www.gravalos-sa.com\/fr\/contact\/\">Contact avec nous<\/a><\/div>\n<\/div>\n<\/div><\/div>\n<div class=\"breadcrumb\" typeof=\"BreadcrumbList\" vocab=\"https:\/\/schema.org\/\"><div class=\"breadcrumb-inner\"><div class=\"gravalos-breadcrumb\"><span property=\"itemListElement\" typeof=\"ListItem\"><a property=\"item\" typeof=\"WebPage\" title=\"Aller \u00e0 Gr\u00e1valos.\" href=\"https:\/\/www.gravalos-sa.com\/fr\/\" class=\"home\" ><span property=\"name\">Gr\u00e1valos<\/span><\/a><meta property=\"position\" content=\"1\"><\/span><span class=\"breadcrumb-sep\"> | <\/span><span property=\"itemListElement\" typeof=\"ListItem\"><a property=\"item\" typeof=\"WebPage\" title=\"Aller \u00e0 Blog.\" href=\"https:\/\/www.gravalos-sa.com\/fr\/blog\/\" class=\"post-root post post-post\" aria-current=\"page\"><span property=\"name\">Blog<\/span><\/a><meta property=\"position\" content=\"2\"><\/span><\/div><\/div><\/div>\n<p>JOAQUIN GRAVALOS SORIA, S.L. a re\u00e7u une subvention pour son projet d&rsquo;autoconsommation.  <em>\u00ab\u00a0Installation photovolta\u00efque de 216 kWp sur le toit de l&rsquo;usine de construction Gr\u00e1valos \u00e0 Burgo de Ebro\u00a0\u00bb,<\/em>  cofinanc\u00e9 par le m\u00e9canisme europ\u00e9en de relance et de r\u00e9silience PRTR-Next Generation EU, coordonn\u00e9 par le minist\u00e8re de la transition \u00e9cologique et du d\u00e9fi d\u00e9mographique par l&rsquo;interm\u00e9diaire de l&rsquo;IDAE et g\u00e9r\u00e9 par les r\u00e9gions autonomes conform\u00e9ment au d\u00e9cret royal 477\/2021, dans le but de parvenir \u00e0 une \u00e9conomie plus propre et plus durable. Un projet d&rsquo;autoconsommation a \u00e9t\u00e9 d\u00e9velopp\u00e9 \u00e0 partir de sources d&rsquo;\u00e9nergie renouvelables, consistant en l&rsquo;installation de panneaux photovolta\u00efques dans les installations de CONSTRUCCIONES GR\u00c1VALOS S.A. \u00e0 El Burgo de Ebro, Zaragoza. Dans ce projet, 483 modules de 455 Wp avec une puissance totale de 219,77 kWp ont \u00e9t\u00e9 install\u00e9s.<\/p>\n\n<figure class=\"wp-block-image size-large\"><img loading=\"lazy\" decoding=\"async\" width=\"1024\" height=\"723\" src=\"https:\/\/www.gravalos-sa.com\/wp-content\/uploads\/image1-1024x723.png\" alt=\"\" class=\"wp-image-2998\" title=\"\" srcset=\"https:\/\/www.gravalos-sa.com\/wp-content\/uploads\/image1-1024x723.png 1024w, https:\/\/www.gravalos-sa.com\/wp-content\/uploads\/image1-300x212.png 300w, https:\/\/www.gravalos-sa.com\/wp-content\/uploads\/image1-768x542.png 768w, https:\/\/www.gravalos-sa.com\/wp-content\/uploads\/image1-500x353.png 500w, https:\/\/www.gravalos-sa.com\/wp-content\/uploads\/image1-800x565.png 800w, https:\/\/www.gravalos-sa.com\/wp-content\/uploads\/image1.png 1190w\" sizes=\"auto, (max-width: 1024px) 100vw, 1024px\" \/><\/figure>\n<div class=\"wp-block-buttons is-content-justification-center is-layout-flex wp-container-core-buttons-is-layout-16018d1d wp-block-buttons-is-layout-flex\">\n<div class=\"wp-block-button\"><a class=\"wp-block-button__link has-white-color has-secondary-80-background-color has-text-color has-background wp-element-button\" href=\"https:\/\/www.gravalos-sa.com\/wp-content\/uploads\/2022-06-21-informe-plan-est-dnsh-residuos-sup-100kw-signed-signed-signed.pdf\" target=\"_blank\" rel=\"noreferrer noopener\">T\u00e9l\u00e9charger le rapport<\/a><\/div>\n<\/div>\n","protected":false},"excerpt":{"rendered":"<p>JOAQUIN GRAVALOS SORIA, S.L. a re\u00e7u une subvention pour son projet d&rsquo;autoconsommation. \u00ab\u00a0Installation photovolta\u00efque de 216 kWp sur le toit de l&rsquo;usine de construction Gr\u00e1valos &#8230;<\/p>\n<div class=\"wp-block-buttons\">\n<div class=\"wp-block-button is-style-arrow-link\"><span class=\"wp-block-button__link\">Savoir plus<\/span><\/div>\n<\/div>\n","protected":false},"author":8,"featured_media":1095,"parent":0,"menu_order":0,"comment_status":"closed","ping_status":"closed","template":"","meta":{"_acf_changed":false,"inline_featured_image":false,"footnotes":""},"class_list":["post-2978","page","type-page","status-publish","has-post-thumbnail","hentry"],"acf":[],"_links":{"self":[{"href":"https:\/\/www.gravalos-sa.com\/fr\/wp-json\/wp\/v2\/pages\/2978","targetHints":{"allow":["GET"]}}],"collection":[{"href":"https:\/\/www.gravalos-sa.com\/fr\/wp-json\/wp\/v2\/pages"}],"about":[{"href":"https:\/\/www.gravalos-sa.com\/fr\/wp-json\/wp\/v2\/types\/page"}],"author":[{"embeddable":true,"href":"https:\/\/www.gravalos-sa.com\/fr\/wp-json\/wp\/v2\/users\/8"}],"replies":[{"embeddable":true,"href":"https:\/\/www.gravalos-sa.com\/fr\/wp-json\/wp\/v2\/comments?post=2978"}],"version-history":[{"count":10,"href":"https:\/\/www.gravalos-sa.com\/fr\/wp-json\/wp\/v2\/pages\/2978\/revisions"}],"predecessor-version":[{"id":3047,"href":"https:\/\/www.gravalos-sa.com\/fr\/wp-json\/wp\/v2\/pages\/2978\/revisions\/3047"}],"wp:featuredmedia":[{"embeddable":true,"href":"https:\/\/www.gravalos-sa.com\/fr\/wp-json\/wp\/v2\/media\/1095"}],"wp:attachment":[{"href":"https:\/\/www.gravalos-sa.com\/fr\/wp-json\/wp\/v2\/media?parent=2978"}],"curies":[{"name":"wp","href":"https:\/\/api.w.org\/{rel}","templated":true}]}}