{"id":5552,"date":"2023-11-23T08:35:45","date_gmt":"2023-11-23T08:35:45","guid":{"rendered":"https:\/\/www.gravalos-sa.com\/canal-dinformation\/"},"modified":"2023-11-28T15:29:44","modified_gmt":"2023-11-28T15:29:44","slug":"canal-dinformation","status":"publish","type":"page","link":"https:\/\/www.gravalos-sa.com\/fr\/canal-dinformation\/","title":{"rendered":"Canal d&rsquo;information"},"content":{"rendered":"\n<div class=\"wp-block-cover alignfull is-style-header-cover\" style=\"min-height:400px;aspect-ratio:unset;\"><span aria-hidden=\"true\" class=\"wp-block-cover__background has-primary-80-background-color has-background-dim-100 has-background-dim\"><\/span><div class=\"wp-block-cover__inner-container is-layout-flow wp-block-cover-is-layout-flow\"><h1 class=\"display-1 wp-block-post-title\">Canal d&rsquo;information<\/h1><\/div><\/div>\n<div class=\"breadcrumb\" typeof=\"BreadcrumbList\" vocab=\"https:\/\/schema.org\/\"><div class=\"breadcrumb-inner\"><div class=\"gravalos-breadcrumb\"><span property=\"itemListElement\" typeof=\"ListItem\"><a property=\"item\" typeof=\"WebPage\" title=\"Aller \u00e0 Gr\u00e1valos.\" href=\"https:\/\/www.gravalos-sa.com\/fr\/\" class=\"home\" ><span property=\"name\">Gr\u00e1valos<\/span><\/a><meta property=\"position\" content=\"1\"><\/span><span class=\"breadcrumb-sep\"> | <\/span><span property=\"itemListElement\" typeof=\"ListItem\"><a property=\"item\" typeof=\"WebPage\" title=\"Aller \u00e0 Blog.\" href=\"https:\/\/www.gravalos-sa.com\/fr\/blog\/\" class=\"post-root post post-post\" aria-current=\"page\"><span property=\"name\">Blog<\/span><\/a><meta property=\"position\" content=\"2\"><\/span><\/div><\/div><\/div>\n<h2 class=\"wp-block-heading\">Qu&rsquo;est-ce que le canal d&rsquo;information ?<\/h2>\n\n<p>L\u00e9gitim\u00e9s par le respect d&rsquo;une obligation l\u00e9gale en vertu de la loi 2\/2023, du 20 f\u00e9vrier, r\u00e9glementant la protection des personnes qui signalent des infractions \u00e0 la r\u00e9glementation et la lutte contre la corruption, et par notre int\u00e9r\u00eat l\u00e9gitime \u00e0 \u00e9viter des comportements susceptibles d&rsquo;engager la responsabilit\u00e9 p\u00e9nale de l&rsquo;entreprise, nous mettons \u00e0 la disposition de toutes les parties int\u00e9ress\u00e9es un canal de d\u00e9nonciation ou d&rsquo;information par lequel vous pouvez informer cette entit\u00e9 des infractions \u00e0 la r\u00e9glementation ou \u00e0 l&rsquo;\u00e9thique commerciale commises par ses employ\u00e9s ou ses dirigeants. Ce canal ne peut \u00eatre utilis\u00e9 que par des personnes qui ont connaissance d&rsquo;une infraction r\u00e9glementaire dans le cadre de leur emploi ou de leurs relations professionnelles.<\/p>\n\n<p>Nous vous rappelons que ceci n&rsquo;est pas une bo\u00eete de contact ou de suggestion, donc si vous souhaitez nous contacter \u00e0 ce sujet, veuillez cliquer <a href=\"https:\/\/www.gravalos-sa.com\/fr\/contact\/\">ici<\/a>.<\/p>\n\n<p><strong>Envoi et gestion des communications<\/strong><\/p>\n\n<p>CONSTRUCCIONES GRAVALOS S.A. met ce canal d&rsquo;information \u00e0 votre disposition par le biais d&rsquo;un formulaire web qui vous dirigera vers un outil externe en ligne d&rsquo;un fournisseur qualifi\u00e9 et digne de confiance, qui garantira la confidentialit\u00e9 des informations que vous nous fournissez.<\/p>\n\n<p>Les soumissions peuvent \u00eatre anonymes ou comporter des donn\u00e9es personnelles. Le responsable du traitement de ces donn\u00e9es est CONSTRUCCIONES GRAVALOS S.A. Chaque communication g\u00e9n\u00e8re deux codes : le num\u00e9ro de la plainte et le num\u00e9ro d&rsquo;identification. Ces codes nous permettront de donner suite \u00e0 notre plainte en cliquant sur le bouton \u00ab\u00a0ACC\u00c9DER \u00c0 MES PLAINTES\u00a0\u00bb.<\/p>\n\n<p>Si vous indiquez une adresse \u00e9lectronique dans votre plainte, vous recevrez des alertes par courrier \u00e9lectronique au fur et \u00e0 mesure du traitement de la plainte.<\/p>\n\n<p><strong>Base juridique de la qualit\u00e9 pour agir<\/strong><\/p>\n\n<p>Le traitement de ces donn\u00e9es est l\u00e9gitime en vertu d&rsquo;une obligation l\u00e9gale pr\u00e9vue par la loi 2\/2023, du 20 f\u00e9vrier, r\u00e9glementant la protection des personnes qui signalent des infractions r\u00e9glementaires et la lutte contre la corruption (art. 6.1 c) du RGPD). Le traitement de cat\u00e9gories particuli\u00e8res de donn\u00e9es est justifi\u00e9 par l&rsquo;int\u00e9r\u00eat public g\u00e9n\u00e9ral (article 9, paragraphe 2, point g), du RGPD).<\/p>\n\n<p><strong>Confidentialit\u00e9 de l&rsquo;identit\u00e9 du plaignant<\/strong><\/p>\n\n<p>Cette cha\u00eene d&rsquo;information garantit la confidentialit\u00e9 des donn\u00e9es du plaignant en les gardant anonymes, \u00e0 moins que leur identification ne constitue une obligation n\u00e9cessaire et proportionn\u00e9e impos\u00e9e par le droit communautaire ou national dans le cadre d&rsquo;une enqu\u00eate men\u00e9e par les autorit\u00e9s nationales ou dans le cadre d&rsquo;une proc\u00e9dure judiciaire, auquel cas elle doit \u00eatre communiqu\u00e9e aux autorit\u00e9s comp\u00e9tentes en la mati\u00e8re.<\/p>\n\n<p>CONSTRUCCIONES GR\u00c1VALOS adopte les mesures de s\u00e9curit\u00e9 n\u00e9cessaires pour garantir la confidentialit\u00e9 et la s\u00e9curit\u00e9 des informations qui lui sont envoy\u00e9es.<\/p>\n\n<p>L\u00e9gitim\u00e9s par le respect d&rsquo;une obligation l\u00e9gale et par notre int\u00e9r\u00eat l\u00e9gitime \u00e0 \u00e9viter les comportements susceptibles d&rsquo;engager la responsabilit\u00e9 p\u00e9nale de l&rsquo;entreprise, nous mettons \u00e0 la disposition de tous nos employ\u00e9s, fournisseurs et autres tiers int\u00e9ress\u00e9s un canal \u00e9thique ou un canal de d\u00e9nonciation via le formulaire web correspondant, afin qu&rsquo;ils puissent signaler tout comportement contraire \u00e0 nos r\u00e8gles internes ou tout comportement susceptible de constituer un d\u00e9lit.<br\/>The Channel recueillera les coordonn\u00e9es de CONSTRUCCIONES GR\u00c1VALOS de mani\u00e8re anonyme et confidentielle, en garantissant la confidentialit\u00e9 des donn\u00e9es du plaignant en les gardant anonymes, \u00e0 moins que leur identification ne constitue une obligation n\u00e9cessaire et proportionn\u00e9e impos\u00e9e par le droit communautaire ou national dans le cadre d&rsquo;une enqu\u00eate men\u00e9e par les autorit\u00e9s nationales ou dans le cadre d&rsquo;une proc\u00e9dure judiciaire, auquel cas elle doit \u00eatre communiqu\u00e9e aux autorit\u00e9s comp\u00e9tentes en la mati\u00e8re.<\/p>\n\n<p><strong>Combien de temps conservons-nous vos donn\u00e9es ?<\/strong><\/p>\n\n<p>Les donn\u00e9es sont conserv\u00e9es dans le syst\u00e8me pendant une p\u00e9riode de trois mois. Apr\u00e8s cette p\u00e9riode, ils sont d\u00e9truits et peuvent rester bloqu\u00e9s lorsque cela est n\u00e9cessaire pour d\u00e9montrer le fonctionnement du mod\u00e8le de pr\u00e9vention de la criminalit\u00e9 ou lorsque l&rsquo;autorit\u00e9 comp\u00e9tente l&rsquo;exige.<\/p>\n\n<div style=\"height:32px\" aria-hidden=\"true\" class=\"wp-block-spacer\"><\/div>\n\n<div class=\"wp-block-buttons is-content-justification-center is-layout-flex wp-container-core-buttons-is-layout-16018d1d wp-block-buttons-is-layout-flex\">\n<div class=\"wp-block-button\"><a class=\"wp-block-button__link wp-element-button\" href=\"https:\/\/www.coloriuris.net\/canal-denuncias\/formulario\/ConstruccionesGravalos\" target=\"_blank\" rel=\"noreferrer noopener\">Formulaire de canal \u00e9thique<\/a><\/div>\n<\/div>\n\n<div style=\"height:64px\" aria-hidden=\"true\" class=\"wp-block-spacer\"><\/div>\n\n<p>Conform\u00e9ment \u00e0 la L.O. 3\/2018, du 5 d\u00e9cembre, sur la protection des donn\u00e9es personnelles et la garantie des droits num\u00e9riques, nous vous informons que les donn\u00e9es personnelles fournies ici seront trait\u00e9es par CONSTRUCCIONES GR\u00c1VALOS S.A. en tant que contr\u00f4leur de donn\u00e9es dans le but de g\u00e9rer les communications re\u00e7ues et de respecter l&rsquo;obligation l\u00e9gale impos\u00e9e par la loi 2\/2023, du 20 f\u00e9vrier, r\u00e9glementant la protection des personnes qui signalent des infractions \u00e0 la r\u00e9glementation et la lutte contre la corruption. Ces donn\u00e9es ne seront pas communiqu\u00e9es \u00e0 des tiers, sauf si leur identification est n\u00e9cessaire, auquel cas elles pourront \u00eatre fournies aux autorit\u00e9s comp\u00e9tentes. Sans pr\u00e9judice de ce qui pr\u00e9c\u00e8de, vous pouvez acc\u00e9der, rectifier, vous opposer, demander la limitation du traitement ou la portabilit\u00e9 de vos donn\u00e9es en envoyant un e-mail \u00e0 <a href=\"mailto:lopd@gravalos-sa.com\" target=\"_blank\" rel=\"noreferrer noopener\">lopd@gravalos-sa.com<\/a>.<br\/>Vous pouvez \u00e9galement d\u00e9poser une plainte aupr\u00e8s de l&rsquo;Agence espagnole de protection des donn\u00e9es. Pour plus d&rsquo;informations, veuillez consulter notre <a href=\"https:\/\/www.gravalos-sa.com\/fr\/politique-confidentialite\/\">politique de confidentialit\u00e9<\/a>.<\/p>\n","protected":false},"excerpt":{"rendered":"<p>Qu&rsquo;est-ce que le canal d&rsquo;information ? L\u00e9gitim\u00e9s par le respect d&rsquo;une obligation l\u00e9gale en vertu de la loi 2\/2023, du 20 f\u00e9vrier, r\u00e9glementant la protection &#8230;<\/p>\n<div class=\"wp-block-buttons\">\n<div class=\"wp-block-button is-style-arrow-link\"><span class=\"wp-block-button__link\">Savoir plus<\/span><\/div>\n<\/div>\n","protected":false},"author":2,"featured_media":0,"parent":0,"menu_order":0,"comment_status":"closed","ping_status":"closed","template":"","meta":{"_acf_changed":false,"inline_featured_image":false,"footnotes":""},"class_list":["post-5552","page","type-page","status-publish","hentry"],"acf":[],"_links":{"self":[{"href":"https:\/\/www.gravalos-sa.com\/fr\/wp-json\/wp\/v2\/pages\/5552","targetHints":{"allow":["GET"]}}],"collection":[{"href":"https:\/\/www.gravalos-sa.com\/fr\/wp-json\/wp\/v2\/pages"}],"about":[{"href":"https:\/\/www.gravalos-sa.com\/fr\/wp-json\/wp\/v2\/types\/page"}],"author":[{"embeddable":true,"href":"https:\/\/www.gravalos-sa.com\/fr\/wp-json\/wp\/v2\/users\/2"}],"replies":[{"embeddable":true,"href":"https:\/\/www.gravalos-sa.com\/fr\/wp-json\/wp\/v2\/comments?post=5552"}],"version-history":[{"count":14,"href":"https:\/\/www.gravalos-sa.com\/fr\/wp-json\/wp\/v2\/pages\/5552\/revisions"}],"predecessor-version":[{"id":5682,"href":"https:\/\/www.gravalos-sa.com\/fr\/wp-json\/wp\/v2\/pages\/5552\/revisions\/5682"}],"wp:attachment":[{"href":"https:\/\/www.gravalos-sa.com\/fr\/wp-json\/wp\/v2\/media?parent=5552"}],"curies":[{"name":"wp","href":"https:\/\/api.w.org\/{rel}","templated":true}]}}