{"id":1394,"date":"2022-09-15T08:18:07","date_gmt":"2022-09-15T08:18:07","guid":{"rendered":"https:\/\/www.gravalos-sa.com\/nasze-lokalizacje\/hiszpania\/"},"modified":"2023-06-06T12:46:45","modified_gmt":"2023-06-06T12:46:45","slug":"hiszpania","status":"publish","type":"page","link":"https:\/\/www.gravalos-sa.com\/pl\/nasze-lokalizacje\/hiszpania\/","title":{"rendered":"Hiszpania"},"content":{"rendered":"\n<div class=\"wp-block-cover alignfull is-style-header-cover\"><span aria-hidden=\"true\" class=\"wp-block-cover__background has-primary-100-background-color has-background-dim-90 has-background-dim\"><\/span><img loading=\"lazy\" decoding=\"async\" width=\"1920\" height=\"1280\" class=\"wp-block-cover__image-background wp-image-663\" alt=\"mapamundi\" title=\"mapamundi\"  src=\"https:\/\/www.gravalos-sa.com\/wp-content\/uploads\/mapamundi.jpg\" style=\"object-position:53% 21%\" data-object-fit=\"cover\" data-object-position=\"53% 21%\" srcset=\"https:\/\/www.gravalos-sa.com\/wp-content\/uploads\/mapamundi.jpg 1920w, https:\/\/www.gravalos-sa.com\/wp-content\/uploads\/mapamundi-300x200.jpg 300w, https:\/\/www.gravalos-sa.com\/wp-content\/uploads\/mapamundi-1024x683.jpg 1024w, https:\/\/www.gravalos-sa.com\/wp-content\/uploads\/mapamundi-768x512.jpg 768w, https:\/\/www.gravalos-sa.com\/wp-content\/uploads\/mapamundi-1536x1024.jpg 1536w\" sizes=\"auto, (max-width: 1920px) 100vw, 1920px\" \/><div class=\"wp-block-cover__inner-container is-layout-flow wp-block-cover-is-layout-flow\">\n<p class=\"is-style-supertitulo mb-2\" style=\"text-transform:uppercase\">Zarz\u0105dzanie i us\u0142ugi centralne<\/p>\n\n\n<h1 class=\"display-1 wp-block-post-title\">Hiszpania<\/h1><\/div><\/div>\n<div class=\"breadcrumb\" typeof=\"BreadcrumbList\" vocab=\"https:\/\/schema.org\/\"><div class=\"breadcrumb-inner\"><div class=\"gravalos-breadcrumb\"><span property=\"itemListElement\" typeof=\"ListItem\"><a property=\"item\" typeof=\"WebPage\" title=\"Przejd\u017a do Gr\u00e1valos.\" href=\"https:\/\/www.gravalos-sa.com\/pl\/\" class=\"home\" ><span property=\"name\">Gr\u00e1valos<\/span><\/a><meta property=\"position\" content=\"1\"><\/span><span class=\"breadcrumb-sep\"> | <\/span><span property=\"itemListElement\" typeof=\"ListItem\"><a property=\"item\" typeof=\"WebPage\" title=\"Przejd\u017a do Blog.\" href=\"https:\/\/www.gravalos-sa.com\/pl\/blog\/\" class=\"post-root post post-post\" aria-current=\"page\"><span property=\"name\">Blog<\/span><\/a><meta property=\"position\" content=\"2\"><\/span><\/div><\/div><\/div>\n<p class=\"has-medium-font-size\">Nasza siedziba znajduje si\u0119 w Hiszpanii, a konkretnie w El Burgo de Ebro. Znajduje si\u0119 w pobli\u017cu Saragossy, stolicy Wsp\u00f3lnoty Autonomicznej Aragonii i jednej z najwa\u017cniejszych enklaw logistycznych w Hiszpanii i Europie. Ta lokalizacja oferuje nam uprzywilejowane po\u0142\u0105czenie logistyczne na poziomie krajowym i mi\u0119dzynarodowym, co pozwala nam dotrze\u0107 jeszcze dalej.<\/p>\n\n<div style=\"height:32px\" aria-hidden=\"true\" class=\"wp-block-spacer\"><\/div>\n\n<div class=\"wp-block-media-text alignwide is-stacked-on-mobile\"><figure class=\"wp-block-media-text__media\"><img loading=\"lazy\" decoding=\"async\" width=\"700\" height=\"340\" src=\"https:\/\/www.gravalos-sa.com\/wp-content\/uploads\/vista-aerea-gr.jpg\" alt=\"\" class=\"wp-image-694 size-full\" title=\"\" srcset=\"https:\/\/www.gravalos-sa.com\/wp-content\/uploads\/vista-aerea-gr.jpg 700w, https:\/\/www.gravalos-sa.com\/wp-content\/uploads\/vista-aerea-gr-300x146.jpg 300w\" sizes=\"auto, (max-width: 700px) 100vw, 700px\" \/><\/figure><div class=\"wp-block-media-text__content\">\n<h2 class=\"wp-block-heading has-medium-font-size\">Udogodnienia<\/h2>\n\n\n\n<p>Pomieszczenia o powierzchni 10 000 m\u00b2 mieszcz\u0105 zarz\u0105d korporacyjny i centralne s\u0142u\u017cby, kt\u00f3re doradzaj\u0105 i wspieraj\u0105 pozosta\u0142e oddzia\u0142y w zakresie strategii, projekt\u00f3w, finans\u00f3w i technologicznego know-how.<\/p>\n\n\n\n<p>W tej lokalizacji posiadamy r\u00f3wnie\u017c najbardziej zaawansowane \u015brodki techniczne do wtrysku cz\u0119\u015bci technicznych, indukcji, spawania, monta\u017cu i automatycznej kontroli, a tak\u017ce do t\u0142oczenia.<\/p>\n\n\n\n<div class=\"wp-block-buttons is-layout-flex wp-block-buttons-is-layout-flex\">\n<div class=\"wp-block-button is-style-arrow-link\"><a class=\"wp-block-button__link wp-element-button\" href=\"https:\/\/www.gravalos-sa.com\/pl\/kontakt\/\">Kontakt z nami<\/a><\/div>\n<\/div>\n<\/div><\/div>\n\n<div style=\"height:32px\" aria-hidden=\"true\" class=\"wp-block-spacer\"><\/div>\n\n<p class=\"has-medium-font-size\">Lokalizacja w Burgo de Ebro, opr\u00f3cz tego, \u017ce jest dla nas wa\u017cn\u0105 zalet\u0105 jako enklawy logistycznej, jest szans\u0105, kt\u00f3r\u0105 ju\u017c wykorzystujemy, aby ulepszy\u0107 ten obszar i jego otoczenie, tworz\u0105c miejsca pracy oraz poprawiaj\u0105c udogodnienia i dost\u0119p.<\/p>\n","protected":false},"excerpt":{"rendered":"<p>Nasza siedziba znajduje si\u0119 w Hiszpanii, a konkretnie w El Burgo de Ebro. Znajduje si\u0119 w pobli\u017cu Saragossy, stolicy Wsp\u00f3lnoty Autonomicznej Aragonii i jednej z &#8230;<\/p>\n<div class=\"wp-block-buttons\">\n<div class=\"wp-block-button is-style-arrow-link\"><span class=\"wp-block-button__link\">Wiedzie\u0107 wi\u0119cej<\/span><\/div>\n<\/div>\n","protected":false},"author":1,"featured_media":1099,"parent":1354,"menu_order":0,"comment_status":"closed","ping_status":"closed","template":"","meta":{"_acf_changed":false,"inline_featured_image":false,"footnotes":""},"class_list":["post-1394","page","type-page","status-publish","has-post-thumbnail","hentry"],"acf":[],"_links":{"self":[{"href":"https:\/\/www.gravalos-sa.com\/pl\/wp-json\/wp\/v2\/pages\/1394","targetHints":{"allow":["GET"]}}],"collection":[{"href":"https:\/\/www.gravalos-sa.com\/pl\/wp-json\/wp\/v2\/pages"}],"about":[{"href":"https:\/\/www.gravalos-sa.com\/pl\/wp-json\/wp\/v2\/types\/page"}],"author":[{"embeddable":true,"href":"https:\/\/www.gravalos-sa.com\/pl\/wp-json\/wp\/v2\/users\/1"}],"replies":[{"embeddable":true,"href":"https:\/\/www.gravalos-sa.com\/pl\/wp-json\/wp\/v2\/comments?post=1394"}],"version-history":[{"count":1,"href":"https:\/\/www.gravalos-sa.com\/pl\/wp-json\/wp\/v2\/pages\/1394\/revisions"}],"predecessor-version":[{"id":1396,"href":"https:\/\/www.gravalos-sa.com\/pl\/wp-json\/wp\/v2\/pages\/1394\/revisions\/1396"}],"up":[{"embeddable":true,"href":"https:\/\/www.gravalos-sa.com\/pl\/wp-json\/wp\/v2\/pages\/1354"}],"wp:featuredmedia":[{"embeddable":true,"href":"https:\/\/www.gravalos-sa.com\/pl\/wp-json\/wp\/v2\/media\/1099"}],"wp:attachment":[{"href":"https:\/\/www.gravalos-sa.com\/pl\/wp-json\/wp\/v2\/media?parent=1394"}],"curies":[{"name":"wp","href":"https:\/\/api.w.org\/{rel}","templated":true}]}}