{"id":1398,"date":"2022-09-15T08:18:33","date_gmt":"2022-09-15T08:18:33","guid":{"rendered":"https:\/\/www.gravalos-sa.com\/nasze-lokalizacje\/polska\/"},"modified":"2024-01-31T07:49:03","modified_gmt":"2024-01-31T07:49:03","slug":"polska","status":"publish","type":"page","link":"https:\/\/www.gravalos-sa.com\/pl\/nasze-lokalizacje\/polska\/","title":{"rendered":"Polska"},"content":{"rendered":"\n<div class=\"wp-block-cover alignfull is-style-header-cover\"><span aria-hidden=\"true\" class=\"wp-block-cover__background has-primary-100-background-color has-background-dim-90 has-background-dim\"><\/span><img loading=\"lazy\" decoding=\"async\" width=\"1920\" height=\"1280\" class=\"wp-block-cover__image-background wp-image-663\" alt=\"mapamundi\" title=\"mapamundi\"  src=\"https:\/\/www.gravalos-sa.com\/wp-content\/uploads\/mapamundi.jpg\" style=\"object-position:84% 8%\" data-object-fit=\"cover\" data-object-position=\"84% 8%\" srcset=\"https:\/\/www.gravalos-sa.com\/wp-content\/uploads\/mapamundi.jpg 1920w, https:\/\/www.gravalos-sa.com\/wp-content\/uploads\/mapamundi-300x200.jpg 300w, https:\/\/www.gravalos-sa.com\/wp-content\/uploads\/mapamundi-1024x683.jpg 1024w, https:\/\/www.gravalos-sa.com\/wp-content\/uploads\/mapamundi-768x512.jpg 768w, https:\/\/www.gravalos-sa.com\/wp-content\/uploads\/mapamundi-1536x1024.jpg 1536w\" sizes=\"auto, (max-width: 1920px) 100vw, 1920px\" \/><div class=\"wp-block-cover__inner-container is-layout-flow wp-block-cover-is-layout-flow\">\n<p class=\"is-style-supertitulo mb-2\" style=\"text-transform:uppercase\">Geplastyk<\/p>\n\n\n<h1 class=\"display-1 wp-block-post-title\">Polska<\/h1><\/div><\/div>\n<div class=\"breadcrumb\" typeof=\"BreadcrumbList\" vocab=\"https:\/\/schema.org\/\"><div class=\"breadcrumb-inner\"><div class=\"gravalos-breadcrumb\"><span property=\"itemListElement\" typeof=\"ListItem\"><a property=\"item\" typeof=\"WebPage\" title=\"Przejd\u017a do Gr\u00e1valos.\" href=\"https:\/\/www.gravalos-sa.com\/pl\/\" class=\"home\" ><span property=\"name\">Gr\u00e1valos<\/span><\/a><meta property=\"position\" content=\"1\"><\/span><span class=\"breadcrumb-sep\"> | <\/span><span property=\"itemListElement\" typeof=\"ListItem\"><a property=\"item\" typeof=\"WebPage\" title=\"Przejd\u017a do Blog.\" href=\"https:\/\/www.gravalos-sa.com\/pl\/blog\/\" class=\"post-root post post-post\" aria-current=\"page\"><span property=\"name\">Blog<\/span><\/a><meta property=\"position\" content=\"2\"><\/span><\/div><\/div><\/div>\n<p class=\"has-medium-font-size\">Geplastyk, nasza firma z siedzib\u0105 w Polsce, znajduje si\u0119 w mie\u015bcie \u0141\u00f3d\u017a. St\u0105d dostarczamy komponenty g\u0142\u00f3wnie do lokalnych i niemieckich fabryk klient\u00f3w, ale tak\u017ce do Stan\u00f3w Zjednoczonych, Chin i innych kraj\u00f3w, dzi\u0119ki czemu zakres dostaw jest globalny.<\/p>\n\n<div style=\"height:32px\" aria-hidden=\"true\" class=\"wp-block-spacer\"><\/div>\n\n<div class=\"wp-block-media-text alignwide is-stacked-on-mobile\"><figure class=\"wp-block-media-text__media\"><img loading=\"lazy\" decoding=\"async\" width=\"800\" height=\"510\" src=\"https:\/\/www.gravalos-sa.com\/wp-content\/uploads\/geplastyk-2023-2.jpg\" alt=\"\" class=\"wp-image-6107 size-full\" title=\"\" srcset=\"https:\/\/www.gravalos-sa.com\/wp-content\/uploads\/geplastyk-2023-2.jpg 800w, https:\/\/www.gravalos-sa.com\/wp-content\/uploads\/geplastyk-2023-2-300x191.jpg 300w, https:\/\/www.gravalos-sa.com\/wp-content\/uploads\/geplastyk-2023-2-768x490.jpg 768w, https:\/\/www.gravalos-sa.com\/wp-content\/uploads\/geplastyk-2023-2-500x319.jpg 500w\" sizes=\"auto, (max-width: 800px) 100vw, 800px\" \/><\/figure><div class=\"wp-block-media-text__content\">\n<h2 class=\"wp-block-heading has-medium-font-size\">Dostawa do Europy, USA i Chiny<\/h2>\n\n\n\n<p>Firma Geplastyk zosta\u0142a za\u0142o\u017cona w 2004 roku i od tego czasu rozwija si\u0119 z wielkim sukcesem, produkuj\u0105c r\u00f3\u017cne komponenty dla bran\u017cy AGD i motoryzacyjnej, zawsze zgodnie z wymagaj\u0105cymi standardami jako\u015bci Grupy Gr\u00e1valos.<\/p>\n\n\n\n<p>Miasto \u0141\u00f3d\u017a znajduje si\u0119 w centrum kraju, 135 km na po\u0142udniowy zach\u00f3d od Warszawy. Obiekt ten znajduje si\u0119 w centralnej Polsce, gdzie swoje centra logistyczne ma r\u00f3wnie\u017c kilka du\u017cych firm.<\/p>\n\n\n\n<div class=\"wp-block-buttons is-layout-flex wp-block-buttons-is-layout-flex\">\n<div class=\"wp-block-button is-style-arrow-link\"><a class=\"wp-block-button__link wp-element-button\" href=\"https:\/\/www.gravalos-sa.com\/pl\/kontakt\/\">Kontakt z nami<\/a><\/div>\n<\/div>\n<\/div><\/div>\n","protected":false},"excerpt":{"rendered":"<p>Geplastyk, nasza firma z siedzib\u0105 w Polsce, znajduje si\u0119 w mie\u015bcie \u0141\u00f3d\u017a. St\u0105d dostarczamy komponenty g\u0142\u00f3wnie do lokalnych i niemieckich fabryk klient\u00f3w, ale tak\u017ce do &#8230;<\/p>\n<div class=\"wp-block-buttons\">\n<div class=\"wp-block-button is-style-arrow-link\"><span class=\"wp-block-button__link\">Wiedzie\u0107 wi\u0119cej<\/span><\/div>\n<\/div>\n","protected":false},"author":1,"featured_media":1105,"parent":1354,"menu_order":20,"comment_status":"closed","ping_status":"closed","template":"","meta":{"_acf_changed":false,"inline_featured_image":false,"footnotes":""},"class_list":["post-1398","page","type-page","status-publish","has-post-thumbnail","hentry"],"acf":[],"_links":{"self":[{"href":"https:\/\/www.gravalos-sa.com\/pl\/wp-json\/wp\/v2\/pages\/1398","targetHints":{"allow":["GET"]}}],"collection":[{"href":"https:\/\/www.gravalos-sa.com\/pl\/wp-json\/wp\/v2\/pages"}],"about":[{"href":"https:\/\/www.gravalos-sa.com\/pl\/wp-json\/wp\/v2\/types\/page"}],"author":[{"embeddable":true,"href":"https:\/\/www.gravalos-sa.com\/pl\/wp-json\/wp\/v2\/users\/1"}],"replies":[{"embeddable":true,"href":"https:\/\/www.gravalos-sa.com\/pl\/wp-json\/wp\/v2\/comments?post=1398"}],"version-history":[{"count":4,"href":"https:\/\/www.gravalos-sa.com\/pl\/wp-json\/wp\/v2\/pages\/1398\/revisions"}],"predecessor-version":[{"id":6121,"href":"https:\/\/www.gravalos-sa.com\/pl\/wp-json\/wp\/v2\/pages\/1398\/revisions\/6121"}],"up":[{"embeddable":true,"href":"https:\/\/www.gravalos-sa.com\/pl\/wp-json\/wp\/v2\/pages\/1354"}],"wp:featuredmedia":[{"embeddable":true,"href":"https:\/\/www.gravalos-sa.com\/pl\/wp-json\/wp\/v2\/media\/1105"}],"wp:attachment":[{"href":"https:\/\/www.gravalos-sa.com\/pl\/wp-json\/wp\/v2\/media?parent=1398"}],"curies":[{"name":"wp","href":"https:\/\/api.w.org\/{rel}","templated":true}]}}