{"id":1410,"date":"2022-09-15T08:18:23","date_gmt":"2022-09-15T08:18:23","guid":{"rendered":"https:\/\/www.gravalos-sa.com\/nasze-lokalizacje\/maroko\/"},"modified":"2024-08-06T15:04:10","modified_gmt":"2024-08-06T15:04:10","slug":"maroko","status":"publish","type":"page","link":"https:\/\/www.gravalos-sa.com\/pl\/nasze-lokalizacje\/maroko\/","title":{"rendered":"Maroko"},"content":{"rendered":"\n<div class=\"wp-block-cover alignfull is-style-header-cover\"><span aria-hidden=\"true\" class=\"wp-block-cover__background has-primary-100-background-color has-background-dim-90 has-background-dim\"><\/span><img loading=\"lazy\" decoding=\"async\" width=\"1920\" height=\"1280\" class=\"wp-block-cover__image-background wp-image-663\" alt=\"mapamundi\" title=\"mapamundi\"  src=\"https:\/\/www.gravalos-sa.com\/wp-content\/uploads\/mapamundi.jpg\" data-object-fit=\"cover\" srcset=\"https:\/\/www.gravalos-sa.com\/wp-content\/uploads\/mapamundi.jpg 1920w, https:\/\/www.gravalos-sa.com\/wp-content\/uploads\/mapamundi-300x200.jpg 300w, https:\/\/www.gravalos-sa.com\/wp-content\/uploads\/mapamundi-1024x683.jpg 1024w, https:\/\/www.gravalos-sa.com\/wp-content\/uploads\/mapamundi-768x512.jpg 768w, https:\/\/www.gravalos-sa.com\/wp-content\/uploads\/mapamundi-1536x1024.jpg 1536w\" sizes=\"auto, (max-width: 1920px) 100vw, 1920px\" \/><div class=\"wp-block-cover__inner-container is-layout-flow wp-block-cover-is-layout-flow\">\n<p class=\"is-style-supertitulo mb-2\" style=\"text-transform:uppercase\">Gravesa<\/p>\n\n\n<h1 class=\"display-1 wp-block-post-title\">Maroko<\/h1><\/div><\/div>\n<div class=\"breadcrumb\" typeof=\"BreadcrumbList\" vocab=\"https:\/\/schema.org\/\"><div class=\"breadcrumb-inner\"><div class=\"gravalos-breadcrumb\"><span property=\"itemListElement\" typeof=\"ListItem\"><a property=\"item\" typeof=\"WebPage\" title=\"Przejd\u017a do Gr\u00e1valos.\" href=\"https:\/\/www.gravalos-sa.com\/pl\/\" class=\"home\" ><span property=\"name\">Gr\u00e1valos<\/span><\/a><meta property=\"position\" content=\"1\"><\/span><span class=\"breadcrumb-sep\"> | <\/span><span property=\"itemListElement\" typeof=\"ListItem\"><a property=\"item\" typeof=\"WebPage\" title=\"Przejd\u017a do Blog.\" href=\"https:\/\/www.gravalos-sa.com\/pl\/blog\/\" class=\"post-root post post-post\" aria-current=\"page\"><span property=\"name\">Blog<\/span><\/a><meta property=\"position\" content=\"2\"><\/span><\/div><\/div><\/div>\n<p class=\"has-medium-font-size\">Gravesa, nasz najm\u0142odszy zak\u0142ad, zosta\u0142 otwarty w 2020 r. w rekordowym czasie, pomimo trudno\u015bci w tamtym okresie, przy bezpo\u015brednim wsparciu maroka\u0144skiego rz\u0105du, w wyj\u0105tkowej wolnej strefie Tangeru.<\/p>\n\n<div style=\"height:32px\" aria-hidden=\"true\" class=\"wp-block-spacer\"><\/div>\n\n<div class=\"wp-block-media-text alignwide is-stacked-on-mobile\"><figure class=\"wp-block-media-text__media\"><img loading=\"lazy\" decoding=\"async\" width=\"1024\" height=\"768\" src=\"https:\/\/www.gravalos-sa.com\/wp-content\/uploads\/gravesa-fachada-2x-1024x768.jpg\" alt=\"\" class=\"wp-image-779 size-large\" title=\"\" srcset=\"https:\/\/www.gravalos-sa.com\/wp-content\/uploads\/gravesa-fachada-2x-1024x768.jpg 1024w, https:\/\/www.gravalos-sa.com\/wp-content\/uploads\/gravesa-fachada-2x-300x225.jpg 300w, https:\/\/www.gravalos-sa.com\/wp-content\/uploads\/gravesa-fachada-2x-768x576.jpg 768w, https:\/\/www.gravalos-sa.com\/wp-content\/uploads\/gravesa-fachada-2x.jpg 1280w\" sizes=\"auto, (max-width: 1024px) 100vw, 1024px\" \/><\/figure><div class=\"wp-block-media-text__content\">\n<h2 class=\"wp-block-heading has-medium-font-size\">Strategiczna lokalizacja<\/h2>\n\n\n\n<p>Lokalizacja w p\u00f3\u0142nocnej cz\u0119\u015bci Maroka, obok Cie\u015bniny Gibraltarskiej, pozwala nam nie tylko zaopatrywa\u0107 klient\u00f3w krajowych, ale tak\u017ce, dzi\u0119ki szybkiemu po\u0142\u0105czeniu morskiemu z po\u0142udniem Europy, inne kraje, takie jak Hiszpania, Francja i og\u00f3lnie kontynent europejski.<\/p>\n\n\n\n<p>W Gravesa najnowocze\u015bniejsze obiekty i sprz\u0119t gwarantuj\u0105 standardy jako\u015bci grupy, staj\u0105c si\u0119 cz\u0119\u015bci\u0105 rozwijaj\u0105cej si\u0119 bran\u017cy w Afryce P\u00f3\u0142nocnej. W rzeczywisto\u015bci jedn\u0105 z jego mocnych stron jest posiadanie niezb\u0119dnych technologii do produkcji cz\u0119\u015bci indukcyjnych, kt\u00f3re prawie nie istniej\u0105 w tym obszarze.<br\/>Kompetentny lokalny zesp\u00f3\u0142 pracuje w \u015bcis\u0142ej koordynacji z centralnymi s\u0142u\u017cbami, aby zapewni\u0107 ten sam poziom jako\u015bci we wszystkich procesach zarz\u0105dzania i operacyjnych.<\/p>\n\n\n\n<div style=\"height:20px\" aria-hidden=\"true\" class=\"wp-block-spacer\"><\/div>\n\n\n\n<ul class=\"wp-block-list\">\n<li><strong><a href=\"https:\/\/gravesa.com\/\" target=\"_blank\" data-type=\"link\" data-id=\"https:\/\/www.gravalos-sa.com\/wp-content\/uploads\/politique-smi-gravesa-v02-05062023.pdf\" rel=\"noreferrer noopener\">gravesa.com<\/a><\/strong><\/li>\n<\/ul>\n\n\n\n<div class=\"wp-block-buttons is-layout-flex wp-block-buttons-is-layout-flex\">\n<div class=\"wp-block-button is-style-arrow-link\"><a class=\"wp-block-button__link wp-element-button\" href=\"https:\/\/www.gravalos-sa.com\/pl\/kontakt\/\">Kontakt z nami<\/a><\/div>\n<\/div>\n<\/div><\/div>\n\n<style>#wrapper-prefooter-cta-contacto { display: none; }\n<\/style>\n","protected":false},"excerpt":{"rendered":"<p>Gravesa, nasz najm\u0142odszy zak\u0142ad, zosta\u0142 otwarty w 2020 r. w rekordowym czasie, pomimo trudno\u015bci w tamtym okresie, przy bezpo\u015brednim wsparciu maroka\u0144skiego rz\u0105du, w wyj\u0105tkowej wolnej &#8230;<\/p>\n<div class=\"wp-block-buttons\">\n<div class=\"wp-block-button is-style-arrow-link\"><span class=\"wp-block-button__link\">Wiedzie\u0107 wi\u0119cej<\/span><\/div>\n<\/div>\n","protected":false},"author":1,"featured_media":1102,"parent":1354,"menu_order":30,"comment_status":"closed","ping_status":"closed","template":"","meta":{"_acf_changed":false,"inline_featured_image":false,"footnotes":""},"class_list":["post-1410","page","type-page","status-publish","has-post-thumbnail","hentry"],"acf":[],"_links":{"self":[{"href":"https:\/\/www.gravalos-sa.com\/pl\/wp-json\/wp\/v2\/pages\/1410","targetHints":{"allow":["GET"]}}],"collection":[{"href":"https:\/\/www.gravalos-sa.com\/pl\/wp-json\/wp\/v2\/pages"}],"about":[{"href":"https:\/\/www.gravalos-sa.com\/pl\/wp-json\/wp\/v2\/types\/page"}],"author":[{"embeddable":true,"href":"https:\/\/www.gravalos-sa.com\/pl\/wp-json\/wp\/v2\/users\/1"}],"replies":[{"embeddable":true,"href":"https:\/\/www.gravalos-sa.com\/pl\/wp-json\/wp\/v2\/comments?post=1410"}],"version-history":[{"count":9,"href":"https:\/\/www.gravalos-sa.com\/pl\/wp-json\/wp\/v2\/pages\/1410\/revisions"}],"predecessor-version":[{"id":5431,"href":"https:\/\/www.gravalos-sa.com\/pl\/wp-json\/wp\/v2\/pages\/1410\/revisions\/5431"}],"up":[{"embeddable":true,"href":"https:\/\/www.gravalos-sa.com\/pl\/wp-json\/wp\/v2\/pages\/1354"}],"wp:featuredmedia":[{"embeddable":true,"href":"https:\/\/www.gravalos-sa.com\/pl\/wp-json\/wp\/v2\/media\/1102"}],"wp:attachment":[{"href":"https:\/\/www.gravalos-sa.com\/pl\/wp-json\/wp\/v2\/media?parent=1410"}],"curies":[{"name":"wp","href":"https:\/\/api.w.org\/{rel}","templated":true}]}}