{"id":1463,"date":"2022-09-15T08:24:44","date_gmt":"2022-09-15T08:24:44","guid":{"rendered":"https:\/\/www.gravalos-sa.com\/materialy\/pa-poliamid\/"},"modified":"2023-06-27T07:35:30","modified_gmt":"2023-06-27T07:35:30","slug":"poliamid","status":"publish","type":"page","link":"https:\/\/www.gravalos-sa.com\/pl\/materialy\/poliamid\/","title":{"rendered":"PA (poliamid)"},"content":{"rendered":"\n<div class=\"wp-block-cover alignfull is-style-header-cover\"><span aria-hidden=\"true\" class=\"wp-block-cover__background has-primary-100-background-color has-background-dim-90 has-background-dim\"><\/span><img loading=\"lazy\" decoding=\"async\" width=\"1920\" height=\"981\" src=\"https:\/\/www.gravalos-sa.com\/wp-content\/uploads\/material-pa.jpg\" class=\"wp-block-cover__image-background wp-post-image\" alt=\"material-PA\" data-object-fit=\"cover\" data-object-position=\"50% 50%\" style=\"object-position:50% 50%;\" srcset=\"https:\/\/www.gravalos-sa.com\/wp-content\/uploads\/material-pa.jpg 1920w, https:\/\/www.gravalos-sa.com\/wp-content\/uploads\/material-pa-300x153.jpg 300w, https:\/\/www.gravalos-sa.com\/wp-content\/uploads\/material-pa-1024x523.jpg 1024w, https:\/\/www.gravalos-sa.com\/wp-content\/uploads\/material-pa-768x392.jpg 768w, https:\/\/www.gravalos-sa.com\/wp-content\/uploads\/material-pa-1536x785.jpg 1536w, https:\/\/www.gravalos-sa.com\/wp-content\/uploads\/material-pa-500x255.jpg 500w, https:\/\/www.gravalos-sa.com\/wp-content\/uploads\/material-pa-800x409.jpg 800w, https:\/\/www.gravalos-sa.com\/wp-content\/uploads\/material-pa-1280x654.jpg 1280w\" sizes=\"auto, (max-width: 1920px) 100vw, 1920px\" title=\"material-PA\" \/><div class=\"wp-block-cover__inner-container is-layout-flow wp-block-cover-is-layout-flow\">\n<p class=\"is-style-supertitulo mb-2\" style=\"text-transform:uppercase\">Materia\u0142y<\/p>\n\n\n<h1 class=\"display-1 wp-block-post-title\">PA (poliamid)<\/h1><\/div><\/div>\n<div class=\"breadcrumb\" typeof=\"BreadcrumbList\" vocab=\"https:\/\/schema.org\/\"><div class=\"breadcrumb-inner\"><div class=\"gravalos-breadcrumb\"><span property=\"itemListElement\" typeof=\"ListItem\"><a property=\"item\" typeof=\"WebPage\" title=\"Przejd\u017a do Gr\u00e1valos.\" href=\"https:\/\/www.gravalos-sa.com\/pl\/\" class=\"home\" ><span property=\"name\">Gr\u00e1valos<\/span><\/a><meta property=\"position\" content=\"1\"><\/span><span class=\"breadcrumb-sep\"> | <\/span><span property=\"itemListElement\" typeof=\"ListItem\"><a property=\"item\" typeof=\"WebPage\" title=\"Przejd\u017a do Blog.\" href=\"https:\/\/www.gravalos-sa.com\/pl\/blog\/\" class=\"post-root post post-post\" aria-current=\"page\"><span property=\"name\">Blog<\/span><\/a><meta property=\"position\" content=\"2\"><\/span><\/div><\/div><\/div>\n<p>Poliamid (PA) to syntetyczny polimer o wysokiej wydajno\u015bci, kt\u00f3rego regularnie u\u017cywamy w Grupie Gr\u00e1valos, zw\u0142aszcza w cz\u0119\u015bciach, kt\u00f3re b\u0119d\u0105 nara\u017cone na tarcie, napr\u0119\u017cenia mechaniczne, a nawet kontakt z pierwiastkami chemicznymi, takimi jak oleje i inne p\u0142yny, kt\u00f3re s\u0105 agresywne dla tworzyw sztucznych. Na przyk\u0142ad \u017cywice poliamidowe s\u0105 obecne w wielu produkowanych przez nas cz\u0119\u015bciach z tulejami lub \u0142o\u017cyskami.<\/p>\n\n<p>Ze wzgl\u0119du na wszystkie te cechy, poliamid jest wykorzystywany w szerokim zakresie zastosowa\u0144, takich jak produkcja cz\u0119\u015bci samochodowych, a tak\u017ce komponent\u00f3w elektronicznych i wszelkiego rodzaju produkt\u00f3w konsumenckich.<\/p>\n","protected":false},"excerpt":{"rendered":"<p>Poliamid (PA) to syntetyczny polimer o wysokiej wydajno\u015bci, kt\u00f3rego regularnie u\u017cywamy w Grupie Gr\u00e1valos, zw\u0142aszcza w cz\u0119\u015bciach, kt\u00f3re b\u0119d\u0105 nara\u017cone na tarcie, napr\u0119\u017cenia mechaniczne, a &#8230;<\/p>\n<div class=\"wp-block-buttons\">\n<div class=\"wp-block-button is-style-arrow-link\"><span class=\"wp-block-button__link\">Wiedzie\u0107 wi\u0119cej<\/span><\/div>\n<\/div>\n","protected":false},"author":1,"featured_media":1937,"parent":1435,"menu_order":0,"comment_status":"closed","ping_status":"closed","template":"","meta":{"_acf_changed":false,"inline_featured_image":false,"footnotes":""},"class_list":["post-1463","page","type-page","status-publish","has-post-thumbnail","hentry"],"acf":[],"_links":{"self":[{"href":"https:\/\/www.gravalos-sa.com\/pl\/wp-json\/wp\/v2\/pages\/1463","targetHints":{"allow":["GET"]}}],"collection":[{"href":"https:\/\/www.gravalos-sa.com\/pl\/wp-json\/wp\/v2\/pages"}],"about":[{"href":"https:\/\/www.gravalos-sa.com\/pl\/wp-json\/wp\/v2\/types\/page"}],"author":[{"embeddable":true,"href":"https:\/\/www.gravalos-sa.com\/pl\/wp-json\/wp\/v2\/users\/1"}],"replies":[{"embeddable":true,"href":"https:\/\/www.gravalos-sa.com\/pl\/wp-json\/wp\/v2\/comments?post=1463"}],"version-history":[{"count":2,"href":"https:\/\/www.gravalos-sa.com\/pl\/wp-json\/wp\/v2\/pages\/1463\/revisions"}],"predecessor-version":[{"id":2142,"href":"https:\/\/www.gravalos-sa.com\/pl\/wp-json\/wp\/v2\/pages\/1463\/revisions\/2142"}],"up":[{"embeddable":true,"href":"https:\/\/www.gravalos-sa.com\/pl\/wp-json\/wp\/v2\/pages\/1435"}],"wp:featuredmedia":[{"embeddable":true,"href":"https:\/\/www.gravalos-sa.com\/pl\/wp-json\/wp\/v2\/media\/1937"}],"wp:attachment":[{"href":"https:\/\/www.gravalos-sa.com\/pl\/wp-json\/wp\/v2\/media?parent=1463"}],"curies":[{"name":"wp","href":"https:\/\/api.w.org\/{rel}","templated":true}]}}